{"id":998,"date":"2013-01-10T11:44:32","date_gmt":"2013-01-10T09:44:32","guid":{"rendered":"http:\/\/www2004.vu.lt\/?page_id=998"},"modified":"2025-02-19T10:38:44","modified_gmt":"2025-02-19T08:38:44","slug":"neformalusis-ugdymas","status":"publish","type":"page","link":"https:\/\/www.lavoriskes.vilniausr.lm.lt\/?page_id=998","title":{"rendered":"Neformalusis \u0161vietimas"},"content":{"rendered":"<p><strong>NEFORMALIOJO VAIK\u0172 \u0160VIETIMO ORGANIZAVIMAS GIMNAZIJOJE<\/strong><\/p>\n<ol>\n<li>Neformaliojo \u0161vietimo valandos skiriamos savirai\u0161kos programoms: menini\u0173, kalbini\u0173, sportini\u0173, socialini\u0173 geb\u0117jim\u0173 ugdymui.<\/li>\n<li>Neformaliojo \u0161vietimo grupes mokiniai laisvai pasirenka iki rugs\u0117jo 10 d.<\/li>\n<li>Neformaliojo \u0161vietimo veikla \u012fra\u0161oma \u012f neformaliojo ugdymo tvarkara\u0161t\u012f.<\/li>\n<li>Neformaliojo \u0161vietimo grup\u0117je yra 7 ir daugiau mokini\u0173. Mokini\u0173 sud\u0117tis grup\u0117je per mokslo metus gali keistis.<\/li>\n<li>Neformaliojo \u0161vietimo valand\u0173 paskirstymo lentel\u0117.<\/li>\n<\/ol>\n<p><a href=\"http:\/\/www.lavoriskes.vilniausr.lm.lt\/wp-content\/uploads\/2025\/02\/Neformalusis-svietimas-2024-2025.pdf\">Neformaliojo ugdymo u\u017esi\u0117mim\u0173 tvarkara\u0161tis 2024- 2025 m. m.<\/a><\/p>\n<div id=\"wp_fb_like_button\" style=\"margin:5px 0;float:none;height:100px;\"><script src=\"http:\/\/connect.facebook.net\/en_US\/all.js#xfbml=1\"><\/script><fb:like href=\"https:\/\/www.lavoriskes.vilniausr.lm.lt\/?page_id=998\" send=\"true\" layout=\"standard\" width=\"450\" show_faces=\"true\" font=\"arial\" action=\"like\" colorscheme=\"light\"><\/fb:like><\/div>","protected":false},"excerpt":{"rendered":"<p>NEFORMALIOJO VAIK\u0172 \u0160VIETIMO ORGANIZAVIMAS GIMNAZIJOJE Neformaliojo \u0161vietimo valandos skiriamos savirai\u0161kos programoms: menini\u0173, kalbini\u0173, sportini\u0173, socialini\u0173 geb\u0117jim\u0173 ugdymui. Neformaliojo \u0161vietimo grupes mokiniai laisvai pasirenka iki rugs\u0117jo 10 d. Neformaliojo \u0161vietimo veikla \u012fra\u0161oma \u012f neformaliojo ugdymo tvarkara\u0161t\u012f. Neformaliojo \u0161vietimo grup\u0117je yra 7 &hellip; <a href=\"https:\/\/www.lavoriskes.vilniausr.lm.lt\/?page_id=998\">Skaitykite toliau <span class=\"meta-nav\">&rarr;<\/span><\/a><\/p>\n","protected":false},"author":2,"featured_media":0,"parent":990,"menu_order":4,"comment_status":"closed","ping_status":"open","template":"","meta":{"ngg_post_thumbnail":0,"footnotes":""},"class_list":["post-998","page","type-page","status-publish","hentry"],"_links":{"self":[{"href":"https:\/\/www.lavoriskes.vilniausr.lm.lt\/index.php?rest_route=\/wp\/v2\/pages\/998","targetHints":{"allow":["GET"]}}],"collection":[{"href":"https:\/\/www.lavoriskes.vilniausr.lm.lt\/index.php?rest_route=\/wp\/v2\/pages"}],"about":[{"href":"https:\/\/www.lavoriskes.vilniausr.lm.lt\/index.php?rest_route=\/wp\/v2\/types\/page"}],"author":[{"embeddable":true,"href":"https:\/\/www.lavoriskes.vilniausr.lm.lt\/index.php?rest_route=\/wp\/v2\/users\/2"}],"replies":[{"embeddable":true,"href":"https:\/\/www.lavoriskes.vilniausr.lm.lt\/index.php?rest_route=%2Fwp%2Fv2%2Fcomments&post=998"}],"version-history":[{"count":22,"href":"https:\/\/www.lavoriskes.vilniausr.lm.lt\/index.php?rest_route=\/wp\/v2\/pages\/998\/revisions"}],"predecessor-version":[{"id":12498,"href":"https:\/\/www.lavoriskes.vilniausr.lm.lt\/index.php?rest_route=\/wp\/v2\/pages\/998\/revisions\/12498"}],"up":[{"embeddable":true,"href":"https:\/\/www.lavoriskes.vilniausr.lm.lt\/index.php?rest_route=\/wp\/v2\/pages\/990"}],"wp:attachment":[{"href":"https:\/\/www.lavoriskes.vilniausr.lm.lt\/index.php?rest_route=%2Fwp%2Fv2%2Fmedia&parent=998"}],"curies":[{"name":"wp","href":"https:\/\/api.w.org\/{rel}","templated":true}]}}