{"id":988,"date":"2013-01-10T11:39:05","date_gmt":"2013-01-10T09:39:05","guid":{"rendered":"http:\/\/www2004.vu.lt\/?page_id=988"},"modified":"2022-12-08T14:31:45","modified_gmt":"2022-12-08T12:31:45","slug":"mokiniu-taryba","status":"publish","type":"page","link":"https:\/\/www.lavoriskes.vilniausr.lm.lt\/?page_id=988","title":{"rendered":"Mokini\u0173 taryba"},"content":{"rendered":"<p><strong>Mokini\u0173 tarybos pirminink\u0117<\/strong>&nbsp;\u2013 Ur\u0161ula Levko IIIG kl.<\/p>\n<p><strong>Mokini\u0173 tarybos pirminink\u0117s pavaduotojas <\/strong>\u2013&nbsp;Edvin Siavro IVG kl.<\/p>\n<p><strong>Sekretor\u0117 &#8211; <\/strong>Renata Voleiko IIIG kl.<\/p>\n<p><em><strong>Nariai:<\/strong><\/em><\/p>\n<p>Katrina Smirnovait\u0117 IVG klas\u0117s mokin\u0117<\/p>\n<p>Monika Bu\u017einska IIG klas\u0117s mokin\u0117<\/p>\n<p>Evelina Jasinska IIG klas\u0117s mokin\u0117<\/p>\n<p>Aurimas Lukaitis IG klas\u0117s mokinys<\/p>\n<p>Emilija Krasovska IG klas\u0117s mokin\u0117<\/p>\n<p>Norbert Levko 8 klas\u0117s mokinys<\/p>\n<p>Liana Miro\u0161ni\u010denko 8 klas\u0117s mokin\u0117<\/p>\n<p>Inesa Sledzevi\u010d 7 klas\u0117s mokin\u0117<\/p>\n<p>Gabija Buinovskaja 7 klas\u0117s mokin\u0117<\/p>\n<p>Damian Gotovski 6 klas\u0117s mokinys<\/p>\n<p>Evelina Ma\u0161aro 6 klas\u0117s mokin\u0117<\/p>\n<p>&nbsp;<\/p>\n<p><strong>Mokini\u0173 tarybos veikl\u0105 koordinuoja:<\/strong><\/p>\n<p><strong>Halina \u0160turo, lenk\u0173 kalbos mokytoja metodink\u0117<\/strong><\/p>\n<div id=\"wp_fb_like_button\" style=\"margin:5px 0;float:none;height:100px;\"><script src=\"http:\/\/connect.facebook.net\/en_US\/all.js#xfbml=1\"><\/script><fb:like href=\"https:\/\/www.lavoriskes.vilniausr.lm.lt\/?page_id=988\" send=\"true\" layout=\"standard\" width=\"450\" show_faces=\"true\" font=\"arial\" action=\"like\" colorscheme=\"light\"><\/fb:like><\/div>","protected":false},"excerpt":{"rendered":"<p>Mokini\u0173 tarybos pirminink\u0117&nbsp;\u2013 Ur\u0161ula Levko IIIG kl. Mokini\u0173 tarybos pirminink\u0117s pavaduotojas \u2013&nbsp;Edvin Siavro IVG kl. Sekretor\u0117 &#8211; Renata Voleiko IIIG kl. Nariai: Katrina Smirnovait\u0117 IVG klas\u0117s mokin\u0117 Monika Bu\u017einska IIG klas\u0117s mokin\u0117 Evelina Jasinska IIG klas\u0117s mokin\u0117 Aurimas Lukaitis IG &hellip; <a href=\"https:\/\/www.lavoriskes.vilniausr.lm.lt\/?page_id=988\">Skaitykite toliau <span class=\"meta-nav\">&rarr;<\/span><\/a><\/p>\n","protected":false},"author":2,"featured_media":0,"parent":9224,"menu_order":1,"comment_status":"closed","ping_status":"open","template":"","meta":{"ngg_post_thumbnail":0,"footnotes":""},"class_list":["post-988","page","type-page","status-publish","hentry"],"_links":{"self":[{"href":"https:\/\/www.lavoriskes.vilniausr.lm.lt\/index.php?rest_route=\/wp\/v2\/pages\/988","targetHints":{"allow":["GET"]}}],"collection":[{"href":"https:\/\/www.lavoriskes.vilniausr.lm.lt\/index.php?rest_route=\/wp\/v2\/pages"}],"about":[{"href":"https:\/\/www.lavoriskes.vilniausr.lm.lt\/index.php?rest_route=\/wp\/v2\/types\/page"}],"author":[{"embeddable":true,"href":"https:\/\/www.lavoriskes.vilniausr.lm.lt\/index.php?rest_route=\/wp\/v2\/users\/2"}],"replies":[{"embeddable":true,"href":"https:\/\/www.lavoriskes.vilniausr.lm.lt\/index.php?rest_route=%2Fwp%2Fv2%2Fcomments&post=988"}],"version-history":[{"count":14,"href":"https:\/\/www.lavoriskes.vilniausr.lm.lt\/index.php?rest_route=\/wp\/v2\/pages\/988\/revisions"}],"predecessor-version":[{"id":11719,"href":"https:\/\/www.lavoriskes.vilniausr.lm.lt\/index.php?rest_route=\/wp\/v2\/pages\/988\/revisions\/11719"}],"up":[{"embeddable":true,"href":"https:\/\/www.lavoriskes.vilniausr.lm.lt\/index.php?rest_route=\/wp\/v2\/pages\/9224"}],"wp:attachment":[{"href":"https:\/\/www.lavoriskes.vilniausr.lm.lt\/index.php?rest_route=%2Fwp%2Fv2%2Fmedia&parent=988"}],"curies":[{"name":"wp","href":"https:\/\/api.w.org\/{rel}","templated":true}]}}