{"id":986,"date":"2013-01-10T11:38:15","date_gmt":"2013-01-10T09:38:15","guid":{"rendered":"http:\/\/www2004.vu.lt\/?page_id=986"},"modified":"2022-12-08T14:30:37","modified_gmt":"2022-12-08T12:30:37","slug":"mokyklos-taryba","status":"publish","type":"page","link":"https:\/\/www.lavoriskes.vilniausr.lm.lt\/?page_id=986","title":{"rendered":"Gimnazijos taryba"},"content":{"rendered":"<p style=\"text-align: justify;\">Gimnazijos taryba \u2013 auk\u0161\u010diausioji gimnazijos savivaldos institucija, sudaryta i\u0161 mokini\u0173, mokytoj\u0173, t\u0117v\u0173 (glob\u0117j\u0173, r\u016bpintoj\u0173) ir vietos bendruomen\u0117s atstov\u0173. U\u017e savo veikl\u0105&nbsp;gimnazijos taryba atsiskaito j\u0105 rinkusiems&nbsp;gimnazijos bendruomen\u0117s nariams.<\/p>\n<p><em><strong>Pirminink\u0117:&nbsp;<\/strong><\/em>Kata\u017eyna Misevi\u010d, direktoriaus pavaduotoja ugdymui&nbsp;<\/p>\n<p><em><strong>Pirminink\u0117s pavaduotojas:&nbsp;<\/strong><\/em>Albert Volk, istorijos vyresnysis mokytojas<\/p>\n<p><em><strong>Sekretor\u0117:&nbsp;<\/strong><\/em><em>Augustyna Jakubovskaja<\/em><\/p>\n<p><strong>Mokytojai<\/strong><\/p>\n<ul>\n<li>Kata\u017eyna Misevi\u010d<\/li>\n<li>Albert Volk<\/li>\n<li>Augustyna Jakubovskaja<\/li>\n<\/ul>\n<p><strong>T\u0117vai<\/strong><\/p>\n<ul>\n<li>Justyna Mialdun<\/li>\n<li>Oksana Misevi\u010d<\/li>\n<li>Kristina Krasovska<\/li>\n<\/ul>\n<p>&nbsp;<strong>Mokiniai<\/strong><\/p>\n<ul>\n<li>Ur\u0161ula Levko IIIG kl.<\/li>\n<li>Renata Voleiko IIIG kl.<\/li>\n<li>Monika Bu\u017einska IIG kl.<\/li>\n<\/ul>\n<div id=\"wp_fb_like_button\" style=\"margin:5px 0;float:none;height:100px;\"><script src=\"http:\/\/connect.facebook.net\/en_US\/all.js#xfbml=1\"><\/script><fb:like href=\"https:\/\/www.lavoriskes.vilniausr.lm.lt\/?page_id=986\" send=\"true\" layout=\"standard\" width=\"450\" show_faces=\"true\" font=\"arial\" action=\"like\" colorscheme=\"light\"><\/fb:like><\/div>","protected":false},"excerpt":{"rendered":"<p>Gimnazijos taryba \u2013 auk\u0161\u010diausioji gimnazijos savivaldos institucija, sudaryta i\u0161 mokini\u0173, mokytoj\u0173, t\u0117v\u0173 (glob\u0117j\u0173, r\u016bpintoj\u0173) ir vietos bendruomen\u0117s atstov\u0173. U\u017e savo veikl\u0105&nbsp;gimnazijos taryba atsiskaito j\u0105 rinkusiems&nbsp;gimnazijos bendruomen\u0117s nariams. Pirminink\u0117:&nbsp;Kata\u017eyna Misevi\u010d, direktoriaus pavaduotoja ugdymui&nbsp; Pirminink\u0117s pavaduotojas:&nbsp;Albert Volk, istorijos vyresnysis mokytojas Sekretor\u0117:&nbsp;Augustyna Jakubovskaja &hellip; <a href=\"https:\/\/www.lavoriskes.vilniausr.lm.lt\/?page_id=986\">Skaitykite toliau <span class=\"meta-nav\">&rarr;<\/span><\/a><\/p>\n","protected":false},"author":2,"featured_media":0,"parent":9224,"menu_order":0,"comment_status":"closed","ping_status":"open","template":"","meta":{"ngg_post_thumbnail":0,"footnotes":""},"class_list":["post-986","page","type-page","status-publish","hentry"],"_links":{"self":[{"href":"https:\/\/www.lavoriskes.vilniausr.lm.lt\/index.php?rest_route=\/wp\/v2\/pages\/986","targetHints":{"allow":["GET"]}}],"collection":[{"href":"https:\/\/www.lavoriskes.vilniausr.lm.lt\/index.php?rest_route=\/wp\/v2\/pages"}],"about":[{"href":"https:\/\/www.lavoriskes.vilniausr.lm.lt\/index.php?rest_route=\/wp\/v2\/types\/page"}],"author":[{"embeddable":true,"href":"https:\/\/www.lavoriskes.vilniausr.lm.lt\/index.php?rest_route=\/wp\/v2\/users\/2"}],"replies":[{"embeddable":true,"href":"https:\/\/www.lavoriskes.vilniausr.lm.lt\/index.php?rest_route=%2Fwp%2Fv2%2Fcomments&post=986"}],"version-history":[{"count":14,"href":"https:\/\/www.lavoriskes.vilniausr.lm.lt\/index.php?rest_route=\/wp\/v2\/pages\/986\/revisions"}],"predecessor-version":[{"id":11718,"href":"https:\/\/www.lavoriskes.vilniausr.lm.lt\/index.php?rest_route=\/wp\/v2\/pages\/986\/revisions\/11718"}],"up":[{"embeddable":true,"href":"https:\/\/www.lavoriskes.vilniausr.lm.lt\/index.php?rest_route=\/wp\/v2\/pages\/9224"}],"wp:attachment":[{"href":"https:\/\/www.lavoriskes.vilniausr.lm.lt\/index.php?rest_route=%2Fwp%2Fv2%2Fmedia&parent=986"}],"curies":[{"name":"wp","href":"https:\/\/api.w.org\/{rel}","templated":true}]}}