{"id":9633,"date":"2020-09-18T14:44:17","date_gmt":"2020-09-18T11:44:17","guid":{"rendered":"http:\/\/www.lavoriskes.vilniausr.lm.lt\/?page_id=9633"},"modified":"2020-09-29T10:09:11","modified_gmt":"2020-09-29T07:09:11","slug":"uniformos","status":"publish","type":"page","link":"https:\/\/www.lavoriskes.vilniausr.lm.lt\/?page_id=9633","title":{"rendered":"Uniformos"},"content":{"rendered":"<p><strong>GIMNAZIJOS MOKINI\u0172 UNIFORMA <\/strong><\/p>\n<p>Mokini\u0173 uniforma \u2013vienyb\u0117s, pasidid\u017eiavimo ir pagarbos gimnazijai, jos tradicijoms i\u0161rai\u0161ka, vidin\u0117s kult\u016bros, estetinio skonio ugdymo dalis.<\/p>\n<p><strong>UNIFORMOS D\u0116V\u0116JIMAS <\/strong><\/p>\n<ul>\n<li>Mokyklin\u0117s uniformos privalomos visiems Lavori\u0161ki\u0173 Stepono Batoro gimnazijos mokiniams.<\/li>\n<li>Mokiniai gimnazijoje d\u0117vi tvarking\u0105, gimnazijos patvirtint\u0105 uniform\u0105.<\/li>\n<li>Be uniformos mokinys \u012f gimnazij\u0105 gali atvykti penktadieniais, akcij\u0173, i\u0161vyk\u0173, ekskursij\u0173 ar kitu su mokytojais suderintu metu. Kitais atvejais Gimnazijos tarybos sprendimu mokiniai privalo d\u0117v\u0117ti \u0161varkus.<\/li>\n<li>Rengini\u0173, \u0161ven\u010di\u0173 metu mokiniai d\u0117vi pilnos komplektacijos uniform\u0105 (berniukai \u2013 \u0161varkas, kaklarai\u0161tis, uniformin\u0117s keln\u0117s, mergait\u0117s \u2013 \u0161varkas, uniforminis sijonas, arba sarafanas). Sportin\u0117 apranga ir avalyn\u0117 d\u0117vima per fizinio ugdymo pamokas.<\/li>\n<li>Rekomenduojame uniformos vidin\u0119 pus\u0119 pa\u017eenklinti savininko vardu. Visiems privaloma gimnazijos emblema.&nbsp;<\/li>\n<\/ul>\n<p><strong>UNIFORM\u0172 \u012eSIGIJIMAS<\/strong><\/p>\n<h1>UAB <strong>\u201e<\/strong>Aukso si\u016blas<strong>\u201c<\/strong><\/h1>\n<p><em>Pylimo g. 60-43, LT-01307 Vilnius <\/em><\/p>\n<p><em>Mob.: 8 610 46956 <\/em><\/p>\n<p><em>Tel: (8 5) 262 2995 <\/em><\/p>\n<p><em>El. pa\u0161tas: auksosiulas.armale@gmail.com Darbo laikas: <\/em><\/p>\n<p><em>I \u2013 V \u2013 8.00 \u2013 17.00 VI \u2013 8.00 \u2013 15.00 <\/em><\/p>\n<p><strong>&nbsp;<a href=\"http:\/\/auksosiulas.lt\/?fbclid=IwAR2N9hZHBs_L93lk8CPX66J3Q2VLa6AORC243e8tbJx7sFxT5cjWMzJsm20\">http:\/\/auksosiulas.lt\/?fbclid=IwAR2N9hZHBs_L93lk8CPX66J3Q2VLa6AORC243e8tbJx7sFxT5cjWMzJsm20<\/a><\/strong><\/p>\n<div id=\"wp_fb_like_button\" style=\"margin:5px 0;float:none;height:100px;\"><script src=\"http:\/\/connect.facebook.net\/en_US\/all.js#xfbml=1\"><\/script><fb:like href=\"https:\/\/www.lavoriskes.vilniausr.lm.lt\/?page_id=9633\" send=\"true\" layout=\"standard\" width=\"450\" show_faces=\"true\" font=\"arial\" action=\"like\" colorscheme=\"light\"><\/fb:like><\/div>","protected":false},"excerpt":{"rendered":"<p>GIMNAZIJOS MOKINI\u0172 UNIFORMA Mokini\u0173 uniforma \u2013vienyb\u0117s, pasidid\u017eiavimo ir pagarbos gimnazijai, jos tradicijoms i\u0161rai\u0161ka, vidin\u0117s kult\u016bros, estetinio skonio ugdymo dalis. UNIFORMOS D\u0116V\u0116JIMAS Mokyklin\u0117s uniformos privalomos visiems Lavori\u0161ki\u0173 Stepono Batoro gimnazijos mokiniams. Mokiniai gimnazijoje d\u0117vi tvarking\u0105, gimnazijos patvirtint\u0105 uniform\u0105. Be uniformos mokinys &hellip; <a href=\"https:\/\/www.lavoriskes.vilniausr.lm.lt\/?page_id=9633\">Skaitykite toliau <span class=\"meta-nav\">&rarr;<\/span><\/a><\/p>\n","protected":false},"author":2,"featured_media":0,"parent":9201,"menu_order":5,"comment_status":"closed","ping_status":"closed","template":"","meta":{"ngg_post_thumbnail":0,"footnotes":""},"class_list":["post-9633","page","type-page","status-publish","hentry"],"_links":{"self":[{"href":"https:\/\/www.lavoriskes.vilniausr.lm.lt\/index.php?rest_route=\/wp\/v2\/pages\/9633","targetHints":{"allow":["GET"]}}],"collection":[{"href":"https:\/\/www.lavoriskes.vilniausr.lm.lt\/index.php?rest_route=\/wp\/v2\/pages"}],"about":[{"href":"https:\/\/www.lavoriskes.vilniausr.lm.lt\/index.php?rest_route=\/wp\/v2\/types\/page"}],"author":[{"embeddable":true,"href":"https:\/\/www.lavoriskes.vilniausr.lm.lt\/index.php?rest_route=\/wp\/v2\/users\/2"}],"replies":[{"embeddable":true,"href":"https:\/\/www.lavoriskes.vilniausr.lm.lt\/index.php?rest_route=%2Fwp%2Fv2%2Fcomments&post=9633"}],"version-history":[{"count":4,"href":"https:\/\/www.lavoriskes.vilniausr.lm.lt\/index.php?rest_route=\/wp\/v2\/pages\/9633\/revisions"}],"predecessor-version":[{"id":9682,"href":"https:\/\/www.lavoriskes.vilniausr.lm.lt\/index.php?rest_route=\/wp\/v2\/pages\/9633\/revisions\/9682"}],"up":[{"embeddable":true,"href":"https:\/\/www.lavoriskes.vilniausr.lm.lt\/index.php?rest_route=\/wp\/v2\/pages\/9201"}],"wp:attachment":[{"href":"https:\/\/www.lavoriskes.vilniausr.lm.lt\/index.php?rest_route=%2Fwp%2Fv2%2Fmedia&parent=9633"}],"curies":[{"name":"wp","href":"https:\/\/api.w.org\/{rel}","templated":true}]}}