{"id":960,"date":"2013-01-10T10:57:04","date_gmt":"2013-01-10T08:57:04","guid":{"rendered":"http:\/\/www2004.vu.lt\/?page_id=960"},"modified":"2024-03-01T09:44:32","modified_gmt":"2024-03-01T07:44:32","slug":"personalas","status":"publish","type":"page","link":"https:\/\/www.lavoriskes.vilniausr.lm.lt\/?page_id=960","title":{"rendered":"Personalas"},"content":{"rendered":"<p><strong>Ra\u0161tin\u0117s&nbsp;ved\u0117ja<\/strong><\/p>\n<p><a href=\"http:\/\/www.lavoriskes.vilniausr.lm.lt\/wp-content\/uploads\/2013\/01\/01.jpg\"><img loading=\"lazy\" decoding=\"async\" class=\"aligncenter size-full wp-image-2201\" title=\"01\" src=\"http:\/\/www.lavoriskes.vilniausr.lm.lt\/wp-content\/uploads\/2013\/01\/01.jpg\" alt=\"\" width=\"286\" height=\"229\"><\/a><\/p>\n<p style=\"line-height: 20.79px; font-size: 13px;\" align=\"center\"><strong>Lina Branicka<br \/>\n<\/strong><\/p>\n<p style=\"line-height: 20.79px; font-size: 13px;\" align=\"center\">tel. (8 5) 249 48 23<\/p>\n<p style=\"line-height: 20.79px; font-size: 13px;\" align=\"center\"><strong>DARBO LAIKO GRAFIKAS<\/strong><\/p>\n<p style=\"line-height: 20.79px; font-size: 13px;\" align=\"center\"><strong>2020-2021 M. M.<\/strong><\/p>\n<p style=\"line-height: 20.79px; font-size: 13px;\" align=\"center\"><a href=\"http:\/\/www.lavoriskes.vilniausr.lm.lt\/wp-content\/uploads\/2013\/01\/ireny.jpg\"><img loading=\"lazy\" decoding=\"async\" class=\"aligncenter size-full wp-image-2673\" title=\"ireny\" src=\"http:\/\/www.lavoriskes.vilniausr.lm.lt\/wp-content\/uploads\/2013\/01\/ireny.jpg\" alt=\"\" width=\"426\" height=\"161\" srcset=\"https:\/\/www.lavoriskes.vilniausr.lm.lt\/wp-content\/uploads\/2013\/01\/ireny.jpg 426w, https:\/\/www.lavoriskes.vilniausr.lm.lt\/wp-content\/uploads\/2013\/01\/ireny-300x113.jpg 300w\" sizes=\"auto, (max-width: 426px) 100vw, 426px\" \/><\/a><\/p>\n<p style=\"line-height: 20.79px; font-size: 13px;\"><strong>Informatikas in\u017einierius<\/strong><\/p>\n<p style=\"line-height: 20.79px; font-size: 13px;\" align=\"center\"><a href=\"http:\/\/www.lavoriskes.vilniausr.lm.lt\/wp-content\/uploads\/2013\/01\/DSC_025478.jpg\"><img loading=\"lazy\" decoding=\"async\" class=\"aligncenter size-medium wp-image-1604\" style=\"opacity: 0.9;\" title=\"DSC_025478\" src=\"http:\/\/www.lavoriskes.vilniausr.lm.lt\/wp-content\/uploads\/2013\/01\/DSC_025478-300x234.jpg\" alt=\"\" width=\"300\" height=\"234\" srcset=\"https:\/\/www.lavoriskes.vilniausr.lm.lt\/wp-content\/uploads\/2013\/01\/DSC_025478-300x234.jpg 300w, https:\/\/www.lavoriskes.vilniausr.lm.lt\/wp-content\/uploads\/2013\/01\/DSC_025478.jpg 800w\" sizes=\"auto, (max-width: 300px) 100vw, 300px\" \/><\/a><\/p>\n<p style=\"line-height: 20.79px; font-size: 13px;\" align=\"center\"><strong>Me\u010dislav Podleckij<\/strong><\/p>\n<p style=\"line-height: 20.79px; font-size: 13px;\" align=\"center\">Informacini\u0173 technologij\u0173 vyresnysis mokytojas<\/p>\n<p style=\"text-align: left;\" align=\"center\"><a href=\"http:\/\/www.lavoriskes.vilniausr.lm.lt\/wp-content\/uploads\/2024\/03\/Kiti-darbuotojai.pdf\">Aptarnaujantis personalas<\/a><\/p>\n<div id=\"wp_fb_like_button\" style=\"margin:5px 0;float:none;height:100px;\"><script src=\"http:\/\/connect.facebook.net\/en_US\/all.js#xfbml=1\"><\/script><fb:like href=\"https:\/\/www.lavoriskes.vilniausr.lm.lt\/?page_id=960\" send=\"true\" layout=\"standard\" width=\"450\" show_faces=\"true\" font=\"arial\" action=\"like\" colorscheme=\"light\"><\/fb:like><\/div>","protected":false},"excerpt":{"rendered":"<p>Ra\u0161tin\u0117s&nbsp;ved\u0117ja Lina Branicka tel. (8 5) 249 48 23 DARBO LAIKO GRAFIKAS 2020-2021 M. M. Informatikas in\u017einierius Me\u010dislav Podleckij Informacini\u0173 technologij\u0173 vyresnysis mokytojas Aptarnaujantis personalas<\/p>\n","protected":false},"author":2,"featured_media":0,"parent":75,"menu_order":3,"comment_status":"closed","ping_status":"open","template":"","meta":{"ngg_post_thumbnail":0,"footnotes":""},"class_list":["post-960","page","type-page","status-publish","hentry"],"_links":{"self":[{"href":"https:\/\/www.lavoriskes.vilniausr.lm.lt\/index.php?rest_route=\/wp\/v2\/pages\/960","targetHints":{"allow":["GET"]}}],"collection":[{"href":"https:\/\/www.lavoriskes.vilniausr.lm.lt\/index.php?rest_route=\/wp\/v2\/pages"}],"about":[{"href":"https:\/\/www.lavoriskes.vilniausr.lm.lt\/index.php?rest_route=\/wp\/v2\/types\/page"}],"author":[{"embeddable":true,"href":"https:\/\/www.lavoriskes.vilniausr.lm.lt\/index.php?rest_route=\/wp\/v2\/users\/2"}],"replies":[{"embeddable":true,"href":"https:\/\/www.lavoriskes.vilniausr.lm.lt\/index.php?rest_route=%2Fwp%2Fv2%2Fcomments&post=960"}],"version-history":[{"count":20,"href":"https:\/\/www.lavoriskes.vilniausr.lm.lt\/index.php?rest_route=\/wp\/v2\/pages\/960\/revisions"}],"predecessor-version":[{"id":12288,"href":"https:\/\/www.lavoriskes.vilniausr.lm.lt\/index.php?rest_route=\/wp\/v2\/pages\/960\/revisions\/12288"}],"up":[{"embeddable":true,"href":"https:\/\/www.lavoriskes.vilniausr.lm.lt\/index.php?rest_route=\/wp\/v2\/pages\/75"}],"wp:attachment":[{"href":"https:\/\/www.lavoriskes.vilniausr.lm.lt\/index.php?rest_route=%2Fwp%2Fv2%2Fmedia&parent=960"}],"curies":[{"name":"wp","href":"https:\/\/api.w.org\/{rel}","templated":true}]}}