{"id":956,"date":"2013-01-10T10:55:48","date_gmt":"2013-01-10T08:55:48","guid":{"rendered":"http:\/\/www2004.vu.lt\/?page_id=956"},"modified":"2025-03-31T14:06:24","modified_gmt":"2025-03-31T11:06:24","slug":"administracija","status":"publish","type":"page","link":"https:\/\/www.lavoriskes.vilniausr.lm.lt\/?page_id=956","title":{"rendered":"Administracija"},"content":{"rendered":"<p align=\"center\"><strong>Direktor\u0117<\/strong><\/p>\n<p align=\"center\"><strong>Renata Barusevi\u010d <\/strong><\/p>\n<p align=\"center\">tel. (8~5) 2494823<\/p>\n<p align=\"center\"><a href=\"mailto:renata.barusevic@lavoriskes.vilniausr.lm.lt\" target=\"_blank\" rel=\"noopener\">renata.barusevic@lavoriskes.<wbr>vilniausr.lm.lt<\/a><\/p>\n<p style=\"text-align: center;\"><strong>Direktor\u0117 interesantus priima<\/strong> pirmadieniais-ketvirtadieniais, nuo 8.00 iki 17.00 val.<\/p>\n<p style=\"text-align: center;\"><strong>Pri\u0117mimus i\u0161 anksto registruoja:<\/strong><\/p>\n<p style=\"text-align: center;\">Ra\u0161tin\u0117s ved\u0117ja \u2013 Lina Branicka tel.(8 5) 249 48 34<\/p>\n<p style=\"text-align: center;\"><a href=\"mailto:rastine@lavoriskes.vilniausr.lm.lt\" target=\"_blank\" rel=\"noopener\">rastine@lavoriskes.vilniausr.<wbr>lm.lt<\/a><\/p>\n<p style=\"text-align: center;\"><strong>Direktoriaus pavaduotoja ugdymui<\/strong><\/p>\n<p style=\"text-align: center;\"><strong>Kata\u017eyna Misevi\u010d<\/strong><\/p>\n<p style=\"text-align: center;\">tel. (8~5) 2494823<\/p>\n<p style=\"text-align: center;\"><a href=\"mailto:katazyna.misevic@lavoriskes.vilniausr.lm.lt\" target=\"_blank\" rel=\"noopener\">katazyna.misevic@lavoriskes.<wbr>vilniausr.lm.lt<\/a><\/p>\n<p style=\"text-align: center;\"><strong>Direktoriaus pavaduotoja \u016bkio reikalams<\/strong><\/p>\n<p style=\"text-align: center;\"><strong>Justyna Franckevi\u010d<\/strong><\/p>\n<p style=\"text-align: center;\">tel. (8~5) 2494823<\/p>\n<p style=\"text-align: center;\"><a href=\"mailto:justyna.franskevic@lavoriskes.vilniausr.lm.lt\" target=\"_blank\" rel=\"noopener\">justyna.franckevic@lavoriskes.<wbr>vilniausr.lm.lt<\/a>&nbsp;<\/p>\n<div id=\"wp_fb_like_button\" style=\"margin:5px 0;float:none;height:100px;\"><script src=\"http:\/\/connect.facebook.net\/en_US\/all.js#xfbml=1\"><\/script><fb:like href=\"https:\/\/www.lavoriskes.vilniausr.lm.lt\/?page_id=956\" send=\"true\" layout=\"standard\" width=\"450\" show_faces=\"true\" font=\"arial\" action=\"like\" colorscheme=\"light\"><\/fb:like><\/div>","protected":false},"excerpt":{"rendered":"<p>Direktor\u0117 Renata Barusevi\u010d tel. (8~5) 2494823 renata.barusevic@lavoriskes.vilniausr.lm.lt Direktor\u0117 interesantus priima pirmadieniais-ketvirtadieniais, nuo 8.00 iki 17.00 val. Pri\u0117mimus i\u0161 anksto registruoja: Ra\u0161tin\u0117s ved\u0117ja \u2013 Lina Branicka tel.(8 5) 249 48 34 rastine@lavoriskes.vilniausr.lm.lt Direktoriaus pavaduotoja ugdymui Kata\u017eyna Misevi\u010d tel. (8~5) 2494823 katazyna.misevic@lavoriskes.vilniausr.lm.lt &hellip; <a href=\"https:\/\/www.lavoriskes.vilniausr.lm.lt\/?page_id=956\">Skaitykite toliau <span class=\"meta-nav\">&rarr;<\/span><\/a><\/p>\n","protected":false},"author":2,"featured_media":0,"parent":75,"menu_order":1,"comment_status":"closed","ping_status":"open","template":"","meta":{"ngg_post_thumbnail":0,"footnotes":""},"class_list":["post-956","page","type-page","status-publish","hentry"],"_links":{"self":[{"href":"https:\/\/www.lavoriskes.vilniausr.lm.lt\/index.php?rest_route=\/wp\/v2\/pages\/956","targetHints":{"allow":["GET"]}}],"collection":[{"href":"https:\/\/www.lavoriskes.vilniausr.lm.lt\/index.php?rest_route=\/wp\/v2\/pages"}],"about":[{"href":"https:\/\/www.lavoriskes.vilniausr.lm.lt\/index.php?rest_route=\/wp\/v2\/types\/page"}],"author":[{"embeddable":true,"href":"https:\/\/www.lavoriskes.vilniausr.lm.lt\/index.php?rest_route=\/wp\/v2\/users\/2"}],"replies":[{"embeddable":true,"href":"https:\/\/www.lavoriskes.vilniausr.lm.lt\/index.php?rest_route=%2Fwp%2Fv2%2Fcomments&post=956"}],"version-history":[{"count":26,"href":"https:\/\/www.lavoriskes.vilniausr.lm.lt\/index.php?rest_route=\/wp\/v2\/pages\/956\/revisions"}],"predecessor-version":[{"id":12540,"href":"https:\/\/www.lavoriskes.vilniausr.lm.lt\/index.php?rest_route=\/wp\/v2\/pages\/956\/revisions\/12540"}],"up":[{"embeddable":true,"href":"https:\/\/www.lavoriskes.vilniausr.lm.lt\/index.php?rest_route=\/wp\/v2\/pages\/75"}],"wp:attachment":[{"href":"https:\/\/www.lavoriskes.vilniausr.lm.lt\/index.php?rest_route=%2Fwp%2Fv2%2Fmedia&parent=956"}],"curies":[{"name":"wp","href":"https:\/\/api.w.org\/{rel}","templated":true}]}}