{"id":9430,"date":"2020-04-24T20:31:09","date_gmt":"2020-04-24T17:31:09","guid":{"rendered":"http:\/\/www.lavoriskes.vilniausr.lm.lt\/?page_id=9430"},"modified":"2021-06-17T11:44:19","modified_gmt":"2021-06-17T08:44:19","slug":"covid-19-aktuali-informacija","status":"publish","type":"page","link":"https:\/\/www.lavoriskes.vilniausr.lm.lt\/?page_id=9430","title":{"rendered":"COVID-19: aktuali informacija"},"content":{"rendered":"<h3>Operacij\u0173 vadovo&nbsp;<a href=\"https:\/\/e-seimas.lrs.lt\/portal\/legalAct\/lt\/TAD\/cc3802e2ced911eb91e294a1358e77e9\" target=\"_blank\" rel=\"noopener noreferrer\" data-saferedirecturl=\"https:\/\/www.google.com\/url?q=https:\/\/e-seimas.lrs.lt\/portal\/legalAct\/lt\/TAD\/cc3802e2ced911eb91e294a1358e77e9&amp;source=gmail&amp;ust=1624005126770000&amp;usg=AFQjCNHcggbeCRUn-rWNnuwQ99l3vTbJ3g\">sprendimas<\/a>&nbsp;D\u0117l vaik\u0173 stovykl\u0173 veikl\u0173 organizavimo b\u016btin\u0173 s\u0105lyg\u0173 pakeitimo&nbsp;(2021 bir\u017eelio 16 d. Nr. V-1407)&nbsp;&nbsp;<\/h3>\n<div>\n<h3>Operacij\u0173 vadovo&nbsp;<a href=\"https:\/\/e-seimas.lrs.lt\/portal\/legalAct\/lt\/TAD\/c95ad392ced911eb91e294a1358e77e9\" target=\"_blank\" rel=\"noopener noreferrer\" data-saferedirecturl=\"https:\/\/www.google.com\/url?q=https:\/\/e-seimas.lrs.lt\/portal\/legalAct\/lt\/TAD\/c95ad392ced911eb91e294a1358e77e9&amp;source=gmail&amp;ust=1624005126770000&amp;usg=AFQjCNGYQEaW7wU-VcNpA-tMRjAmqsBSGg\">sprendimas&nbsp;<\/a>D\u0117l neformaliojo vaik\u0173 \u0161vietimo organizavimo b\u016btin\u0173 s\u0105lyg\u0173 pakeitimo&nbsp;(2021 bir\u017eelio 16 d. Nr. V-1406)&nbsp;&nbsp;<\/h3>\n<h3>Operacij\u0173 vadovo&nbsp;<a href=\"https:\/\/e-seimas.lrs.lt\/portal\/legalAct\/lt\/TAD\/c188df92ced911eb91e294a1358e77e9\" target=\"_blank\" rel=\"noopener noreferrer\" data-saferedirecturl=\"https:\/\/www.google.com\/url?q=https:\/\/e-seimas.lrs.lt\/portal\/legalAct\/lt\/TAD\/c188df92ced911eb91e294a1358e77e9&amp;source=gmail&amp;ust=1624005126770000&amp;usg=AFQjCNFio5PEaNGw1Sxai72rVOyxn8uW3w\">sprendimas<\/a>&nbsp;D\u0117l egzamin\u0173 organizavimo b\u016btin\u0173 s\u0105lyg\u0173 pakeitimo&nbsp;(2021 bir\u017eelio 16 d. Nr. V-1404)&nbsp;&nbsp;<\/h3>\n<h3>Vyriausyb\u0117s&nbsp;<a href=\"https:\/\/e-seimas.lrs.lt\/portal\/legalAct\/lt\/TAD\/a2b5da801f4a11eb9604df942ee8e443\/nlAhzMOqJH\" target=\"_blank\" rel=\"noopener noreferrer\" data-saferedirecturl=\"https:\/\/www.google.com\/url?q=https:\/\/e-seimas.lrs.lt\/portal\/legalAct\/lt\/TAD\/a2b5da801f4a11eb9604df942ee8e443\/nlAhzMOqJH&amp;source=gmail&amp;ust=1624005126770000&amp;usg=AFQjCNGCkw9lK4MGI-UuLLRu-iYlTLQaig\">nutarimas<\/a>&nbsp;d\u0117l karantino paskelbimo.&nbsp;Galiojanti suvestin\u0117 redakcija nuo 2021-06-17&nbsp;&nbsp;<\/h3>\n<h3>Sveikatos apsaugos ministro&nbsp;<a href=\"https:\/\/e-seimas.lrs.lt\/portal\/legalAct\/lt\/TAD\/fde19dd0bff011eb91e294a1358e77e9?jfwid=-15kurkaioo\" target=\"_blank\" rel=\"noopener noreferrer\" data-saferedirecturl=\"https:\/\/www.google.com\/url?q=https:\/\/e-seimas.lrs.lt\/portal\/legalAct\/lt\/TAD\/fde19dd0bff011eb91e294a1358e77e9?jfwid%3D-15kurkaioo&amp;source=gmail&amp;ust=1624005126770000&amp;usg=AFQjCNF4apVIVf4b6F-PuZvO01XKNqAnLw\">\u012fsakymas<\/a>&nbsp;D\u0117l asmen\u0173, sergan\u010di\u0173 Covid-19 liga, asmen\u0173, \u012ftariam\u0173, kad serga Covid-19 liga, ir asmen\u0173, tur\u0117jusi\u0173 s\u0105lyt\u012f, izoliavimo namuose, kitoje gyvenamojoje vietoje ar savivaldyb\u0117s administracijos numatytose patalpose, taisykli\u0173 patvirtinimo pakeitimo (2021 m. gegu\u017e\u0117s 28 d. Nr. V-1236)&nbsp;&nbsp;<\/h3>\n<\/div>\n<p>Naujausi dokumentai:<\/p>\n<p><a href=\"http:\/\/www.lavoriskes.vilniausr.lm.lt\/wp-content\/uploads\/2021\/04\/VR-\u012fsakymas-d\u0117l-ugd-2021-04-12-pakeitimai.pdf\">VR \u012fsakymas d\u0117l ugd 2021-04-12 pakeitimai<\/a><\/p>\n<p><a href=\"http:\/\/www.lavoriskes.vilniausr.lm.lt\/wp-content\/uploads\/2021\/04\/OV-d\u0117l-NV\u0160-suvestin\u0117-redakcija-nuo-2021-04-12.pdf\">OV d\u0117l NV\u0160 suvestin\u0117 redakcija nuo 2021-04-12<\/a><\/p>\n<p><a href=\"http:\/\/www.lavoriskes.vilniausr.lm.lt\/wp-content\/uploads\/2021\/04\/OV-SPRENDIMAS.pdf\">OV SPRENDIMAS<\/a><\/p>\n<p><a href=\"http:\/\/www.lavoriskes.vilniausr.lm.lt\/wp-content\/uploads\/2021\/04\/Sprendimas.pdf\">Sprendimas<\/a><\/p>\n<p><a href=\"http:\/\/www.lavoriskes.vilniausr.lm.lt\/wp-content\/uploads\/2021\/02\/Informacijos-atnaujinimas.pdf\">D\u0116L COVID-19 GR\u0116SM\u0116S VALDYMO PRIEMONI\u0172<\/a><\/p>\n<p style=\"text-align: justify;\">Norime priminti, jog VESOC sprendimu (<b><a href=\"https:\/\/e-seimas.lrs.lt\/portal\/legalAct\/lt\/TAD\/50842c80203f11eb9604df942ee8e443?jfwid=-1n2mj8iy2&amp;fbclid=IwAR2hkcbE5I72M4KWWcA7ejpaVL3bH4GiCL24rh2zZ8L1A8MIeZcoghvHJzg\" target=\"_blank\" rel=\"noopener noreferrer\" data-saferedirecturl=\"https:\/\/www.google.com\/url?q=https:\/\/e-seimas.lrs.lt\/portal\/legalAct\/lt\/TAD\/50842c80203f11eb9604df942ee8e443?jfwid%3D-1n2mj8iy2%26fbclid%3DIwAR2hkcbE5I72M4KWWcA7ejpaVL3bH4GiCL24rh2zZ8L1A8MIeZcoghvHJzg&amp;source=gmail&amp;ust=1605094334382000&amp;usg=AFQjCNGRtbmln_MPSH-np-fGR4N8tvnulw\">TAR, 2020-11-06, Nr. 23414<\/a><\/b>),<b>&nbsp;<\/b><b>veido kauk\u0117s yra privalomos visiems ugdymo \u012fstaigose esantiems vaikams, kurie yra&nbsp;<u>vyresni negu \u0161e\u0161eri\u0173 met\u0173<\/u>.&nbsp;<\/b>Pateikiame pagrindin\u0119 informacij\u0105 d\u0117l kauki\u0173 d\u0117v\u0117jimo mokiniams vyresniems nei \u0161e\u0161eri\u0173 met\u0173 am\u017eiaus:&nbsp;<\/p>\n<ul type=\"disc\">\n<li style=\"text-align: justify;\">b\u016btina d\u0117v\u0117ti nos\u012f ir burn\u0105 dengian\u010dias apsaugos priemones (veido kaukes, respiratorius ar kitas priemones),&nbsp;<u>kurios priglunda prie veido ir visi\u0161kai dengia nos\u012f ir burn\u0105<\/u>;<\/li>\n<li style=\"text-align: justify;\">rekomenduojama&nbsp;<u>d\u0117v\u0117ti skydel\u012f asmenims<\/u>, turintiems ne\u012fgalum\u0105 bei d\u0117l savo sveikatos b\u016bkl\u0117s negalintiems d\u0117v\u0117ti kauki\u0173 ar jei &nbsp;j\u0173 d\u0117v\u0117jimas gali pakenkti asmens sveikatos b\u016bklei;<\/li>\n<li style=\"text-align: justify;\">rekomenduojama&nbsp;<u>nevykdyti kontaktiniu b\u016bdu interaktyvi\u0173 veikl\u0173, kuri\u0173 negalima atlikti d\u0117vint kaukes<\/u>&nbsp;(pvz., susijusi\u0173 su sportu, dainavimu, \u0161okimu ir pan.). O jei vykdoma, tarp mokini\u0173 turi b\u016bti u\u017etikrinamas ne ma\u017eesnis nei 2 metr\u0173 atstumas;<\/li>\n<li style=\"text-align: justify;\">prie \u012f\u0117jimo \u012f \u0161vietimo \u012fstaig\u0105 mokiniams, j\u0173 t\u0117vams (glob\u0117jams, r\u016bpintojams), darbuotojams ir kitiems asmenims&nbsp;<u>turi b\u016bti pateikta informacija apie nustatytus reikalavimus d\u0117v\u0117ti kaukes<\/u>;<\/li>\n<li style=\"text-align: justify;\">apgyvendinant mokinius mokyklos bendrabutyje b\u016btina \u012fpareigoti juos d\u0117v\u0117ti kaukes. Kauki\u0173 leid\u017eiama ned\u0117v\u0117ti ne\u012fgalum\u0105 turintiems asmenims, kurie d\u0117l savo sveikatos b\u016bkl\u0117s kauki\u0173 d\u0117v\u0117ti negali ar j\u0173 d\u0117v\u0117jimas gali pakenkti asmens sveikatos b\u016bklei. Tokiu atveju rekomenduojama d\u0117v\u0117ti veido skydel\u012f.<\/li>\n<\/ul>\n<p><a href=\"http:\/\/www.lavoriskes.vilniausr.lm.lt\/wp-content\/uploads\/2020\/11\/Kaip-saugiai-deveti-daugkartine-veido-kauke.pdf\">Kaip saugiai d\u0117v\u0117ti daugkartine veido kauk\u0119<\/a><\/p>\n<p><a href=\"http:\/\/www.lavoriskes.vilniausr.lm.lt\/wp-content\/uploads\/2020\/11\/Kaip-saugiai-deveti-vienkartine-medicinine-kauke.pdf\">Kaip saugiai d\u0117v\u0117ti vienkartine medicinin\u0119 kauk\u0119<\/a><\/p>\n<p><a href=\"http:\/\/www.lavoriskes.vilniausr.lm.lt\/wp-content\/uploads\/2020\/08\/V-2543.pdf\">D\u0116L IKIMOKYKLINIO IR PRIE\u0160MOKYKLINIO UGDYMO ORGANIZAVIMO B\u016aTIN\u0172 S\u0104LYG\u0172<\/a><\/p>\n<p><a href=\"http:\/\/www.lavoriskes.vilniausr.lm.lt\/wp-content\/uploads\/2020\/08\/V-2544.pdf\">D\u0116L PRADINIO UGDYMO ORGANIZAVIMO B\u016aTIN\u0172 S\u0104LYG\u0172<\/a><\/p>\n<p><a href=\"http:\/\/www.lavoriskes.vilniausr.lm.lt\/wp-content\/uploads\/2020\/08\/V-2545.pdf\">D\u0116L PAGRINDINIO IR VIDURINIO UGDYMO ORGANIZAVIMO B\u016aTIN\u0172 S\u0104LYG\u0172<\/a><\/p>\n<p><a href=\"http:\/\/www.lavoriskes.vilniausr.lm.lt\/wp-content\/uploads\/2020\/08\/V-2546.pdf\">D\u0116L NEFORMALIOJO VAIK\u0172 \u0160VIETIMO ORGANIZAVIMO B\u016aTIN\u0172 S\u0104LYG\u0172<\/a><\/p>\n<p><a href=\"http:\/\/www.lavoriskes.vilniausr.lm.lt\/wp-content\/uploads\/2020\/10\/D\u0116L-COVID-19.pdf\">D\u0116L COVID-19<\/a><\/p>\n<p><a href=\"http:\/\/www.lavoriskes.vilniausr.lm.lt\/wp-content\/uploads\/2020\/10\/Sprendimo-pakeitimas-1.pdf\">Sprendimo pakeitimas 1<\/a><\/p>\n<p><a href=\"http:\/\/www.lavoriskes.vilniausr.lm.lt\/wp-content\/uploads\/2020\/10\/Sprendimo-pakeitimas-2.pdf\">Sprendimo pakeitimas 2<\/a><\/p>\n<p><a href=\"http:\/\/www.lavoriskes.vilniausr.lm.lt\/wp-content\/uploads\/2020\/10\/Sprendimo-pakeitimas-3.pdf\">Sprendimo pakeitimas 3<\/a><\/p>\n<p><a href=\"http:\/\/www.lavoriskes.vilniausr.lm.lt\/wp-content\/uploads\/2020\/10\/D\u0116L-NEFORMALIOJO-VAIK\u0172-\u0160VIETIMO-ORGANIZAVIMO-B\u016aTIN\u0172-S\u0104LYG\u0172-PAKEITIMO-V-2193.pdf\">D\u0116L NEFORMALIOJO VAIK\u0172 \u0160VIETIMO ORGANIZAVIMO B\u016aTIN\u0172 S\u0104LYG\u0172 PAKEITIMO (V-2193)<\/a><\/p>\n<p><a href=\"http:\/\/www.lavoriskes.vilniausr.lm.lt\/wp-content\/uploads\/2020\/10\/D\u0116L-PAGRINDINIO-IR-VIDURINIO-UGDYMO-ORGANIZAVIMO-B\u016aTIN\u0172-S\u0104LYG\u0172-PAKEITIMO-V-1885.pdf\">D\u0116L PAGRINDINIO IR VIDURINIO UGDYMO ORGANIZAVIMO B\u016aTIN\u0172 S\u0104LYG\u0172 PAKEITIMO (V-1885)<\/a><\/p>\n<p><a href=\"http:\/\/www.lavoriskes.vilniausr.lm.lt\/wp-content\/uploads\/2020\/10\/D\u0116L-PRADINIO-UGDYMO-ORGANIZAVIMO-B\u016aTIN\u0172-S\u0104LYG\u0172-PAKEITIMO-V-2196.pdf\">D\u0116L PRADINIO UGDYMO ORGANIZAVIMO B\u016aTIN\u0172 S\u0104LYG\u0172 PAKEITIMO (V-2196)<\/a><\/p>\n<p><a href=\"http:\/\/www.lavoriskes.vilniausr.lm.lt\/wp-content\/uploads\/2020\/10\/Sprendimas-d\u0117l-ikimokyklinio-ugdymo-karantini-metu.pdf\">Sprendimas d\u0117l ikimokyklinio ugdymo karantini metu<\/a><\/p>\n<p><a href=\"http:\/\/www.lavoriskes.vilniausr.lm.lt\/wp-content\/uploads\/2020\/09\/NVSC_Algoritmai.pdf\">NVSC_Algoritmai<\/a><\/p>\n<p><a href=\"http:\/\/www.lavoriskes.vilniausr.lm.lt\/wp-content\/uploads\/2020\/09\/COVID-prevencijos-priemones-ugdymo-\u012fstaigose.pdf\">COVID prevencijos priemones ugdymo \u012fstaigose<\/a><\/p>\n<p><a href=\"http:\/\/www.lavoriskes.vilniausr.lm.lt\/wp-content\/uploads\/2020\/09\/COVID-19-ligos-valdymas-vaik\u0173-ugdymo-\u012fstaigose.pdf\">COVID-19 ligos valdymas vaik\u0173 ugdymo \u012fstaigose<\/a><\/p>\n<div id=\"wp_fb_like_button\" style=\"margin:5px 0;float:none;height:100px;\"><script src=\"http:\/\/connect.facebook.net\/en_US\/all.js#xfbml=1\"><\/script><fb:like href=\"https:\/\/www.lavoriskes.vilniausr.lm.lt\/?page_id=9430\" send=\"true\" layout=\"standard\" width=\"450\" show_faces=\"true\" font=\"arial\" action=\"like\" colorscheme=\"light\"><\/fb:like><\/div>","protected":false},"excerpt":{"rendered":"<p>Operacij\u0173 vadovo&nbsp;sprendimas&nbsp;D\u0117l vaik\u0173 stovykl\u0173 veikl\u0173 organizavimo b\u016btin\u0173 s\u0105lyg\u0173 pakeitimo&nbsp;(2021 bir\u017eelio 16 d. Nr. V-1407)&nbsp;&nbsp; Operacij\u0173 vadovo&nbsp;sprendimas&nbsp;D\u0117l neformaliojo vaik\u0173 \u0161vietimo organizavimo b\u016btin\u0173 s\u0105lyg\u0173 pakeitimo&nbsp;(2021 bir\u017eelio 16 d. Nr. V-1406)&nbsp;&nbsp; Operacij\u0173 vadovo&nbsp;sprendimas&nbsp;D\u0117l egzamin\u0173 organizavimo b\u016btin\u0173 s\u0105lyg\u0173 pakeitimo&nbsp;(2021 bir\u017eelio 16 d. Nr. V-1404)&nbsp;&nbsp; &hellip; <a href=\"https:\/\/www.lavoriskes.vilniausr.lm.lt\/?page_id=9430\">Skaitykite toliau <span class=\"meta-nav\">&rarr;<\/span><\/a><\/p>\n","protected":false},"author":2,"featured_media":0,"parent":0,"menu_order":-1,"comment_status":"closed","ping_status":"closed","template":"","meta":{"ngg_post_thumbnail":0,"footnotes":""},"class_list":["post-9430","page","type-page","status-publish","hentry"],"_links":{"self":[{"href":"https:\/\/www.lavoriskes.vilniausr.lm.lt\/index.php?rest_route=\/wp\/v2\/pages\/9430","targetHints":{"allow":["GET"]}}],"collection":[{"href":"https:\/\/www.lavoriskes.vilniausr.lm.lt\/index.php?rest_route=\/wp\/v2\/pages"}],"about":[{"href":"https:\/\/www.lavoriskes.vilniausr.lm.lt\/index.php?rest_route=\/wp\/v2\/types\/page"}],"author":[{"embeddable":true,"href":"https:\/\/www.lavoriskes.vilniausr.lm.lt\/index.php?rest_route=\/wp\/v2\/users\/2"}],"replies":[{"embeddable":true,"href":"https:\/\/www.lavoriskes.vilniausr.lm.lt\/index.php?rest_route=%2Fwp%2Fv2%2Fcomments&post=9430"}],"version-history":[{"count":19,"href":"https:\/\/www.lavoriskes.vilniausr.lm.lt\/index.php?rest_route=\/wp\/v2\/pages\/9430\/revisions"}],"predecessor-version":[{"id":10145,"href":"https:\/\/www.lavoriskes.vilniausr.lm.lt\/index.php?rest_route=\/wp\/v2\/pages\/9430\/revisions\/10145"}],"wp:attachment":[{"href":"https:\/\/www.lavoriskes.vilniausr.lm.lt\/index.php?rest_route=%2Fwp%2Fv2%2Fmedia&parent=9430"}],"curies":[{"name":"wp","href":"https:\/\/api.w.org\/{rel}","templated":true}]}}