{"id":9323,"date":"2020-03-19T13:30:22","date_gmt":"2020-03-19T11:30:22","guid":{"rendered":"http:\/\/www.lavoriskes.vilniausr.lm.lt\/?page_id=9323"},"modified":"2020-03-19T13:34:51","modified_gmt":"2020-03-19T11:34:51","slug":"bendradarbiavimas","status":"publish","type":"page","link":"https:\/\/www.lavoriskes.vilniausr.lm.lt\/?page_id=9323","title":{"rendered":"Bendradarbiavimas"},"content":{"rendered":"<p><strong>Vilniaus r. Lavori\u0161ki\u0173 Stepono Batoro gimnazija bendradarbiauja su:<\/strong><\/p>\n<p><em>&nbsp;<\/em><em>\u0160vietimo \u012fstaigomis:<\/em><\/p>\n<ul>\n<li>Bydgo\u0161\u010diaus Ignaco Jano Paderevskio gimnazija<\/li>\n<li>Lavori\u0161ki\u0173 lop\u0161eliu \u2013 dar\u017eeliu<\/li>\n<\/ul>\n<p><em>&nbsp;<\/em><em>Kitomis \u012fstaigomis:<\/em><\/p>\n<ul>\n<li>Lavori\u0161ki\u0173 \u0161v. Jono Krik\u0161tytojo ba\u017eny\u010dia<\/li>\n<li>Lavori\u0161ki\u0173 seni\u016bnija<\/li>\n<li>Lavori\u0161ki\u0173 girininkija<\/li>\n<li>Nemen\u010din\u0117s policijos nuovada<\/li>\n<li>VSAT Vilniaus rinktine<\/li>\n<li>Lavori\u0161ki\u0173 u\u017ekarda<\/li>\n<li>Lenkijos Lodz\u0117s miesto draugija \u201eWsp\u00f3lnota Polska\u201c<\/li>\n<\/ul>\n<div id=\"wp_fb_like_button\" style=\"margin:5px 0;float:none;height:100px;\"><script src=\"http:\/\/connect.facebook.net\/en_US\/all.js#xfbml=1\"><\/script><fb:like href=\"https:\/\/www.lavoriskes.vilniausr.lm.lt\/?page_id=9323\" send=\"true\" layout=\"standard\" width=\"450\" show_faces=\"true\" font=\"arial\" action=\"like\" colorscheme=\"light\"><\/fb:like><\/div>","protected":false},"excerpt":{"rendered":"<p>Vilniaus r. Lavori\u0161ki\u0173 Stepono Batoro gimnazija bendradarbiauja su: &nbsp;\u0160vietimo \u012fstaigomis: Bydgo\u0161\u010diaus Ignaco Jano Paderevskio gimnazija Lavori\u0161ki\u0173 lop\u0161eliu \u2013 dar\u017eeliu &nbsp;Kitomis \u012fstaigomis: Lavori\u0161ki\u0173 \u0161v. Jono Krik\u0161tytojo ba\u017eny\u010dia Lavori\u0161ki\u0173 seni\u016bnija Lavori\u0161ki\u0173 girininkija Nemen\u010din\u0117s policijos nuovada VSAT Vilniaus rinktine Lavori\u0161ki\u0173 u\u017ekarda Lenkijos Lodz\u0117s &hellip; <a href=\"https:\/\/www.lavoriskes.vilniausr.lm.lt\/?page_id=9323\">Skaitykite toliau <span class=\"meta-nav\">&rarr;<\/span><\/a><\/p>\n","protected":false},"author":2,"featured_media":0,"parent":688,"menu_order":4,"comment_status":"closed","ping_status":"closed","template":"","meta":{"ngg_post_thumbnail":0,"footnotes":""},"class_list":["post-9323","page","type-page","status-publish","hentry"],"_links":{"self":[{"href":"https:\/\/www.lavoriskes.vilniausr.lm.lt\/index.php?rest_route=\/wp\/v2\/pages\/9323","targetHints":{"allow":["GET"]}}],"collection":[{"href":"https:\/\/www.lavoriskes.vilniausr.lm.lt\/index.php?rest_route=\/wp\/v2\/pages"}],"about":[{"href":"https:\/\/www.lavoriskes.vilniausr.lm.lt\/index.php?rest_route=\/wp\/v2\/types\/page"}],"author":[{"embeddable":true,"href":"https:\/\/www.lavoriskes.vilniausr.lm.lt\/index.php?rest_route=\/wp\/v2\/users\/2"}],"replies":[{"embeddable":true,"href":"https:\/\/www.lavoriskes.vilniausr.lm.lt\/index.php?rest_route=%2Fwp%2Fv2%2Fcomments&post=9323"}],"version-history":[{"count":3,"href":"https:\/\/www.lavoriskes.vilniausr.lm.lt\/index.php?rest_route=\/wp\/v2\/pages\/9323\/revisions"}],"predecessor-version":[{"id":9326,"href":"https:\/\/www.lavoriskes.vilniausr.lm.lt\/index.php?rest_route=\/wp\/v2\/pages\/9323\/revisions\/9326"}],"up":[{"embeddable":true,"href":"https:\/\/www.lavoriskes.vilniausr.lm.lt\/index.php?rest_route=\/wp\/v2\/pages\/688"}],"wp:attachment":[{"href":"https:\/\/www.lavoriskes.vilniausr.lm.lt\/index.php?rest_route=%2Fwp%2Fv2%2Fmedia&parent=9323"}],"curies":[{"name":"wp","href":"https:\/\/api.w.org\/{rel}","templated":true}]}}