{"id":9299,"date":"2020-03-19T12:24:54","date_gmt":"2020-03-19T10:24:54","guid":{"rendered":"http:\/\/www.lavoriskes.vilniausr.lm.lt\/?page_id=9299"},"modified":"2025-10-30T10:25:19","modified_gmt":"2025-10-30T08:25:19","slug":"tvarkos-aprasai","status":"publish","type":"page","link":"https:\/\/www.lavoriskes.vilniausr.lm.lt\/?page_id=9299","title":{"rendered":"Tvarkos apra\u0161ai"},"content":{"rendered":"<p><a href=\"http:\/\/www.lavoriskes.vilniausr.lm.lt\/wp-content\/uploads\/2024\/12\/Darbo-apmokejimo-sistema.pdf\">Vilniaus r. Lavori\u0161ki\u0173 Stepono Batoro gimnazijos darbo apmok\u0117jimo sistema<\/a><\/p>\n<p><a href=\"http:\/\/www.lavoriskes.vilniausr.lm.lt\/wp-content\/uploads\/2024\/05\/Vertinimo-tvarka1.pdf\">Vilniaus r. Lavori\u0161ki\u0173 Stepono Batoro gimnazijos mokini\u0173 pa\u017eangos ir pasiekim\u0173 vertinimo tvarkos apra\u0161as<\/a><\/p>\n<p><a href=\"http:\/\/www.lavoriskes.vilniausr.lm.lt\/wp-content\/uploads\/2020\/09\/Valdymo-planas-pdf.pdf\">Gimnazijos valstyb\u0117s lygio ekstremalios situacijos re\u017eimo ir\/ar karantino laikotarpio valdymo planas<\/a><\/p>\n<p><a href=\"http:\/\/www.lavoriskes.vilniausr.lm.lt\/wp-content\/uploads\/2019\/05\/kvalifikacijos-tobulinimo-tvarkos-aprasas_pataisytas.pdf?fbclid=IwAR2yeXXVOrvdzArtJwNKMRGK_WxXdaVfB72a9HpndVcggMa7Jx9u_PnvKo4\">Vilniaus r. Lavori\u0161ki\u0173 Stepono Batoro gimnazijos vadovo, pavaduotojo ugdymui, mokytoj\u0173, pagalbos mokiniui specialist\u0173 kvalifikacijos tobulinimo tvarkos apra\u0161as<\/a><\/p>\n<p><a href=\"http:\/\/www.lavoriskes.vilniausr.lm.lt\/wp-content\/uploads\/2019\/05\/Vidaus-darbo-tvarka-gimnazija-2018-08-31.pdf?fbclid=IwAR0W0qKty89Jl1lQPm82Vd2_CGlsQJ27Jrn5A-1QPfD9SoERQYJBGy0Pg1Y\">Vilniaus r. Lavori\u0161ki\u0173 Stepono Batoro gimnazijos vidaus darbo tvarkos taisykl\u0117s<\/a><\/p>\n<p><a href=\"http:\/\/www.lavoriskes.vilniausr.lm.lt\/wp-content\/uploads\/2015\/02\/TURRIZMO-TVARKOS-APRA%C5%A0AS.pdf?fbclid=IwAR3fYOr0MRrYL6Z4lt-rTg006D7LC0OAHZy-VZwaJBImUPVeXETw-o6cEHU\">Vilniaus r. Stepono Batoro Gimnazijos vaik\u0173 turizmo rengini\u0173 organizavimo apra\u0161as<\/a><\/p>\n<p><a href=\"http:\/\/www.lavoriskes.vilniausr.lm.lt\/wp-content\/uploads\/2015\/02\/Klases-aukletojo-darbo-tvarkos-aprasas-1.pdf?fbclid=IwAR3bMaDHzeKDPM3lPJ7VdQEaT2Wf6TZkjW-U0p690nNO3NlPvtjf4EwcnM4\">Vilniaus r. Lavori\u0161ki\u0173 Stepono Batoro gimnazija klas\u0117s vadovo darbo tvarkos apra\u0161as<\/a><\/p>\n<p><a href=\"http:\/\/www.lavoriskes.vilniausr.lm.lt\/wp-content\/uploads\/2015\/02\/Ugdomosios-veikos-steb%C4%97senos-tvarkos-apra%C5%A1as.pdf?fbclid=IwAR2lKyJe_aH28NJBlSIIxUmxQ5DDbMMHajN6QJfCT6Ty7BKqeEo9Rfcz_CU\">Vilniaus r. Lavori\u0161ki\u0173 Stepono Batoro gimnazijos ugdomosios veiklos steb\u0117senos tvarkos apra\u0161as<\/a><\/p>\n<p><a href=\"http:\/\/www.lavoriskes.vilniausr.lm.lt\/wp-content\/uploads\/2019\/10\/Socialin%C4%97s-pilietin%C4%97s-veiklos-apra%C5%A1as-2019-2020.pdf?fbclid=IwAR3aab2xeVmGvcl3gjNA_Rztg0eL3aNbz5GHYDU5wLV2ojoyR4oE5253Q8E\">Vilniaus r. Lavori\u0161ki\u0173 Stepono Batoro gimnazijos socialin\u0117s-pilietin\u0117s veiklos organizavimo tvarkos apra\u0161as<\/a><\/p>\n<p><a href=\"http:\/\/www.lavoriskes.vilniausr.lm.lt\/wp-content\/uploads\/2025\/10\/Vilniaus-r.-Lavoriskiu-Stepono-Batoro-gimnazijos-mokiniu-elgesio-taisykles.pdf\">Vilniaus r. Lavori\u0161ki\u0173 Stepono Batoro gimnazijos mokini\u0173 elgesio taisykl\u0117s<\/a><\/p>\n<div id=\"wp_fb_like_button\" style=\"margin:5px 0;float:none;height:100px;\"><script src=\"http:\/\/connect.facebook.net\/en_US\/all.js#xfbml=1\"><\/script><fb:like href=\"https:\/\/www.lavoriskes.vilniausr.lm.lt\/?page_id=9299\" send=\"true\" layout=\"standard\" width=\"450\" show_faces=\"true\" font=\"arial\" action=\"like\" colorscheme=\"light\"><\/fb:like><\/div>","protected":false},"excerpt":{"rendered":"<p>Vilniaus r. Lavori\u0161ki\u0173 Stepono Batoro gimnazijos darbo apmok\u0117jimo sistema Vilniaus r. Lavori\u0161ki\u0173 Stepono Batoro gimnazijos mokini\u0173 pa\u017eangos ir pasiekim\u0173 vertinimo tvarkos apra\u0161as Gimnazijos valstyb\u0117s lygio ekstremalios situacijos re\u017eimo ir\/ar karantino laikotarpio valdymo planas Vilniaus r. Lavori\u0161ki\u0173 Stepono Batoro gimnazijos vadovo, &hellip; <a href=\"https:\/\/www.lavoriskes.vilniausr.lm.lt\/?page_id=9299\">Skaitykite toliau <span class=\"meta-nav\">&rarr;<\/span><\/a><\/p>\n","protected":false},"author":2,"featured_media":0,"parent":9231,"menu_order":2,"comment_status":"closed","ping_status":"closed","template":"","meta":{"ngg_post_thumbnail":0,"footnotes":""},"class_list":["post-9299","page","type-page","status-publish","hentry"],"_links":{"self":[{"href":"https:\/\/www.lavoriskes.vilniausr.lm.lt\/index.php?rest_route=\/wp\/v2\/pages\/9299","targetHints":{"allow":["GET"]}}],"collection":[{"href":"https:\/\/www.lavoriskes.vilniausr.lm.lt\/index.php?rest_route=\/wp\/v2\/pages"}],"about":[{"href":"https:\/\/www.lavoriskes.vilniausr.lm.lt\/index.php?rest_route=\/wp\/v2\/types\/page"}],"author":[{"embeddable":true,"href":"https:\/\/www.lavoriskes.vilniausr.lm.lt\/index.php?rest_route=\/wp\/v2\/users\/2"}],"replies":[{"embeddable":true,"href":"https:\/\/www.lavoriskes.vilniausr.lm.lt\/index.php?rest_route=%2Fwp%2Fv2%2Fcomments&post=9299"}],"version-history":[{"count":12,"href":"https:\/\/www.lavoriskes.vilniausr.lm.lt\/index.php?rest_route=\/wp\/v2\/pages\/9299\/revisions"}],"predecessor-version":[{"id":12568,"href":"https:\/\/www.lavoriskes.vilniausr.lm.lt\/index.php?rest_route=\/wp\/v2\/pages\/9299\/revisions\/12568"}],"up":[{"embeddable":true,"href":"https:\/\/www.lavoriskes.vilniausr.lm.lt\/index.php?rest_route=\/wp\/v2\/pages\/9231"}],"wp:attachment":[{"href":"https:\/\/www.lavoriskes.vilniausr.lm.lt\/index.php?rest_route=%2Fwp%2Fv2%2Fmedia&parent=9299"}],"curies":[{"name":"wp","href":"https:\/\/api.w.org\/{rel}","templated":true}]}}