{"id":9227,"date":"2020-03-06T09:13:47","date_gmt":"2020-03-06T07:13:47","guid":{"rendered":"http:\/\/www.lavoriskes.vilniausr.lm.lt\/?page_id=9227"},"modified":"2020-03-06T09:13:47","modified_gmt":"2020-03-06T07:13:47","slug":"komisijos","status":"publish","type":"page","link":"https:\/\/www.lavoriskes.vilniausr.lm.lt\/?page_id=9227","title":{"rendered":"Komisijos"},"content":{"rendered":"<blockquote class=\"wp-embedded-content\" data-secret=\"zNjQAOEkDZ\"><p><a href=\"https:\/\/www.lavoriskes.vilniausr.lm.lt\/?page_id=1596\">Mokytoj\u0173 atestacijos komisija<\/a><\/p><\/blockquote>\n<p><iframe loading=\"lazy\" class=\"wp-embedded-content\" sandbox=\"allow-scripts\" security=\"restricted\" style=\"position: absolute; visibility: hidden;\" title=\"&#8220;Mokytoj\u0173 atestacijos komisija&#8221; &#8212; Vilniaus r. Lavori\u0161ki\u0173 Stepono Batoro gimnazija\" src=\"https:\/\/www.lavoriskes.vilniausr.lm.lt\/?page_id=1596&#038;embed=true#?secret=ejWmSRtYbi#?secret=zNjQAOEkDZ\" data-secret=\"zNjQAOEkDZ\" width=\"600\" height=\"338\" frameborder=\"0\" marginwidth=\"0\" marginheight=\"0\" scrolling=\"no\"><\/iframe><\/p>\n<blockquote class=\"wp-embedded-content\" data-secret=\"E0L2GOIiFs\"><p><a href=\"https:\/\/www.lavoriskes.vilniausr.lm.lt\/?page_id=1660\">Vaiko gerov\u0117s komisija<\/a><\/p><\/blockquote>\n<p><iframe loading=\"lazy\" class=\"wp-embedded-content\" sandbox=\"allow-scripts\" security=\"restricted\" style=\"position: absolute; visibility: hidden;\" title=\"&#8220;Vaiko gerov\u0117s komisija&#8221; &#8212; Vilniaus r. Lavori\u0161ki\u0173 Stepono Batoro gimnazija\" src=\"https:\/\/www.lavoriskes.vilniausr.lm.lt\/?page_id=1660&#038;embed=true#?secret=vhxVUdJxaK#?secret=E0L2GOIiFs\" data-secret=\"E0L2GOIiFs\" width=\"600\" height=\"338\" frameborder=\"0\" marginwidth=\"0\" marginheight=\"0\" scrolling=\"no\"><\/iframe><\/p>\n<p>&nbsp;<\/p>\n<div id=\"wp_fb_like_button\" style=\"margin:5px 0;float:none;height:100px;\"><script src=\"http:\/\/connect.facebook.net\/en_US\/all.js#xfbml=1\"><\/script><fb:like href=\"https:\/\/www.lavoriskes.vilniausr.lm.lt\/?page_id=9227\" send=\"true\" layout=\"standard\" width=\"450\" show_faces=\"true\" font=\"arial\" action=\"like\" colorscheme=\"light\"><\/fb:like><\/div>","protected":false},"excerpt":{"rendered":"<p>Mokytoj\u0173 atestacijos komisija Vaiko gerov\u0117s komisija &nbsp;<\/p>\n","protected":false},"author":2,"featured_media":0,"parent":75,"menu_order":5,"comment_status":"closed","ping_status":"closed","template":"","meta":{"ngg_post_thumbnail":0,"footnotes":""},"class_list":["post-9227","page","type-page","status-publish","hentry"],"_links":{"self":[{"href":"https:\/\/www.lavoriskes.vilniausr.lm.lt\/index.php?rest_route=\/wp\/v2\/pages\/9227","targetHints":{"allow":["GET"]}}],"collection":[{"href":"https:\/\/www.lavoriskes.vilniausr.lm.lt\/index.php?rest_route=\/wp\/v2\/pages"}],"about":[{"href":"https:\/\/www.lavoriskes.vilniausr.lm.lt\/index.php?rest_route=\/wp\/v2\/types\/page"}],"author":[{"embeddable":true,"href":"https:\/\/www.lavoriskes.vilniausr.lm.lt\/index.php?rest_route=\/wp\/v2\/users\/2"}],"replies":[{"embeddable":true,"href":"https:\/\/www.lavoriskes.vilniausr.lm.lt\/index.php?rest_route=%2Fwp%2Fv2%2Fcomments&post=9227"}],"version-history":[{"count":1,"href":"https:\/\/www.lavoriskes.vilniausr.lm.lt\/index.php?rest_route=\/wp\/v2\/pages\/9227\/revisions"}],"predecessor-version":[{"id":9228,"href":"https:\/\/www.lavoriskes.vilniausr.lm.lt\/index.php?rest_route=\/wp\/v2\/pages\/9227\/revisions\/9228"}],"up":[{"embeddable":true,"href":"https:\/\/www.lavoriskes.vilniausr.lm.lt\/index.php?rest_route=\/wp\/v2\/pages\/75"}],"wp:attachment":[{"href":"https:\/\/www.lavoriskes.vilniausr.lm.lt\/index.php?rest_route=%2Fwp%2Fv2%2Fmedia&parent=9227"}],"curies":[{"name":"wp","href":"https:\/\/api.w.org\/{rel}","templated":true}]}}