{"id":9216,"date":"2020-03-03T09:38:34","date_gmt":"2020-03-03T07:38:34","guid":{"rendered":"http:\/\/www.lavoriskes.vilniausr.lm.lt\/?page_id=9216"},"modified":"2026-02-12T11:19:53","modified_gmt":"2026-02-12T09:19:53","slug":"kontaktai","status":"publish","type":"page","link":"https:\/\/www.lavoriskes.vilniausr.lm.lt\/?page_id=9216","title":{"rendered":"Kontaktai"},"content":{"rendered":"<p><strong>Vilniaus r. <\/strong><strong>Lavori\u0161ki\u0173 Stepono Batoro <\/strong><strong>gimnazija<\/strong><br \/>\n<strong>Gimnazijos adresas:<\/strong>&nbsp; Vilniaus g. 7, Lavori\u0161ki\u0173 k., Lavori\u0161ki\u0173 sen., LT-15232 Vilniaus r.<\/p>\n<p><strong>Gimnazijos tel.\/fax.:<\/strong> (05) 2494823<\/p>\n<p><strong>Gimnazijos el. pa\u0161tas:<\/strong> <a href=\"mailto:info@lavoriskes.vilniausr.lm.lt\" target=\"_blank\" rel=\"noopener\">info@lavoriskes.vilniausr.lm.<wbr>lt<\/a><br \/>\n<strong>Gimnazijos interneto svetain\u0117:<\/strong>&nbsp;<a href=\"http:\/\/www.lavoriskes.vilniausr.lm.lt\/\">http:\/\/www.lavoriskes.vilniausr.lm.lt\/<\/a><\/p>\n<p><strong>Teisin\u0117 forma:<\/strong>&nbsp;biud\u017eetin\u0117 \u012fstaiga<br \/>\n<strong>\u012emon\u0117s kodas:&nbsp;<\/strong>&nbsp;191315448<br \/>\nDuomenys kaupiami&nbsp; ir saugomi Juridini\u0173 asmen\u0173 registre.<br \/>\n<strong>Gimnazijos savininkas<\/strong>&nbsp;\u2013 Vilniaus rajono savivaldyb\u0117, identifikavimo kodas 111104987, LT-09318, Rinktin\u0117s g. 50, Vilnius.<br \/>\n<strong>Vykdomos \u0161vietimo programos&nbsp;<\/strong>\u2013 ikimokyklinio, prie\u0161mokyklinio, pradinio, pagrindinio,vidurinio ugdymo programos.<br \/>\n<strong>Ugdymo kalba&nbsp;<\/strong>\u2013 lenk\u0173.<br \/>\n<strong>Ra\u0161tin\u0117s ved\u0117ja:<\/strong> Lina Branicka<br \/>\nTel. numeris: (0~5) 2494823<br \/>\nEl. pa\u0161to adresas: <a href=\"mailto:info@lavoriskes.vilniausr.lm.lt\" target=\"_blank\" rel=\"noopener\">info@lavoriskes.vilniausr.lm.<wbr>lt<\/a><br \/>\nDarbo laikas: 8.00 \u2013 16.30<br \/>\nGimnazijoje valstybin\u0117s kalbos nemokantys asmenys gali b\u016bti aptarnaujami, rus\u0173,&nbsp;angl\u0173 kalbomis.<\/p>\n<p><strong>GIMNAZIJOS SKYRIUS:<\/strong><\/p>\n<p><strong>Vilniaus r. Lavori\u0161ki\u0173 Stepono<\/strong> <strong>Batoro gimnazijos Mosti\u0161ki\u0173 mokykl\u0105-daugiafunkc<\/strong><strong>is<\/strong><strong> centr<\/strong><strong>as<\/strong><\/p>\n<p><strong>Skyriaus <\/strong><strong>adresas<\/strong><strong>: <\/strong>Mokyklos g. 36, Mosti\u0161ki\u0173 k., Lavori\u0161ki\u0173 sen., LT-15222 Vilniaus r.;<\/p>\n<p><strong>Skyriaus <\/strong><strong>tel.\/fax.:<\/strong> (05) 2592102<\/p>\n<p><strong>Skyriaus <\/strong><strong>el. pa\u0161tas:&nbsp;<a href=\"mailto:info@lavoriskes.vilniausr.lm.lt\" target=\"_blank\" rel=\"noopener\">info@lavoriskes.vilniausr.lm.<wbr>lt<\/a><\/strong><\/p>\n<div id=\"wp_fb_like_button\" style=\"margin:5px 0;float:none;height:100px;\"><script src=\"http:\/\/connect.facebook.net\/en_US\/all.js#xfbml=1\"><\/script><fb:like href=\"https:\/\/www.lavoriskes.vilniausr.lm.lt\/?page_id=9216\" send=\"true\" layout=\"standard\" width=\"450\" show_faces=\"true\" font=\"arial\" action=\"like\" colorscheme=\"light\"><\/fb:like><\/div>","protected":false},"excerpt":{"rendered":"<p>Vilniaus r. Lavori\u0161ki\u0173 Stepono Batoro gimnazija Gimnazijos adresas:&nbsp; Vilniaus g. 7, Lavori\u0161ki\u0173 k., Lavori\u0161ki\u0173 sen., LT-15232 Vilniaus r. Gimnazijos tel.\/fax.: (05) 2494823 Gimnazijos el. pa\u0161tas: info@lavoriskes.vilniausr.lm.lt Gimnazijos interneto svetain\u0117:&nbsp;http:\/\/www.lavoriskes.vilniausr.lm.lt\/ Teisin\u0117 forma:&nbsp;biud\u017eetin\u0117 \u012fstaiga \u012emon\u0117s kodas:&nbsp;&nbsp;191315448 Duomenys kaupiami&nbsp; ir saugomi Juridini\u0173 asmen\u0173 &hellip; <a href=\"https:\/\/www.lavoriskes.vilniausr.lm.lt\/?page_id=9216\">Skaitykite toliau <span class=\"meta-nav\">&rarr;<\/span><\/a><\/p>\n","protected":false},"author":2,"featured_media":0,"parent":75,"menu_order":15,"comment_status":"closed","ping_status":"closed","template":"","meta":{"ngg_post_thumbnail":0,"footnotes":""},"class_list":["post-9216","page","type-page","status-publish","hentry"],"_links":{"self":[{"href":"https:\/\/www.lavoriskes.vilniausr.lm.lt\/index.php?rest_route=\/wp\/v2\/pages\/9216","targetHints":{"allow":["GET"]}}],"collection":[{"href":"https:\/\/www.lavoriskes.vilniausr.lm.lt\/index.php?rest_route=\/wp\/v2\/pages"}],"about":[{"href":"https:\/\/www.lavoriskes.vilniausr.lm.lt\/index.php?rest_route=\/wp\/v2\/types\/page"}],"author":[{"embeddable":true,"href":"https:\/\/www.lavoriskes.vilniausr.lm.lt\/index.php?rest_route=\/wp\/v2\/users\/2"}],"replies":[{"embeddable":true,"href":"https:\/\/www.lavoriskes.vilniausr.lm.lt\/index.php?rest_route=%2Fwp%2Fv2%2Fcomments&post=9216"}],"version-history":[{"count":9,"href":"https:\/\/www.lavoriskes.vilniausr.lm.lt\/index.php?rest_route=\/wp\/v2\/pages\/9216\/revisions"}],"predecessor-version":[{"id":12602,"href":"https:\/\/www.lavoriskes.vilniausr.lm.lt\/index.php?rest_route=\/wp\/v2\/pages\/9216\/revisions\/12602"}],"up":[{"embeddable":true,"href":"https:\/\/www.lavoriskes.vilniausr.lm.lt\/index.php?rest_route=\/wp\/v2\/pages\/75"}],"wp:attachment":[{"href":"https:\/\/www.lavoriskes.vilniausr.lm.lt\/index.php?rest_route=%2Fwp%2Fv2%2Fmedia&parent=9216"}],"curies":[{"name":"wp","href":"https:\/\/api.w.org\/{rel}","templated":true}]}}