{"id":9196,"date":"2020-03-02T13:12:39","date_gmt":"2020-03-02T11:12:39","guid":{"rendered":"http:\/\/www.lavoriskes.vilniausr.lm.lt\/?page_id=9196"},"modified":"2020-03-06T09:22:49","modified_gmt":"2020-03-06T07:22:49","slug":"korupcijos-prevencija","status":"publish","type":"page","link":"https:\/\/www.lavoriskes.vilniausr.lm.lt\/?page_id=9196","title":{"rendered":"Korupcijos prevencija"},"content":{"rendered":"<p><a href=\"https:\/\/e-seimas.lrs.lt\/portal\/legalAct\/lt\/TAD\/TAIS.168154\" target=\"_blank\" rel=\"noopener noreferrer\" data-saferedirecturl=\"https:\/\/www.google.com\/url?q=https:\/\/e-seimas.lrs.lt\/portal\/legalAct\/lt\/TAD\/TAIS.168154&amp;source=gmail&amp;ust=1583214927106000&amp;usg=AFQjCNE6GN-_vwEh85Bl4FpA6UUSvOtPTg\">Lietuvos Respublikos korupcijos prevencijos \u012fstatymas patvirtintas<\/a><br \/>\n<a href=\"https:\/\/e-seimas.lrs.lt\/portal\/legalAct\/lt\/TAD\/TAIS.168154\" target=\"_blank\" rel=\"noopener noreferrer\" data-saferedirecturl=\"https:\/\/www.google.com\/url?q=https:\/\/e-seimas.lrs.lt\/portal\/legalAct\/lt\/TAD\/TAIS.168154&amp;source=gmail&amp;ust=1583214927106000&amp;usg=AFQjCNE6GN-_vwEh85Bl4FpA6UUSvOtPTg\">Lietuvos Respublikos Seimo 2002 m. gegu\u017e\u0117s 28 d. Nr. IX-904<\/a><\/p>\n<p><a href=\"https:\/\/www.e-tar.lt\/portal\/lt\/legalAct\/25c529d0cbcd11e4aaa0e90fce879681\" target=\"_blank\" rel=\"noopener noreferrer\" data-saferedirecturl=\"https:\/\/www.google.com\/url?q=https:\/\/www.e-tar.lt\/portal\/lt\/legalAct\/25c529d0cbcd11e4aaa0e90fce879681&amp;source=gmail&amp;ust=1583214927106000&amp;usg=AFQjCNF6TucYJPQjd11rC7Z5E9m93Zbkhw\">Lietuvos Respublikos nacionalin\u0117s kovos su korupcija 2015\u20132025 met\u0173 programa, patvirtinta Lietuvos Respublikos Seimo 2015 m. kovo 10 d. nutarimu Nr. XII-1537<\/a><\/p>\n<p><a href=\"https:\/\/www.stt.lt\/lt\/praneskite-apie-korupcija\/palikite-pranesima-cia\" target=\"_blank\" rel=\"noopener noreferrer\" data-saferedirecturl=\"https:\/\/www.google.com\/url?q=https:\/\/www.stt.lt\/lt\/praneskite-apie-korupcija\/palikite-pranesima-cia&amp;source=gmail&amp;ust=1583214927106000&amp;usg=AFQjCNFRvMpNIOmRXaJU_6PruoPlikQE2Q\">Kaip prane\u0161ti apie korupcij\u0105<\/a><\/p>\n<div id=\"wp_fb_like_button\" style=\"margin:5px 0;float:none;height:100px;\"><script src=\"http:\/\/connect.facebook.net\/en_US\/all.js#xfbml=1\"><\/script><fb:like href=\"https:\/\/www.lavoriskes.vilniausr.lm.lt\/?page_id=9196\" send=\"true\" layout=\"standard\" width=\"450\" show_faces=\"true\" font=\"arial\" action=\"like\" colorscheme=\"light\"><\/fb:like><\/div>","protected":false},"excerpt":{"rendered":"<p>Lietuvos Respublikos korupcijos prevencijos \u012fstatymas patvirtintas Lietuvos Respublikos Seimo 2002 m. gegu\u017e\u0117s 28 d. Nr. IX-904 Lietuvos Respublikos nacionalin\u0117s kovos su korupcija 2015\u20132025 met\u0173 programa, patvirtinta Lietuvos Respublikos Seimo 2015 m. kovo 10 d. nutarimu Nr. XII-1537 Kaip prane\u0161ti apie &hellip; <a href=\"https:\/\/www.lavoriskes.vilniausr.lm.lt\/?page_id=9196\">Skaitykite toliau <span class=\"meta-nav\">&rarr;<\/span><\/a><\/p>\n","protected":false},"author":2,"featured_media":0,"parent":0,"menu_order":5,"comment_status":"closed","ping_status":"closed","template":"","meta":{"ngg_post_thumbnail":0,"footnotes":""},"class_list":["post-9196","page","type-page","status-publish","hentry"],"_links":{"self":[{"href":"https:\/\/www.lavoriskes.vilniausr.lm.lt\/index.php?rest_route=\/wp\/v2\/pages\/9196","targetHints":{"allow":["GET"]}}],"collection":[{"href":"https:\/\/www.lavoriskes.vilniausr.lm.lt\/index.php?rest_route=\/wp\/v2\/pages"}],"about":[{"href":"https:\/\/www.lavoriskes.vilniausr.lm.lt\/index.php?rest_route=\/wp\/v2\/types\/page"}],"author":[{"embeddable":true,"href":"https:\/\/www.lavoriskes.vilniausr.lm.lt\/index.php?rest_route=\/wp\/v2\/users\/2"}],"replies":[{"embeddable":true,"href":"https:\/\/www.lavoriskes.vilniausr.lm.lt\/index.php?rest_route=%2Fwp%2Fv2%2Fcomments&post=9196"}],"version-history":[{"count":1,"href":"https:\/\/www.lavoriskes.vilniausr.lm.lt\/index.php?rest_route=\/wp\/v2\/pages\/9196\/revisions"}],"predecessor-version":[{"id":9197,"href":"https:\/\/www.lavoriskes.vilniausr.lm.lt\/index.php?rest_route=\/wp\/v2\/pages\/9196\/revisions\/9197"}],"wp:attachment":[{"href":"https:\/\/www.lavoriskes.vilniausr.lm.lt\/index.php?rest_route=%2Fwp%2Fv2%2Fmedia&parent=9196"}],"curies":[{"name":"wp","href":"https:\/\/api.w.org\/{rel}","templated":true}]}}