{"id":8660,"date":"2019-04-18T13:08:46","date_gmt":"2019-04-18T10:08:46","guid":{"rendered":"http:\/\/www.lavoriskes.vilniausr.lm.lt\/?page_id=8660"},"modified":"2019-04-18T13:08:46","modified_gmt":"2019-04-18T10:08:46","slug":"atrybutyka","status":"publish","type":"page","link":"https:\/\/www.lavoriskes.vilniausr.lm.lt\/?page_id=8660&amp;lang=pl","title":{"rendered":"Atrybutyka"},"content":{"rendered":"<p style=\"text-align: center;\"><strong>Logo gimnazjum<\/strong><\/p>\n<p><a href=\"http:\/\/www.lavoriskes.vilniausr.lm.lt\/wp-content\/uploads\/2018\/10\/logo.jpg\"><img loading=\"lazy\" decoding=\"async\" class=\"aligncenter size-full wp-image-7103\" src=\"http:\/\/www.lavoriskes.vilniausr.lm.lt\/wp-content\/uploads\/2018\/10\/logo.jpg\" alt=\"\" width=\"627\" height=\"614\" srcset=\"https:\/\/www.lavoriskes.vilniausr.lm.lt\/wp-content\/uploads\/2018\/10\/logo.jpg 627w, https:\/\/www.lavoriskes.vilniausr.lm.lt\/wp-content\/uploads\/2018\/10\/logo-300x294.jpg 300w\" sizes=\"auto, (max-width: 627px) 100vw, 627px\" \/><\/a><\/p>\n<p><strong>Hymn gimnazjum<\/strong><\/p>\n<p>&nbsp;<\/p>\n<p style=\"text-align: center;\">1.Przez wieki ziemia naszych lud\u00f3w,<\/p>\n<p style=\"text-align: center;\">Wydarze\u0144 \u015bwiadkiem dla nas jest,<\/p>\n<p style=\"text-align: center;\">G\u0142osz\u0105ca s\u0142aw\u0119 kr\u00f3la Polski,<\/p>\n<p style=\"text-align: center;\">Dla Batorego chwa\u0142a, cze\u015b\u0107.<\/p>\n<p style=\"text-align: center;\">&nbsp;<\/p>\n<p style=\"text-align: center;\">Ref. Stefan Batory niechaj prowadzi nas,<\/p>\n<p style=\"text-align: center;\">Niech nam drog\u0119 wska\u017ce w z\u0142y i dobry czas.<\/p>\n<p style=\"text-align: center;\">Chcemy \u015bwiat budowa\u0107, warto\u015bciami \u017cy\u0107,<\/p>\n<p style=\"text-align: center;\">Mie\u0107 otwarte serca i dobrymi by\u0107.<\/p>\n<p>&nbsp;<\/p>\n<p style=\"text-align: center;\">2. Cho\u0107 b\u0119d\u0105c ksi\u0119ciem Siedmiogrodu,<\/p>\n<p style=\"text-align: center;\">Ukocha\u0142 nasz Litewski kraj<\/p>\n<p style=\"text-align: center;\">Sprowadzi\u0142 do na Jezuit\u00f3w<\/p>\n<p style=\"text-align: center;\">O\u015bwiat\u0119 krzewi\u0142, o ni\u0105 dba\u0142.<\/p>\n<p style=\"text-align: center;\">&nbsp;<\/p>\n<p style=\"text-align: center;\">3. Zas\u0142ugi jego niesko\u0144czone<\/p>\n<p style=\"text-align: center;\">Przyk\u0142adem dla nas, celem nam<\/p>\n<p style=\"text-align: center;\">\u015apiewajmy z serca hymn rado\u015bci,<\/p>\n<p style=\"text-align: center;\">On Bohaterem, patron nasz.<\/p>\n<p>&nbsp;<\/p>\n<p style=\"text-align: right;\">Muzyka: L. Volk<\/p>\n<p style=\"text-align: right;\">S\u0142owa: A. Volk, A. Burbo<\/p>\n<p>&nbsp;<\/p>\n<div id=\"wp_fb_like_button\" style=\"margin:5px 0;float:none;height:100px;\"><script src=\"http:\/\/connect.facebook.net\/en_US\/all.js#xfbml=1\"><\/script><fb:like href=\"https:\/\/www.lavoriskes.vilniausr.lm.lt\/?page_id=8660&amp;lang=pl\" send=\"true\" layout=\"standard\" width=\"450\" show_faces=\"true\" font=\"arial\" action=\"like\" colorscheme=\"light\"><\/fb:like><\/div>","protected":false},"excerpt":{"rendered":"<p>Logo gimnazjum Hymn gimnazjum &nbsp; 1.Przez wieki ziemia naszych lud\u00f3w, Wydarze\u0144 \u015bwiadkiem dla nas jest, G\u0142osz\u0105ca s\u0142aw\u0119 kr\u00f3la Polski, Dla Batorego chwa\u0142a, cze\u015b\u0107. &nbsp; Ref. Stefan Batory niechaj prowadzi nas, Niech nam drog\u0119 wska\u017ce w z\u0142y i dobry czas. Chcemy &hellip; <a href=\"https:\/\/www.lavoriskes.vilniausr.lm.lt\/?page_id=8660&amp;lang=pl\">Skaitykite toliau <span class=\"meta-nav\">&rarr;<\/span><\/a><\/p>\n","protected":false},"author":2,"featured_media":0,"parent":697,"menu_order":2,"comment_status":"closed","ping_status":"closed","template":"","meta":{"ngg_post_thumbnail":0,"footnotes":""},"class_list":["post-8660","page","type-page","status-publish","hentry"],"_links":{"self":[{"href":"https:\/\/www.lavoriskes.vilniausr.lm.lt\/index.php?rest_route=\/wp\/v2\/pages\/8660","targetHints":{"allow":["GET"]}}],"collection":[{"href":"https:\/\/www.lavoriskes.vilniausr.lm.lt\/index.php?rest_route=\/wp\/v2\/pages"}],"about":[{"href":"https:\/\/www.lavoriskes.vilniausr.lm.lt\/index.php?rest_route=\/wp\/v2\/types\/page"}],"author":[{"embeddable":true,"href":"https:\/\/www.lavoriskes.vilniausr.lm.lt\/index.php?rest_route=\/wp\/v2\/users\/2"}],"replies":[{"embeddable":true,"href":"https:\/\/www.lavoriskes.vilniausr.lm.lt\/index.php?rest_route=%2Fwp%2Fv2%2Fcomments&post=8660"}],"version-history":[{"count":1,"href":"https:\/\/www.lavoriskes.vilniausr.lm.lt\/index.php?rest_route=\/wp\/v2\/pages\/8660\/revisions"}],"predecessor-version":[{"id":8661,"href":"https:\/\/www.lavoriskes.vilniausr.lm.lt\/index.php?rest_route=\/wp\/v2\/pages\/8660\/revisions\/8661"}],"up":[{"embeddable":true,"href":"https:\/\/www.lavoriskes.vilniausr.lm.lt\/index.php?rest_route=\/wp\/v2\/pages\/697"}],"wp:attachment":[{"href":"https:\/\/www.lavoriskes.vilniausr.lm.lt\/index.php?rest_route=%2Fwp%2Fv2%2Fmedia&parent=8660"}],"curies":[{"name":"wp","href":"https:\/\/api.w.org\/{rel}","templated":true}]}}