{"id":8657,"date":"2019-04-18T13:03:49","date_gmt":"2019-04-18T10:03:49","guid":{"rendered":"http:\/\/www.lavoriskes.vilniausr.lm.lt\/?page_id=8657"},"modified":"2019-04-18T13:03:49","modified_gmt":"2019-04-18T10:03:49","slug":"nieformalne-nauczanie","status":"publish","type":"page","link":"https:\/\/www.lavoriskes.vilniausr.lm.lt\/?page_id=8657&amp;lang=pl","title":{"rendered":"Nieformalne nauczanie"},"content":{"rendered":"<p style=\"text-align: center;\"><strong>NEFORMALIOJO UGDYMO U\u017dSI\u0116MIM\u0172 TVARKARA\u0160TIS<\/strong><\/p>\n<p style=\"text-align: center;\"><strong>2018- 2019 m. m.<\/strong><\/p>\n<p><a href=\"http:\/\/www.lavoriskes.vilniausr.lm.lt\/wp-content\/uploads\/2018\/10\/bureliai1.jpg\"><img loading=\"lazy\" decoding=\"async\" class=\"aligncenter size-full wp-image-7224\" src=\"http:\/\/www.lavoriskes.vilniausr.lm.lt\/wp-content\/uploads\/2018\/10\/bureliai1.jpg\" alt=\"\" width=\"640\" height=\"675\" srcset=\"https:\/\/www.lavoriskes.vilniausr.lm.lt\/wp-content\/uploads\/2018\/10\/bureliai1.jpg 640w, https:\/\/www.lavoriskes.vilniausr.lm.lt\/wp-content\/uploads\/2018\/10\/bureliai1-284x300.jpg 284w\" sizes=\"auto, (max-width: 640px) 100vw, 640px\" \/><\/a><\/p>\n<div id=\"wp_fb_like_button\" style=\"margin:5px 0;float:none;height:100px;\"><script src=\"http:\/\/connect.facebook.net\/en_US\/all.js#xfbml=1\"><\/script><fb:like href=\"https:\/\/www.lavoriskes.vilniausr.lm.lt\/?page_id=8657&amp;lang=pl\" send=\"true\" layout=\"standard\" width=\"450\" show_faces=\"true\" font=\"arial\" action=\"like\" colorscheme=\"light\"><\/fb:like><\/div>","protected":false},"excerpt":{"rendered":"<p>NEFORMALIOJO UGDYMO U\u017dSI\u0116MIM\u0172 TVARKARA\u0160TIS 2018- 2019 m. m.<\/p>\n","protected":false},"author":2,"featured_media":0,"parent":425,"menu_order":2,"comment_status":"closed","ping_status":"closed","template":"","meta":{"ngg_post_thumbnail":0,"footnotes":""},"class_list":["post-8657","page","type-page","status-publish","hentry"],"_links":{"self":[{"href":"https:\/\/www.lavoriskes.vilniausr.lm.lt\/index.php?rest_route=\/wp\/v2\/pages\/8657","targetHints":{"allow":["GET"]}}],"collection":[{"href":"https:\/\/www.lavoriskes.vilniausr.lm.lt\/index.php?rest_route=\/wp\/v2\/pages"}],"about":[{"href":"https:\/\/www.lavoriskes.vilniausr.lm.lt\/index.php?rest_route=\/wp\/v2\/types\/page"}],"author":[{"embeddable":true,"href":"https:\/\/www.lavoriskes.vilniausr.lm.lt\/index.php?rest_route=\/wp\/v2\/users\/2"}],"replies":[{"embeddable":true,"href":"https:\/\/www.lavoriskes.vilniausr.lm.lt\/index.php?rest_route=%2Fwp%2Fv2%2Fcomments&post=8657"}],"version-history":[{"count":1,"href":"https:\/\/www.lavoriskes.vilniausr.lm.lt\/index.php?rest_route=\/wp\/v2\/pages\/8657\/revisions"}],"predecessor-version":[{"id":8658,"href":"https:\/\/www.lavoriskes.vilniausr.lm.lt\/index.php?rest_route=\/wp\/v2\/pages\/8657\/revisions\/8658"}],"up":[{"embeddable":true,"href":"https:\/\/www.lavoriskes.vilniausr.lm.lt\/index.php?rest_route=\/wp\/v2\/pages\/425"}],"wp:attachment":[{"href":"https:\/\/www.lavoriskes.vilniausr.lm.lt\/index.php?rest_route=%2Fwp%2Fv2%2Fmedia&parent=8657"}],"curies":[{"name":"wp","href":"https:\/\/api.w.org\/{rel}","templated":true}]}}