{"id":8645,"date":"2019-04-18T12:58:18","date_gmt":"2019-04-18T09:58:18","guid":{"rendered":"http:\/\/www.lavoriskes.vilniausr.lm.lt\/?page_id=8645"},"modified":"2020-04-17T10:16:07","modified_gmt":"2020-04-17T07:16:07","slug":"uczniom","status":"publish","type":"page","link":"https:\/\/www.lavoriskes.vilniausr.lm.lt\/?page_id=8645&amp;lang=pl","title":{"rendered":"Uczniom"},"content":{"rendered":"<p><a href=\"http:\/\/vilniausppt.lt\/2020\/04\/15\/kaip-pasiruosti-egzaminams-atmintine-moksleiviams-ir-ju-tevams\/?fbclid=IwAR1TmoIKF59YiAiPXZ7SGDAfCD3btM-CDCDrg1hSUxxpYSmQNLYPL0gOJqM\">Kaip pasiruo\u0161ti egzaminams?<\/a><\/p>\n<p style=\"font-weight: 400;\">2019 \u2013 2020 MOKSLO MET\u0172 \u012eSKAITOS IR BRANDOS EGZAMIN\u0172 TVARKARA\u0160\u010cIAI: <a href=\"http:\/\/www.lavoriskes.vilniausr.lm.lt\/wp-content\/uploads\/2018\/10\/PUPP.pdf\">PUPP<\/a>,&nbsp;<a href=\"https:\/\/www.smm.lt\/uploads\/documents\/kiti\/tvarkarastis2020.pdf\">BE<\/a>.<\/p>\n<p>NACIONALINIO MOKINI\u0172 PASIEKIM\u0172 PATIKRINIMO VYKDYMO TVARKARA\u0160TIS:&nbsp;<a href=\"http:\/\/www.lavoriskes.vilniausr.lm.lt\/wp-content\/uploads\/2018\/10\/NMPP2019_grafikas.pdf\">NMPP2019_GRAFIKAS<\/a><\/p>\n<p><a href=\"http:\/\/www.lavoriskes.vilniausr.lm.lt\/wp-content\/uploads\/2018\/10\/Konsultaciju-grafikas-2018-2019.pdf\">KONSULTACIJ\u0172 GRAFIKAS 2018-2019<\/a><\/p>\n<p><a href=\"http:\/\/www.lavoriskes.vilniausr.lm.lt\/wp-content\/uploads\/2018\/10\/Mokini\u0173-elgesio-taisykl\u0117s-2019.pdf\">MOKINI\u0172 ELGESIO TAISYKL\u0116S<\/a><\/p>\n<p>&nbsp;<\/p>\n<div id=\"wp_fb_like_button\" style=\"margin:5px 0;float:none;height:100px;\"><script src=\"http:\/\/connect.facebook.net\/en_US\/all.js#xfbml=1\"><\/script><fb:like href=\"https:\/\/www.lavoriskes.vilniausr.lm.lt\/?page_id=8645&amp;lang=pl\" send=\"true\" layout=\"standard\" width=\"450\" show_faces=\"true\" font=\"arial\" action=\"like\" colorscheme=\"light\"><\/fb:like><\/div>","protected":false},"excerpt":{"rendered":"<p>Kaip pasiruo\u0161ti egzaminams? 2019 \u2013 2020 MOKSLO MET\u0172 \u012eSKAITOS IR BRANDOS EGZAMIN\u0172 TVARKARA\u0160\u010cIAI: PUPP,&nbsp;BE. NACIONALINIO MOKINI\u0172 PASIEKIM\u0172 PATIKRINIMO VYKDYMO TVARKARA\u0160TIS:&nbsp;NMPP2019_GRAFIKAS KONSULTACIJ\u0172 GRAFIKAS 2018-2019 MOKINI\u0172 ELGESIO TAISYKL\u0116S &nbsp;<\/p>\n","protected":false},"author":2,"featured_media":0,"parent":0,"menu_order":13,"comment_status":"closed","ping_status":"closed","template":"","meta":{"ngg_post_thumbnail":0,"footnotes":""},"class_list":["post-8645","page","type-page","status-publish","hentry"],"_links":{"self":[{"href":"https:\/\/www.lavoriskes.vilniausr.lm.lt\/index.php?rest_route=\/wp\/v2\/pages\/8645","targetHints":{"allow":["GET"]}}],"collection":[{"href":"https:\/\/www.lavoriskes.vilniausr.lm.lt\/index.php?rest_route=\/wp\/v2\/pages"}],"about":[{"href":"https:\/\/www.lavoriskes.vilniausr.lm.lt\/index.php?rest_route=\/wp\/v2\/types\/page"}],"author":[{"embeddable":true,"href":"https:\/\/www.lavoriskes.vilniausr.lm.lt\/index.php?rest_route=\/wp\/v2\/users\/2"}],"replies":[{"embeddable":true,"href":"https:\/\/www.lavoriskes.vilniausr.lm.lt\/index.php?rest_route=%2Fwp%2Fv2%2Fcomments&post=8645"}],"version-history":[{"count":4,"href":"https:\/\/www.lavoriskes.vilniausr.lm.lt\/index.php?rest_route=\/wp\/v2\/pages\/8645\/revisions"}],"predecessor-version":[{"id":9419,"href":"https:\/\/www.lavoriskes.vilniausr.lm.lt\/index.php?rest_route=\/wp\/v2\/pages\/8645\/revisions\/9419"}],"wp:attachment":[{"href":"https:\/\/www.lavoriskes.vilniausr.lm.lt\/index.php?rest_route=%2Fwp%2Fv2%2Fmedia&parent=8645"}],"curies":[{"name":"wp","href":"https:\/\/api.w.org\/{rel}","templated":true}]}}