{"id":8642,"date":"2019-04-18T12:57:27","date_gmt":"2019-04-18T09:57:27","guid":{"rendered":"http:\/\/www.lavoriskes.vilniausr.lm.lt\/?page_id=8642"},"modified":"2020-04-17T10:13:27","modified_gmt":"2020-04-17T07:13:27","slug":"rodzicom","status":"publish","type":"page","link":"https:\/\/www.lavoriskes.vilniausr.lm.lt\/?page_id=8642&amp;lang=pl","title":{"rendered":"Rodzicom"},"content":{"rendered":"<p><a href=\"http:\/\/vilniausppt.lt\/2020\/04\/15\/kaip-pasiruosti-egzaminams-atmintine-moksleiviams-ir-ju-tevams\/?fbclid=IwAR1TmoIKF59YiAiPXZ7SGDAfCD3btM-CDCDrg1hSUxxpYSmQNLYPL0gOJqM\">Jak przyszykowa\u0107 si\u0119 do egzamin\u00f3w?<\/a><\/p>\n<p style=\"font-weight: 400;\">2019 \u2013 2020 MOKSLO MET\u0172 \u012eSKAITOS IR BRANDOS EGZAMIN\u0172 TVARKARA\u0160\u010cIAI: <a href=\"http:\/\/www.lavoriskes.vilniausr.lm.lt\/wp-content\/uploads\/2018\/10\/PUPP.pdf\">PUPP<\/a>,&nbsp;<a href=\"https:\/\/www.smm.lt\/uploads\/documents\/kiti\/tvarkarastis2020.pdf\">BE<\/a>.<\/p>\n<p>NACIONALINIO MOKINI\u0172 PASIEKIM\u0172 PATIKRINIMO VYKDYMO TVARKARA\u0160TIS:&nbsp;<a href=\"http:\/\/www.lavoriskes.vilniausr.lm.lt\/wp-content\/uploads\/2018\/10\/NMPP2019_grafikas.pdf\">NMPP2019_GRAFIKAS<\/a><\/p>\n<p><a href=\"http:\/\/www.lavoriskes.vilniausr.lm.lt\/?page_id=6662\">1-4 KLASI\u0172 PAMOK\u0172 TVARKARA\u0160TIS 2018-2019 M.M<\/a><\/p>\n<p><a href=\"http:\/\/www.lavoriskes.vilniausr.lm.lt\/?page_id=6664\">TVARKARA\u0160TIS 2018 -2019 M.M<\/a><\/p>\n<p><a href=\"http:\/\/www.lavoriskes.vilniausr.lm.lt\/?page_id=6666\">NEFORMALIOJO U\u017dSI\u0116MIM\u0172 TVARKARA\u0160TIS 2018-2019 M.M<\/a><\/p>\n<p><a href=\"http:\/\/www.lavoriskes.vilniausr.lm.lt\/wp-content\/uploads\/2018\/10\/Konsultaciju-grafikas-2018-2019.pdf\">MOKYTOJ\u0172, TEIKIAN\u010cI\u0172 MOKYMOSI PAGALB\u0104 MOKINIAMS KONSULTACIJ\u0172 GRAFIKAS 2018-2019 M.M<\/a><\/p>\n<p><a href=\"http:\/\/www.lavoriskes.vilniausr.lm.lt\/?page_id=7251\">PAILGINTOS DIENOS GRUP\u0116<\/a><\/p>\n<p><a href=\"http:\/\/www.lavoriskes.vilniausr.lm.lt\/wp-content\/uploads\/2018\/10\/Pra%C5%A1ymas-d%C4%97l-praleist%C5%B3-pamok%C5%B3-pateisinimo.doc\">PRALEIST\u0172 PAMOK\u0172 PATEISINIMO LAPAS<\/a><\/p>\n<p><a href=\"http:\/\/www.lavoriskes.vilniausr.lm.lt\/wp-content\/uploads\/2019\/04\/PRASYMAS_DEL_PRIEMIMO_I_GIMNAZIJA.pdf\">PRA\u0160YMAS D\u0116L PRI\u0116MIMO \u012e GIMNAZIJ\u0104<\/a><\/p>\n<p><a href=\"http:\/\/www.lavoriskes.vilniausr.lm.lt\/wp-content\/uploads\/2018\/10\/T%C4%97v%C5%B3_sutikimas_d%C4%97l_dalyvavimo_turizmo_renginyje.docx\">T\u0116V\u0172 SUTIKIMAS D\u0116L MOKINIO DALYVAVIMO TURIZMO RENGINYJE<\/a><\/p>\n<p><a href=\"http:\/\/www.lavoriskes.vilniausr.lm.lt\/wp-content\/uploads\/2018\/10\/Mokini\u0173-elgesio-taisykl\u0117s-2019.pdf\">MOKINI\u0172 ELGESIO TAISYKL\u0116S<\/a><\/p>\n<p><a href=\"http:\/\/www.lavoriskes.vilniausr.lm.lt\/wp-content\/uploads\/2019\/02\/Porady-dla-rodzic\u00f3w-w-wychowaniu-dzieci.pdf\">Porady dla rodzic\u00f3w w wychowaniu dzieci<\/a><\/p>\n<p><a href=\"http:\/\/www.lavoriskes.vilniausr.lm.lt\/wp-content\/uploads\/2019\/02\/atmintine.pdf\">APIE ELEKTRONINES PATY\u010cIAS<\/a><\/p>\n<p>&nbsp;<\/p>\n<div id=\"wp_fb_like_button\" style=\"margin:5px 0;float:none;height:100px;\"><script src=\"http:\/\/connect.facebook.net\/en_US\/all.js#xfbml=1\"><\/script><fb:like href=\"https:\/\/www.lavoriskes.vilniausr.lm.lt\/?page_id=8642&amp;lang=pl\" send=\"true\" layout=\"standard\" width=\"450\" show_faces=\"true\" font=\"arial\" action=\"like\" colorscheme=\"light\"><\/fb:like><\/div>","protected":false},"excerpt":{"rendered":"<p>Jak przyszykowa\u0107 si\u0119 do egzamin\u00f3w? 2019 \u2013 2020 MOKSLO MET\u0172 \u012eSKAITOS IR BRANDOS EGZAMIN\u0172 TVARKARA\u0160\u010cIAI: PUPP,&nbsp;BE. NACIONALINIO MOKINI\u0172 PASIEKIM\u0172 PATIKRINIMO VYKDYMO TVARKARA\u0160TIS:&nbsp;NMPP2019_GRAFIKAS 1-4 KLASI\u0172 PAMOK\u0172 TVARKARA\u0160TIS 2018-2019 M.M TVARKARA\u0160TIS 2018 -2019 M.M NEFORMALIOJO U\u017dSI\u0116MIM\u0172 TVARKARA\u0160TIS 2018-2019 M.M MOKYTOJ\u0172, TEIKIAN\u010cI\u0172 MOKYMOSI &hellip; <a href=\"https:\/\/www.lavoriskes.vilniausr.lm.lt\/?page_id=8642&amp;lang=pl\">Skaitykite toliau <span class=\"meta-nav\">&rarr;<\/span><\/a><\/p>\n","protected":false},"author":2,"featured_media":0,"parent":0,"menu_order":14,"comment_status":"closed","ping_status":"closed","template":"","meta":{"ngg_post_thumbnail":0,"footnotes":""},"class_list":["post-8642","page","type-page","status-publish","hentry"],"_links":{"self":[{"href":"https:\/\/www.lavoriskes.vilniausr.lm.lt\/index.php?rest_route=\/wp\/v2\/pages\/8642","targetHints":{"allow":["GET"]}}],"collection":[{"href":"https:\/\/www.lavoriskes.vilniausr.lm.lt\/index.php?rest_route=\/wp\/v2\/pages"}],"about":[{"href":"https:\/\/www.lavoriskes.vilniausr.lm.lt\/index.php?rest_route=\/wp\/v2\/types\/page"}],"author":[{"embeddable":true,"href":"https:\/\/www.lavoriskes.vilniausr.lm.lt\/index.php?rest_route=\/wp\/v2\/users\/2"}],"replies":[{"embeddable":true,"href":"https:\/\/www.lavoriskes.vilniausr.lm.lt\/index.php?rest_route=%2Fwp%2Fv2%2Fcomments&post=8642"}],"version-history":[{"count":5,"href":"https:\/\/www.lavoriskes.vilniausr.lm.lt\/index.php?rest_route=\/wp\/v2\/pages\/8642\/revisions"}],"predecessor-version":[{"id":9417,"href":"https:\/\/www.lavoriskes.vilniausr.lm.lt\/index.php?rest_route=\/wp\/v2\/pages\/8642\/revisions\/9417"}],"wp:attachment":[{"href":"https:\/\/www.lavoriskes.vilniausr.lm.lt\/index.php?rest_route=%2Fwp%2Fv2%2Fmedia&parent=8642"}],"curies":[{"name":"wp","href":"https:\/\/api.w.org\/{rel}","templated":true}]}}