{"id":827,"date":"2012-11-15T10:41:55","date_gmt":"2012-11-15T08:41:55","guid":{"rendered":"http:\/\/www2004.vu.lt\/?page_id=827"},"modified":"2023-03-24T14:17:01","modified_gmt":"2023-03-24T12:17:01","slug":"827-2","status":"publish","type":"page","link":"https:\/\/www.lavoriskes.vilniausr.lm.lt\/?page_id=827","title":{"rendered":"Bibliotekos taisykl\u0117s"},"content":{"rendered":"<p><!-- [if gte mso 9]><xml>\n\nNormal\n0\n19\n\nfalse\nfalse\nfalse\n\nMicrosoftInternetExplorer4\n\n<\/xml><![endif]--><\/p>\n<p style=\"color: #222222; font-family: arial, sans-serif; font-size: 12.8000001907349px; line-height: normal; text-align: center;\" align=\"center\"><b><span style=\"font-size: 12pt; font-family: 'Times New Roman', serif;\">NAUDOJIMOSI MOKYKLOS BIBLIOTEKA TAISYKL\u0116S &nbsp;&nbsp;&nbsp;&nbsp;&nbsp;&nbsp;&nbsp;&nbsp;&nbsp;&nbsp;&nbsp;&nbsp;&nbsp;&nbsp;&nbsp;&nbsp;&nbsp;&nbsp;&nbsp;&nbsp;&nbsp;&nbsp;&nbsp;&nbsp;&nbsp;<\/span><\/b><\/p>\n<p style=\"color: #222222; font-family: arial, sans-serif; font-size: 12.8000001907349px; line-height: normal; text-align: justify;\"><span style=\"font-size: 12pt; font-family: 'Times New Roman', serif;\">Biblioteka turi teis\u0119 naudotis visi mokyklos mokiniai, mokytojai, kiti darbuotojai;<\/span><\/p>\n<p style=\"color: #222222; font-family: arial, sans-serif; font-size: 12.8000001907349px; line-height: normal; text-align: justify;\"><span style=\"font-size: 12pt; font-family: 'Times New Roman', serif;\">Skaitytojai, nor\u0117dami naudotis bibliotekoje saugomais spaudiniais, privalo u\u017esiregistruoti bibliotekoje;<\/span><\/p>\n<p style=\"color: #222222; font-family: arial, sans-serif; font-size: 12.8000001907349px; line-height: normal; text-align: justify;\"><span style=\"font-size: 12pt; font-family: 'Times New Roman', serif;\">Kiekvienas skaitytojas yra supa\u017eindinamas su naudojimosi biblioteka taisykl\u0117mis ir \u012fsipareigoja jas vykdyti;<\/span><\/p>\n<p style=\"color: #222222; font-family: arial, sans-serif; font-size: 12.8000001907349px; line-height: normal; text-align: justify;\"><span style=\"font-size: 12pt; font-family: 'Times New Roman', serif;\">Skaitytojas \u012f namus gali gauti ne daugiau kaip 5 spaudinius ir ne ilgesniam kaip 30 dien\u0173 laikotarpiui, vadov\u0117liai &#8211; visiems mokslo metams.<\/span><\/p>\n<p style=\"color: #222222; font-family: arial, sans-serif; font-size: 12.8000001907349px; line-height: normal;\"><span style=\"font-size: 12pt; font-family: 'Times New Roman', serif;\">&nbsp;<\/span><\/p>\n<p style=\"color: #222222; font-family: arial, sans-serif; font-size: 12.8000001907349px; line-height: normal; text-align: center;\" align=\"center\"><b><span style=\"font-size: 12pt; font-family: 'Times New Roman', serif;\">1. SKAITYTOJ\u0172 TEIS\u0116S:<\/span><\/b><\/p>\n<p style=\"color: #222222; font-family: arial, sans-serif; font-size: 12.8000001907349px; line-height: normal;\"><span style=\"font-size: 12pt; font-family: 'Times New Roman', serif;\">1.1 &nbsp;gauti i\u0161sami\u0105 informacij\u0105 apie mokyklos bibliotekos dokument\u0173 fond\u0105 ir jos teikiamas paslaugas, aptarnavimo s\u0105lygas ir proced\u016bras;<\/span><\/p>\n<p style=\"color: #222222; font-family: arial, sans-serif; font-size: 12.8000001907349px; line-height: normal;\"><span style=\"font-size: 12pt; font-family: 'Times New Roman', serif;\">1.2&nbsp;&nbsp; naudotis bibliotekos katalogu ir kitomis bibliotekos informacijos paie\u0161kos priemon\u0117mis;<\/span><\/p>\n<p style=\"color: #222222; font-family: arial, sans-serif; font-size: 12.8000001907349px; line-height: normal;\"><span style=\"font-size: 12pt; font-family: 'Times New Roman', serif;\">1.3&nbsp;naudotis prieiga&nbsp;prie bibliotekos prenumeruojam\u0173 ar joje sudarom\u0173 duomen\u0173 bazi\u0173 ir elektronini\u0173 dokument\u0173;<\/span><\/p>\n<p style=\"color: #222222; font-family: arial, sans-serif; font-size: 12.8000001907349px; line-height: normal;\"><span style=\"font-size: 12pt; font-family: 'Times New Roman', serif;\">1.4&nbsp;naudotis bibliotekos kompiuterizuotomis darbo vietomis ir vie\u0161a interneto prieiga; esant technin\u0117ms s\u0105lygoms bibliotekoje naudotis asmeniniais ne\u0161iojamais kompiuteriais.<\/span><\/p>\n<p style=\"color: #222222; font-family: arial, sans-serif; font-size: 12.8000001907349px; line-height: normal;\"><span style=\"font-size: 12pt; font-family: 'Times New Roman', serif;\">&nbsp;<\/span><\/p>\n<p style=\"color: #222222; font-family: arial, sans-serif; font-size: 12.8000001907349px; line-height: normal; text-align: center;\" align=\"center\"><b><span style=\"font-size: 12pt; font-family: 'Times New Roman', serif;\">2. SKAITYTOJAI PRIVALO<\/span><\/b><span style=\"font-size: 12pt; font-family: 'Times New Roman', serif;\">:<\/span><\/p>\n<p style=\"color: #222222; font-family: arial, sans-serif; font-size: 12.8000001907349px; line-height: normal;\"><span style=\"font-size: 12pt; font-family: 'Times New Roman', serif;\">2.1&nbsp;laikytis naudojimosi taisykli\u0173 ir nustatyt\u0173 elgesio vie\u0161oje vietoje reikalavim\u0173;<\/span><\/p>\n<p style=\"color: #222222; font-family: arial, sans-serif; font-size: 12.8000001907349px; line-height: normal;\"><span style=\"font-size: 12pt; font-family: 'Times New Roman', serif;\">2.2 nei\u0161ne\u0161ti dokument\u0173 i\u0161 bibliotekos, jei dokumentai &nbsp;ne\u012fra\u0161yti \u012f skaitytojo formuliar\u0105;<\/span><\/p>\n<p style=\"color: #222222; font-family: arial, sans-serif; font-size: 12.8000001907349px; line-height: normal;\"><span style=\"font-size: 12pt; font-family: 'Times New Roman', serif;\">2.3 &nbsp;nustatytu laiku gr\u0105\u017einti paimtus dokumentus.<\/span><\/p>\n<p style=\"color: #222222; font-family: arial, sans-serif; font-size: 12.8000001907349px; line-height: normal;\"><span style=\"font-size: 12pt; font-family: 'Times New Roman', serif;\">&nbsp;<\/span><\/p>\n<p style=\"color: #222222; font-family: arial, sans-serif; font-size: 12.8000001907349px; line-height: normal; text-align: center;\" align=\"center\"><b><span style=\"font-size: 12pt; font-family: 'Times New Roman', serif;\">3. SKAITYTOJ\u0172 ATSAKOMYB\u0116<\/span><\/b><span style=\"font-size: 12pt; font-family: 'Times New Roman', serif;\">:<\/span><\/p>\n<p style=\"color: #222222; font-family: arial, sans-serif; font-size: 12.8000001907349px; line-height: normal;\"><span style=\"font-size: 12pt; font-family: 'Times New Roman', serif;\">3.1 prarad\u0119s ar nepataisomai sugadin\u0119s dokumentus (\u012frang\u0105) skaitytojas privalo juos pakeisti tokiais pat arba bibliotekos pripa\u017eintais lygiaver\u010diais dokumentais;<\/span><\/p>\n<p style=\"color: #222222; font-family: arial, sans-serif; font-size: 12.8000001907349px; line-height: normal;\"><span style=\"font-size: 12pt; font-family: 'Times New Roman', serif;\">3.2&nbsp;baig\u0119s mokykl\u0105 ar d\u0117l kit\u0173 prie\u017eas\u010di\u0173&nbsp;nutrauk\u0119s mokym\u0105si mokinys, o darbuotojas \u2013 darbo sutart\u012f, privalo atsiskaityti su biblioteka.<\/span><\/p>\n<p style=\"color: #222222; font-family: arial, sans-serif; font-size: 12.8000001907349px; line-height: normal;\"><span style=\"font-size: 12pt; font-family: 'Times New Roman', serif;\">&nbsp;<\/span><\/p>\n<p style=\"color: #222222; font-family: arial, sans-serif; font-size: 12.8000001907349px; line-height: normal; text-align: center;\" align=\"center\"><b><span style=\"font-size: 12pt; font-family: 'Times New Roman', serif;\">4. BIBLIOTEKA PRIVALO<\/span><\/b><span style=\"font-size: 12pt; font-family: 'Times New Roman', serif;\">:<\/span><\/p>\n<p style=\"color: #222222; font-family: arial, sans-serif; font-size: 12.8000001907349px; line-height: normal;\"><span style=\"font-size: 12pt; font-family: 'Times New Roman', serif;\">4.1 &nbsp;informuoti skaitytojus apie savo dokument\u0173 fond\u0105 ir teikiamas paslaugas;<\/span><\/p>\n<p style=\"color: #222222; font-family: arial, sans-serif; font-size: 12.8000001907349px; line-height: normal;\"><span style=\"font-size: 12pt; font-family: 'Times New Roman', serif;\">4.2 u\u017etikrinti galimyb\u0119 skaitytojams naudotis bibliotekos fondais.<\/span><\/p>\n<p><a href=\"http:\/\/www.lavoriskes.vilniausr.lm.lt\/wp-content\/uploads\/2023\/03\/Bibliotekos-taisykles.pdf\">Bibliotekos taisykl\u0117s<\/a><\/p>\n<p><!-- [if gte mso 9]><![endif]--><!-- [if gte mso 10]>\n\n\n\n<style>\n \/* Style Definitions *\/<br \/>\n table.MsoNormalTable<br \/>\n\t{mso-style-name:\"\u012eprastoji lentel\u0117\";<br \/>\n\tmso-style-parent:\"\";<br \/>\n\tfont-size:10.0pt;\"Times New Roman\";}<br \/>\n<\/style>\n\n<![endif]--><!-- [if gte mso 9]><xml>\n<w:WordDocument>\n<w:View>Normal<\/w:View>\n<w:Zoom>0<\/w:Zoom>\n<w:HyphenationZone>19<\/w:HyphenationZone>\n<w:PunctuationKerning \/>\n<w:ValidateAgainstSchemas \/>\n<w:SaveIfXMLInvalid>false<\/w:SaveIfXMLInvalid>\n<w:IgnoreMixedContent>false<\/w:IgnoreMixedContent>\n<w:AlwaysShowPlaceholderText>false<\/w:AlwaysShowPlaceholderText>\n<w:Compatibility>\n<w:BreakWrappedTables \/>\n<w:SnapToGridInCell \/>\n<w:WrapTextWithPunct \/>\n<w:UseAsianBreakRules \/>\n<w:DontGrowAutofit \/>\n<\/w:Compatibility>\n<w:BrowserLevel>MicrosoftInternetExplorer4<\/w:BrowserLevel>\n<\/w:WordDocument>\n<\/xml><![endif]--><!-- [if gte mso 9]><xml>\n<w:LatentStyles DefLockedState=\"false\" LatentStyleCount=\"156\">\n<\/w:LatentStyles>\n<\/xml><![endif]--><!-- [if gte mso 10]>\n\n\n\n<style>\n\/* Style Definitions *\/<br \/>\ntable.MsoNormalTable<br \/>\n{mso-style-name:\"\u012eprastoji lentel\u0117\";<br \/>\nmso-tstyle-rowband-size:0;<br \/>\nmso-tstyle-colband-size:0;<br \/>\nmso-style-noshow:yes;<br \/>\nmso-style-parent:\"\";<br \/>\nmso-padding-alt:0cm 5.4pt 0cm 5.4pt;<br \/>\nmso-para-margin:0cm;<br \/>\nmso-para-margin-bottom:.0001pt;<br \/>\nmso-pagination:widow-orphan;<br \/>\nfont-size:10.0pt;<br \/>\nfont-family:\"Times New Roman\";<br \/>\nmso-ansi-language:#0400;<br \/>\nmso-fareast-language:#0400;<br \/>\nmso-bidi-language:#0400;}<br \/>\n<\/style>\n\n<![endif]--><\/p>\n<div id=\"wp_fb_like_button\" style=\"margin:5px 0;float:none;height:100px;\"><script src=\"http:\/\/connect.facebook.net\/en_US\/all.js#xfbml=1\"><\/script><fb:like href=\"https:\/\/www.lavoriskes.vilniausr.lm.lt\/?page_id=827\" send=\"true\" layout=\"standard\" width=\"450\" show_faces=\"true\" font=\"arial\" action=\"like\" colorscheme=\"light\"><\/fb:like><\/div>","protected":false},"excerpt":{"rendered":"<p>NAUDOJIMOSI MOKYKLOS BIBLIOTEKA TAISYKL\u0116S &nbsp;&nbsp;&nbsp;&nbsp;&nbsp;&nbsp;&nbsp;&nbsp;&nbsp;&nbsp;&nbsp;&nbsp;&nbsp;&nbsp;&nbsp;&nbsp;&nbsp;&nbsp;&nbsp;&nbsp;&nbsp;&nbsp;&nbsp;&nbsp;&nbsp; Biblioteka turi teis\u0119 naudotis visi mokyklos mokiniai, mokytojai, kiti darbuotojai; Skaitytojai, nor\u0117dami naudotis bibliotekoje saugomais spaudiniais, privalo u\u017esiregistruoti bibliotekoje; Kiekvienas skaitytojas yra supa\u017eindinamas su naudojimosi biblioteka taisykl\u0117mis ir \u012fsipareigoja jas vykdyti; Skaitytojas \u012f namus gali &hellip; <a href=\"https:\/\/www.lavoriskes.vilniausr.lm.lt\/?page_id=827\">Skaitykite toliau <span class=\"meta-nav\">&rarr;<\/span><\/a><\/p>\n","protected":false},"author":2,"featured_media":0,"parent":801,"menu_order":1,"comment_status":"closed","ping_status":"open","template":"","meta":{"ngg_post_thumbnail":0,"footnotes":""},"class_list":["post-827","page","type-page","status-publish","hentry"],"_links":{"self":[{"href":"https:\/\/www.lavoriskes.vilniausr.lm.lt\/index.php?rest_route=\/wp\/v2\/pages\/827","targetHints":{"allow":["GET"]}}],"collection":[{"href":"https:\/\/www.lavoriskes.vilniausr.lm.lt\/index.php?rest_route=\/wp\/v2\/pages"}],"about":[{"href":"https:\/\/www.lavoriskes.vilniausr.lm.lt\/index.php?rest_route=\/wp\/v2\/types\/page"}],"author":[{"embeddable":true,"href":"https:\/\/www.lavoriskes.vilniausr.lm.lt\/index.php?rest_route=\/wp\/v2\/users\/2"}],"replies":[{"embeddable":true,"href":"https:\/\/www.lavoriskes.vilniausr.lm.lt\/index.php?rest_route=%2Fwp%2Fv2%2Fcomments&post=827"}],"version-history":[{"count":12,"href":"https:\/\/www.lavoriskes.vilniausr.lm.lt\/index.php?rest_route=\/wp\/v2\/pages\/827\/revisions"}],"predecessor-version":[{"id":11963,"href":"https:\/\/www.lavoriskes.vilniausr.lm.lt\/index.php?rest_route=\/wp\/v2\/pages\/827\/revisions\/11963"}],"up":[{"embeddable":true,"href":"https:\/\/www.lavoriskes.vilniausr.lm.lt\/index.php?rest_route=\/wp\/v2\/pages\/801"}],"wp:attachment":[{"href":"https:\/\/www.lavoriskes.vilniausr.lm.lt\/index.php?rest_route=%2Fwp%2Fv2%2Fmedia&parent=827"}],"curies":[{"name":"wp","href":"https:\/\/api.w.org\/{rel}","templated":true}]}}