{"id":8160,"date":"2018-12-03T10:28:00","date_gmt":"2018-12-03T08:28:00","guid":{"rendered":"http:\/\/www.lavoriskes.vilniausr.lm.lt\/?page_id=8160"},"modified":"2018-12-03T10:29:55","modified_gmt":"2018-12-03T08:29:55","slug":"wsparcie","status":"publish","type":"page","link":"https:\/\/www.lavoriskes.vilniausr.lm.lt\/?page_id=8160&amp;lang=pl","title":{"rendered":"Sponsorzy"},"content":{"rendered":"<p><strong>Wsparcie<\/strong><\/p>\n<p>Ci, kt\u00f3rzy chc\u0105 i mog\u0105 wesprze\u0107 nasze gimnazjum, prosimy skontaktowa\u0107 si\u0119 z nami bezpo\u015brednio lub przela\u0107 pieni\u0105dze na szkolne konto bankowe.<\/p>\n<p><strong><em>Kontakty:<\/em><\/strong><br \/>\n<strong><em>rejon wile\u0144ski, gimnazjum im. Stefana Batorego w \u0141awaryszkach<\/em><\/strong><\/p>\n<ol>\n<li><strong><em> Wile\u0144ska . 7,&nbsp;LT \u2013 15232&nbsp;w. \u0141awaryszki, r. wile\u0144ski<\/em><\/strong><em><br \/>\n<strong>kod szko\u0142y&nbsp;\u2013&nbsp;191315448<\/strong><\/em><\/li>\n<\/ol>\n<p><strong><em>AB DNB bank, kod&nbsp;<\/em><\/strong><em>40100<br \/>\n<strong>konto pomocy<\/strong><br \/>\n<strong>Nr. LT<\/strong>174010051001931457<\/em><\/p>\n<p><em>e-mail.&nbsp;<\/em><a href=\"mailto:lavmokvid@gmail.com\"><em>lavmokvid@gmail.com<\/em><\/a><\/p>\n<p><em>tel. kontaktowy nr.&nbsp;(8~5) 2494823<\/em><\/p>\n<p style=\"text-align: justify;\">\u015arodki s\u0105 wykorzystywane zgodnie z planem zatwierdzonym przez rad\u0119 szkoln\u0105.<\/p>\n<p style=\"text-align: justify;\">Ka\u017cde wsparcie jest bardzo wa\u017cne, poniewa\u017c nadal odnawiamy nasz\u0105 plac\u00f3wk\u0119 i mamy jeszcze wiele do zrobienia. Tworzymy nowoczesn\u0105, przytuln\u0105 i bezpieczn\u0105 szko\u0142\u0119 dla dzieci. Ci\u0105gle poprawia si\u0119 estetyczny wygl\u0105d bydynku jak wewn\u0105trz, tak i zewn\u0105trz, polepszaj\u0105 si\u0119 warunki pracy dla uczni\u00f3w oraz nauczycieli. Gabinety i inne pomieszczenia edukacyjne staj\u0105 si\u0119 coraz bardziej nowoczesne.<\/p>\n<p style=\"text-align: justify;\">Serdecznie dzi\u0119kujemy wszystkim, kt\u00f3rzy b\u0119d\u0105 chcieli wesprze\u0107 nasze gimnazjum. Inwestujmy w przysz\u0142o\u015b\u0107 swoich dzieci.<\/p>\n<div id=\"wp_fb_like_button\" style=\"margin:5px 0;float:none;height:100px;\"><script src=\"http:\/\/connect.facebook.net\/en_US\/all.js#xfbml=1\"><\/script><fb:like href=\"https:\/\/www.lavoriskes.vilniausr.lm.lt\/?page_id=8160&amp;lang=pl\" send=\"true\" layout=\"standard\" width=\"450\" show_faces=\"true\" font=\"arial\" action=\"like\" colorscheme=\"light\"><\/fb:like><\/div>","protected":false},"excerpt":{"rendered":"<p>Wsparcie Ci, kt\u00f3rzy chc\u0105 i mog\u0105 wesprze\u0107 nasze gimnazjum, prosimy skontaktowa\u0107 si\u0119 z nami bezpo\u015brednio lub przela\u0107 pieni\u0105dze na szkolne konto bankowe. Kontakty: rejon wile\u0144ski, gimnazjum im. Stefana Batorego w \u0141awaryszkach Wile\u0144ska . 7,&nbsp;LT \u2013 15232&nbsp;w. \u0141awaryszki, r. wile\u0144ski kod &hellip; <a href=\"https:\/\/www.lavoriskes.vilniausr.lm.lt\/?page_id=8160&amp;lang=pl\">Skaitykite toliau <span class=\"meta-nav\">&rarr;<\/span><\/a><\/p>\n","protected":false},"author":2,"featured_media":0,"parent":0,"menu_order":11,"comment_status":"closed","ping_status":"closed","template":"","meta":{"ngg_post_thumbnail":0,"footnotes":""},"class_list":["post-8160","page","type-page","status-publish","hentry"],"_links":{"self":[{"href":"https:\/\/www.lavoriskes.vilniausr.lm.lt\/index.php?rest_route=\/wp\/v2\/pages\/8160","targetHints":{"allow":["GET"]}}],"collection":[{"href":"https:\/\/www.lavoriskes.vilniausr.lm.lt\/index.php?rest_route=\/wp\/v2\/pages"}],"about":[{"href":"https:\/\/www.lavoriskes.vilniausr.lm.lt\/index.php?rest_route=\/wp\/v2\/types\/page"}],"author":[{"embeddable":true,"href":"https:\/\/www.lavoriskes.vilniausr.lm.lt\/index.php?rest_route=\/wp\/v2\/users\/2"}],"replies":[{"embeddable":true,"href":"https:\/\/www.lavoriskes.vilniausr.lm.lt\/index.php?rest_route=%2Fwp%2Fv2%2Fcomments&post=8160"}],"version-history":[{"count":2,"href":"https:\/\/www.lavoriskes.vilniausr.lm.lt\/index.php?rest_route=\/wp\/v2\/pages\/8160\/revisions"}],"predecessor-version":[{"id":8164,"href":"https:\/\/www.lavoriskes.vilniausr.lm.lt\/index.php?rest_route=\/wp\/v2\/pages\/8160\/revisions\/8164"}],"wp:attachment":[{"href":"https:\/\/www.lavoriskes.vilniausr.lm.lt\/index.php?rest_route=%2Fwp%2Fv2%2Fmedia&parent=8160"}],"curies":[{"name":"wp","href":"https:\/\/api.w.org\/{rel}","templated":true}]}}