{"id":801,"date":"2012-09-04T09:52:18","date_gmt":"2012-09-04T07:52:18","guid":{"rendered":"http:\/\/www2004.vu.lt\/?page_id=801"},"modified":"2024-06-03T13:49:19","modified_gmt":"2024-06-03T10:49:19","slug":"biblioteka","status":"publish","type":"page","link":"https:\/\/www.lavoriskes.vilniausr.lm.lt\/?page_id=801","title":{"rendered":"Biblioteka"},"content":{"rendered":"<p><span style=\"font-size: large;\">Bibliotekos darbo laikas:<\/span><\/p>\n<p><img loading=\"lazy\" decoding=\"async\" src=\"http:\/\/www2004.vu.lt\/wp-content\/uploads\/image\/dl.JPG\" alt=\"\" width=\"591\" height=\"218\" align=\"absMiddle\"><\/p>\n<p><a href=\"https:\/\/www.lavoriskes.vilniausr.lm.lt\/wp-content\/uploads\/2023\/12\/SKAITMENINIO-UGDYMO-TURINIO-KURIMAS-IR-DIEGIMAS-1.pdf\">Skaitmeninio ugdymo turinio k\u016brimas ir diegimas<\/a><\/p>\n<p><a href=\"http:\/\/www.lavoriskes.vilniausr.lm.lt\/wp-content\/uploads\/2024\/01\/NSA-lesos.pdf\">2023 m. mokykla \u012fsigijo \u0161iuos vadov\u0117lius<\/a><\/p>\n<div class=\"flgallery-531 flgallery-aura flgallery-embed\" style=\"width: 640px; height: 470px; overflow: hidden;\"><object classid=\"clsid:D27CDB6E-AE6D-11cf-96B8-444553540000\" id=\"flgallery-531\" width=\"640\" height=\"470\" style=\"width:640px; height:470px; margin:0; padding:0;\"><param name=\"movie\" value=\"https:\/\/www.lavoriskes.vilniausr.lm.lt\/wp-content\/plugins\/global-flash-galleries\/swf\/Aura.swf\" \/><param name=\"flashVars\" value=\"XMLFile=http%3A%2F%2Fwww.lavoriskes.vilniausr.lm.lt%2Fwp-content%2Fflgallery%2Fxml%2F1%2F531.xml\" \/><param name=\"allowFullScreen\" value=\"true\" \/><param name=\"allowScriptAccess\" value=\"always\" \/><param name=\"quality\" value=\"high\" \/><param name=\"wmode\" value=\"transparent\" \/><param name=\"swfversion\" value=\"9.0.45.0\" \/><param name=\"expressinstall\" value=\"https:\/\/www.lavoriskes.vilniausr.lm.lt\/wp-content\/plugins\/global-flash-galleries\/js\/swfobject\/expressInstall.swf\" \/><object type=\"application\/x-shockwave-flash\" data=\"https:\/\/www.lavoriskes.vilniausr.lm.lt\/wp-content\/plugins\/global-flash-galleries\/swf\/Aura.swf\" width=\"640\" height=\"470\" style=\"width:640px; height:470px; margin:0; padding:0; outline:none;\"><param name=\"flashVars\" value=\"XMLFile=http%3A%2F%2Fwww.lavoriskes.vilniausr.lm.lt%2Fwp-content%2Fflgallery%2Fxml%2F1%2F531.xml\" \/><param name=\"allowFullScreen\" value=\"true\" \/><param name=\"allowScriptAccess\" value=\"always\" \/><param name=\"quality\" value=\"high\" \/><param name=\"wmode\" value=\"transparent\" \/><param name=\"swfversion\" value=\"9.0.45.0\" \/><param name=\"expressinstall\" value=\"https:\/\/www.lavoriskes.vilniausr.lm.lt\/wp-content\/plugins\/global-flash-galleries\/js\/swfobject\/expressInstall.swf\" \/><div class=\"flgallery-altcontent\"><ol style=\"list-style:none;\"><li style=\"display:inline;\"><a href=\"http:\/\/www.lavoriskes.vilniausr.lm.lt\/wp-content\/flgallery\/images\/qoeu94gwp2dn.jpg\"><img decoding=\"async\" src=\"http:\/\/www.lavoriskes.vilniausr.lm.lt\/wp-content\/flgallery\/images\/qoeu94gwp2dn.jpg\" alt=\"\" \/><\/a><\/li><li style=\"display:inline;\"><a href=\"http:\/\/www.lavoriskes.vilniausr.lm.lt\/wp-content\/flgallery\/images\/g7qxz831v519.jpg\"><img decoding=\"async\" src=\"http:\/\/www.lavoriskes.vilniausr.lm.lt\/wp-content\/flgallery\/images\/g7qxz831v519.jpg\" alt=\"\" \/><\/a><\/li><li style=\"display:inline;\"><a href=\"http:\/\/www.lavoriskes.vilniausr.lm.lt\/wp-content\/flgallery\/images\/qn8av1cydy6e.jpg\"><img decoding=\"async\" src=\"http:\/\/www.lavoriskes.vilniausr.lm.lt\/wp-content\/flgallery\/images\/qn8av1cydy6e.jpg\" alt=\"\" \/><\/a><\/li><li style=\"display:inline;\"><a href=\"http:\/\/www.lavoriskes.vilniausr.lm.lt\/wp-content\/flgallery\/images\/sawjdajpzsiu.jpg\"><img decoding=\"async\" src=\"http:\/\/www.lavoriskes.vilniausr.lm.lt\/wp-content\/flgallery\/images\/sawjdajpzsiu.jpg\" alt=\"\" \/><\/a><\/li><li style=\"display:inline;\"><a href=\"http:\/\/www.lavoriskes.vilniausr.lm.lt\/wp-content\/flgallery\/images\/1y6bviysslrr.jpg\"><img decoding=\"async\" src=\"http:\/\/www.lavoriskes.vilniausr.lm.lt\/wp-content\/flgallery\/images\/1y6bviysslrr.jpg\" alt=\"\" \/><\/a><\/li><\/ol><\/div><\/object><\/object><script type=\"text\/javascript\">jQuery(document).ready(function($) { if (!swfobject.hasFlashPlayerVersion('9.0.45.0')) { altgallery({ type: 'Aura', width: '640', height: '470', images: { folder: 'https:\/\/www.lavoriskes.vilniausr.lm.lt\/wp-content\/plugins\/global-flash-galleries\/img\/' }, config: 'http:\/\/www.lavoriskes.vilniausr.lm.lt\/wp-content\/flgallery\/xml\/1\/531.xml', configType: 'xml', fullscreen: 'never', callback: function(gallery) { var container = gallery.canvas.element.parents('.flgallery-embed'); var parent = container.parent(); var initialWidth = container.width(); var prevWidth; container.css({ width: '', height: '' }); function scale() { var parentWidth = parent.width(); if (parentWidth != prevWidth) { gallery.canvas.scale(parentWidth \/ initialWidth); prevWidth = parentWidth; } } scale(); $(window).resize(scale); } }, '#flgallery-531 .flgallery-altcontent'); } });<\/script><\/div>\n<p><strong>Bibliotekos fondas:<\/strong><\/p>\n<ul>\n<li>Informaciniai leidiniai (enciklopedijos, \u017einynai, \u017eodynai ir kt.);<\/li>\n<li>Vaik\u0173 literat\u016bra;<\/li>\n<li>Programin\u0117 lietuvi\u0173, lenk\u0173 \/ rus\u0173 literat\u016bra;<\/li>\n<li>Mokslo populiarinimo literat\u016bra;<\/li>\n<li>Skaitmenin\u0117s mokymo(si) programos;<\/li>\n<li>Pedagogin\u0117 metodin\u0117 literat\u016bra;<\/li>\n<li>Periodiniai leidiniai.<\/li>\n<\/ul>\n<p><strong>Bibliotekos strukt\u016bra:<\/strong><strong>&nbsp;<\/strong><\/p>\n<ul>\n<li>Abonementas;<\/li>\n<li>Skaitykla (10 darbo viet\u0173, i\u0161 j\u0173 10 kompiuterizuot\u0173 darbo viet\u0173);<\/li>\n<li>Vadov\u0117li\u0173 fondas.<\/li>\n<\/ul>\n<p>Bibliotekos veikla organizuojama remiantis \u0161iais teis\u0117s aktais:<\/p>\n<p><a href=\"http:\/\/www.lavoriskes.vilniausr.lm.lt\/wp-content\/uploads\/2022\/10\/Naudojimosi-gimnazijos-biblioteka-taisykles.pdf\">Naudojimosi Vilniaus r. Lavori\u0161ki\u0173 Stepono Batoro gimnazijos biblioteka taisykl\u0117s <\/a><\/p>\n<p><a href=\"http:\/\/www.lavoriskes.vilniausr.lm.lt\/wp-content\/uploads\/2024\/06\/Vadoveliu-aprupinamu.pdf\">Vilniaus r. Lavori\u0161ki\u0173 Stepono Batoro gimnazijos gimnazijos apr\u016bpinimo bendrojo ugdymo dalyk\u0173 vadov\u0117liais ir mokymo priemon\u0117mis tvarkos apra\u0161as<\/a><\/p>\n<p>Bibliotek\u0173 fondo apsaugos nuostatai<\/p>\n<p><u><a href=\"https:\/\/www.e-tar.lt\/portal\/lt\/legalAct\/e3352110ffdc11eb9f09e7df20500045\">https:\/\/www.e-tar.lt\/portal\/lt\/legalAct\/e3352110ffdc11eb9f09e7df20500045<\/a><\/u><\/p>\n<p>Lietuvos Respublikos bibliotek\u0173 \u012fstatymas<\/p>\n<p><u><a href=\"https:\/\/www.e-tar.lt\/portal\/lt\/legalAct\/TAR.5A04D7CC7EF6\">https:\/\/www.e-tar.lt\/portal\/lt\/legalAct\/TAR.5A04D7CC7EF6<\/a><\/u><\/p>\n<p>Skaitymo skatinimo&nbsp;2019\u20132024 met\u0173&nbsp;programa<\/p>\n<p><u><a href=\"https:\/\/www.e-tar.lt\/portal\/lt\/legalAct\/37e2e820d39711e8bea9885f77677ec1\">https:\/\/www.e-tar.lt\/portal\/lt\/legalAct\/37e2e820d39711e8bea9885f77677ec1<\/a><\/u><\/p>\n<p>Lietuvos Respublikos atmintin\u0173 dien\u0173 \u012fstatymas<\/p>\n<p><u><a href=\"https:\/\/www.e-tar.lt\/portal\/lt\/legalAct\/TAR.D570962773F8\">https:\/\/www.e-tar.lt\/portal\/lt\/legalAct\/TAR.D570962773F8<\/a><\/u><\/p>\n<p>Mokinys, kuris mokosi pagal pradinio, pagrindinio, vidurinio ugdymo programas, vadov\u0117liais naudojasi nemokamai.<\/p>\n<p style=\"margin-left: 10px;\" align=\"justify\"><strong>Bibliotekos paslaugos:<\/strong><\/p>\n<ul>\n<li>\n<p style=\"margin-left: 10px;\" align=\"justify\">Mokini\u0173 apr\u016bpinimas vadov\u0117liais<\/p>\n<\/li>\n<li>\n<p style=\"margin-left: 10px;\" align=\"justify\">Gro\u017ein\u0117s literat\u016bros i\u0161davimas<\/p>\n<\/li>\n<li>\n<p style=\"margin-left: 10px;\" align=\"justify\">Atsakymas \u012f u\u017eklausas<\/p>\n<\/li>\n<li>\n<p style=\"margin-left: 10px;\" align=\"justify\">Skaityklos paslaugos<\/p>\n<\/li>\n<li>\n<p style=\"margin-left: 10px;\" align=\"justify\">Parod\u0173 organizavimas<\/p>\n<\/li>\n<li>\n<p style=\"margin-left: 10px;\" align=\"justify\">Nemokamas internetas<\/p>\n<\/li>\n<li>\n<p style=\"margin-left: 10px;\" align=\"justify\">Kopijavimo paslaugos<\/p>\n<\/li>\n<\/ul>\n<p>Bibliotekinink\u0117: Kristina Tara\u0161kevi\u010d 863829402<\/p>\n<div class=\"flgallery-78 flgallery-aura flgallery-embed\" style=\"width: 640px; height: 480px; overflow: hidden;\"><object classid=\"clsid:D27CDB6E-AE6D-11cf-96B8-444553540000\" id=\"flgallery-78\" width=\"640\" height=\"480\" style=\"width:640px; height:480px; margin:0; padding:0;\"><param name=\"movie\" value=\"https:\/\/www.lavoriskes.vilniausr.lm.lt\/wp-content\/plugins\/global-flash-galleries\/swf\/Aura.swf\" \/><param name=\"flashVars\" value=\"XMLFile=http%3A%2F%2Fwww.lavoriskes.vilniausr.lm.lt%2Fwp-content%2Fflgallery%2Fxml%2F1%2F78.xml\" \/><param name=\"allowFullScreen\" value=\"true\" \/><param name=\"allowScriptAccess\" value=\"always\" \/><param name=\"quality\" value=\"high\" \/><param name=\"wmode\" value=\"transparent\" \/><param name=\"swfversion\" value=\"9.0.45.0\" \/><param name=\"expressinstall\" value=\"https:\/\/www.lavoriskes.vilniausr.lm.lt\/wp-content\/plugins\/global-flash-galleries\/js\/swfobject\/expressInstall.swf\" \/><object type=\"application\/x-shockwave-flash\" data=\"https:\/\/www.lavoriskes.vilniausr.lm.lt\/wp-content\/plugins\/global-flash-galleries\/swf\/Aura.swf\" width=\"640\" height=\"480\" style=\"width:640px; height:480px; margin:0; padding:0; outline:none;\"><param name=\"flashVars\" value=\"XMLFile=http%3A%2F%2Fwww.lavoriskes.vilniausr.lm.lt%2Fwp-content%2Fflgallery%2Fxml%2F1%2F78.xml\" \/><param name=\"allowFullScreen\" value=\"true\" \/><param name=\"allowScriptAccess\" value=\"always\" \/><param name=\"quality\" value=\"high\" \/><param name=\"wmode\" value=\"transparent\" \/><param name=\"swfversion\" value=\"9.0.45.0\" \/><param name=\"expressinstall\" value=\"https:\/\/www.lavoriskes.vilniausr.lm.lt\/wp-content\/plugins\/global-flash-galleries\/js\/swfobject\/expressInstall.swf\" \/><div class=\"flgallery-altcontent\"><ol style=\"list-style:none;\"><li style=\"display:inline;\"><a href=\"http:\/\/www.lavoriskes.vilniausr.lm.lt\/wp-content\/flgallery\/images\/9vlof2xq.jpg\"><img decoding=\"async\" src=\"http:\/\/www.lavoriskes.vilniausr.lm.lt\/wp-content\/flgallery\/tmp\/img-9vlof2xq.213x120.jpg\" alt=\"\" \/><\/a><\/li><li style=\"display:inline;\"><a href=\"http:\/\/www.lavoriskes.vilniausr.lm.lt\/wp-content\/flgallery\/images\/nmiq16n1.jpg\"><img decoding=\"async\" src=\"http:\/\/www.lavoriskes.vilniausr.lm.lt\/wp-content\/flgallery\/tmp\/img-nmiq16n1.213x120.jpg\" alt=\"\" \/><\/a><\/li><li style=\"display:inline;\"><a href=\"http:\/\/www.lavoriskes.vilniausr.lm.lt\/wp-content\/flgallery\/images\/4zh6gtuo.jpg\"><img decoding=\"async\" src=\"http:\/\/www.lavoriskes.vilniausr.lm.lt\/wp-content\/flgallery\/tmp\/img-4zh6gtuo.213x120.jpg\" alt=\"\" \/><\/a><\/li><li style=\"display:inline;\"><a href=\"http:\/\/www.lavoriskes.vilniausr.lm.lt\/wp-content\/flgallery\/images\/96salqrx.jpg\"><img decoding=\"async\" src=\"http:\/\/www.lavoriskes.vilniausr.lm.lt\/wp-content\/flgallery\/tmp\/img-96salqrx.88x120.jpg\" alt=\"\" \/><\/a><\/li><li style=\"display:inline;\"><a href=\"http:\/\/www.lavoriskes.vilniausr.lm.lt\/wp-content\/flgallery\/images\/7v3vv7dz.jpg\"><img decoding=\"async\" src=\"http:\/\/www.lavoriskes.vilniausr.lm.lt\/wp-content\/flgallery\/tmp\/img-7v3vv7dz.213x120.jpg\" alt=\"\" \/><\/a><\/li><\/ol><\/div><\/object><\/object><script type=\"text\/javascript\">jQuery(document).ready(function($) { if (!swfobject.hasFlashPlayerVersion('9.0.45.0')) { altgallery({ type: 'Aura', width: '640', height: '480', images: { folder: 'https:\/\/www.lavoriskes.vilniausr.lm.lt\/wp-content\/plugins\/global-flash-galleries\/img\/' }, config: 'http:\/\/www.lavoriskes.vilniausr.lm.lt\/wp-content\/flgallery\/xml\/1\/78.xml', configType: 'xml', fullscreen: 'never', callback: function(gallery) { var container = gallery.canvas.element.parents('.flgallery-embed'); var parent = container.parent(); var initialWidth = container.width(); var prevWidth; container.css({ width: '', height: '' }); function scale() { var parentWidth = parent.width(); if (parentWidth != prevWidth) { gallery.canvas.scale(parentWidth \/ initialWidth); prevWidth = parentWidth; } } scale(); $(window).resize(scale); } }, '#flgallery-78 .flgallery-altcontent'); } });<\/script><\/div>\n<hr>\n<p><strong>NUORODOS<\/strong><\/p>\n<p><strong>Literat\u016bros k\u016briniai<\/strong><\/p>\n<p>Literat\u016bros k\u016briniai 5\u20138 kl. \u2013&nbsp;&nbsp;<a href=\"https:\/\/ebiblioteka.mkp.emokykla.lt\/\">https:\/\/ebiblioteka.mkp.emokykla.lt\/<\/a><\/p>\n<p>Lietuvi\u0173 kalbos ir literat\u016bros chrestomatija 11\u201312 kl. \u2013 <a href=\"https:\/\/sodas.ugdome.lt\/mokymo-priemones\/19600\">https:\/\/sodas.ugdome.lt\/mokymo-priemones\/19600<\/a><\/p>\n<p>Lietuvi\u0173 literat\u016bros ir istorijos \u0161altiniai \u2013 <a href=\"http:\/\/\u0161altiniai.info\">http:\/\/\u0161altiniai.info<\/a>&nbsp;<\/p>\n<p>Klasikin\u0117s lietuvi\u0173 literat\u016bros antologija \u2013 <a href=\"http:\/\/antologija.lt\">http:\/\/antologija.lt<\/a><\/p>\n<p>\u0160iuolaikin\u0117s lietuvi\u0173 literat\u016bros antologija \u2013 <a href=\"http:\/\/www.tekstai.lt\">www.tekstai.lt<\/a><\/p>\n<p>Skaitymo skatinimo programa \u2013 <a href=\"http:\/\/www.skaitymometai.lt\">www.skaitymometai.lt<\/a><\/p>\n<p><strong>Bibliotekos ir bibliotek\u0173 katalogai<\/strong><\/p>\n<p>Lietuvos integrali bibliotek\u0173 informacijos sistema \u2013 &nbsp;<a href=\"https:\/\/ibiblioteka.lt\/\">https:\/\/ibiblioteka.lt<\/a><\/p>\n<p>Lietuvos skaitmeninto kult\u016bros paveldo portalas \u2013 &nbsp;<a href=\"http:\/\/www.epaveldas.lt\">www.epaveldas.lt<\/a><\/p>\n<p>Lietuvos akademin\u0117 elektronin\u0117 biblioteka eLABa \u2013 <a href=\"http:\/\/www.lvb.lt\/\">www.lvb.lt<\/a><\/p>\n<p>Lietuvos akademin\u0117s bibliotekos \u2013&nbsp; <a href=\"https:\/\/aleph.library.lt\/\">https:\/\/aleph.library.lt<\/a><\/p>\n<p>Vilniaus universiteto bibliotekos katalogas \u2013&nbsp; <a href=\"https:\/\/biblioteka.vu.lt\/\">https:\/\/biblioteka.vu.lt<\/a><\/p>\n<p>Lietuvos moksl\u0173 akademijos Vrublevski\u0173 bibliotekos katalogai \u2013 <a href=\"https:\/\/vb.mab.lt\">https:\/\/vb.mab.lt<\/a><\/p>\n<p>Lietuvos nacionalin\u0117 Martyno Ma\u017evydo biblioteka \u2013&nbsp;<a href=\"http:\/\/www.lnb.lt\/\">www.lnb.lt<\/a><\/p>\n<p>Lietuvos moksl\u0173 akademijos Vrublevski\u0173 biblioteka \u2013 <a href=\"http:\/\/www.mab.lt\">www.mab.lt<\/a><\/p>\n<p>Vilniaus apskrities Adomo Mickevi\u010diaus vie\u0161oji biblioteka \u2013&nbsp;<a href=\"http:\/\/www.amb.lt\/\">www.amb.lt<\/a><\/p>\n<p>Vilniaus rajono savivaldyb\u0117s centrin\u0117 biblioteka \u2013&nbsp; <a href=\"https:\/\/vrscb.lt\/\">https:\/\/vrscb.lt<\/a>&nbsp;&nbsp;<\/p>\n<p><strong>\u0160vietimas<\/strong><\/p>\n<p>Vaik\u0173 linija. Be paty\u010di\u0173 \u2013&nbsp;<a href=\"http:\/\/www.bepatyciu.lt\/\">www.bepatyciu.lt<\/a><\/p>\n<p>\u0160vietimo portalas emokykla \u2013 <a href=\"http:\/\/www.emokykla.lt\">www.emokykla.lt<\/a><\/p>\n<p>Nacionalin\u0117 \u0161vietimo agent\u016bra \u2013 <a href=\"http:\/\/www.nsa.smm.lt\">www.nsa.smm.lt<\/a><\/p>\n<p>Brandos egzaminai: <a href=\"http:\/\/www.nsa.smm.lt\/stebesenos-ir-vertinimo-departamentas\/pasiekimu-patikrinimai\/brandos-egzaminai\/\">www.nsa.smm.lt\/stebesenos-ir-vertinimo-departamentas\/pasiekimu-patikrinimai\/brandos-egzaminai\/<\/a><\/p>\n<p>PUPP: <a href=\"http:\/\/www.nsa.smm.lt\/stebesenos-ir-vertinimo-departamentas\/pasiekimu-patikrinimai\/pupp\/\">www.nsa.smm.lt\/stebesenos-ir-vertinimo-departamentas\/pasiekimu-patikrinimai\/pupp\/<\/a><\/p>\n<p>NMPP: <a href=\"http:\/\/www.nsa.smm.lt\/stebesenos-ir-vertinimo-departamentas\/pasiekimu-patikrinimai\/nmpp\/\">www.nsa.smm.lt\/stebesenos-ir-vertinimo-departamentas\/pasiekimu-patikrinimai\/nmpp\/<\/a><\/p>\n<p>Nacionalinis egzamin\u0173 centras \u2013 <a href=\"http:\/\/www.egzaminai.lt\">www.egzaminai.lt<\/a><\/p>\n<p>Atvira informavimo, konsultavimo ir orientavimo sistema \u2013 <a href=\"http:\/\/www.aikos.smm.lt\">www.aikos.smm.lt<\/a><\/p>\n<p>Vadov\u0117li\u0173 duomen\u0173 baz\u0117 \u2013 <a href=\"http:\/\/www.emokykla.lt\/bendrasis\/vadoveliai\/vadoveliu-duomenu-baze\">www.emokykla.lt\/bendrasis\/vadoveliai\/vadoveliu-duomenu-baze<\/a><\/p>\n<p>\u0160vietimo, mokslo&nbsp;ir sporto&nbsp;ministerija \u2013&nbsp;<a href=\"https:\/\/smsm.lrv.lt\/\">https:\/\/smsm.lrv.lt<\/a><\/p>\n<p>Teis\u0117s akt\u0173 registras \u2013 <a href=\"http:\/\/www.e-tar.lt\">www.e-tar.lt<\/a><\/p>\n<p>Vilniaus rajono savivaldyb\u0117 \u2013&nbsp;<a href=\"http:\/\/www.vrsa.lt\/svietimas\/133\">www.vrsa.lt\/svietimas\/133<\/a><\/p>\n<div id=\"wp_fb_like_button\" style=\"margin:5px 0;float:none;height:100px;\"><script src=\"http:\/\/connect.facebook.net\/en_US\/all.js#xfbml=1\"><\/script><fb:like href=\"https:\/\/www.lavoriskes.vilniausr.lm.lt\/?page_id=801\" send=\"true\" layout=\"standard\" width=\"450\" show_faces=\"true\" font=\"arial\" action=\"like\" colorscheme=\"light\"><\/fb:like><\/div>","protected":false},"excerpt":{"rendered":"<p>Bibliotekos darbo laikas: Skaitmeninio ugdymo turinio k\u016brimas ir diegimas 2023 m. mokykla \u012fsigijo \u0161iuos vadov\u0117lius Bibliotekos fondas: Informaciniai leidiniai (enciklopedijos, \u017einynai, \u017eodynai ir kt.); Vaik\u0173 literat\u016bra; Programin\u0117 lietuvi\u0173, lenk\u0173 \/ rus\u0173 literat\u016bra; Mokslo populiarinimo literat\u016bra; Skaitmenin\u0117s mokymo(si) programos; Pedagogin\u0117 metodin\u0117 &hellip; <a href=\"https:\/\/www.lavoriskes.vilniausr.lm.lt\/?page_id=801\">Skaitykite toliau <span class=\"meta-nav\">&rarr;<\/span><\/a><\/p>\n","protected":false},"author":2,"featured_media":0,"parent":9201,"menu_order":2,"comment_status":"closed","ping_status":"open","template":"","meta":{"ngg_post_thumbnail":0,"footnotes":""},"class_list":["post-801","page","type-page","status-publish","hentry"],"_links":{"self":[{"href":"https:\/\/www.lavoriskes.vilniausr.lm.lt\/index.php?rest_route=\/wp\/v2\/pages\/801","targetHints":{"allow":["GET"]}}],"collection":[{"href":"https:\/\/www.lavoriskes.vilniausr.lm.lt\/index.php?rest_route=\/wp\/v2\/pages"}],"about":[{"href":"https:\/\/www.lavoriskes.vilniausr.lm.lt\/index.php?rest_route=\/wp\/v2\/types\/page"}],"author":[{"embeddable":true,"href":"https:\/\/www.lavoriskes.vilniausr.lm.lt\/index.php?rest_route=\/wp\/v2\/users\/2"}],"replies":[{"embeddable":true,"href":"https:\/\/www.lavoriskes.vilniausr.lm.lt\/index.php?rest_route=%2Fwp%2Fv2%2Fcomments&post=801"}],"version-history":[{"count":35,"href":"https:\/\/www.lavoriskes.vilniausr.lm.lt\/index.php?rest_route=\/wp\/v2\/pages\/801\/revisions"}],"predecessor-version":[{"id":805,"href":"https:\/\/www.lavoriskes.vilniausr.lm.lt\/index.php?rest_route=\/wp\/v2\/pages\/801\/revisions\/805"}],"up":[{"embeddable":true,"href":"https:\/\/www.lavoriskes.vilniausr.lm.lt\/index.php?rest_route=\/wp\/v2\/pages\/9201"}],"wp:attachment":[{"href":"https:\/\/www.lavoriskes.vilniausr.lm.lt\/index.php?rest_route=%2Fwp%2Fv2%2Fmedia&parent=801"}],"curies":[{"name":"wp","href":"https:\/\/api.w.org\/{rel}","templated":true}]}}