{"id":75,"date":"2010-05-20T00:24:46","date_gmt":"2010-05-19T21:24:46","guid":{"rendered":"http:\/\/www2004.vu.lt\/?page_id=75"},"modified":"2026-02-12T09:29:21","modified_gmt":"2026-02-12T07:29:21","slug":"kontaktai","status":"publish","type":"page","link":"https:\/\/www.lavoriskes.vilniausr.lm.lt\/?page_id=75","title":{"rendered":"Strukt\u016bra ir kontaktai"},"content":{"rendered":"<p><!--\n\n\n<div mce_tmp=\"1\">\n\n<! \/* Font Definitions *\/ @font-face {font-family:Tahoma; panose-1:2 11 6 4 3 5 4 4 2 4; mso-font-charset:186; mso-generic-font-family:swiss; mso-font-pitch:variable; mso-font-signature:1627421319 -2147483648 8 0 66047 0;} \/* Style Definitions *\/ p.MsoNormal, li.MsoNormal, div.MsoNormal {mso-style-parent:\"\"; margin:0cm; margin-bottom:.0001pt; mso-pagination:widow-orphan; font-size:12.0pt; font-family:\"Times New Roman\"; mso-fareast-font-family:\"Times New Roman\";} p.Diagrama, li.Diagrama, div.Diagrama {mso-style-name:Diagrama; mso-style-link:\"Numatytasis pastraipos \u0161riftas\"; margin-top:0cm; margin-right:0cm; margin-bottom:8.0pt; margin-left:0cm; text-align:justify; line-height:12.0pt; mso-line-height-rule:exactly; mso-pagination:none; mso-layout-grid-align:none; font-size:10.0pt; font-family:Tahoma; mso-fareast-font-family:\"Times New Roman\"; mso-bidi-font-family:\"Times New Roman\"; mso-ansi-language:EN-US; mso-fareast-language:EN-US;} @page Section1 {size:612.0pt 792.0pt; margin:3.0cm 1.0cm 2.0cm 3.0cm; mso-header-margin:1.0cm; mso-footer-margin:1.0cm; mso-paper-source:0;} div.Section1 {page:Section1;} --><\/p>\n<p class=\"MsoNormal\"><span style=\"font-family: Arial; font-size: large;\"><strong><span style=\"font-family: Courier New; font-size: medium;\">Vilniaus r. Lavori\u0161ki\u0173 Stepono Batoro gimnazija<\/span><\/strong><\/span><\/p>\n<p class=\"MsoNormal\">&nbsp;Direktor\u0117 interesantus priima pirmadieniais-ketvitadieniais, nuo 8.00 iki 17.00 val. (pageidautina i\u0161 anksto susitarti).<\/p>\n<p class=\"MsoNormal\"><span style=\"font-size: medium;\">Adresas:<\/span><\/p>\n<p class=\"MsoNormal\"><span style=\"font-size: medium;\">Vilniaus g. 7, Lavori\u0161k\u0117s, Vilniaus r. sav. LT-15232<\/span><\/p>\n<p class=\"MsoNormal\"><span style=\"font-size: medium;\">Kodas 191315448<\/span><\/p>\n<p class=\"MsoNormal\"><span style=\"font-size: medium;\">tel\/faks. +37052494823<\/span><\/p>\n<p class=\"MsoNormal\"><a href=\"http:\/\/www2004.vu.lt\/wp-content\/uploads\/2010\/05\/mail21.gif\"><img loading=\"lazy\" decoding=\"async\" class=\"alignleft size-full wp-image-87\" title=\"mail2\" src=\"http:\/\/www2004.vu.lt\/wp-content\/uploads\/2010\/05\/mail21.gif\" alt=\"mail2\" width=\"62\" height=\"34\"><\/a><\/p>\n<p class=\"MsoNormal\"><strong>Gimnazijos el. pa\u0161tas:<\/strong>&nbsp;<a href=\"mailto:info@lavoriskes.vilniausr.lm.lt\" target=\"_blank\" rel=\"noopener\">info@lavoriskes.vilniausr.lm.<wbr>lt<\/a><\/p>\n<p>&nbsp;<\/p>\n<div id=\"wp_fb_like_button\" style=\"margin:5px 0;float:none;height:100px;\"><script src=\"http:\/\/connect.facebook.net\/en_US\/all.js#xfbml=1\"><\/script><fb:like href=\"https:\/\/www.lavoriskes.vilniausr.lm.lt\/?page_id=75\" send=\"true\" layout=\"standard\" width=\"450\" show_faces=\"true\" font=\"arial\" action=\"like\" colorscheme=\"light\"><\/fb:like><\/div>","protected":false},"excerpt":{"rendered":"<p>Vilniaus r. Lavori\u0161ki\u0173 Stepono Batoro gimnazija &nbsp;Direktor\u0117 interesantus priima pirmadieniais-ketvitadieniais, nuo 8.00 iki 17.00 val. (pageidautina i\u0161 anksto susitarti). Adresas: Vilniaus g. 7, Lavori\u0161k\u0117s, Vilniaus r. sav. LT-15232 Kodas 191315448 tel\/faks. +37052494823 Gimnazijos el. pa\u0161tas:&nbsp;info@lavoriskes.vilniausr.lm.lt &nbsp;<\/p>\n","protected":false},"author":1,"featured_media":0,"parent":0,"menu_order":0,"comment_status":"closed","ping_status":"closed","template":"","meta":{"ngg_post_thumbnail":0,"footnotes":""},"class_list":["post-75","page","type-page","status-publish","hentry"],"_links":{"self":[{"href":"https:\/\/www.lavoriskes.vilniausr.lm.lt\/index.php?rest_route=\/wp\/v2\/pages\/75","targetHints":{"allow":["GET"]}}],"collection":[{"href":"https:\/\/www.lavoriskes.vilniausr.lm.lt\/index.php?rest_route=\/wp\/v2\/pages"}],"about":[{"href":"https:\/\/www.lavoriskes.vilniausr.lm.lt\/index.php?rest_route=\/wp\/v2\/types\/page"}],"author":[{"embeddable":true,"href":"https:\/\/www.lavoriskes.vilniausr.lm.lt\/index.php?rest_route=\/wp\/v2\/users\/1"}],"replies":[{"embeddable":true,"href":"https:\/\/www.lavoriskes.vilniausr.lm.lt\/index.php?rest_route=%2Fwp%2Fv2%2Fcomments&post=75"}],"version-history":[{"count":32,"href":"https:\/\/www.lavoriskes.vilniausr.lm.lt\/index.php?rest_route=\/wp\/v2\/pages\/75\/revisions"}],"predecessor-version":[{"id":12600,"href":"https:\/\/www.lavoriskes.vilniausr.lm.lt\/index.php?rest_route=\/wp\/v2\/pages\/75\/revisions\/12600"}],"wp:attachment":[{"href":"https:\/\/www.lavoriskes.vilniausr.lm.lt\/index.php?rest_route=%2Fwp%2Fv2%2Fmedia&parent=75"}],"curies":[{"name":"wp","href":"https:\/\/api.w.org\/{rel}","templated":true}]}}