{"id":7251,"date":"2018-10-09T14:38:22","date_gmt":"2018-10-09T11:38:22","guid":{"rendered":"http:\/\/www.lavoriskes.vilniausr.lm.lt\/?page_id=7251"},"modified":"2024-10-14T13:32:13","modified_gmt":"2024-10-14T10:32:13","slug":"pailgintos-dienos-grupe","status":"publish","type":"page","link":"https:\/\/www.lavoriskes.vilniausr.lm.lt\/?page_id=7251","title":{"rendered":"Pailgintos dienos grup\u0117"},"content":{"rendered":"<p><strong>1 \u2013 4 klasi\u0173 mokini\u0173 pailgintos dienos grup\u0117s grafikas<\/strong><\/p>\n<table>\n<tbody>\n<tr>\n<td width=\"321\"><strong>Laikas <\/strong><\/td>\n<td width=\"321\"><strong>Veikla <\/strong><\/td>\n<\/tr>\n<tr>\n<td width=\"321\">12.45 \u2013 13.30<\/td>\n<td width=\"321\">Poilsis klas\u0117je, kieme (priklausomai nuo oro s\u0105lyg\u0173)<\/td>\n<\/tr>\n<tr>\n<td width=\"321\">13.30 \u2013 13.45<\/td>\n<td width=\"321\">Piet\u016bs<\/td>\n<\/tr>\n<tr>\n<td width=\"321\">13.45 \u2013 14.15<\/td>\n<td width=\"321\">Nam\u0173 darb\u0173 ruo\u0161imas<\/td>\n<\/tr>\n<tr>\n<td width=\"321\">14.15 \u2013 14.30<\/td>\n<td width=\"321\">U\u017esi\u0117mimai pagal poreikius<\/td>\n<\/tr>\n<tr>\n<td width=\"321\">14.30 \u2013 15.30<\/td>\n<td width=\"321\">Apibendrinimas<\/td>\n<\/tr>\n<\/tbody>\n<\/table>\n<p>Pailgintos dienos grup\u0117s mokytojos:<\/p>\n<p>Dorota Sidorovi\u010d, pradinio ugdymo mokytoja<\/p>\n<div id=\"wp_fb_like_button\" style=\"margin:5px 0;float:none;height:100px;\"><script src=\"http:\/\/connect.facebook.net\/en_US\/all.js#xfbml=1\"><\/script><fb:like href=\"https:\/\/www.lavoriskes.vilniausr.lm.lt\/?page_id=7251\" send=\"true\" layout=\"standard\" width=\"450\" show_faces=\"true\" font=\"arial\" action=\"like\" colorscheme=\"light\"><\/fb:like><\/div>","protected":false},"excerpt":{"rendered":"<p>1 \u2013 4 klasi\u0173 mokini\u0173 pailgintos dienos grup\u0117s grafikas Laikas Veikla 12.45 \u2013 13.30 Poilsis klas\u0117je, kieme (priklausomai nuo oro s\u0105lyg\u0173) 13.30 \u2013 13.45 Piet\u016bs 13.45 \u2013 14.15 Nam\u0173 darb\u0173 ruo\u0161imas 14.15 \u2013 14.30 U\u017esi\u0117mimai pagal poreikius 14.30 \u2013 15.30 &hellip; <a href=\"https:\/\/www.lavoriskes.vilniausr.lm.lt\/?page_id=7251\">Skaitykite toliau <span class=\"meta-nav\">&rarr;<\/span><\/a><\/p>\n","protected":false},"author":2,"featured_media":0,"parent":9201,"menu_order":3,"comment_status":"closed","ping_status":"closed","template":"","meta":{"ngg_post_thumbnail":0,"footnotes":""},"class_list":["post-7251","page","type-page","status-publish","hentry"],"_links":{"self":[{"href":"https:\/\/www.lavoriskes.vilniausr.lm.lt\/index.php?rest_route=\/wp\/v2\/pages\/7251","targetHints":{"allow":["GET"]}}],"collection":[{"href":"https:\/\/www.lavoriskes.vilniausr.lm.lt\/index.php?rest_route=\/wp\/v2\/pages"}],"about":[{"href":"https:\/\/www.lavoriskes.vilniausr.lm.lt\/index.php?rest_route=\/wp\/v2\/types\/page"}],"author":[{"embeddable":true,"href":"https:\/\/www.lavoriskes.vilniausr.lm.lt\/index.php?rest_route=\/wp\/v2\/users\/2"}],"replies":[{"embeddable":true,"href":"https:\/\/www.lavoriskes.vilniausr.lm.lt\/index.php?rest_route=%2Fwp%2Fv2%2Fcomments&post=7251"}],"version-history":[{"count":5,"href":"https:\/\/www.lavoriskes.vilniausr.lm.lt\/index.php?rest_route=\/wp\/v2\/pages\/7251\/revisions"}],"predecessor-version":[{"id":12428,"href":"https:\/\/www.lavoriskes.vilniausr.lm.lt\/index.php?rest_route=\/wp\/v2\/pages\/7251\/revisions\/12428"}],"up":[{"embeddable":true,"href":"https:\/\/www.lavoriskes.vilniausr.lm.lt\/index.php?rest_route=\/wp\/v2\/pages\/9201"}],"wp:attachment":[{"href":"https:\/\/www.lavoriskes.vilniausr.lm.lt\/index.php?rest_route=%2Fwp%2Fv2%2Fmedia&parent=7251"}],"curies":[{"name":"wp","href":"https:\/\/api.w.org\/{rel}","templated":true}]}}