{"id":6658,"date":"2018-09-27T14:16:44","date_gmt":"2018-09-27T11:16:44","guid":{"rendered":"http:\/\/www.lavoriskes.vilniausr.lm.lt\/?page_id=6658"},"modified":"2025-11-26T11:28:38","modified_gmt":"2025-11-26T09:28:38","slug":"mokiniams","status":"publish","type":"page","link":"https:\/\/www.lavoriskes.vilniausr.lm.lt\/?page_id=6658","title":{"rendered":"Mokiniams"},"content":{"rendered":"<div>\n<p>Nacionaliniai mokini\u0173 pasiekim\u0173 patikrinimai (NMPP)<\/p>\n<p>Vadovaujantis Lietuvos Respublikos \u0161vietimo, mokslo ir sporto ministro 2021 m. gruod\u017eio 13 d. \u012fsakymu Nr. V-2229 patvirtintu nacionalini\u0173 mokini\u0173 pasiekim\u0173 patikrinim\u0173 organizavimo ir vykdymo tvarkos apra\u0161u, 2022 m. baland\u017eio 1 d. \u2013 gegu\u017e\u0117s 4 d. gimnazijoje organizuojami 4, 6 ir 8 klasi\u0173 mokini\u0173 NMPP.<\/p>\n<p>Daugiau informacijos galite rasti \u010dia: <a href=\"https:\/\/www.nsa.smm.lt\/stebesenos-ir-vertinimo-departamentas\/pasiekimu-patikrinimai\/nmpp\/?fbclid=IwAR2NuB7jukqhMmpraGjVBO5bSXdrJaCrIsWEvOAyg1_EDjHGmv7eXfr8wwg\">https:\/\/www.nsa.smm.lt\/stebesenos-ir-vertinimo-departamentas\/pasiekimu-patikrinimai\/nmpp\/<\/a><\/p>\n<p>Pagrindinio ugdymo pasiekim\u0173 patikrinimas (PUPP)<\/p>\n<p>Vadovaujantis Lietuvos Respublikos \u0161vietimo, mokslo ir sporto ministro 2011 m. gruod\u017eio 30 d. \u012fsakymu Nr. V-2558 patvirtintu pagrindinio ugdymo pasiekim\u0173 patikrinimo organizavimo ir vykdymo tvarkos apra\u0161u, 2022 m. gegu\u017e\u0117s 10-17 d. gimnazijoje organizuojamas IIG klas\u0117s mokini\u0173 PUPP.<\/p>\n<p>Daugiauinformacijosgaliterasti\u010dia: <a href=\"https:\/\/l.facebook.com\/l.php?u=https%3A%2F%2Fwww.nsa.smm.lt%2Fstebesenos-ir-vertinimo-departamentas%2Fpasiekimu-patikrinimai%2Fpupp%2F%3Ffbclid%3DIwAR1YAZR_3TTfQiYwHz_yDLPIbRPeBglVRI0KYqO9X3bQUesU5sbTi_0n5LM&amp;h=AT3Mheua7HC4y8D9DCj7j2p-fQAPyVe5qm7SGlmnnkqC3XWeaiwj-5u64zcatOcBdQ8WXxXLIP4BSWyiS39vcxIDklUbeij1NkXRdKq7vGCcNrgEMCwxfbdWZBWVYztpdwyBXg\">https:\/\/www.nsa.smm.lt\/stebesenos-ir-vertinimo-departamentas\/pasiekimu-patikrinimai\/pupp\/<\/a><\/p>\n<p>Egzaminai<\/p>\n<p>Vadovaujantis Lietuvos Respublikos \u0161vietimo, mokslo ir sporto ministro 2006 m. gruod\u017eio 18 d. \u012fsakymu Nr. ISAK-2391 patvirtintu brandos egzamin\u0173 organizavimo ir vykdymo tvarkos apra\u0161u ir lietuvi\u0173 kalbos ir literat\u016bros \u012fskaitos organizavimo ir vykdymo tvarkos apra\u0161u, organizuojami valstybiniai brandos egzaminai (VBE) ir mokyklinis lietuvi\u0173 kalbos ir literat\u016bros egzaminas (MBE) Daugiau informacijos galite rasti \u010dia: <a href=\"https:\/\/www.nsa.smm.lt\/stebesenos-ir-vertinimo-departamentas\/pasiekimu-patikrinimai\/brandos-egzaminai\/?fbclid=IwAR1tFZBPyZTbW_976P8CDLRReRb2r8htk3ylfUeHsBwOCg23iEcCQGhzZls\">https:\/\/www.nsa.smm.lt\/stebesenos-ir-vertinimo-departamentas\/pasiekimu-patikrinimai\/brandos-egzaminai\/<\/a><\/p>\n<\/div>\n<p><a href=\"http:\/\/www.lavoriskes.vilniausr.lm.lt\/wp-content\/uploads\/2025\/10\/UGDYMO-PROCESO-ORGANIZAVIMAS-2025-2026.pdf\">Ugdymo proceso organizavimas 2025-2026<\/a><\/p>\n<p><a href=\"https:\/\/www.e-tar.lt\/rs\/legalact\/17c895c003dd11ec9f09e7df20500045\/format\/MSO2010_DOCX\/\" target=\"_blank\" rel=\"noopener noreferrer\" data-saferedirecturl=\"https:\/\/www.google.com\/url?q=https:\/\/www.e-tar.lt\/rs\/legalact\/17c895c003dd11ec9f09e7df20500045\/format\/MSO2010_DOCX\/&amp;source=gmail&amp;ust=1634878258806000&amp;usg=AFQjCNGxSgv-DRtK1KSh2Bse7wEhIcVH2A\">2021\u20132022 MOKSLO MET\u0172 LIETUVI\u0172 KALBOS IR LITERAT\u016aROS \u012eSKAITOS IR BRANDOS EGZAMIN\u0172 TVARKARA\u0160\u010cIAI<\/a><\/p>\n<p><a href=\"https:\/\/www.e-tar.lt\/rs\/legalact\/00a2d59003dd11ec9f09e7df20500045\/format\/MSO2010_DOCX\/\" target=\"_blank\" rel=\"noopener noreferrer\" data-saferedirecturl=\"https:\/\/www.google.com\/url?q=https:\/\/www.e-tar.lt\/rs\/legalact\/00a2d59003dd11ec9f09e7df20500045\/format\/MSO2010_DOCX\/&amp;source=gmail&amp;ust=1634878258806000&amp;usg=AFQjCNEsw4ayx6XhMwW-muV5Hx0mJd8NPA\">2021\u20132022 MOKSLO MET\u0172 PAGRINDINIO UGDYMO PASIEKIM\u0172 PATIKRINIMO TVARKARA\u0160TIS IR VYKDYMO B\u016aDAI<\/a><\/p>\n<p>Korona stop : <a href=\"https:\/\/koronastop.lrv.lt\/\" target=\"_blank\" rel=\"noopener noreferrer\" data-saferedirecturl=\"https:\/\/www.google.com\/url?q=https:\/\/koronastop.lrv.lt\/&amp;source=gmail&amp;ust=1624005415373000&amp;usg=AFQjCNED6v42TQr5FjPHZ8ZgPLw6ugL1Bg\">https:\/\/koronastop.lrv.lt\/<\/a><\/p>\n<p><a href=\"https:\/\/www.nsa.smm.lt\/2021\/04\/19\/pries-desimtoku-pasiekimu-patikrinima-kas-naujo-ir-ka-svarbu-zinoti-siais-metais\/\">PRIE\u0160 DE\u0160IMTOK\u0172 PASIEKIM\u0172 PATIKRINIM\u0104 \u2013 KAS NAUJO IR K\u0104 SVARBU \u017dINOTI \u0160IAIS METAIS<\/a><\/p>\n<p><a href=\"http:\/\/www.lavoriskes.vilniausr.lm.lt\/wp-content\/uploads\/2021\/04\/PUPP-atmintine.pdf\">PUPP-atmintine<\/a><\/p>\n<p style=\"text-align: justify;\">Atsi\u017evelgiant \u012f \u0161alies epidemiologin\u0119 situacij\u0105 ir Sveikatos apsaugos ministerijos patvirtintus reikalavimus gimnazijoje maksimaliai laikomasi numatyt\u0173 saugos priemoni\u0173, tod\u0117l mokiniams ugdymo proceso metu &nbsp;grie\u017etai draud\u017eiama i\u0161eiti u\u017e gimnazijos teritorijos rib\u0173, o pa\u0161aliniams asmenims, nesusijusiems su ugdymo procesu gimnazijoje lankytis draud\u017eiama.<\/p>\n<p><a href=\"http:\/\/www.lavoriskes.vilniausr.lm.lt\/wp-content\/uploads\/2020\/08\/UNIFORMA.pdf\">D\u0117l uniformos<\/a><\/p>\n<p><a href=\"http:\/\/vilniausppt.lt\/2020\/04\/15\/kaip-pasiruosti-egzaminams-atmintine-moksleiviams-ir-ju-tevams\/?fbclid=IwAR1TmoIKF59YiAiPXZ7SGDAfCD3btM-CDCDrg1hSUxxpYSmQNLYPL0gOJqM\">Kaip pasiruo\u0161ti egzaminams?<\/a><\/p>\n<p><a href=\"http:\/\/www.lavoriskes.vilniausr.lm.lt\/wp-content\/uploads\/2025\/11\/gimnazijos-mokiniu-elgesio-taisykles.pdf\">MOKINI\u0172 ELGESIO TAISYKL\u0116S<\/a><\/p>\n<p>&nbsp;<\/p>\n<div id=\"wp_fb_like_button\" style=\"margin:5px 0;float:none;height:100px;\"><script src=\"http:\/\/connect.facebook.net\/en_US\/all.js#xfbml=1\"><\/script><fb:like href=\"https:\/\/www.lavoriskes.vilniausr.lm.lt\/?page_id=6658\" send=\"true\" layout=\"standard\" width=\"450\" show_faces=\"true\" font=\"arial\" action=\"like\" colorscheme=\"light\"><\/fb:like><\/div>","protected":false},"excerpt":{"rendered":"<p>Nacionaliniai mokini\u0173 pasiekim\u0173 patikrinimai (NMPP) Vadovaujantis Lietuvos Respublikos \u0161vietimo, mokslo ir sporto ministro 2021 m. gruod\u017eio 13 d. \u012fsakymu Nr. V-2229 patvirtintu nacionalini\u0173 mokini\u0173 pasiekim\u0173 patikrinim\u0173 organizavimo ir vykdymo tvarkos apra\u0161u, 2022 m. baland\u017eio 1 d. \u2013 gegu\u017e\u0117s 4 d. &hellip; <a href=\"https:\/\/www.lavoriskes.vilniausr.lm.lt\/?page_id=6658\">Skaitykite toliau <span class=\"meta-nav\">&rarr;<\/span><\/a><\/p>\n","protected":false},"author":2,"featured_media":0,"parent":0,"menu_order":13,"comment_status":"closed","ping_status":"closed","template":"","meta":{"ngg_post_thumbnail":0,"footnotes":""},"class_list":["post-6658","page","type-page","status-publish","hentry"],"_links":{"self":[{"href":"https:\/\/www.lavoriskes.vilniausr.lm.lt\/index.php?rest_route=\/wp\/v2\/pages\/6658","targetHints":{"allow":["GET"]}}],"collection":[{"href":"https:\/\/www.lavoriskes.vilniausr.lm.lt\/index.php?rest_route=\/wp\/v2\/pages"}],"about":[{"href":"https:\/\/www.lavoriskes.vilniausr.lm.lt\/index.php?rest_route=\/wp\/v2\/types\/page"}],"author":[{"embeddable":true,"href":"https:\/\/www.lavoriskes.vilniausr.lm.lt\/index.php?rest_route=\/wp\/v2\/users\/2"}],"replies":[{"embeddable":true,"href":"https:\/\/www.lavoriskes.vilniausr.lm.lt\/index.php?rest_route=%2Fwp%2Fv2%2Fcomments&post=6658"}],"version-history":[{"count":36,"href":"https:\/\/www.lavoriskes.vilniausr.lm.lt\/index.php?rest_route=\/wp\/v2\/pages\/6658\/revisions"}],"predecessor-version":[{"id":12588,"href":"https:\/\/www.lavoriskes.vilniausr.lm.lt\/index.php?rest_route=\/wp\/v2\/pages\/6658\/revisions\/12588"}],"wp:attachment":[{"href":"https:\/\/www.lavoriskes.vilniausr.lm.lt\/index.php?rest_route=%2Fwp%2Fv2%2Fmedia&parent=6658"}],"curies":[{"name":"wp","href":"https:\/\/api.w.org\/{rel}","templated":true}]}}