{"id":6567,"date":"2018-09-18T12:20:41","date_gmt":"2018-09-18T09:20:41","guid":{"rendered":"http:\/\/www.lavoriskes.vilniausr.lm.lt\/?page_id=6567"},"modified":"2022-12-08T14:33:30","modified_gmt":"2022-12-08T12:33:30","slug":"darbo-taryba","status":"publish","type":"page","link":"https:\/\/www.lavoriskes.vilniausr.lm.lt\/?page_id=6567","title":{"rendered":"Darbo taryba"},"content":{"rendered":"<p><em><strong>Pirminink\u0117 \u2013<\/strong><\/em>&nbsp;Ana Burbo, lenk\u0173 kalbos mokytoja metodinink\u0117<\/p>\n<p><em><strong>Sekretorius \u2013&nbsp;<\/strong><\/em>Me\u010dislav Podleckij, informacini\u0173 technologij\u0173 vyresnysis mokytojas<\/p>\n<p><em><strong>&nbsp;<\/strong><\/em><em><strong>Nariai: <\/strong><\/em>Irena Grablevska<\/p>\n<p><a href=\"http:\/\/www.lavoriskes.vilniausr.lm.lt\/wp-content\/uploads\/2020\/03\/Darbo-tarybos-darbo-reglamentas_lavoriskiu.pdf\">Darbo tarybos reglamentas<\/a><\/p>\n<div id=\"wp_fb_like_button\" style=\"margin:5px 0;float:none;height:100px;\"><script src=\"http:\/\/connect.facebook.net\/en_US\/all.js#xfbml=1\"><\/script><fb:like href=\"https:\/\/www.lavoriskes.vilniausr.lm.lt\/?page_id=6567\" send=\"true\" layout=\"standard\" width=\"450\" show_faces=\"true\" font=\"arial\" action=\"like\" colorscheme=\"light\"><\/fb:like><\/div>","protected":false},"excerpt":{"rendered":"<p>Pirminink\u0117 \u2013&nbsp;Ana Burbo, lenk\u0173 kalbos mokytoja metodinink\u0117 Sekretorius \u2013&nbsp;Me\u010dislav Podleckij, informacini\u0173 technologij\u0173 vyresnysis mokytojas &nbsp;Nariai: Irena Grablevska Darbo tarybos reglamentas<\/p>\n","protected":false},"author":2,"featured_media":0,"parent":9224,"menu_order":3,"comment_status":"closed","ping_status":"closed","template":"","meta":{"ngg_post_thumbnail":0,"footnotes":""},"class_list":["post-6567","page","type-page","status-publish","hentry"],"_links":{"self":[{"href":"https:\/\/www.lavoriskes.vilniausr.lm.lt\/index.php?rest_route=\/wp\/v2\/pages\/6567","targetHints":{"allow":["GET"]}}],"collection":[{"href":"https:\/\/www.lavoriskes.vilniausr.lm.lt\/index.php?rest_route=\/wp\/v2\/pages"}],"about":[{"href":"https:\/\/www.lavoriskes.vilniausr.lm.lt\/index.php?rest_route=\/wp\/v2\/types\/page"}],"author":[{"embeddable":true,"href":"https:\/\/www.lavoriskes.vilniausr.lm.lt\/index.php?rest_route=\/wp\/v2\/users\/2"}],"replies":[{"embeddable":true,"href":"https:\/\/www.lavoriskes.vilniausr.lm.lt\/index.php?rest_route=%2Fwp%2Fv2%2Fcomments&post=6567"}],"version-history":[{"count":3,"href":"https:\/\/www.lavoriskes.vilniausr.lm.lt\/index.php?rest_route=\/wp\/v2\/pages\/6567\/revisions"}],"predecessor-version":[{"id":11721,"href":"https:\/\/www.lavoriskes.vilniausr.lm.lt\/index.php?rest_route=\/wp\/v2\/pages\/6567\/revisions\/11721"}],"up":[{"embeddable":true,"href":"https:\/\/www.lavoriskes.vilniausr.lm.lt\/index.php?rest_route=\/wp\/v2\/pages\/9224"}],"wp:attachment":[{"href":"https:\/\/www.lavoriskes.vilniausr.lm.lt\/index.php?rest_route=%2Fwp%2Fv2%2Fmedia&parent=6567"}],"curies":[{"name":"wp","href":"https:\/\/api.w.org\/{rel}","templated":true}]}}