{"id":59,"date":"2010-05-19T23:20:18","date_gmt":"2010-05-19T20:20:18","guid":{"rendered":"http:\/\/www2004.vu.lt\/?page_id=59"},"modified":"2016-11-16T14:59:34","modified_gmt":"2016-11-16T12:59:34","slug":"historia-szkoly","status":"publish","type":"page","link":"https:\/\/www.lavoriskes.vilniausr.lm.lt\/?page_id=59&amp;lang=pl","title":{"rendered":"Historia szko\u0142y"},"content":{"rendered":"<p style=\"text-align: justify;\">Wed\u0142ug zachowanych \u017ar\u00f3de\u0142 historycznych dzieje szkolnictwa w \u0141awaryszkach si\u0119gaj\u0105 ko\u0144ca<\/p>\n<p style=\"text-align: justify;\">XIX wieku. Oficjaln\u0105 dat\u0105 za\u0142o\u017cenia szko\u0142y w \u0141awaryszkach jest 1899 rok. Pocz\u0105tkowo ona<\/p>\n<p style=\"text-align: justify;\">funkcjonowa\u0142a jako szko\u0142a ludowa, do jej gestii nale\u017ca\u0142o 28 wsi, z kt\u00f3rych dzieci ucz\u0119szcza\u0142y<\/p>\n<p style=\"text-align: justify;\">do tej szko\u0142y. Pierwszym nauczycielem by\u0142 Jan Jurczyk, syn Grzegorza, kt\u00f3ry podj\u0105\u0142 si\u0119 pracy<\/p>\n<p style=\"text-align: justify;\">nauczyciela w tej szkole od 1 wrze\u015bnia 1899 r. Lekcje religii prowadzili \u00f3wcze\u015bni ksi\u0119\u017ca<\/p>\n<p style=\"text-align: justify;\">J\u00f3zef Mironas i W\u0142odzimierz Markiewicz, poniewa\u017c wi\u0119kszo\u015b\u0107 uczni\u00f3w by\u0142a wyznania<\/p>\n<p style=\"text-align: justify;\">rzymsko &#8211; katolickiego. Nauka w szkole odbywa\u0142a si\u0119 w j\u0119zyku rosyjskim.<\/p>\n<p style=\"text-align: justify;\">W pierwszych latach swego istnienia szko\u0142a nie posiada\u0142a w\u0142asnego budynku, lekcje<\/p>\n<p style=\"text-align: justify;\">odbywa\u0142y si\u0119 w prywatnych domach dzier\u017cawionych przez w\u0142adze gminy micku\u0144skiej.<\/p>\n<p style=\"text-align: justify;\">Dopiero w roku 1901 zosta\u0142 zbudowany budynek szkolny o powierzchni 300 st\u00f3p<\/p>\n<p style=\"text-align: justify;\">kwadratowych, na ziemi nale\u017c\u0105cej do szko\u0142y. Budowano j\u0105 ze \u015brodk\u00f3w pa\u0144stwowych oraz<\/p>\n<p style=\"text-align: justify;\">mieszka\u0144c\u00f3w gminy.<\/p>\n<p style=\"text-align: justify;\">Pierwszy budynek szkolny zawiera\u0142 5 pomieszcze\u0144: pok\u00f3j dla nauczyciela, pok\u00f3j sypialny<\/p>\n<p style=\"text-align: justify;\">dla dzieci, kt\u00f3re mia\u0142y trudne warunki i musia\u0142y mieszka\u0107 w szkole, pok\u00f3j do nauczania oraz<\/p>\n<p style=\"text-align: justify;\">pokoje, gdzie przechowywano inwentarz szkolny. Rok szkolny trwa\u0142 od pocz\u0105tku listopada do<\/p>\n<p style=\"text-align: justify;\">ko\u0144ca kwietnia.<\/p>\n<p style=\"text-align: justify;\">Od roku 1919 szko\u0142a zaczyna dzia\u0142a\u0107 jako Publiczna Szko\u0142a Powszechna z polskim j\u0119zykiem<\/p>\n<p style=\"text-align: justify;\">nauczania. Najpierw szko\u0142a jest dwuletnia, nast\u0119pnie &#8211; czteroletnia. Od roku 1932 w szkole<\/p>\n<p style=\"text-align: justify;\">dzia\u0142aj\u0105 trzy klasy. W tym okresie w klasach 3-4 uczy\u0142o si\u0119 12 uczni\u00f3w, a w 1-2 \u2013 23<\/p>\n<p style=\"text-align: justify;\">uczni\u00f3w. W latach 1927- 1939 szko\u0142a nadal si\u0119 rozwija\u0142a, w niej uczy\u0142o si\u0119 ju\u017c 5 klas, og\u00f3\u0142em<\/p>\n<p style=\"text-align: justify;\">116 uczni\u00f3w.<\/p>\n<p class=\"MsoBodyTextFirstIndent\"><img decoding=\"async\" src=\"http:\/\/www2004.vu.lt\/wp-content\/uploads\/2010\/05\/dawna-szkola.jpg\" alt=\"\" align=\"middle\" \/><\/p>\n<p style=\"font-size: 13px; line-height: 20.7999992370605px; text-align: justify;\">W 1937 roku powsta\u0142 nowy drewniany budynek szkolny, w kt\u00f3rym odbywaj\u0105 si\u0119 zaj\u0119cia do<\/p>\n<p style=\"font-size: 13px; line-height: 20.7999992370605px; text-align: justify;\">dnia dzisiejszego.<\/p>\n<p style=\"font-size: 13px; line-height: 20.7999992370605px; text-align: justify;\">15 listopada 1937 roku szko\u0142a zostaje reorganizowana w Publiczn\u0105 Szko\u0142\u0119 Powszechn\u0105 II<\/p>\n<p style=\"font-size: 13px; line-height: 20.7999992370605px; text-align: justify;\">stopnia.<\/p>\n<p style=\"font-size: 13px; line-height: 20.7999992370605px; text-align: justify;\">Do roku 1938 rodzice uczni\u00f3w szko\u0142y pisz\u0105 wnioski z pro\u015bb\u0105 o reorganizacj\u0119 szko\u0142y w szko\u0142\u0119<\/p>\n<p style=\"font-size: 13px; line-height: 20.7999992370605px; text-align: justify;\">powszechn\u0105 III stopnia, tj. szko\u0142\u0119 siedmioletni\u0105.<\/p>\n<p style=\"font-size: 13px; line-height: 20.7999992370605px; text-align: justify;\">Ministerstwo O\u015bwiaty Litwy wyrazi\u0142o zgod\u0119, jednak z powodu wybuchu II wojny \u015bwiatowej<\/p>\n<p style=\"font-size: 13px; line-height: 20.7999992370605px; text-align: justify;\">\u017cadnych zmian nie dokonano.<\/p>\n<p style=\"font-size: 13px; line-height: 20.7999992370605px; text-align: justify;\">Szko\u0142a zosta\u0142a siedmioletni\u0105 dopiero po wojnie, w 1948 roku dzi\u0119ki staraniom komitetu<\/p>\n<p style=\"font-size: 13px; line-height: 20.7999992370605px; text-align: justify;\">rodzicielskiego.<\/p>\n<p style=\"font-size: 13px; line-height: 20.7999992370605px; text-align: justify;\">A od 28 kwietnia 1955 roku szko\u0142a jest \u0141awarysk\u0105 Szko\u0142\u0105 \u015aredni\u0105.<\/p>\n<p style=\"font-size: 13px; line-height: 20.7999992370605px; text-align: justify;\">W 1958 r. \u015bwiadectwa dojrza\u0142o\u015bci otrzymuj\u0105 maturzy\u015bci klasy 11 pierwszej promocji.<\/p>\n<p style=\"font-size: 13px; line-height: 20.7999992370605px; text-align: justify;\">W 1962 roku do szkolnego drewnianego budynku dobudowano 4 klasy z korytarzem. W<\/p>\n<p style=\"font-size: 13px; line-height: 20.7999992370605px; text-align: justify;\">latach 1965- 67 zostaje zbudowany internat, urz\u0105dzono bufet, kuchni\u0119 oraz sal\u0119 sportow\u0105.<\/p>\n<p style=\"font-size: 13px; line-height: 20.7999992370605px; text-align: justify;\">W 1999 r. dzi\u0119ki staraniom samorz\u0105du Rejonu Wile\u0144skiego szko\u0142a otrzymuje pi\u0119kn\u0105<\/p>\n<p style=\"font-size: 13px; line-height: 20.7999992370605px; text-align: justify;\">dobud\u00f3wk\u0119 w postaci 7 klas, biblioteki, sto\u0142\u00f3wki oraz sali sportowej.<\/p>\n<p style=\"font-size: 13px; line-height: 20.7999992370605px; text-align: justify;\">W 2014 roku szko\u0142a wyda\u0142a w \u015bwiat jubileuszow\u0105 50 promocj\u0119 maturzyst\u00f3w.<\/p>\n<p style=\"font-size: 13px; line-height: 20.7999992370605px; text-align: justify;\">24 kwietnia 2015 roku \u0141awaryska Szko\u0142a \u015arednia otrzymuje status gimnazjum.<\/p>\n<p style=\"font-size: 13px; line-height: 20.7999992370605px; text-align: justify;\">27 kwietnia 2016 roku odby\u0142a si\u0119 uroczysta inauguracja Gimnazjum im. Stefana Batorego w \u0141awaryszkach.<\/p>\n<div id=\"wp_fb_like_button\" style=\"margin:5px 0;float:none;height:100px;\"><script src=\"http:\/\/connect.facebook.net\/en_US\/all.js#xfbml=1\"><\/script><fb:like href=\"https:\/\/www.lavoriskes.vilniausr.lm.lt\/?page_id=59&amp;lang=pl\" send=\"true\" layout=\"standard\" width=\"450\" show_faces=\"true\" font=\"arial\" action=\"like\" colorscheme=\"light\"><\/fb:like><\/div>","protected":false},"excerpt":{"rendered":"<p>Wed\u0142ug zachowanych \u017ar\u00f3de\u0142 historycznych dzieje szkolnictwa w \u0141awaryszkach si\u0119gaj\u0105 ko\u0144ca XIX wieku. Oficjaln\u0105 dat\u0105 za\u0142o\u017cenia szko\u0142y w \u0141awaryszkach jest 1899 rok. Pocz\u0105tkowo ona funkcjonowa\u0142a jako szko\u0142a ludowa, do jej gestii nale\u017ca\u0142o 28 wsi, z kt\u00f3rych dzieci ucz\u0119szcza\u0142y do tej szko\u0142y. &hellip; <a href=\"https:\/\/www.lavoriskes.vilniausr.lm.lt\/?page_id=59&amp;lang=pl\">Skaitykite toliau <span class=\"meta-nav\">&rarr;<\/span><\/a><\/p>\n","protected":false},"author":1,"featured_media":0,"parent":697,"menu_order":-1,"comment_status":"closed","ping_status":"closed","template":"","meta":{"ngg_post_thumbnail":0,"footnotes":""},"class_list":["post-59","page","type-page","status-publish","hentry"],"_links":{"self":[{"href":"https:\/\/www.lavoriskes.vilniausr.lm.lt\/index.php?rest_route=\/wp\/v2\/pages\/59","targetHints":{"allow":["GET"]}}],"collection":[{"href":"https:\/\/www.lavoriskes.vilniausr.lm.lt\/index.php?rest_route=\/wp\/v2\/pages"}],"about":[{"href":"https:\/\/www.lavoriskes.vilniausr.lm.lt\/index.php?rest_route=\/wp\/v2\/types\/page"}],"author":[{"embeddable":true,"href":"https:\/\/www.lavoriskes.vilniausr.lm.lt\/index.php?rest_route=\/wp\/v2\/users\/1"}],"replies":[{"embeddable":true,"href":"https:\/\/www.lavoriskes.vilniausr.lm.lt\/index.php?rest_route=%2Fwp%2Fv2%2Fcomments&post=59"}],"version-history":[{"count":10,"href":"https:\/\/www.lavoriskes.vilniausr.lm.lt\/index.php?rest_route=\/wp\/v2\/pages\/59\/revisions"}],"predecessor-version":[{"id":4284,"href":"https:\/\/www.lavoriskes.vilniausr.lm.lt\/index.php?rest_route=\/wp\/v2\/pages\/59\/revisions\/4284"}],"up":[{"embeddable":true,"href":"https:\/\/www.lavoriskes.vilniausr.lm.lt\/index.php?rest_route=\/wp\/v2\/pages\/697"}],"wp:attachment":[{"href":"https:\/\/www.lavoriskes.vilniausr.lm.lt\/index.php?rest_route=%2Fwp%2Fv2%2Fmedia&parent=59"}],"curies":[{"name":"wp","href":"https:\/\/api.w.org\/{rel}","templated":true}]}}