{"id":3506,"date":"2016-02-05T14:58:44","date_gmt":"2016-02-05T12:58:44","guid":{"rendered":"http:\/\/www.lavoriskes.vilniausr.lm.lt\/?page_id=3506"},"modified":"2016-02-05T14:58:44","modified_gmt":"2016-02-05T12:58:44","slug":"srednie-nauczania","status":"publish","type":"page","link":"https:\/\/www.lavoriskes.vilniausr.lm.lt\/?page_id=3506&amp;lang=pl","title":{"rendered":"\u015arednie nauczania"},"content":{"rendered":"<p align=\"center\"><strong>VIDURINIO UGDYMO PROGRAMOS VYKDYMAS<\/strong><\/p>\n<p style=\"text-align: justify;\">Vidurinio ugdymo programa \u012fgyvendinama vadovaujantis Vidurinio ugdymo bendrosiomis programomis, patvirtintomis Lietuvos Respublikos \u0161vietimo ir mokslo ministro 2011 m. vasario 21 d. \u012fsakymu Nr. V-269 (\u017din., 2011, Nr. 26-1283) (toliau \u2013 vidurinio ugdymo bendrosios programos).<\/p>\n<p style=\"text-align: justify;\">Mokykla, vykdydama\u00a0vidurinio ugdymo program\u0105, i\u0161 anksto informuoja mokinius ir j\u0173 t\u0117vus (glob\u0117jus, r\u016bpintojus) apie mokyklos teikiamas ugdymo turinio pasirinkimo galimybes ir padeda mokiniams susidaryti individualius ugdymosi planus dvejiems metams.<\/p>\n<p style=\"text-align: justify;\">Vidurinio ugdymo mokymosi turinys: bendrojo ugdymo branduolys, privalomas ir bendras visiems mokiniams, kurie mokosi pagal vidurinio ugdymo program\u0105. Branduolio apimt\u012f sudaro 60% viso pamok\u0173 laiko. Branduolio paskirtis \u2013 suteikti vidurinio i\u0161silavinimo pagrindus. Apie 40% mokymo turinio mokiniai renkasi laisvai ir susidaro individual\u0173 ugdymosi plan\u0105 pagal mokyklos parengt\u0105 ir patvirtint\u0105 form\u0105 (papildomi branduolio dalykai, dalyk\u0173 i\u0161pl\u0117stiniai kursai, dalyk\u0173 moduliai ir pasirenkamieji dalykai).<\/p>\n<p style=\"text-align: justify;\">Bendruosius ir i\u0161pl\u0117stinius dalyko kursus renkasi savo nuo\u017ei\u016bra, ta\u010diau bendras savaitini\u0173 pamok\u0173 skai\u010dius neturi vir\u0161yti mokinio maksimalaus savaitini\u0173 pamok\u0173 skai\u010diaus. Mokinio pageidavimu, dalyko kursui mokytis gali b\u016bti skiriama ir daugiau pamok\u0173, nei nurodyta bendr\u0173j\u0173 ugdymo plan\u0173 lentel\u0117je.<\/p>\n<p>Mokykla si\u016blo:<\/p>\n<p style=\"text-align: justify;\"><strong>Pasirenkamieji dalykai: <\/strong>informacin\u0117s technologijos, rus\u0173 kalba\u00a0 (A1 \/ A2) (3-oji kalba), angl\u0173 kalba\u00a0 (A1 \/ A2) (3-oji kalba), vokie\u010di\u0173 kalba\u00a0 (A1 \/ A2) (3-oji kalba), psichologija, geopolitika geometrija.<\/p>\n<p style=\"text-align: justify;\"><strong>Dalyk\u0173 moduliai: <\/strong>rus\u0173 gramatikos labirintuose, istorin\u0117s karikat\u016bros ir \u017eem\u0117lapio analiz\u0117, angl\u0173 kalbos gramatikos labirintuose, psichologijos pagrindai, samprotavimo mokymas (gimtoji kalba), lietuvi\u0173 kalbos ra\u0161ybos \u012fg\u016bd\u017ei\u0173 tobulinimas, angl\u0173 kalbos mokymasis skaitant ir ra\u0161ant, rus\u0173 kalbos ra\u0161ymo ir ra\u0161ytin\u0117s, istorijos \u0161altiniai ir analiz\u0117s metodika rai\u0161kos geb\u0117jim\u0173 gilinimas, bendrosios ir organin\u0117s chemijos u\u017edavini\u0173 sprendimas, nestandartini\u0173 ir problemini\u0173 matematini\u0173 u\u017edavini\u0173 sprendimas, ugdymas karjerai \u201ePlanuok savo ateit\u012f\u201c.<\/p>\n<p>Keisti dalyk\u0105, dalyko programos kurs\u0105, dalyko modul\u012f mokinys gali pagal mokyklos parengt\u0105 tvark\u0105.<\/p>\n<p><a href=\"http:\/\/www.lavoriskes.vilniausr.lm.lt\/wp-content\/uploads\/2014\/02\/Vidurinio-ugdymo-apra\u0161as2.pdf\">VIDURINIO UGDYMO PROGRAMOS APRA\u0160O \u012eGYVENDINIMO MOKYKLOJE TVARKA<\/a><\/p>\n<p>Pamok\u0173 paskirstymas 11 \u2013 12 klas\u0117se\u00a0<a href=\"http:\/\/www.lavoriskes.vilniausr.lm.lt\/wp-content\/uploads\/2014\/02\/IIIG-IVG.pdf\" rel=\"\">Vidurinis ugdymas<\/a><\/p>\n<p><a href=\"http:\/\/www.lavoriskes.vilniausr.lm.lt\/wp-content\/uploads\/2014\/02\/lavor.-kurso-keitimo-tvarka.pdf\">DALYKO, KURSO, DALYKO MODULIO, MOK\u0116JIMO LYGIO KEITIMO TVARKA<\/a><\/p>\n<div id=\"wp_fb_like_button\" style=\"margin:5px 0;float:none;height:100px;\"><script src=\"http:\/\/connect.facebook.net\/en_US\/all.js#xfbml=1\"><\/script><fb:like href=\"https:\/\/www.lavoriskes.vilniausr.lm.lt\/?page_id=3506&amp;lang=pl\" send=\"true\" layout=\"standard\" width=\"450\" show_faces=\"true\" font=\"arial\" action=\"like\" colorscheme=\"light\"><\/fb:like><\/div>","protected":false},"excerpt":{"rendered":"<p>VIDURINIO UGDYMO PROGRAMOS VYKDYMAS Vidurinio ugdymo programa \u012fgyvendinama vadovaujantis Vidurinio ugdymo bendrosiomis programomis, patvirtintomis Lietuvos Respublikos \u0161vietimo ir mokslo ministro 2011 m. vasario 21 d. \u012fsakymu Nr. V-269 (\u017din., 2011, Nr. 26-1283) (toliau \u2013 vidurinio ugdymo bendrosios programos). Mokykla, vykdydama\u00a0vidurinio &hellip; <a href=\"https:\/\/www.lavoriskes.vilniausr.lm.lt\/?page_id=3506&amp;lang=pl\">Skaitykite toliau <span class=\"meta-nav\">&rarr;<\/span><\/a><\/p>\n","protected":false},"author":2,"featured_media":0,"parent":1153,"menu_order":3,"comment_status":"closed","ping_status":"closed","template":"","meta":{"ngg_post_thumbnail":0,"footnotes":""},"class_list":["post-3506","page","type-page","status-publish","hentry"],"_links":{"self":[{"href":"https:\/\/www.lavoriskes.vilniausr.lm.lt\/index.php?rest_route=\/wp\/v2\/pages\/3506","targetHints":{"allow":["GET"]}}],"collection":[{"href":"https:\/\/www.lavoriskes.vilniausr.lm.lt\/index.php?rest_route=\/wp\/v2\/pages"}],"about":[{"href":"https:\/\/www.lavoriskes.vilniausr.lm.lt\/index.php?rest_route=\/wp\/v2\/types\/page"}],"author":[{"embeddable":true,"href":"https:\/\/www.lavoriskes.vilniausr.lm.lt\/index.php?rest_route=\/wp\/v2\/users\/2"}],"replies":[{"embeddable":true,"href":"https:\/\/www.lavoriskes.vilniausr.lm.lt\/index.php?rest_route=%2Fwp%2Fv2%2Fcomments&post=3506"}],"version-history":[{"count":1,"href":"https:\/\/www.lavoriskes.vilniausr.lm.lt\/index.php?rest_route=\/wp\/v2\/pages\/3506\/revisions"}],"predecessor-version":[{"id":3507,"href":"https:\/\/www.lavoriskes.vilniausr.lm.lt\/index.php?rest_route=\/wp\/v2\/pages\/3506\/revisions\/3507"}],"up":[{"embeddable":true,"href":"https:\/\/www.lavoriskes.vilniausr.lm.lt\/index.php?rest_route=\/wp\/v2\/pages\/1153"}],"wp:attachment":[{"href":"https:\/\/www.lavoriskes.vilniausr.lm.lt\/index.php?rest_route=%2Fwp%2Fv2%2Fmedia&parent=3506"}],"curies":[{"name":"wp","href":"https:\/\/api.w.org\/{rel}","templated":true}]}}