{"id":3502,"date":"2016-02-05T14:54:15","date_gmt":"2016-02-05T12:54:15","guid":{"rendered":"http:\/\/www.lavoriskes.vilniausr.lm.lt\/?page_id=3502"},"modified":"2016-02-05T14:54:15","modified_gmt":"2016-02-05T12:54:15","slug":"nauczanie-poczatkowe","status":"publish","type":"page","link":"https:\/\/www.lavoriskes.vilniausr.lm.lt\/?page_id=3502&amp;lang=pl","title":{"rendered":"Nauczanie pocz\u0105tkowe"},"content":{"rendered":"<p align=\"center\"><strong>PRADINIO UGDYMO PROGRAMOS VYKDYMAS<\/strong><\/p>\n<p style=\"text-align: justify;\">Pradinio ugdymo programa \u012fgyvendinama pagal Bendr\u0105j\u0105 program\u0105. Mokytojas gali savo nuo\u017ei\u016bra integruoti atskirus mokomuosius dalykus, dirbti integruotai vis\u0105 darbo dien\u0105, kelias dienas, savait\u0119. Mokytojas ar mokytoj\u0173 grup\u0117 renkasi \u0160vietimo ir mokslo ministerijos aprobuotas mokymo priemones (j\u0173 komplektus, sistemas). Papildom\u0105 mokymo med\u017eiag\u0105be norim\u0105 vadov\u0117li\u0173 sistem\u0105 \u00a0mokytojas renkasi savo nuo\u017ei\u016bra. Vis\u0173 dalyk\u0173 moko vienas pradini\u0173 klasi\u0173 mokytojas.<\/p>\n<p>Pradinio ugdymo mokini\u0173 pa\u017eangos vertinimas:<\/p>\n<p style=\"margin-left: 100.8pt;\">\u00b7\u00a0\u00a0\u00a0\u00a0\u00a0\u00a0\u00a0\u00a0 kontroliniai darbai inicijuojami, sudaromi ir vykdomi mokytoj\u0173 (j\u0173\u00a0 grup\u0117s) iniciatyva. J\u0173 paskirtis-\u012fvertinti savo (mokytojo) darbo kokyb\u0119, i\u0161siai\u0161kinti moksleivi\u0173 pasiekimus, numatyti, koki\u0105 pagalb\u0105 reikia suteikti mokiniams;<\/p>\n<p style=\"margin-left: 100.8pt;\">\u00b7\u00a0\u00a0\u00a0\u00a0\u00a0\u00a0\u00a0\u00a0 mokini\u0173 pasiekimams fiksuoti naudojamos \u0160vietimo ir mokslo ministerijos aprobuotos mokini\u0173 pasiekim\u0173 vertinimo knygel\u0117s bei klas\u0117s dienynai;<\/p>\n<p style=\"margin-left: 100.8pt;\">\u00b7\u00a0\u00a0\u00a0\u00a0\u00a0\u00a0\u00a0\u00a0 mokini\u0173 darom\u0105 pa\u017eang\u0105 ar ugdymo(si) sunkumus mokytojas reguliariai aptaria su t\u0117vais ir pa\u010diais mokiniais individuali\u0173 susitikim\u0173 (pagal poreik\u012f, bet ne re\u010diau kaip 2 ar 3 kartus per metus) metu;<\/p>\n<p style=\"margin-left: 100.8pt;\">\u00b7\u00a0\u00a0\u00a0\u00a0\u00a0\u00a0\u00a0\u00a0 baigian\u010di\u0173 4 klas\u0119 mokini\u0173 vis\u0173 dalyk\u0173 pasiekimai \u012fvertinami apra\u0161u, charakteristika pagal i\u0161silavinimo standartus.<\/p>\n<p style=\"text-align: justify;\">Mokyklos mokytoj\u0173 tarybai, mokini\u0173 t\u0117vams pritarus, pradinio ugdymo programa vykdoma pagal nurodyt\u0105 pamok\u0173 skai\u010di\u0173.<\/p>\n<p>Pradinio ugdymo lentel\u0117:<\/p>\n<p><a href=\"http:\/\/www.lavoriskes.vilniausr.lm.lt\/wp-content\/uploads\/2014\/02\/prad-1.jpg\" rel=\"attachment wp-att-3473\"><img loading=\"lazy\" decoding=\"async\" class=\"aligncenter size-full wp-image-3473\" src=\"http:\/\/www.lavoriskes.vilniausr.lm.lt\/wp-content\/uploads\/2014\/02\/prad-1.jpg\" alt=\"prad\" width=\"640\" height=\"407\" srcset=\"https:\/\/www.lavoriskes.vilniausr.lm.lt\/wp-content\/uploads\/2014\/02\/prad-1.jpg 640w, https:\/\/www.lavoriskes.vilniausr.lm.lt\/wp-content\/uploads\/2014\/02\/prad-1-300x191.jpg 300w\" sizes=\"auto, (max-width: 640px) 100vw, 640px\" \/><\/a><\/p>\n<div id=\"wp_fb_like_button\" style=\"margin:5px 0;float:none;height:100px;\"><script src=\"http:\/\/connect.facebook.net\/en_US\/all.js#xfbml=1\"><\/script><fb:like href=\"https:\/\/www.lavoriskes.vilniausr.lm.lt\/?page_id=3502&amp;lang=pl\" send=\"true\" layout=\"standard\" width=\"450\" show_faces=\"true\" font=\"arial\" action=\"like\" colorscheme=\"light\"><\/fb:like><\/div>","protected":false},"excerpt":{"rendered":"<p>PRADINIO UGDYMO PROGRAMOS VYKDYMAS Pradinio ugdymo programa \u012fgyvendinama pagal Bendr\u0105j\u0105 program\u0105. Mokytojas gali savo nuo\u017ei\u016bra integruoti atskirus mokomuosius dalykus, dirbti integruotai vis\u0105 darbo dien\u0105, kelias dienas, savait\u0119. Mokytojas ar mokytoj\u0173 grup\u0117 renkasi \u0160vietimo ir mokslo ministerijos aprobuotas mokymo priemones (j\u0173 &hellip; <a href=\"https:\/\/www.lavoriskes.vilniausr.lm.lt\/?page_id=3502&amp;lang=pl\">Skaitykite toliau <span class=\"meta-nav\">&rarr;<\/span><\/a><\/p>\n","protected":false},"author":2,"featured_media":0,"parent":1153,"menu_order":1,"comment_status":"closed","ping_status":"closed","template":"","meta":{"ngg_post_thumbnail":0,"footnotes":""},"class_list":["post-3502","page","type-page","status-publish","hentry"],"_links":{"self":[{"href":"https:\/\/www.lavoriskes.vilniausr.lm.lt\/index.php?rest_route=\/wp\/v2\/pages\/3502","targetHints":{"allow":["GET"]}}],"collection":[{"href":"https:\/\/www.lavoriskes.vilniausr.lm.lt\/index.php?rest_route=\/wp\/v2\/pages"}],"about":[{"href":"https:\/\/www.lavoriskes.vilniausr.lm.lt\/index.php?rest_route=\/wp\/v2\/types\/page"}],"author":[{"embeddable":true,"href":"https:\/\/www.lavoriskes.vilniausr.lm.lt\/index.php?rest_route=\/wp\/v2\/users\/2"}],"replies":[{"embeddable":true,"href":"https:\/\/www.lavoriskes.vilniausr.lm.lt\/index.php?rest_route=%2Fwp%2Fv2%2Fcomments&post=3502"}],"version-history":[{"count":1,"href":"https:\/\/www.lavoriskes.vilniausr.lm.lt\/index.php?rest_route=\/wp\/v2\/pages\/3502\/revisions"}],"predecessor-version":[{"id":3503,"href":"https:\/\/www.lavoriskes.vilniausr.lm.lt\/index.php?rest_route=\/wp\/v2\/pages\/3502\/revisions\/3503"}],"up":[{"embeddable":true,"href":"https:\/\/www.lavoriskes.vilniausr.lm.lt\/index.php?rest_route=\/wp\/v2\/pages\/1153"}],"wp:attachment":[{"href":"https:\/\/www.lavoriskes.vilniausr.lm.lt\/index.php?rest_route=%2Fwp%2Fv2%2Fmedia&parent=3502"}],"curies":[{"name":"wp","href":"https:\/\/api.w.org\/{rel}","templated":true}]}}