{"id":3460,"date":"2016-02-01T08:38:19","date_gmt":"2016-02-01T06:38:19","guid":{"rendered":"http:\/\/www.lavoriskes.vilniausr.lm.lt\/?page_id=3460"},"modified":"2018-12-03T09:30:04","modified_gmt":"2018-12-03T07:30:04","slug":"komisja-atestacyjna","status":"publish","type":"page","link":"https:\/\/www.lavoriskes.vilniausr.lm.lt\/?page_id=3460&amp;lang=pl","title":{"rendered":"Komisja atestacyjna"},"content":{"rendered":"<p><strong>Przewodnicz<\/strong><strong>\u0105ca <\/strong>\u2013 Helena Rynkiewicz, cz. p. obowi\u0105zki dyrektora, nauczyciel- metodyk&nbsp; nauczania&nbsp; pocz\u0105tkowego<\/p>\n<p><strong>Sekretarz<\/strong> \u2013 Anna Burbo, nauczyciel-metodyk j\u0119zyka polskiego<\/p>\n<p><strong>Cz\u0142onkowie: <\/strong><\/p>\n<ul>\n<li>Janina Klimaszewska \u2013 starszy specjalista wydzia\u0142u o\u015bwiaty administracji samorz\u0105du rejonu wile\u0144skiego<\/li>\n<li>Eleonora Maszaro, starszy nauczyciel j\u0119zyka angielskiego<\/li>\n<li>Jolanta Maciejkianiec, starszy nauczyciel biologii, nauczyciel geografii<\/li>\n<\/ul>\n<div id=\"wp_fb_like_button\" style=\"margin:5px 0;float:none;height:100px;\"><script src=\"http:\/\/connect.facebook.net\/en_US\/all.js#xfbml=1\"><\/script><fb:like href=\"https:\/\/www.lavoriskes.vilniausr.lm.lt\/?page_id=3460&amp;lang=pl\" send=\"true\" layout=\"standard\" width=\"450\" show_faces=\"true\" font=\"arial\" action=\"like\" colorscheme=\"light\"><\/fb:like><\/div>","protected":false},"excerpt":{"rendered":"<p>Przewodnicz\u0105ca \u2013 Helena Rynkiewicz, cz. p. obowi\u0105zki dyrektora, nauczyciel- metodyk&nbsp; nauczania&nbsp; pocz\u0105tkowego Sekretarz \u2013 Anna Burbo, nauczyciel-metodyk j\u0119zyka polskiego Cz\u0142onkowie: Janina Klimaszewska \u2013 starszy specjalista wydzia\u0142u o\u015bwiaty administracji samorz\u0105du rejonu wile\u0144skiego Eleonora Maszaro, starszy nauczyciel j\u0119zyka angielskiego Jolanta Maciejkianiec, starszy &hellip; <a href=\"https:\/\/www.lavoriskes.vilniausr.lm.lt\/?page_id=3460&amp;lang=pl\">Skaitykite toliau <span class=\"meta-nav\">&rarr;<\/span><\/a><\/p>\n","protected":false},"author":2,"featured_media":0,"parent":1144,"menu_order":0,"comment_status":"closed","ping_status":"closed","template":"","meta":{"ngg_post_thumbnail":0,"footnotes":""},"class_list":["post-3460","page","type-page","status-publish","hentry"],"_links":{"self":[{"href":"https:\/\/www.lavoriskes.vilniausr.lm.lt\/index.php?rest_route=\/wp\/v2\/pages\/3460","targetHints":{"allow":["GET"]}}],"collection":[{"href":"https:\/\/www.lavoriskes.vilniausr.lm.lt\/index.php?rest_route=\/wp\/v2\/pages"}],"about":[{"href":"https:\/\/www.lavoriskes.vilniausr.lm.lt\/index.php?rest_route=\/wp\/v2\/types\/page"}],"author":[{"embeddable":true,"href":"https:\/\/www.lavoriskes.vilniausr.lm.lt\/index.php?rest_route=\/wp\/v2\/users\/2"}],"replies":[{"embeddable":true,"href":"https:\/\/www.lavoriskes.vilniausr.lm.lt\/index.php?rest_route=%2Fwp%2Fv2%2Fcomments&post=3460"}],"version-history":[{"count":2,"href":"https:\/\/www.lavoriskes.vilniausr.lm.lt\/index.php?rest_route=\/wp\/v2\/pages\/3460\/revisions"}],"predecessor-version":[{"id":8145,"href":"https:\/\/www.lavoriskes.vilniausr.lm.lt\/index.php?rest_route=\/wp\/v2\/pages\/3460\/revisions\/8145"}],"up":[{"embeddable":true,"href":"https:\/\/www.lavoriskes.vilniausr.lm.lt\/index.php?rest_route=\/wp\/v2\/pages\/1144"}],"wp:attachment":[{"href":"https:\/\/www.lavoriskes.vilniausr.lm.lt\/index.php?rest_route=%2Fwp%2Fv2%2Fmedia&parent=3460"}],"curies":[{"name":"wp","href":"https:\/\/api.w.org\/{rel}","templated":true}]}}