{"id":274,"date":"2010-06-05T00:00:54","date_gmt":"2010-06-04T21:00:54","guid":{"rendered":"http:\/\/www2004.vu.lt\/?page_id=274"},"modified":"2026-02-12T09:29:58","modified_gmt":"2026-02-12T07:29:58","slug":"kontakt","status":"publish","type":"page","link":"https:\/\/www.lavoriskes.vilniausr.lm.lt\/?page_id=274&amp;lang=pl","title":{"rendered":"Struktura i kontakt"},"content":{"rendered":"<p class=\"MsoNormal\"><span style=\"font-family: Arial; font-size: large;\"><strong><span style=\"font-family: Courier New; font-size: medium;\">Gimnazjum imienia Stefana Batorego&nbsp;w \u0141awaryszkach<\/span><\/strong><\/span><\/p>\n<p class=\"MsoNormal\"><span style=\"font-size: medium;\">Adres:<\/span><\/p>\n<p class=\"MsoNormal\"><span style=\"font-size: medium;\">Wile\u0144ska ul. 7, LT-15232, \u0141awaryszki, Rejon Wile\u0144ski<\/span><\/p>\n<p class=\"MsoNormal\"><span style=\"font-size: medium;\">Kod 191315448<\/span><\/p>\n<p class=\"MsoNormal\"><span style=\"font-size: medium;\">tel\/faks. +37052494823<\/span><\/p>\n<p class=\"MsoNormal\"><a href=\"http:\/\/www2004.vu.lt\/wp-content\/uploads\/2010\/05\/mail21.gif\"><img loading=\"lazy\" decoding=\"async\" class=\"alignleft size-full wp-image-87\" title=\"mail2\" src=\"http:\/\/www2004.vu.lt\/wp-content\/uploads\/2010\/05\/mail21.gif\" alt=\"mail2\" width=\"62\" height=\"34\"><\/a><\/p>\n<p><span style=\"font-size: medium;\">e-mail:&nbsp; <a href=\"mailto:info@lavoriskes.vilniausr.lm.lt\" target=\"_blank\" rel=\"noopener\">info@lavoriskes.vilniausr.lm.<wbr>lt<\/a><\/span><\/p>\n    <div class=\"easy-html-sitemap\">\n\n\t\t    <div class=\"easy-html-sitemap__item post-type-page\">\n\t\t<h2 class=\"easy-html-sitemap__item-title\">Puslapiai<\/h2>\n\t\t<ul class=\"easy-html-sitemap__list\"><li class=\"page_item page-item-9231 page_item_has_children\"><a href=\"https:\/\/www.lavoriskes.vilniausr.lm.lt\/?page_id=9231\">Administracin\u0117 informacija<\/a>\n<ul class='children'>\n\t<li class=\"page_item page-item-1011\"><a href=\"https:\/\/www.lavoriskes.vilniausr.lm.lt\/?page_id=1011\">Darbo u\u017emokestis<\/a><\/li>\n\t<li class=\"page_item page-item-9302\"><a href=\"https:\/\/www.lavoriskes.vilniausr.lm.lt\/?page_id=9302\">\u012estaigos metin\u0117s ataskaitos<\/a><\/li>\n\t<li class=\"page_item page-item-9289\"><a href=\"https:\/\/www.lavoriskes.vilniausr.lm.lt\/?page_id=9289\">\u012estaigos nuostatai<\/a><\/li>\n\t<li class=\"page_item page-item-1009\"><a href=\"https:\/\/www.lavoriskes.vilniausr.lm.lt\/?page_id=1009\">Laisvos darbo vietos<\/a><\/li>\n\t<li class=\"page_item page-item-994\"><a href=\"https:\/\/www.lavoriskes.vilniausr.lm.lt\/?page_id=994\">Planavimo dokumentai<\/a><\/li>\n\t<li class=\"page_item page-item-9299\"><a href=\"https:\/\/www.lavoriskes.vilniausr.lm.lt\/?page_id=9299\">Tvarkos apra\u0161ai<\/a><\/li>\n\t<li class=\"page_item page-item-1013\"><a href=\"https:\/\/www.lavoriskes.vilniausr.lm.lt\/?page_id=1013\">Vie\u0161ieji pirkimai<\/a><\/li>\n<\/ul>\n<\/li>\n<li class=\"page_item page-item-688 page_item_has_children\"><a href=\"https:\/\/www.lavoriskes.vilniausr.lm.lt\/?page_id=688\">Apie mokykl\u0105<\/a>\n<ul class='children'>\n\t<li class=\"page_item page-item-6647\"><a href=\"https:\/\/www.lavoriskes.vilniausr.lm.lt\/?page_id=6647\">Atributika<\/a><\/li>\n\t<li class=\"page_item page-item-9323\"><a href=\"https:\/\/www.lavoriskes.vilniausr.lm.lt\/?page_id=9323\">Bendradarbiavimas<\/a><\/li>\n\t<li class=\"page_item page-item-13\"><a href=\"https:\/\/www.lavoriskes.vilniausr.lm.lt\/?page_id=13\">Mokyklos istorija<\/a><\/li>\n\t<li class=\"page_item page-item-2\"><a href=\"https:\/\/www.lavoriskes.vilniausr.lm.lt\/?page_id=2\">Vizija, misija, filosofija<\/a><\/li>\n<\/ul>\n<\/li>\n<li class=\"page_item page-item-9208\"><a href=\"https:\/\/www.lavoriskes.vilniausr.lm.lt\/?page_id=9208\">Asmens duomen\u0173 apsauga<\/a><\/li>\n<li class=\"page_item page-item-9430\"><a href=\"https:\/\/www.lavoriskes.vilniausr.lm.lt\/?page_id=9430\">COVID-19: aktuali informacija<\/a><\/li>\n<li class=\"page_item page-item-9196\"><a href=\"https:\/\/www.lavoriskes.vilniausr.lm.lt\/?page_id=9196\">Korupcijos prevencija<\/a><\/li>\n<li class=\"page_item page-item-6658\"><a href=\"https:\/\/www.lavoriskes.vilniausr.lm.lt\/?page_id=6658\">Mokiniams<\/a><\/li>\n<li class=\"page_item page-item-1020\"><a href=\"https:\/\/www.lavoriskes.vilniausr.lm.lt\/?page_id=1020\">Mokytojams<\/a><\/li>\n<li class=\"page_item page-item-412 page_item_has_children\"><a href=\"https:\/\/www.lavoriskes.vilniausr.lm.lt\/?page_id=412\">Pamok\u0173 tvarkara\u0161tis<\/a>\n<ul class='children'>\n\t<li class=\"page_item page-item-6662\"><a href=\"https:\/\/www.lavoriskes.vilniausr.lm.lt\/?page_id=6662\">1-4 klas\u0117s<\/a><\/li>\n\t<li class=\"page_item page-item-6664\"><a href=\"https:\/\/www.lavoriskes.vilniausr.lm.lt\/?page_id=6664\">5-8, IG-IVG klas\u0117s<\/a><\/li>\n\t<li class=\"page_item page-item-6666\"><a href=\"https:\/\/www.lavoriskes.vilniausr.lm.lt\/?page_id=6666\">Neformalusis \u0161vietimas<\/a><\/li>\n<\/ul>\n<\/li>\n<li class=\"page_item page-item-132 page_item_has_children\"><a href=\"https:\/\/www.lavoriskes.vilniausr.lm.lt\/?page_id=132\">Pasiekimai<\/a>\n<ul class='children'>\n\t<li class=\"page_item page-item-1729\"><a href=\"https:\/\/www.lavoriskes.vilniausr.lm.lt\/?page_id=1729\">Akademiniai pasiekimai<\/a><\/li>\n\t<li class=\"page_item page-item-1727\"><a href=\"https:\/\/www.lavoriskes.vilniausr.lm.lt\/?page_id=1727\">Archyvas<\/a><\/li>\n\t<li class=\"page_item page-item-1731\"><a href=\"https:\/\/www.lavoriskes.vilniausr.lm.lt\/?page_id=1731\">Meniniai pasiekimai<\/a><\/li>\n\t<li class=\"page_item page-item-1737\"><a href=\"https:\/\/www.lavoriskes.vilniausr.lm.lt\/?page_id=1737\">Mokyklos pirm\u016bnai<\/a><\/li>\n\t<li class=\"page_item page-item-1735\"><a href=\"https:\/\/www.lavoriskes.vilniausr.lm.lt\/?page_id=1735\">Pad\u0117kos mokytojams<\/a><\/li>\n\t<li class=\"page_item page-item-1733\"><a href=\"https:\/\/www.lavoriskes.vilniausr.lm.lt\/?page_id=1733\">Sporto pasiekimai<\/a><\/li>\n<\/ul>\n<\/li>\n<li class=\"page_item page-item-9201 page_item_has_children\"><a href=\"https:\/\/www.lavoriskes.vilniausr.lm.lt\/?page_id=9201\">Paslaugos<\/a>\n<ul class='children'>\n\t<li class=\"page_item page-item-801 page_item_has_children\"><a href=\"https:\/\/www.lavoriskes.vilniausr.lm.lt\/?page_id=801\">Biblioteka<\/a>\n\t<ul class='children'>\n\t\t<li class=\"page_item page-item-1445\"><a href=\"https:\/\/www.lavoriskes.vilniausr.lm.lt\/?page_id=1445\">12 prie\u017eas\u010di\u0173, kod\u0117l skaitymas pagerina j\u016bs\u0173 gyvenim\u0105<\/a><\/li>\n\t\t<li class=\"page_item page-item-827\"><a href=\"https:\/\/www.lavoriskes.vilniausr.lm.lt\/?page_id=827\">Bibliotekos taisykl\u0117s<\/a><\/li>\n\t\t<li class=\"page_item page-item-846\"><a href=\"https:\/\/www.lavoriskes.vilniausr.lm.lt\/?page_id=846\">Darbo laikas<\/a><\/li>\n\t\t<li class=\"page_item page-item-834\"><a href=\"https:\/\/www.lavoriskes.vilniausr.lm.lt\/?page_id=834\">Programin\u0117 literat\u016bra<\/a><\/li>\n\t\t<li class=\"page_item page-item-12597\"><a href=\"https:\/\/www.lavoriskes.vilniausr.lm.lt\/?page_id=12597\">Projektas \u201eGalimybi\u0173 mokykla\u201c<\/a><\/li>\n\t\t<li class=\"page_item page-item-10062\"><a href=\"https:\/\/www.lavoriskes.vilniausr.lm.lt\/?page_id=10062\">Vadov\u0117li\u0173 ir mokymo priemoni\u0173 \u012fsigijimas<\/a><\/li>\n\t<\/ul>\n<\/li>\n\t<li class=\"page_item page-item-9308\"><a href=\"https:\/\/www.lavoriskes.vilniausr.lm.lt\/?page_id=9308\">Maitinimas<\/a><\/li>\n\t<li class=\"page_item page-item-12022\"><a href=\"https:\/\/www.lavoriskes.vilniausr.lm.lt\/?page_id=12022\">Mokytoj\u0173 konsultacijos<\/a><\/li>\n\t<li class=\"page_item page-item-962\"><a href=\"https:\/\/www.lavoriskes.vilniausr.lm.lt\/?page_id=962\">Pagalbos mokiniui specialistai<\/a><\/li>\n\t<li class=\"page_item page-item-7251\"><a href=\"https:\/\/www.lavoriskes.vilniausr.lm.lt\/?page_id=7251\">Pailgintos dienos grup\u0117<\/a><\/li>\n\t<li class=\"page_item page-item-9204\"><a href=\"https:\/\/www.lavoriskes.vilniausr.lm.lt\/?page_id=9204\">Pav\u0117\u017e\u0117jimas<\/a><\/li>\n\t<li class=\"page_item page-item-9633\"><a href=\"https:\/\/www.lavoriskes.vilniausr.lm.lt\/?page_id=9633\">Uniformos<\/a><\/li>\n<\/ul>\n<\/li>\n<li class=\"page_item page-item-1755\"><a href=\"https:\/\/www.lavoriskes.vilniausr.lm.lt\/?page_id=1755\">R\u0117m\u0117jai<\/a><\/li>\n<li class=\"page_item page-item-11152\"><a href=\"https:\/\/www.lavoriskes.vilniausr.lm.lt\/?page_id=11152\">Reorganizavimas<\/a><\/li>\n<li class=\"page_item page-item-75 page_item_has_children\"><a href=\"https:\/\/www.lavoriskes.vilniausr.lm.lt\/?page_id=75\">Strukt\u016bra ir kontaktai<\/a>\n<ul class='children'>\n\t<li class=\"page_item page-item-956\"><a href=\"https:\/\/www.lavoriskes.vilniausr.lm.lt\/?page_id=956\">Administracija<\/a><\/li>\n\t<li class=\"page_item page-item-9227 page_item_has_children\"><a href=\"https:\/\/www.lavoriskes.vilniausr.lm.lt\/?page_id=9227\">Komisijos<\/a>\n\t<ul class='children'>\n\t\t<li class=\"page_item page-item-1596\"><a href=\"https:\/\/www.lavoriskes.vilniausr.lm.lt\/?page_id=1596\">Mokytoj\u0173 atestacijos komisija<\/a><\/li>\n\t\t<li class=\"page_item page-item-1660\"><a href=\"https:\/\/www.lavoriskes.vilniausr.lm.lt\/?page_id=1660\">Vaiko gerov\u0117s komisija<\/a><\/li>\n\t<\/ul>\n<\/li>\n\t<li class=\"page_item page-item-9216\"><a href=\"https:\/\/www.lavoriskes.vilniausr.lm.lt\/?page_id=9216\">Kontaktai<\/a><\/li>\n\t<li class=\"page_item page-item-1643 page_item_has_children\"><a href=\"https:\/\/www.lavoriskes.vilniausr.lm.lt\/?page_id=1643\">Metodin\u0117s grup\u0117s<\/a>\n\t<ul class='children'>\n\t\t<li class=\"page_item page-item-1649\"><a href=\"https:\/\/www.lavoriskes.vilniausr.lm.lt\/?page_id=1649\">Gamtos, tiksli\u0173j\u0173, socialini\u0173 moksl\u0173 ir men\u0173 metodin\u0117 grup\u0117<\/a><\/li>\n\t\t<li class=\"page_item page-item-1651\"><a href=\"https:\/\/www.lavoriskes.vilniausr.lm.lt\/?page_id=1651\">Humanitarini\u0173 moksl\u0173 metodin\u0117 grup\u0117<\/a><\/li>\n\t\t<li class=\"page_item page-item-1645\"><a href=\"https:\/\/www.lavoriskes.vilniausr.lm.lt\/?page_id=1645\">Klasi\u0173 vadov\u0173 metodin\u0117 grup\u0117<\/a><\/li>\n\t\t<li class=\"page_item page-item-1656\"><a href=\"https:\/\/www.lavoriskes.vilniausr.lm.lt\/?page_id=1656\">Pradinio ugdymo metodin\u0117 grup\u0117<\/a><\/li>\n\t<\/ul>\n<\/li>\n\t<li class=\"page_item page-item-702\"><a href=\"https:\/\/www.lavoriskes.vilniausr.lm.lt\/?page_id=702\">Mokytojai<\/a><\/li>\n\t<li class=\"page_item page-item-960\"><a href=\"https:\/\/www.lavoriskes.vilniausr.lm.lt\/?page_id=960\">Personalas<\/a><\/li>\n\t<li class=\"page_item page-item-9224 page_item_has_children\"><a href=\"https:\/\/www.lavoriskes.vilniausr.lm.lt\/?page_id=9224\">Tarybos<\/a>\n\t<ul class='children'>\n\t\t<li class=\"page_item page-item-6567\"><a href=\"https:\/\/www.lavoriskes.vilniausr.lm.lt\/?page_id=6567\">Darbo taryba<\/a><\/li>\n\t\t<li class=\"page_item page-item-986\"><a href=\"https:\/\/www.lavoriskes.vilniausr.lm.lt\/?page_id=986\">Gimnazijos taryba<\/a><\/li>\n\t\t<li class=\"page_item page-item-1639\"><a href=\"https:\/\/www.lavoriskes.vilniausr.lm.lt\/?page_id=1639\">Metodin\u0117 taryba<\/a><\/li>\n\t\t<li class=\"page_item page-item-988\"><a href=\"https:\/\/www.lavoriskes.vilniausr.lm.lt\/?page_id=988\">Mokini\u0173 taryba<\/a><\/li>\n\t<\/ul>\n<\/li>\n<\/ul>\n<\/li>\n<li class=\"page_item page-item-9198\"><a href=\"https:\/\/www.lavoriskes.vilniausr.lm.lt\/?page_id=9198\">Teisin\u0117 informacija<\/a><\/li>\n<li class=\"page_item page-item-2381\"><a href=\"https:\/\/www.lavoriskes.vilniausr.lm.lt\/?page_id=2381\">T\u0117vams<\/a><\/li>\n<li class=\"page_item page-item-990 page_item_has_children\"><a href=\"https:\/\/www.lavoriskes.vilniausr.lm.lt\/?page_id=990\">Veiklos sritys<\/a>\n<ul class='children'>\n\t<li class=\"page_item page-item-11734\"><a href=\"https:\/\/www.lavoriskes.vilniausr.lm.lt\/?page_id=11734\">Ikimokyklinis ugdymas<\/a><\/li>\n\t<li class=\"page_item page-item-998\"><a href=\"https:\/\/www.lavoriskes.vilniausr.lm.lt\/?page_id=998\">Neformalusis \u0161vietimas<\/a><\/li>\n\t<li class=\"page_item page-item-1584\"><a href=\"https:\/\/www.lavoriskes.vilniausr.lm.lt\/?page_id=1584\">Pagrindinis ugdymas<\/a><\/li>\n\t<li class=\"page_item page-item-996\"><a href=\"https:\/\/www.lavoriskes.vilniausr.lm.lt\/?page_id=996\">Pamok\u0173 laikas<\/a><\/li>\n\t<li class=\"page_item page-item-9241\"><a href=\"https:\/\/www.lavoriskes.vilniausr.lm.lt\/?page_id=9241\">Pasiekim\u0173 patikrinimas<\/a><\/li>\n\t<li class=\"page_item page-item-1580\"><a href=\"https:\/\/www.lavoriskes.vilniausr.lm.lt\/?page_id=1580\">Pradinis ugdymas<\/a><\/li>\n\t<li class=\"page_item page-item-9236 page_item_has_children\"><a href=\"https:\/\/www.lavoriskes.vilniausr.lm.lt\/?page_id=9236\">Prevencin\u0117 veikla<\/a>\n\t<ul class='children'>\n\t\t<li class=\"page_item page-item-10459\"><a href=\"https:\/\/www.lavoriskes.vilniausr.lm.lt\/?page_id=10459\">Alkoholio, tabako ir kit\u0173 psichik\u0105 veikian\u010di\u0173 med\u017eiag\u0173 vartojimo prevencijos programa<\/a><\/li>\n\t\t<li class=\"page_item page-item-10463\"><a href=\"https:\/\/www.lavoriskes.vilniausr.lm.lt\/?page_id=10463\">Naudinga prevencin\u0117 informacija<\/a><\/li>\n\t\t<li class=\"page_item page-item-10454\"><a href=\"https:\/\/www.lavoriskes.vilniausr.lm.lt\/?page_id=10454\">Smurto ir paty\u010di\u0173 prevencin\u0117 programa<\/a><\/li>\n\t\t<li class=\"page_item page-item-10452\"><a href=\"https:\/\/www.lavoriskes.vilniausr.lm.lt\/?page_id=10452\">Socialinio ir emocinio ugdymo programa \u201ePaauglyst\u0117s kry\u017ekel\u0117s\u201c<\/a><\/li>\n\t\t<li class=\"page_item page-item-10456\"><a href=\"https:\/\/www.lavoriskes.vilniausr.lm.lt\/?page_id=10456\">Sveikos gyvensenos skatinimas ir moksleivi\u0173 sveikatos ra\u0161tingumo ugdymas Vilniaus rajone<\/a><\/li>\n\t<\/ul>\n<\/li>\n\t<li class=\"page_item page-item-9234\"><a href=\"https:\/\/www.lavoriskes.vilniausr.lm.lt\/?page_id=9234\">Projektin\u0117 veikla<\/a><\/li>\n\t<li class=\"page_item page-item-684\"><a href=\"https:\/\/www.lavoriskes.vilniausr.lm.lt\/?page_id=684\">Ugdymas karjerai<\/a><\/li>\n\t<li class=\"page_item page-item-1587\"><a href=\"https:\/\/www.lavoriskes.vilniausr.lm.lt\/?page_id=1587\">Vidurinis ugdymas<\/a><\/li>\n<\/ul>\n<\/li>\n<\/ul>    <\/div>\n\t        <div style=\"text-align:right; font-size:11px;\">Easy HTML Sitemap Plugin by <a title=\"Best Website Builders\"\n                                                                                      href=\"https:\/\/websitebuilderguide.com\/\"\n                                                                                      target=\"_blank\">WebsiteBuilderGuide<\/a>\n        <\/div>\n\t\n    <\/div> <!-- this is closing div of sitemap wrapper-->\n\t\n<p>&nbsp;<\/p>\n<div id=\"wp_fb_like_button\" style=\"margin:5px 0;float:none;height:100px;\"><script src=\"http:\/\/connect.facebook.net\/en_US\/all.js#xfbml=1\"><\/script><fb:like href=\"https:\/\/www.lavoriskes.vilniausr.lm.lt\/?page_id=274&amp;lang=pl\" send=\"true\" layout=\"standard\" width=\"450\" show_faces=\"true\" font=\"arial\" action=\"like\" colorscheme=\"light\"><\/fb:like><\/div>","protected":false},"excerpt":{"rendered":"<p>Gimnazjum imienia Stefana Batorego&nbsp;w \u0141awaryszkach Adres: Wile\u0144ska ul. 7, LT-15232, \u0141awaryszki, Rejon Wile\u0144ski Kod 191315448 tel\/faks. +37052494823 e-mail:&nbsp; info@lavoriskes.vilniausr.lm.lt &nbsp;<\/p>\n","protected":false},"author":1,"featured_media":0,"parent":0,"menu_order":0,"comment_status":"closed","ping_status":"closed","template":"","meta":{"ngg_post_thumbnail":0,"footnotes":""},"class_list":["post-274","page","type-page","status-publish","hentry"],"_links":{"self":[{"href":"https:\/\/www.lavoriskes.vilniausr.lm.lt\/index.php?rest_route=\/wp\/v2\/pages\/274","targetHints":{"allow":["GET"]}}],"collection":[{"href":"https:\/\/www.lavoriskes.vilniausr.lm.lt\/index.php?rest_route=\/wp\/v2\/pages"}],"about":[{"href":"https:\/\/www.lavoriskes.vilniausr.lm.lt\/index.php?rest_route=\/wp\/v2\/types\/page"}],"author":[{"embeddable":true,"href":"https:\/\/www.lavoriskes.vilniausr.lm.lt\/index.php?rest_route=\/wp\/v2\/users\/1"}],"replies":[{"embeddable":true,"href":"https:\/\/www.lavoriskes.vilniausr.lm.lt\/index.php?rest_route=%2Fwp%2Fv2%2Fcomments&post=274"}],"version-history":[{"count":11,"href":"https:\/\/www.lavoriskes.vilniausr.lm.lt\/index.php?rest_route=\/wp\/v2\/pages\/274\/revisions"}],"predecessor-version":[{"id":12601,"href":"https:\/\/www.lavoriskes.vilniausr.lm.lt\/index.php?rest_route=\/wp\/v2\/pages\/274\/revisions\/12601"}],"wp:attachment":[{"href":"https:\/\/www.lavoriskes.vilniausr.lm.lt\/index.php?rest_route=%2Fwp%2Fv2%2Fmedia&parent=274"}],"curies":[{"name":"wp","href":"https:\/\/api.w.org\/{rel}","templated":true}]}}