{"id":2381,"date":"2015-03-13T15:24:18","date_gmt":"2015-03-13T13:24:18","guid":{"rendered":"http:\/\/www.lavoriskes.vilniausr.lm.lt\/?page_id=2381"},"modified":"2025-10-03T11:20:14","modified_gmt":"2025-10-03T08:20:14","slug":"tevams","status":"publish","type":"page","link":"https:\/\/www.lavoriskes.vilniausr.lm.lt\/?page_id=2381","title":{"rendered":"T\u0117vams"},"content":{"rendered":"<div>\n<p>Nacionaliniai mokini\u0173 pasiekim\u0173 patikrinimai (NMPP)<\/p>\n<p>Vadovaujantis Lietuvos Respublikos \u0161vietimo, mokslo ir sporto ministro 2021 m. gruod\u017eio 13 d. \u012fsakymu Nr. V-2229 patvirtintu nacionalini\u0173 mokini\u0173 pasiekim\u0173 patikrinim\u0173 organizavimo ir vykdymo tvarkos apra\u0161u, 2022 m. baland\u017eio 1 d. \u2013 gegu\u017e\u0117s 4 d. gimnazijoje organizuojami 4, 6 ir 8 klasi\u0173 mokini\u0173 NMPP.<\/p>\n<p>Daugiau informacijos galite rasti \u010dia: <a href=\"https:\/\/www.nsa.smm.lt\/stebesenos-ir-vertinimo-departamentas\/pasiekimu-patikrinimai\/nmpp\/?fbclid=IwAR2NuB7jukqhMmpraGjVBO5bSXdrJaCrIsWEvOAyg1_EDjHGmv7eXfr8wwg\">https:\/\/www.nsa.smm.lt\/stebesenos-ir-vertinimo-departamentas\/pasiekimu-patikrinimai\/nmpp\/<\/a><\/p>\n<p>Pagrindinio ugdymo pasiekim\u0173 patikrinimas (PUPP)<\/p>\n<p>Vadovaujantis Lietuvos Respublikos \u0161vietimo, mokslo ir sporto ministro 2011 m. gruod\u017eio 30 d. \u012fsakymu Nr. V-2558 patvirtintu pagrindinio ugdymo pasiekim\u0173 patikrinimo organizavimo ir vykdymo tvarkos apra\u0161u, 2022 m. gegu\u017e\u0117s 10-17 d. gimnazijoje organizuojamas IIG klas\u0117s mokini\u0173 PUPP.<\/p>\n<p>Daugiauinformacijosgaliterasti\u010dia: <a href=\"https:\/\/l.facebook.com\/l.php?u=https%3A%2F%2Fwww.nsa.smm.lt%2Fstebesenos-ir-vertinimo-departamentas%2Fpasiekimu-patikrinimai%2Fpupp%2F%3Ffbclid%3DIwAR1YAZR_3TTfQiYwHz_yDLPIbRPeBglVRI0KYqO9X3bQUesU5sbTi_0n5LM&amp;h=AT3Mheua7HC4y8D9DCj7j2p-fQAPyVe5qm7SGlmnnkqC3XWeaiwj-5u64zcatOcBdQ8WXxXLIP4BSWyiS39vcxIDklUbeij1NkXRdKq7vGCcNrgEMCwxfbdWZBWVYztpdwyBXg\">https:\/\/www.nsa.smm.lt\/stebesenos-ir-vertinimo-departamentas\/pasiekimu-patikrinimai\/pupp\/<\/a><\/p>\n<p>Egzaminai<\/p>\n<p>Vadovaujantis Lietuvos Respublikos \u0161vietimo, mokslo ir sporto ministro 2006 m. gruod\u017eio 18 d. \u012fsakymu Nr. ISAK-2391 patvirtintu brandos egzamin\u0173 organizavimo ir vykdymo tvarkos apra\u0161u ir lietuvi\u0173 kalbos ir literat\u016bros \u012fskaitos organizavimo ir vykdymo tvarkos apra\u0161u, organizuojami valstybiniai brandos egzaminai (VBE) ir mokyklinis lietuvi\u0173 kalbos ir literat\u016bros egzaminas (MBE) Daugiau informacijos galite rasti \u010dia: <a href=\"https:\/\/www.nsa.smm.lt\/stebesenos-ir-vertinimo-departamentas\/pasiekimu-patikrinimai\/brandos-egzaminai\/?fbclid=IwAR1tFZBPyZTbW_976P8CDLRReRb2r8htk3ylfUeHsBwOCg23iEcCQGhzZls\">https:\/\/www.nsa.smm.lt\/stebesenos-ir-vertinimo-departamentas\/pasiekimu-patikrinimai\/brandos-egzaminai\/<\/a><\/p>\n<\/div>\n<p><a href=\"http:\/\/www.lavoriskes.vilniausr.lm.lt\/wp-content\/uploads\/2025\/10\/UGDYMO-PROCESO-ORGANIZAVIMAS-2025-2026.pdf\">Ugdymo proceso organizavimas 2025-2026<\/a><\/p>\n<p><a href=\"https:\/\/www.e-tar.lt\/rs\/legalact\/17c895c003dd11ec9f09e7df20500045\/format\/MSO2010_DOCX\/\" target=\"_blank\" rel=\"noopener noreferrer\" data-saferedirecturl=\"https:\/\/www.google.com\/url?q=https:\/\/www.e-tar.lt\/rs\/legalact\/17c895c003dd11ec9f09e7df20500045\/format\/MSO2010_DOCX\/&amp;source=gmail&amp;ust=1634878258806000&amp;usg=AFQjCNGxSgv-DRtK1KSh2Bse7wEhIcVH2A\">2021\u20132022 MOKSLO MET\u0172 LIETUVI\u0172 KALBOS IR LITERAT\u016aROS \u012eSKAITOS IR BRANDOS EGZAMIN\u0172 TVARKARA\u0160\u010cIAI<\/a><\/p>\n<p><a href=\"https:\/\/www.e-tar.lt\/rs\/legalact\/00a2d59003dd11ec9f09e7df20500045\/format\/MSO2010_DOCX\/\" target=\"_blank\" rel=\"noopener noreferrer\" data-saferedirecturl=\"https:\/\/www.google.com\/url?q=https:\/\/www.e-tar.lt\/rs\/legalact\/00a2d59003dd11ec9f09e7df20500045\/format\/MSO2010_DOCX\/&amp;source=gmail&amp;ust=1634878258806000&amp;usg=AFQjCNEsw4ayx6XhMwW-muV5Hx0mJd8NPA\">2021\u20132022 MOKSLO MET\u0172 PAGRINDINIO UGDYMO PASIEKIM\u0172 PATIKRINIMO TVARKARA\u0160TIS IR VYKDYMO B\u016aDAI<\/a><\/p>\n<blockquote class=\"wp-embedded-content\" data-secret=\"sdcs8BlKRc\"><p><a href=\"https:\/\/www.lavoriskes.vilniausr.lm.lt\/?p=10675\">Nemokama psichologine\u0307 pagalba<\/a><\/p><\/blockquote>\n<p><iframe loading=\"lazy\" class=\"wp-embedded-content\" sandbox=\"allow-scripts\" security=\"restricted\" style=\"position: absolute; visibility: hidden;\" title=\"&#8220;Nemokama psichologine\u0307 pagalba&#8221; &#8212; Vilniaus r. Lavori\u0161ki\u0173 Stepono Batoro gimnazija\" src=\"https:\/\/www.lavoriskes.vilniausr.lm.lt\/?p=10675&#038;embed=true#?secret=OyUoD34VrR#?secret=sdcs8BlKRc\" data-secret=\"sdcs8BlKRc\" width=\"600\" height=\"338\" frameborder=\"0\" marginwidth=\"0\" marginheight=\"0\" scrolling=\"no\"><\/iframe><\/p>\n<p>Korona stop : <a href=\"https:\/\/koronastop.lrv.lt\/\" target=\"_blank\" rel=\"noopener noreferrer\" data-saferedirecturl=\"https:\/\/www.google.com\/url?q=https:\/\/koronastop.lrv.lt\/&amp;source=gmail&amp;ust=1624005415373000&amp;usg=AFQjCNED6v42TQr5FjPHZ8ZgPLw6ugL1Bg\">https:\/\/koronastop.lrv.lt\/<\/a><\/p>\n<p style=\"text-align: justify;\">Norime priminti, jog VESOC sprendimu (<b><a href=\"https:\/\/e-seimas.lrs.lt\/portal\/legalAct\/lt\/TAD\/50842c80203f11eb9604df942ee8e443?jfwid=-1n2mj8iy2&amp;fbclid=IwAR2hkcbE5I72M4KWWcA7ejpaVL3bH4GiCL24rh2zZ8L1A8MIeZcoghvHJzg\" target=\"_blank\" rel=\"noopener noreferrer\" data-saferedirecturl=\"https:\/\/www.google.com\/url?q=https:\/\/e-seimas.lrs.lt\/portal\/legalAct\/lt\/TAD\/50842c80203f11eb9604df942ee8e443?jfwid%3D-1n2mj8iy2%26fbclid%3DIwAR2hkcbE5I72M4KWWcA7ejpaVL3bH4GiCL24rh2zZ8L1A8MIeZcoghvHJzg&amp;source=gmail&amp;ust=1605094334382000&amp;usg=AFQjCNGRtbmln_MPSH-np-fGR4N8tvnulw\">TAR, 2020-11-06, Nr. 23414<\/a><\/b>),<b>&nbsp;<\/b><b>veido kauk\u0117s yra privalomos visiems ugdymo \u012fstaigose esantiems vaikams, kurie yra&nbsp;<u>vyresni negu \u0161e\u0161eri\u0173 met\u0173<\/u>.&nbsp;<\/b>Pateikiame pagrindin\u0119 informacij\u0105 d\u0117l kauki\u0173 d\u0117v\u0117jimo mokiniams vyresniems nei \u0161e\u0161eri\u0173 met\u0173 am\u017eiaus:&nbsp;<\/p>\n<ul type=\"disc\">\n<li style=\"text-align: justify;\">b\u016btina d\u0117v\u0117ti nos\u012f ir burn\u0105 dengian\u010dias apsaugos priemones (veido kaukes, respiratorius ar kitas priemones),&nbsp;<u>kurios priglunda prie veido ir visi\u0161kai dengia nos\u012f ir burn\u0105<\/u>;<\/li>\n<li style=\"text-align: justify;\">rekomenduojama&nbsp;<u>d\u0117v\u0117ti skydel\u012f asmenims<\/u>, turintiems ne\u012fgalum\u0105 bei d\u0117l savo sveikatos b\u016bkl\u0117s negalintiems d\u0117v\u0117ti kauki\u0173 ar jei &nbsp;j\u0173 d\u0117v\u0117jimas gali pakenkti asmens sveikatos b\u016bklei;<\/li>\n<li style=\"text-align: justify;\">rekomenduojama&nbsp;<u>nevykdyti kontaktiniu b\u016bdu interaktyvi\u0173 veikl\u0173, kuri\u0173 negalima atlikti d\u0117vint kaukes<\/u>&nbsp;(pvz., susijusi\u0173 su sportu, dainavimu, \u0161okimu ir pan.). O jei vykdoma, tarp mokini\u0173 turi b\u016bti u\u017etikrinamas ne ma\u017eesnis nei 2 metr\u0173 atstumas;<\/li>\n<li style=\"text-align: justify;\">prie \u012f\u0117jimo \u012f \u0161vietimo \u012fstaig\u0105 mokiniams, j\u0173 t\u0117vams (glob\u0117jams, r\u016bpintojams), darbuotojams ir kitiems asmenims&nbsp;<u>turi b\u016bti pateikta informacija apie nustatytus reikalavimus d\u0117v\u0117ti kaukes<\/u>;<\/li>\n<li style=\"text-align: justify;\">apgyvendinant mokinius mokyklos bendrabutyje b\u016btina \u012fpareigoti juos d\u0117v\u0117ti kaukes. Kauki\u0173 leid\u017eiama ned\u0117v\u0117ti ne\u012fgalum\u0105 turintiems asmenims, kurie d\u0117l savo sveikatos b\u016bkl\u0117s kauki\u0173 d\u0117v\u0117ti negali ar j\u0173 d\u0117v\u0117jimas gali pakenkti asmens sveikatos b\u016bklei. Tokiu atveju rekomenduojama d\u0117v\u0117ti veido skydel\u012f.<\/li>\n<\/ul>\n<p><a href=\"http:\/\/www.lavoriskes.vilniausr.lm.lt\/wp-content\/uploads\/2020\/11\/Kaip-saugiai-deveti-daugkartine-veido-kauke.pdf\">Kaip saugiai d\u0117v\u0117ti daugkartine veido kauk\u0119<\/a><\/p>\n<p><a href=\"http:\/\/www.lavoriskes.vilniausr.lm.lt\/wp-content\/uploads\/2020\/11\/Kaip-saugiai-deveti-vienkartine-medicinine-kauke.pdf\">Kaip saugiai d\u0117v\u0117ti vienkartine medicinin\u0119 kauk\u0119<\/a><\/p>\n<p><a href=\"https:\/\/www.smm.lt\/uploads\/documents\/ov%20-%20nauji%20rugsejis%20pradin.pdf\" target=\"_blank\" rel=\"noopener noreferrer\" data-saferedirecturl=\"https:\/\/www.google.com\/url?q=https:\/\/www.smm.lt\/uploads\/documents\/ov%2520-%2520nauji%2520rugsejis%2520pradin.pdf&amp;source=gmail&amp;ust=1601361101477000&amp;usg=AFQjCNGwDpdAhl8ezRBzRJ4bkGGyTR8Tjg\">D\u0117l pradinio ugdymo organizavimo<\/a><\/p>\n<p><a href=\"https:\/\/www.smm.lt\/uploads\/documents\/ov%20-%20nauji%20rugsejis%20pagrindi.pdf\" target=\"_blank\" rel=\"noopener noreferrer\" data-saferedirecturl=\"https:\/\/www.google.com\/url?q=https:\/\/www.smm.lt\/uploads\/documents\/ov%2520-%2520nauji%2520rugsejis%2520pagrindi.pdf&amp;source=gmail&amp;ust=1601361101477000&amp;usg=AFQjCNFkYel2uhj40GEU7iwsohpbaYONxw\">D\u0117l pagrindinio ir vidurinio ugdymo organizavimo<\/a><\/p>\n<p style=\"text-align: center;\"><strong>D\u0117mesio<\/strong><strong>!<\/strong><\/p>\n<p style=\"text-align: justify;\">Atsi\u017evelgiant \u012f \u0161alies epidemiologin\u0119 situacij\u0105 ir Sveikatos apsaugos ministerijos patvirtintus reikalavimus gimnazijoje maksimaliai laikomasi numatyt\u0173 saugos priemoni\u0173, tod\u0117l mokiniams ugdymo proceso metu &nbsp;grie\u017etai draud\u017eiama i\u0161eiti u\u017e gimnazijos teritorijos rib\u0173, o pa\u0161aliniams asmenims, nesusijusiems su ugdymo procesu gimnazijoje lankytis draud\u017eiama.<\/p>\n<p>&nbsp;<\/p>\n<p><a href=\"http:\/\/www.lavoriskes.vilniausr.lm.lt\/wp-content\/uploads\/2020\/09\/Valdymo-planas-pdf.pdf\">Gimnazijos valstyb\u0117s lygio ekstremalios situacijos re\u017eimo ir\/ar karantino laikotarpio valdymo planas<\/a><\/p>\n<p><a href=\"http:\/\/www.lavoriskes.vilniausr.lm.lt\/wp-content\/uploads\/2020\/08\/UNIFORMA.pdf\">D\u0117l uniformos<\/a><\/p>\n<p><a href=\"http:\/\/www.lavoriskes.vilniausr.lm.lt\/wp-content\/uploads\/2020\/06\/infografikai.pdf\">infografikai<\/a><\/p>\n<p><a href=\"http:\/\/vilniausppt.lt\/2020\/04\/15\/kaip-pasiruosti-egzaminams-atmintine-moksleiviams-ir-ju-tevams\/?fbclid=IwAR1TmoIKF59YiAiPXZ7SGDAfCD3btM-CDCDrg1hSUxxpYSmQNLYPL0gOJqM\">Kaip pasiruo\u0161ti egzaminams?<\/a><\/p>\n<p><strong><a href=\"http:\/\/nvsc.lrv.lt\/lt\/naujienos\/efektyviausios-priemones-koronaviruso-prevencijai-konsultavimas-ir-grizusiu\">Efektyviausios priemon\u0117s koronaviruso prevencijai<\/a><\/strong><\/p>\n<p><a href=\"http:\/\/www.lavoriskes.vilniausr.lm.lt\/?page_id=7251\">PAILGINTOS DIENOS GRUP\u0116<\/a><\/p>\n<p><a href=\"http:\/\/www.lavoriskes.vilniausr.lm.lt\/wp-content\/uploads\/2019\/04\/PRASYMAS_DEL_PRIEMIMO_I_GIMNAZIJA.pdf\">PRA\u0160YMAS D\u0116L PRI\u0116MIMO \u012e GIMNAZIJ\u0104<\/a><\/p>\n<p><a href=\"http:\/\/www.lavoriskes.vilniausr.lm.lt\/wp-content\/uploads\/2018\/10\/T%C4%97v%C5%B3_sutikimas_d%C4%97l_dalyvavimo_turizmo_renginyje.docx\">T\u0116V\u0172 SUTIKIMAS D\u0116L MOKINIO DALYVAVIMO TURIZMO RENGINYJE<\/a><\/p>\n<p><a href=\"http:\/\/www.lavoriskes.vilniausr.lm.lt\/wp-content\/uploads\/2024\/11\/MOKINIU-ELGESIO-TAISYKLES-1.pdf\">MOKINI\u0172 ELGESIO TAISYKL\u0116S<\/a><\/p>\n<p><a href=\"http:\/\/www.lavoriskes.vilniausr.lm.lt\/wp-content\/uploads\/2019\/02\/Porady-dla-rodzic\u00f3w-w-wychowaniu-dzieci.pdf\">Porady dla rodzic\u00f3w w wychowaniu dzieci<\/a><\/p>\n<p><a href=\"http:\/\/www.lavoriskes.vilniausr.lm.lt\/wp-content\/uploads\/2019\/02\/atmintine.pdf\">APIE ELEKTRONINES PATY\u010cIAS<\/a><\/p>\n<p><a href=\"http:\/\/www.lavoriskes.vilniausr.lm.lt\/wp-content\/uploads\/2019\/10\/Praleist\u0173_pamok\u0173_pateisinimas.doc\">Praleist\u0173 pamok\u0173 pateisinimas<\/a><\/p>\n<p><a href=\"http:\/\/ntakd.lrv.lt\/uploads\/ntakd\/documents\/files\/ecig.pdf\">ELEKTRONIN\u0116S CIGARET\u0116S \u2013 tai gelb\u0117jimosi ratas ar nauja gr\u0117sm\u0117?<\/a><\/p>\n<p><a href=\"http:\/\/ntakd.lrv.lt\/uploads\/ntakd\/documents\/files\/betabako_tevams.pdf\">T\u0117veliai, apsaugokite savo vaikus nuo r\u016bkymo!<\/a><\/p>\n<p><a href=\"http:\/\/ntakd.lrv.lt\/uploads\/ntakd\/documents\/files\/Vaikai%20seka%20t%C4%97v%C5%B3%20pavyzd%C5%BEiu.pdf\"> Informacinis leidinys t\u0117vams apie psichoaktyvi\u0173j\u0173 med\u017eiag\u0173 vartojimo ir azartini\u0173 lo\u0161im\u0173 prevencij\u0105.<\/a><\/p>\n<div id=\"wp_fb_like_button\" style=\"margin:5px 0;float:none;height:100px;\"><script src=\"http:\/\/connect.facebook.net\/en_US\/all.js#xfbml=1\"><\/script><fb:like href=\"https:\/\/www.lavoriskes.vilniausr.lm.lt\/?page_id=2381\" send=\"true\" layout=\"standard\" width=\"450\" show_faces=\"true\" font=\"arial\" action=\"like\" colorscheme=\"light\"><\/fb:like><\/div>","protected":false},"excerpt":{"rendered":"<p>Nacionaliniai mokini\u0173 pasiekim\u0173 patikrinimai (NMPP) Vadovaujantis Lietuvos Respublikos \u0161vietimo, mokslo ir sporto ministro 2021 m. gruod\u017eio 13 d. \u012fsakymu Nr. V-2229 patvirtintu nacionalini\u0173 mokini\u0173 pasiekim\u0173 patikrinim\u0173 organizavimo ir vykdymo tvarkos apra\u0161u, 2022 m. baland\u017eio 1 d. \u2013 gegu\u017e\u0117s 4 d. &hellip; <a href=\"https:\/\/www.lavoriskes.vilniausr.lm.lt\/?page_id=2381\">Skaitykite toliau <span class=\"meta-nav\">&rarr;<\/span><\/a><\/p>\n","protected":false},"author":2,"featured_media":0,"parent":0,"menu_order":14,"comment_status":"closed","ping_status":"closed","template":"","meta":{"ngg_post_thumbnail":0,"footnotes":""},"class_list":["post-2381","page","type-page","status-publish","hentry"],"_links":{"self":[{"href":"https:\/\/www.lavoriskes.vilniausr.lm.lt\/index.php?rest_route=\/wp\/v2\/pages\/2381","targetHints":{"allow":["GET"]}}],"collection":[{"href":"https:\/\/www.lavoriskes.vilniausr.lm.lt\/index.php?rest_route=\/wp\/v2\/pages"}],"about":[{"href":"https:\/\/www.lavoriskes.vilniausr.lm.lt\/index.php?rest_route=\/wp\/v2\/types\/page"}],"author":[{"embeddable":true,"href":"https:\/\/www.lavoriskes.vilniausr.lm.lt\/index.php?rest_route=\/wp\/v2\/users\/2"}],"replies":[{"embeddable":true,"href":"https:\/\/www.lavoriskes.vilniausr.lm.lt\/index.php?rest_route=%2Fwp%2Fv2%2Fcomments&post=2381"}],"version-history":[{"count":55,"href":"https:\/\/www.lavoriskes.vilniausr.lm.lt\/index.php?rest_route=\/wp\/v2\/pages\/2381\/revisions"}],"predecessor-version":[{"id":12555,"href":"https:\/\/www.lavoriskes.vilniausr.lm.lt\/index.php?rest_route=\/wp\/v2\/pages\/2381\/revisions\/12555"}],"wp:attachment":[{"href":"https:\/\/www.lavoriskes.vilniausr.lm.lt\/index.php?rest_route=%2Fwp%2Fv2%2Fmedia&parent=2381"}],"curies":[{"name":"wp","href":"https:\/\/api.w.org\/{rel}","templated":true}]}}