{"id":212,"date":"2010-06-01T10:43:15","date_gmt":"2010-06-01T07:43:15","guid":{"rendered":"http:\/\/www2004.vu.lt\/?page_id=212"},"modified":"2015-11-26T14:40:35","modified_gmt":"2015-11-26T12:40:35","slug":"o-szkole","status":"publish","type":"page","link":"https:\/\/www.lavoriskes.vilniausr.lm.lt\/?page_id=212&amp;lang=pl","title":{"rendered":"Wizja, misja"},"content":{"rendered":"<p style=\"text-align: center;\"><strong style=\"font-family: Arial; font-size: small; line-height: 20.7999992370605px;\"><span lang=\"PL\">Wizja<\/span><\/strong><\/p>\n<p><input class=\"alignleft size-thumbnail wp-image-37\" style=\"height: 200px; width: 200px; float: left;\" title=\"DSC01403\" dir=\"ltr\" type=\"image\" src=\"http:\/\/www2004.vu.lt\/wp-content\/uploads\/2010\/05\/DSC01403-150x150.jpg\" alt=\"DSC01403\" \/><\/p>\n<p style=\"text-align: justify;\">Gimnazjum o jako\u015bciowym pocz\u0105tkowym, podstawowym i \u015brednim nauczaniu, podlegaj\u0105cym standartom, posiadaj\u0105ca dobrze wyposa\u017con\u0105 baz\u0119.<\/p>\n<p style=\"text-align: justify;\">Gimnazjum\u00a0stwarzaj\u0105ca mo\u017cliwo\u015b\u0107 wysokiego poziomu nauczania.<\/p>\n<p style=\"text-align: justify;\">Gimnazjum\u00a0otwarta na \u015bwiat, kultur\u0119, spo\u0142ecze\u0144stwo.<\/p>\n<p style=\"text-align: justify;\">Gimnazjum\u00a0kieruj\u0105ca si\u0119 zasadami tolerancji, demokracji.<\/p>\n<p style=\"text-align: justify;\">Gimnazjum, kt\u00f3ra\u00a0 uczy kultury osobistej i kultury j\u0119zyka.<\/p>\n<p class=\"MsoNormal\" style=\"margin-left: 27pt; text-align: center; text-indent: -27pt;\" align=\"center\"><span style=\"font-family: Arial; font-size: small;\"><strong><span lang=\"PL\">Misja<\/span><\/strong><\/span><\/p>\n<p style=\"text-align: justify;\">Gimnzajum im. Stefana Batorego\u00a0w \u0141awaryszkach &#8211; to szko\u0142a stwarzaj\u0105ca mo\u017cliwo\u015bci jako\u015bciowego nauczania, daj\u0105ca mo\u017cliwo\u015b\u0107 bezpiecznych i przyjaznych warunk\u00f3w, formuj\u0105ca atmosfer\u0119 sprzyjaj\u0105c\u0105 do nauki, kulturalnego rozwoju uczni\u00f3w, zach\u0119caj\u0105ca cz\u0142onk\u00f3w wsp\u00f3lnoty doskonali\u0107 i kszta\u0142towa\u0107 swoj\u0105 kompetencj\u0119.<\/p>\n<p style=\"text-align: justify;\">Nadrz\u0119dn\u0105 warto\u015bci\u0105 szko\u0142y jest szacunek do drugiego cz\u0142owieka, odpowiedzialno\u015b\u0107 oraz tworzenie wsp\u00f3lnoty nauczycieli, rodzic\u00f3w i uczni\u00f3w opartej na wsp\u00f3\u0142pracy i wzajemnym zaufaniu.<\/p>\n<p><input class=\"size-medium wp-image-43 aligncenter\" style=\"text-align: center;\" title=\"Picture&lt;br \/&gt; 477\" type=\"image\" src=\"http:\/\/www2004.vu.lt\/wp-content\/uploads\/2010\/05\/Picture-4771-300x161.jpg\" alt=\"Picture 477\" \/><\/p>\n<p style=\"text-align: center;\"><strong>Filosofia<\/strong><\/p>\n<p>\u201eNauczanie powinno by\u0107 takie, aby uczniowie traktowali go jak cenny prezent, a nie trudny obowi\u0105zek.<\/p>\n<p align=\"right\">Albert Einsztein<\/p>\n<div id=\"wp_fb_like_button\" style=\"margin:5px 0;float:none;height:100px;\"><script src=\"http:\/\/connect.facebook.net\/en_US\/all.js#xfbml=1\"><\/script><fb:like href=\"https:\/\/www.lavoriskes.vilniausr.lm.lt\/?page_id=212&amp;lang=pl\" send=\"true\" layout=\"standard\" width=\"450\" show_faces=\"true\" font=\"arial\" action=\"like\" colorscheme=\"light\"><\/fb:like><\/div>","protected":false},"excerpt":{"rendered":"<p>Wizja Gimnazjum o jako\u015bciowym pocz\u0105tkowym, podstawowym i \u015brednim nauczaniu, podlegaj\u0105cym standartom, posiadaj\u0105ca dobrze wyposa\u017con\u0105 baz\u0119. Gimnazjum\u00a0stwarzaj\u0105ca mo\u017cliwo\u015b\u0107 wysokiego poziomu nauczania. Gimnazjum\u00a0otwarta na \u015bwiat, kultur\u0119, spo\u0142ecze\u0144stwo. Gimnazjum\u00a0kieruj\u0105ca si\u0119 zasadami tolerancji, demokracji. Gimnazjum, kt\u00f3ra\u00a0 uczy kultury osobistej i kultury j\u0119zyka. Misja Gimnzajum &hellip; <a href=\"https:\/\/www.lavoriskes.vilniausr.lm.lt\/?page_id=212&amp;lang=pl\">Skaitykite toliau <span class=\"meta-nav\">&rarr;<\/span><\/a><\/p>\n","protected":false},"author":1,"featured_media":0,"parent":697,"menu_order":0,"comment_status":"closed","ping_status":"closed","template":"","meta":{"ngg_post_thumbnail":0,"footnotes":""},"class_list":["post-212","page","type-page","status-publish","hentry"],"_links":{"self":[{"href":"https:\/\/www.lavoriskes.vilniausr.lm.lt\/index.php?rest_route=\/wp\/v2\/pages\/212","targetHints":{"allow":["GET"]}}],"collection":[{"href":"https:\/\/www.lavoriskes.vilniausr.lm.lt\/index.php?rest_route=\/wp\/v2\/pages"}],"about":[{"href":"https:\/\/www.lavoriskes.vilniausr.lm.lt\/index.php?rest_route=\/wp\/v2\/types\/page"}],"author":[{"embeddable":true,"href":"https:\/\/www.lavoriskes.vilniausr.lm.lt\/index.php?rest_route=\/wp\/v2\/users\/1"}],"replies":[{"embeddable":true,"href":"https:\/\/www.lavoriskes.vilniausr.lm.lt\/index.php?rest_route=%2Fwp%2Fv2%2Fcomments&post=212"}],"version-history":[{"count":17,"href":"https:\/\/www.lavoriskes.vilniausr.lm.lt\/index.php?rest_route=\/wp\/v2\/pages\/212\/revisions"}],"predecessor-version":[{"id":2825,"href":"https:\/\/www.lavoriskes.vilniausr.lm.lt\/index.php?rest_route=\/wp\/v2\/pages\/212\/revisions\/2825"}],"up":[{"embeddable":true,"href":"https:\/\/www.lavoriskes.vilniausr.lm.lt\/index.php?rest_route=\/wp\/v2\/pages\/697"}],"wp:attachment":[{"href":"https:\/\/www.lavoriskes.vilniausr.lm.lt\/index.php?rest_route=%2Fwp%2Fv2%2Fmedia&parent=212"}],"curies":[{"name":"wp","href":"https:\/\/api.w.org\/{rel}","templated":true}]}}