{"id":2056,"date":"2015-01-26T22:08:17","date_gmt":"2015-01-26T20:08:17","guid":{"rendered":"http:\/\/www.lavoriskes.vilniausr.lm.lt\/?page_id=2056"},"modified":"2018-12-03T09:31:20","modified_gmt":"2018-12-03T07:31:20","slug":"komisja-dobra-dziecka","status":"publish","type":"page","link":"https:\/\/www.lavoriskes.vilniausr.lm.lt\/?page_id=2056&amp;lang=pl","title":{"rendered":"Komisja dobra dziecka"},"content":{"rendered":"<p><strong>Przewodnicz\u0105ca \u2013 <\/strong>Bo\u017cena Ragelien\u0117, psycholog<\/p>\n<p><strong>Zast\u0119pca &#8211; <\/strong>Anna Burbo, logopeda<\/p>\n<p><strong>Sekretarz <\/strong><strong><em>\u2013&nbsp;<\/em><\/strong>Jolanta Maciejkianiec, starszy nauczyciel biologii<\/p>\n<p><strong>Cz\u0142onkowie:<\/strong><\/p>\n<ul>\n<li>Mieczys\u0142aw Podleckij, starszy nauczyciel informatyki<\/li>\n<li>Lucyna Wo\u0142k, nauczyciel muzyki<\/li>\n<li>Maria Borysewicz, starszy organizator socjalny w starostwie \u0142awaryskim<\/li>\n<\/ul>\n<div id=\"wp_fb_like_button\" style=\"margin:5px 0;float:none;height:100px;\"><script src=\"http:\/\/connect.facebook.net\/en_US\/all.js#xfbml=1\"><\/script><fb:like href=\"https:\/\/www.lavoriskes.vilniausr.lm.lt\/?page_id=2056&amp;lang=pl\" send=\"true\" layout=\"standard\" width=\"450\" show_faces=\"true\" font=\"arial\" action=\"like\" colorscheme=\"light\"><\/fb:like><\/div>","protected":false},"excerpt":{"rendered":"<p>Przewodnicz\u0105ca \u2013 Bo\u017cena Ragelien\u0117, psycholog Zast\u0119pca &#8211; Anna Burbo, logopeda Sekretarz \u2013&nbsp;Jolanta Maciejkianiec, starszy nauczyciel biologii Cz\u0142onkowie: Mieczys\u0142aw Podleckij, starszy nauczyciel informatyki Lucyna Wo\u0142k, nauczyciel muzyki Maria Borysewicz, starszy organizator socjalny w starostwie \u0142awaryskim<\/p>\n","protected":false},"author":2,"featured_media":0,"parent":1153,"menu_order":1,"comment_status":"closed","ping_status":"closed","template":"","meta":{"ngg_post_thumbnail":0,"footnotes":""},"class_list":["post-2056","page","type-page","status-publish","hentry"],"_links":{"self":[{"href":"https:\/\/www.lavoriskes.vilniausr.lm.lt\/index.php?rest_route=\/wp\/v2\/pages\/2056","targetHints":{"allow":["GET"]}}],"collection":[{"href":"https:\/\/www.lavoriskes.vilniausr.lm.lt\/index.php?rest_route=\/wp\/v2\/pages"}],"about":[{"href":"https:\/\/www.lavoriskes.vilniausr.lm.lt\/index.php?rest_route=\/wp\/v2\/types\/page"}],"author":[{"embeddable":true,"href":"https:\/\/www.lavoriskes.vilniausr.lm.lt\/index.php?rest_route=\/wp\/v2\/users\/2"}],"replies":[{"embeddable":true,"href":"https:\/\/www.lavoriskes.vilniausr.lm.lt\/index.php?rest_route=%2Fwp%2Fv2%2Fcomments&post=2056"}],"version-history":[{"count":4,"href":"https:\/\/www.lavoriskes.vilniausr.lm.lt\/index.php?rest_route=\/wp\/v2\/pages\/2056\/revisions"}],"predecessor-version":[{"id":8147,"href":"https:\/\/www.lavoriskes.vilniausr.lm.lt\/index.php?rest_route=\/wp\/v2\/pages\/2056\/revisions\/8147"}],"up":[{"embeddable":true,"href":"https:\/\/www.lavoriskes.vilniausr.lm.lt\/index.php?rest_route=\/wp\/v2\/pages\/1153"}],"wp:attachment":[{"href":"https:\/\/www.lavoriskes.vilniausr.lm.lt\/index.php?rest_route=%2Fwp%2Fv2%2Fmedia&parent=2056"}],"curies":[{"name":"wp","href":"https:\/\/api.w.org\/{rel}","templated":true}]}}