{"id":2054,"date":"2015-01-26T22:07:02","date_gmt":"2015-01-26T20:07:02","guid":{"rendered":"http:\/\/www.lavoriskes.vilniausr.lm.lt\/?page_id=2054"},"modified":"2018-12-03T09:27:22","modified_gmt":"2018-12-03T07:27:22","slug":"grupa-metodyczna-nauk-scislych","status":"publish","type":"page","link":"https:\/\/www.lavoriskes.vilniausr.lm.lt\/?page_id=2054&amp;lang=pl","title":{"rendered":"Grupa metodyczna nauk przyrodniczych, \u015bcis\u0142ych, spo\u0142ecznych oraz sztuki"},"content":{"rendered":"<p><strong>Grupa metodyczna nauk przyrodniczych, \u015bcis\u0142ych, spo\u0142ecznych oraz sztuk<\/strong><\/p>\n<p><strong>Przewodnicz\u0105ca \u2013 <\/strong>Jolanta&nbsp; Maciejkianiec, nauczyciel geografii, starszy nauczyciel biologii<\/p>\n<p><strong>Sekretarz \u2013 <\/strong>Lucyna Wo\u0142k, nauczyciel muzyki<\/p>\n<p><strong>Cz\u0142onkowie :<\/strong><\/p>\n<ul>\n<li>Mieczys\u0142aw Podleckij, starszy nauczyciel informatyki<\/li>\n<li>Ryszard Suchocki, starszy nauczyciel fizyki<\/li>\n<li>Krystyna Tankielun, starszy nauczyciel technologii<\/li>\n<li>Jelena Palewicz, starszy nauczyciel technologii i plastyki<\/li>\n<li>Albert Wo\u0142k, starszy nauczyciel historii<\/li>\n<li>Artur Potkin, nauczyciel wychowania fizycznego<\/li>\n<li>Eduard Szpakow, nauczyciel wychowania fizycznego<\/li>\n<li>Liudmi\u0142a Sitnikowa, nauczyciel chemii<\/li>\n<li>Katarzyna Misiewicz, nauczyciel matematyki<\/li>\n<li>An\u017celika Kaczkan, starszy nauczyciel religii<\/li>\n<li>Weronika U\u017cdalewicz, nauczyciel religii<\/li>\n<\/ul>\n<div id=\"wp_fb_like_button\" style=\"margin:5px 0;float:none;height:100px;\"><script src=\"http:\/\/connect.facebook.net\/en_US\/all.js#xfbml=1\"><\/script><fb:like href=\"https:\/\/www.lavoriskes.vilniausr.lm.lt\/?page_id=2054&amp;lang=pl\" send=\"true\" layout=\"standard\" width=\"450\" show_faces=\"true\" font=\"arial\" action=\"like\" colorscheme=\"light\"><\/fb:like><\/div>","protected":false},"excerpt":{"rendered":"<p>Grupa metodyczna nauk przyrodniczych, \u015bcis\u0142ych, spo\u0142ecznych oraz sztuk Przewodnicz\u0105ca \u2013 Jolanta&nbsp; Maciejkianiec, nauczyciel geografii, starszy nauczyciel biologii Sekretarz \u2013 Lucyna Wo\u0142k, nauczyciel muzyki Cz\u0142onkowie : Mieczys\u0142aw Podleckij, starszy nauczyciel informatyki Ryszard Suchocki, starszy nauczyciel fizyki Krystyna Tankielun, starszy nauczyciel technologii &hellip; <a href=\"https:\/\/www.lavoriskes.vilniausr.lm.lt\/?page_id=2054&amp;lang=pl\">Skaitykite toliau <span class=\"meta-nav\">&rarr;<\/span><\/a><\/p>\n","protected":false},"author":2,"featured_media":0,"parent":2041,"menu_order":1,"comment_status":"closed","ping_status":"closed","template":"","meta":{"ngg_post_thumbnail":0,"footnotes":""},"class_list":["post-2054","page","type-page","status-publish","hentry"],"_links":{"self":[{"href":"https:\/\/www.lavoriskes.vilniausr.lm.lt\/index.php?rest_route=\/wp\/v2\/pages\/2054","targetHints":{"allow":["GET"]}}],"collection":[{"href":"https:\/\/www.lavoriskes.vilniausr.lm.lt\/index.php?rest_route=\/wp\/v2\/pages"}],"about":[{"href":"https:\/\/www.lavoriskes.vilniausr.lm.lt\/index.php?rest_route=\/wp\/v2\/types\/page"}],"author":[{"embeddable":true,"href":"https:\/\/www.lavoriskes.vilniausr.lm.lt\/index.php?rest_route=\/wp\/v2\/users\/2"}],"replies":[{"embeddable":true,"href":"https:\/\/www.lavoriskes.vilniausr.lm.lt\/index.php?rest_route=%2Fwp%2Fv2%2Fcomments&post=2054"}],"version-history":[{"count":7,"href":"https:\/\/www.lavoriskes.vilniausr.lm.lt\/index.php?rest_route=\/wp\/v2\/pages\/2054\/revisions"}],"predecessor-version":[{"id":8144,"href":"https:\/\/www.lavoriskes.vilniausr.lm.lt\/index.php?rest_route=\/wp\/v2\/pages\/2054\/revisions\/8144"}],"up":[{"embeddable":true,"href":"https:\/\/www.lavoriskes.vilniausr.lm.lt\/index.php?rest_route=\/wp\/v2\/pages\/2041"}],"wp:attachment":[{"href":"https:\/\/www.lavoriskes.vilniausr.lm.lt\/index.php?rest_route=%2Fwp%2Fv2%2Fmedia&parent=2054"}],"curies":[{"name":"wp","href":"https:\/\/api.w.org\/{rel}","templated":true}]}}