{"id":2032,"date":"2015-01-26T21:49:26","date_gmt":"2015-01-26T19:49:26","guid":{"rendered":"http:\/\/www.lavoriskes.vilniausr.lm.lt\/?page_id=2032"},"modified":"2018-12-03T09:45:32","modified_gmt":"2018-12-03T07:45:32","slug":"rada-metodyczna","status":"publish","type":"page","link":"https:\/\/www.lavoriskes.vilniausr.lm.lt\/?page_id=2032&amp;lang=pl","title":{"rendered":"Rada metodyczna"},"content":{"rendered":"<p><strong>Przewodnicz\u0105ca <\/strong>\u2013 Eleonora Maszaro, starszy nauczyciel j\u0119zyka angielskiego<\/p>\n<p><strong>Zast\u0119pca<\/strong> \u2013 Anna Burbo, nauczyciel-metodyk j\u0119zyka polskiego<\/p>\n<p><strong>Sekretarz<\/strong> \u2013 Regina Sudnikiewicz, starszy nauczyciel j\u0119zyka litewskiego<\/p>\n<p><strong>Cz\u0142onkowie: <\/strong><\/p>\n<ul>\n<li>Helena Rynkiewicz, nauczyciel-metodyk nauczania pocz\u0105tkowego<\/li>\n<li>Halina Szturo, nauczyciel-metodyk j\u0119zyka polskiego<\/li>\n<li>Jolanta Maciejkianiec, starszy nauczyciel biologii<\/li>\n<\/ul>\n<div id=\"wp_fb_like_button\" style=\"margin:5px 0;float:none;height:100px;\"><script src=\"http:\/\/connect.facebook.net\/en_US\/all.js#xfbml=1\"><\/script><fb:like href=\"https:\/\/www.lavoriskes.vilniausr.lm.lt\/?page_id=2032&amp;lang=pl\" send=\"true\" layout=\"standard\" width=\"450\" show_faces=\"true\" font=\"arial\" action=\"like\" colorscheme=\"light\"><\/fb:like><\/div>","protected":false},"excerpt":{"rendered":"<p>Przewodnicz\u0105ca \u2013 Eleonora Maszaro, starszy nauczyciel j\u0119zyka angielskiego Zast\u0119pca \u2013 Anna Burbo, nauczyciel-metodyk j\u0119zyka polskiego Sekretarz \u2013 Regina Sudnikiewicz, starszy nauczyciel j\u0119zyka litewskiego Cz\u0142onkowie: Helena Rynkiewicz, nauczyciel-metodyk nauczania pocz\u0105tkowego Halina Szturo, nauczyciel-metodyk j\u0119zyka polskiego Jolanta Maciejkianiec, starszy nauczyciel biologii<\/p>\n","protected":false},"author":2,"featured_media":0,"parent":1144,"menu_order":2,"comment_status":"closed","ping_status":"closed","template":"","meta":{"ngg_post_thumbnail":0,"footnotes":""},"class_list":["post-2032","page","type-page","status-publish","hentry"],"_links":{"self":[{"href":"https:\/\/www.lavoriskes.vilniausr.lm.lt\/index.php?rest_route=\/wp\/v2\/pages\/2032","targetHints":{"allow":["GET"]}}],"collection":[{"href":"https:\/\/www.lavoriskes.vilniausr.lm.lt\/index.php?rest_route=\/wp\/v2\/pages"}],"about":[{"href":"https:\/\/www.lavoriskes.vilniausr.lm.lt\/index.php?rest_route=\/wp\/v2\/types\/page"}],"author":[{"embeddable":true,"href":"https:\/\/www.lavoriskes.vilniausr.lm.lt\/index.php?rest_route=\/wp\/v2\/users\/2"}],"replies":[{"embeddable":true,"href":"https:\/\/www.lavoriskes.vilniausr.lm.lt\/index.php?rest_route=%2Fwp%2Fv2%2Fcomments&post=2032"}],"version-history":[{"count":5,"href":"https:\/\/www.lavoriskes.vilniausr.lm.lt\/index.php?rest_route=\/wp\/v2\/pages\/2032\/revisions"}],"predecessor-version":[{"id":8152,"href":"https:\/\/www.lavoriskes.vilniausr.lm.lt\/index.php?rest_route=\/wp\/v2\/pages\/2032\/revisions\/8152"}],"up":[{"embeddable":true,"href":"https:\/\/www.lavoriskes.vilniausr.lm.lt\/index.php?rest_route=\/wp\/v2\/pages\/1144"}],"wp:attachment":[{"href":"https:\/\/www.lavoriskes.vilniausr.lm.lt\/index.php?rest_route=%2Fwp%2Fv2%2Fmedia&parent=2032"}],"curies":[{"name":"wp","href":"https:\/\/api.w.org\/{rel}","templated":true}]}}