{"id":1755,"date":"2014-04-29T10:05:12","date_gmt":"2014-04-29T07:05:12","guid":{"rendered":"http:\/\/www.lavoriskes.vilniausr.lm.lt\/?page_id=1755"},"modified":"2020-03-20T11:26:55","modified_gmt":"2020-03-20T09:26:55","slug":"remejai","status":"publish","type":"page","link":"https:\/\/www.lavoriskes.vilniausr.lm.lt\/?page_id=1755","title":{"rendered":"R\u0117m\u0117jai"},"content":{"rendered":"<h1>Parama<\/h1>\n<p>Norin\u010dius ir galin\u010dius prisid\u0117ti prie Vilniaus r. Lavori\u0161ki\u0173 Stepono Batoro gimnazijos r\u0117mimo bei geresni\u0173 s\u0105lyg\u0173 u\u017etikrinimo, pra\u0161ome susisiekti su mumis arba tiesiogiai pervesti pinigus \u012f mokyklos paramos s\u0105skait\u0105.<\/p>\n<p><strong><em>Mokyklos rekvizitai:<\/em><\/strong><br \/>\n<em><strong>Vilniaus r. Lavori\u0161ki\u0173 Stepono Batoro gimnazija<\/strong><br \/>\n<strong>Vilniaus g. 7,&nbsp;LT \u2013 15232&nbsp;Lavori\u0161ki\u0173 k., Vilnius r.<\/strong><br \/>\n<strong>\u012emon\u0117s&nbsp;kodas&nbsp;\u2013&nbsp;191315448<\/strong><\/em><\/p>\n<p><strong><em>AB DNB bankas, kodas&nbsp;<\/em><\/strong><em><strong>40100<\/strong><br \/>\n<strong>Paramos s\u0105skaitos<\/strong><br \/>\n<strong>Nr. LT174010051001931457<\/strong><\/em><\/p>\n<p><em>El. pa\u0161tas&nbsp;<\/em><a href=\"mailto:lavmokvid@gmail.com\"><em>lavmokvid@gmail.com<\/em><\/a><\/p>\n<p><em>Kontaktinis tel. nr.&nbsp;<\/em><em>(8~5) 2494823<\/em><\/p>\n<p>&nbsp;<\/p>\n<p>L\u0117\u0161os naudojamos pagal mokyklos tarybos patvirtint\u0105 plan\u0105.<\/p>\n<p style=\"text-align: justify;\">J\u016bs\u0173 parama yra labai svarbi, nes turime dar daug k\u0105 atnaujinti ir pagra\u017einti. Mes kuriame nauj\u0105, moderni\u0105, jauki\u0105 ir saugi\u0105 vaikams mokykl\u0105. Gra\u017e\u0117ja patalp\u0173 estetinis vaizdas, ger\u0117ja darbo s\u0105lygos mokiniams ir mokytojams. Kabinetai ir kitos edukacin\u0117s erdv\u0117s tampa modernesni.<\/p>\n<p>Nuo\u0161ird\u017eiai d\u0117kojame visiems, kurie par\u0117m\u0117 mokykl\u0105:<\/p>\n<p style=\"text-align: justify;\"><strong><em>UAB \u201eMarcopol Baltija\u201c vadovui And\u017eejui Rynkevi\u010d u\u017e daugkartin\u0119 finansin\u0119 param\u0105 m\u016bs\u0173 gimnazijos mokiniams. <\/em><\/strong><\/p>\n<p style=\"text-align: justify;\"><strong>&nbsp;<\/strong><strong><em>I\u0161 Lenkijos miestelio netoli \u010censtachavos, Ko\u0161encino labdaringos veiklos iniciatoriams ir organizatoriams Marzenai Bladziak, Elizai Dziedzicka ir Mateu\u0161ui Paradovskiui.<\/em><\/strong><\/p>\n<p>Investuokite \u012f savo vaik\u0173 ateit\u012f!<\/p>\n<div id=\"wp_fb_like_button\" style=\"margin:5px 0;float:none;height:100px;\"><script src=\"http:\/\/connect.facebook.net\/en_US\/all.js#xfbml=1\"><\/script><fb:like href=\"https:\/\/www.lavoriskes.vilniausr.lm.lt\/?page_id=1755\" send=\"true\" layout=\"standard\" width=\"450\" show_faces=\"true\" font=\"arial\" action=\"like\" colorscheme=\"light\"><\/fb:like><\/div>","protected":false},"excerpt":{"rendered":"<p>Parama Norin\u010dius ir galin\u010dius prisid\u0117ti prie Vilniaus r. Lavori\u0161ki\u0173 Stepono Batoro gimnazijos r\u0117mimo bei geresni\u0173 s\u0105lyg\u0173 u\u017etikrinimo, pra\u0161ome susisiekti su mumis arba tiesiogiai pervesti pinigus \u012f mokyklos paramos s\u0105skait\u0105. Mokyklos rekvizitai: Vilniaus r. Lavori\u0161ki\u0173 Stepono Batoro gimnazija Vilniaus g. 7,&nbsp;LT &hellip; <a href=\"https:\/\/www.lavoriskes.vilniausr.lm.lt\/?page_id=1755\">Skaitykite toliau <span class=\"meta-nav\">&rarr;<\/span><\/a><\/p>\n","protected":false},"author":2,"featured_media":0,"parent":0,"menu_order":11,"comment_status":"closed","ping_status":"closed","template":"","meta":{"ngg_post_thumbnail":0,"footnotes":""},"class_list":["post-1755","page","type-page","status-publish","hentry"],"_links":{"self":[{"href":"https:\/\/www.lavoriskes.vilniausr.lm.lt\/index.php?rest_route=\/wp\/v2\/pages\/1755","targetHints":{"allow":["GET"]}}],"collection":[{"href":"https:\/\/www.lavoriskes.vilniausr.lm.lt\/index.php?rest_route=\/wp\/v2\/pages"}],"about":[{"href":"https:\/\/www.lavoriskes.vilniausr.lm.lt\/index.php?rest_route=\/wp\/v2\/types\/page"}],"author":[{"embeddable":true,"href":"https:\/\/www.lavoriskes.vilniausr.lm.lt\/index.php?rest_route=\/wp\/v2\/users\/2"}],"replies":[{"embeddable":true,"href":"https:\/\/www.lavoriskes.vilniausr.lm.lt\/index.php?rest_route=%2Fwp%2Fv2%2Fcomments&post=1755"}],"version-history":[{"count":7,"href":"https:\/\/www.lavoriskes.vilniausr.lm.lt\/index.php?rest_route=\/wp\/v2\/pages\/1755\/revisions"}],"predecessor-version":[{"id":9345,"href":"https:\/\/www.lavoriskes.vilniausr.lm.lt\/index.php?rest_route=\/wp\/v2\/pages\/1755\/revisions\/9345"}],"wp:attachment":[{"href":"https:\/\/www.lavoriskes.vilniausr.lm.lt\/index.php?rest_route=%2Fwp%2Fv2%2Fmedia&parent=1755"}],"curies":[{"name":"wp","href":"https:\/\/api.w.org\/{rel}","templated":true}]}}