{"id":1656,"date":"2014-03-05T10:13:53","date_gmt":"2014-03-05T08:13:53","guid":{"rendered":"http:\/\/www.lavoriskes.vilniausr.lm.lt\/?page_id=1656"},"modified":"2022-12-08T14:37:11","modified_gmt":"2022-12-08T12:37:11","slug":"pradinio-ugdymo-metodine-grupe","status":"publish","type":"page","link":"https:\/\/www.lavoriskes.vilniausr.lm.lt\/?page_id=1656","title":{"rendered":"Pradinio ugdymo metodin\u0117 grup\u0117"},"content":{"rendered":"<p><em><strong>Pirminink\u0117 \u2013<\/strong><\/em>&nbsp;Helena Rynkevi\u010d, pradinio ugdymo mokytoja metodinink\u0117<\/p>\n<p><em><strong>Sekretor\u0117&nbsp;<\/strong><\/em>\u2013 Justyna Mialdun, &nbsp;pradinio ugdymo mokytoja<\/p>\n<p><em><strong>Nariai:<\/strong><\/em><\/p>\n<ul>\n<li>Halina Buber \u2013 Liachovi\u010d, pradinio ugdymo mokytoja<\/li>\n<li>Dorota Sidorovi\u010d, pradinio ugdymo mokytoja<\/li>\n<\/ul>\n<div id=\"wp_fb_like_button\" style=\"margin:5px 0;float:none;height:100px;\"><script src=\"http:\/\/connect.facebook.net\/en_US\/all.js#xfbml=1\"><\/script><fb:like href=\"https:\/\/www.lavoriskes.vilniausr.lm.lt\/?page_id=1656\" send=\"true\" layout=\"standard\" width=\"450\" show_faces=\"true\" font=\"arial\" action=\"like\" colorscheme=\"light\"><\/fb:like><\/div>","protected":false},"excerpt":{"rendered":"<p>Pirminink\u0117 \u2013&nbsp;Helena Rynkevi\u010d, pradinio ugdymo mokytoja metodinink\u0117 Sekretor\u0117&nbsp;\u2013 Justyna Mialdun, &nbsp;pradinio ugdymo mokytoja Nariai: Halina Buber \u2013 Liachovi\u010d, pradinio ugdymo mokytoja Dorota Sidorovi\u010d, pradinio ugdymo mokytoja<\/p>\n","protected":false},"author":2,"featured_media":0,"parent":1643,"menu_order":4,"comment_status":"closed","ping_status":"closed","template":"","meta":{"ngg_post_thumbnail":0,"footnotes":""},"class_list":["post-1656","page","type-page","status-publish","hentry"],"_links":{"self":[{"href":"https:\/\/www.lavoriskes.vilniausr.lm.lt\/index.php?rest_route=\/wp\/v2\/pages\/1656","targetHints":{"allow":["GET"]}}],"collection":[{"href":"https:\/\/www.lavoriskes.vilniausr.lm.lt\/index.php?rest_route=\/wp\/v2\/pages"}],"about":[{"href":"https:\/\/www.lavoriskes.vilniausr.lm.lt\/index.php?rest_route=\/wp\/v2\/types\/page"}],"author":[{"embeddable":true,"href":"https:\/\/www.lavoriskes.vilniausr.lm.lt\/index.php?rest_route=\/wp\/v2\/users\/2"}],"replies":[{"embeddable":true,"href":"https:\/\/www.lavoriskes.vilniausr.lm.lt\/index.php?rest_route=%2Fwp%2Fv2%2Fcomments&post=1656"}],"version-history":[{"count":11,"href":"https:\/\/www.lavoriskes.vilniausr.lm.lt\/index.php?rest_route=\/wp\/v2\/pages\/1656\/revisions"}],"predecessor-version":[{"id":11725,"href":"https:\/\/www.lavoriskes.vilniausr.lm.lt\/index.php?rest_route=\/wp\/v2\/pages\/1656\/revisions\/11725"}],"up":[{"embeddable":true,"href":"https:\/\/www.lavoriskes.vilniausr.lm.lt\/index.php?rest_route=\/wp\/v2\/pages\/1643"}],"wp:attachment":[{"href":"https:\/\/www.lavoriskes.vilniausr.lm.lt\/index.php?rest_route=%2Fwp%2Fv2%2Fmedia&parent=1656"}],"curies":[{"name":"wp","href":"https:\/\/api.w.org\/{rel}","templated":true}]}}