{"id":1651,"date":"2014-03-05T10:09:58","date_gmt":"2014-03-05T08:09:58","guid":{"rendered":"http:\/\/www.lavoriskes.vilniausr.lm.lt\/?page_id=1651"},"modified":"2022-12-08T14:36:37","modified_gmt":"2022-12-08T12:36:37","slug":"humanitariniu-mokslu-metodine-grupe","status":"publish","type":"page","link":"https:\/\/www.lavoriskes.vilniausr.lm.lt\/?page_id=1651","title":{"rendered":"Humanitarini\u0173 moksl\u0173 metodin\u0117 grup\u0117"},"content":{"rendered":"<p><em><strong>Pirminink\u0117&nbsp;<\/strong><\/em><em>\u2013<\/em>&nbsp;Eleonora Ma\u0161aro, angl\u0173 kalbos vyresnioji mokytoja<\/p>\n<p><em><strong>Sekretor\u0117&nbsp;<\/strong><\/em>\u2013 Virgilija Stonyt\u0117, lietuvi\u0173 kalbos ir literat\u016bros mokytoja ekspert\u0117<\/p>\n<p><em><strong>&nbsp;Nariai:<\/strong><\/em><\/p>\n<ul>\n<li>Halina \u0160turo, lenk\u0173 kalbos mokytoja metodinink\u0117<\/li>\n<li>Ana Burbo, lenk\u0173 kalbos mokytoja metodinink\u0117<\/li>\n<li>Lilija Zagurskien\u0117, angl\u0173 kalbos vyresnioji mokytoja<\/li>\n<li>Augustyna Jakubovskaja, rus\u0173 kalbos mokytoja<\/li>\n<li>Nijol\u0117 Krukovskaja, lietuvi\u0173 kalbos ir literat\u016bros mokytoja<\/li>\n<li>Kristina U\u017eubalyt\u0117 \u2013 Lapiskien\u0117, lietuvi\u0173 kalbos ir literat\u016bros vyresnioji mokytoja<\/li>\n<li>Irena Lavrinovi\u010d, rus\u0173 kalbos vyresnioji mokytoja<\/li>\n<\/ul>\n<div id=\"wp_fb_like_button\" style=\"margin:5px 0;float:none;height:100px;\"><script src=\"http:\/\/connect.facebook.net\/en_US\/all.js#xfbml=1\"><\/script><fb:like href=\"https:\/\/www.lavoriskes.vilniausr.lm.lt\/?page_id=1651\" send=\"true\" layout=\"standard\" width=\"450\" show_faces=\"true\" font=\"arial\" action=\"like\" colorscheme=\"light\"><\/fb:like><\/div>","protected":false},"excerpt":{"rendered":"<p>Pirminink\u0117&nbsp;\u2013&nbsp;Eleonora Ma\u0161aro, angl\u0173 kalbos vyresnioji mokytoja Sekretor\u0117&nbsp;\u2013 Virgilija Stonyt\u0117, lietuvi\u0173 kalbos ir literat\u016bros mokytoja ekspert\u0117 &nbsp;Nariai: Halina \u0160turo, lenk\u0173 kalbos mokytoja metodinink\u0117 Ana Burbo, lenk\u0173 kalbos mokytoja metodinink\u0117 Lilija Zagurskien\u0117, angl\u0173 kalbos vyresnioji mokytoja Augustyna Jakubovskaja, rus\u0173 kalbos mokytoja Nijol\u0117 &hellip; <a href=\"https:\/\/www.lavoriskes.vilniausr.lm.lt\/?page_id=1651\">Skaitykite toliau <span class=\"meta-nav\">&rarr;<\/span><\/a><\/p>\n","protected":false},"author":2,"featured_media":0,"parent":1643,"menu_order":2,"comment_status":"closed","ping_status":"closed","template":"","meta":{"ngg_post_thumbnail":0,"footnotes":""},"class_list":["post-1651","page","type-page","status-publish","hentry"],"_links":{"self":[{"href":"https:\/\/www.lavoriskes.vilniausr.lm.lt\/index.php?rest_route=\/wp\/v2\/pages\/1651","targetHints":{"allow":["GET"]}}],"collection":[{"href":"https:\/\/www.lavoriskes.vilniausr.lm.lt\/index.php?rest_route=\/wp\/v2\/pages"}],"about":[{"href":"https:\/\/www.lavoriskes.vilniausr.lm.lt\/index.php?rest_route=\/wp\/v2\/types\/page"}],"author":[{"embeddable":true,"href":"https:\/\/www.lavoriskes.vilniausr.lm.lt\/index.php?rest_route=\/wp\/v2\/users\/2"}],"replies":[{"embeddable":true,"href":"https:\/\/www.lavoriskes.vilniausr.lm.lt\/index.php?rest_route=%2Fwp%2Fv2%2Fcomments&post=1651"}],"version-history":[{"count":16,"href":"https:\/\/www.lavoriskes.vilniausr.lm.lt\/index.php?rest_route=\/wp\/v2\/pages\/1651\/revisions"}],"predecessor-version":[{"id":11724,"href":"https:\/\/www.lavoriskes.vilniausr.lm.lt\/index.php?rest_route=\/wp\/v2\/pages\/1651\/revisions\/11724"}],"up":[{"embeddable":true,"href":"https:\/\/www.lavoriskes.vilniausr.lm.lt\/index.php?rest_route=\/wp\/v2\/pages\/1643"}],"wp:attachment":[{"href":"https:\/\/www.lavoriskes.vilniausr.lm.lt\/index.php?rest_route=%2Fwp%2Fv2%2Fmedia&parent=1651"}],"curies":[{"name":"wp","href":"https:\/\/api.w.org\/{rel}","templated":true}]}}