{"id":1649,"date":"2014-03-05T10:08:01","date_gmt":"2014-03-05T08:08:01","guid":{"rendered":"http:\/\/www.lavoriskes.vilniausr.lm.lt\/?page_id=1649"},"modified":"2022-12-08T14:35:55","modified_gmt":"2022-12-08T12:35:55","slug":"tiksliuju-mokslu-metodine-grupe","status":"publish","type":"page","link":"https:\/\/www.lavoriskes.vilniausr.lm.lt\/?page_id=1649","title":{"rendered":"Gamtos, tiksli\u0173j\u0173, socialini\u0173 moksl\u0173 ir men\u0173 metodin\u0117 grup\u0117"},"content":{"rendered":"<p><em><strong>Pirminink\u0117 \u2013&nbsp;<\/strong><\/em>Jolanta Maceikianec, biologijos vyresnioji mokytoja<\/p>\n<p><em><strong>Sekretor\u0117&nbsp;<\/strong><\/em>\u2013 Kristina Tankeliun, technologij\u0173 vyresnioji mokytoja<\/p>\n<p><em><strong>Nariai:<\/strong><\/em><\/p>\n<ul>\n<li>Me\u010dislav Podleckij, informacini\u0173 technologij\u0173 vyresnysis mokytojas<\/li>\n<li>El\u017ebieta Galinskaja, fizikos ir matematikos vyresnioji mokytoja<\/li>\n<li>Dovil\u0117 Nalivaikait\u0117-Venslauskien\u0117, dail\u0117s mokytoja<\/li>\n<li>Albert Volk, istorijos vyresnysis mokytojas<\/li>\n<li>Artur Potkin, fizinio ugdymo vyresnysis mokytojas<\/li>\n<li>Eduard \u0160pakov, fizinio ugdymo vyresnysis mokytojas<\/li>\n<li>Anna Barbara Tondrik,&nbsp;chemijos mokytoja metodinink\u0117<\/li>\n<li>Kata\u017eyna Misevi\u010d, matematikos vyresnioji mokytoja<\/li>\n<li>An\u017eelika Ka\u010dkan, tikybos vyresnioji mokytoja<\/li>\n<li>Augustyna Jakubovskaja, ekonomikos mokytoja<\/li>\n<li>Irena Li\u0161ilenko, muzikos vyresnioji mokytoja<\/li>\n<li>Ana Gulbicka, tikybos mokytoja<\/li>\n<\/ul>\n<div id=\"wp_fb_like_button\" style=\"margin:5px 0;float:none;height:100px;\"><script src=\"http:\/\/connect.facebook.net\/en_US\/all.js#xfbml=1\"><\/script><fb:like href=\"https:\/\/www.lavoriskes.vilniausr.lm.lt\/?page_id=1649\" send=\"true\" layout=\"standard\" width=\"450\" show_faces=\"true\" font=\"arial\" action=\"like\" colorscheme=\"light\"><\/fb:like><\/div>","protected":false},"excerpt":{"rendered":"<p>Pirminink\u0117 \u2013&nbsp;Jolanta Maceikianec, biologijos vyresnioji mokytoja Sekretor\u0117&nbsp;\u2013 Kristina Tankeliun, technologij\u0173 vyresnioji mokytoja Nariai: Me\u010dislav Podleckij, informacini\u0173 technologij\u0173 vyresnysis mokytojas El\u017ebieta Galinskaja, fizikos ir matematikos vyresnioji mokytoja Dovil\u0117 Nalivaikait\u0117-Venslauskien\u0117, dail\u0117s mokytoja Albert Volk, istorijos vyresnysis mokytojas Artur Potkin, fizinio ugdymo vyresnysis &hellip; <a href=\"https:\/\/www.lavoriskes.vilniausr.lm.lt\/?page_id=1649\">Skaitykite toliau <span class=\"meta-nav\">&rarr;<\/span><\/a><\/p>\n","protected":false},"author":2,"featured_media":0,"parent":1643,"menu_order":1,"comment_status":"closed","ping_status":"closed","template":"","meta":{"ngg_post_thumbnail":0,"footnotes":""},"class_list":["post-1649","page","type-page","status-publish","hentry"],"_links":{"self":[{"href":"https:\/\/www.lavoriskes.vilniausr.lm.lt\/index.php?rest_route=\/wp\/v2\/pages\/1649","targetHints":{"allow":["GET"]}}],"collection":[{"href":"https:\/\/www.lavoriskes.vilniausr.lm.lt\/index.php?rest_route=\/wp\/v2\/pages"}],"about":[{"href":"https:\/\/www.lavoriskes.vilniausr.lm.lt\/index.php?rest_route=\/wp\/v2\/types\/page"}],"author":[{"embeddable":true,"href":"https:\/\/www.lavoriskes.vilniausr.lm.lt\/index.php?rest_route=\/wp\/v2\/users\/2"}],"replies":[{"embeddable":true,"href":"https:\/\/www.lavoriskes.vilniausr.lm.lt\/index.php?rest_route=%2Fwp%2Fv2%2Fcomments&post=1649"}],"version-history":[{"count":14,"href":"https:\/\/www.lavoriskes.vilniausr.lm.lt\/index.php?rest_route=\/wp\/v2\/pages\/1649\/revisions"}],"predecessor-version":[{"id":11723,"href":"https:\/\/www.lavoriskes.vilniausr.lm.lt\/index.php?rest_route=\/wp\/v2\/pages\/1649\/revisions\/11723"}],"up":[{"embeddable":true,"href":"https:\/\/www.lavoriskes.vilniausr.lm.lt\/index.php?rest_route=\/wp\/v2\/pages\/1643"}],"wp:attachment":[{"href":"https:\/\/www.lavoriskes.vilniausr.lm.lt\/index.php?rest_route=%2Fwp%2Fv2%2Fmedia&parent=1649"}],"curies":[{"name":"wp","href":"https:\/\/api.w.org\/{rel}","templated":true}]}}