{"id":1645,"date":"2014-03-05T10:04:11","date_gmt":"2014-03-05T08:04:11","guid":{"rendered":"http:\/\/www.lavoriskes.vilniausr.lm.lt\/?page_id=1645"},"modified":"2022-12-08T14:35:28","modified_gmt":"2022-12-08T12:35:28","slug":"aukletoju-metodine-grupe","status":"publish","type":"page","link":"https:\/\/www.lavoriskes.vilniausr.lm.lt\/?page_id=1645","title":{"rendered":"Klasi\u0173 vadov\u0173 metodin\u0117 grup\u0117"},"content":{"rendered":"<p><em><strong>Pirminink\u0117 \u2013&nbsp;<\/strong><\/em>Ana Burbo, lenk\u0173 kalbos mokytoja metodinink\u0117, 7 klas\u0117s vadov\u0117<\/p>\n<p><em><strong>Pavaduotoja- <\/strong><\/em><em>J<\/em>olanta Maceikianec, biologijos vyresnioji mokytoja, 6 klas\u0117s vadov\u0117<\/p>\n<p><em><strong>Sekretor\u0117&nbsp;<\/strong><\/em>\u2013&nbsp;&nbsp;Eleonora Ma\u0161aro, angl\u0173 kalbos vyresnioji mokytoja, 8 klas\u0117s vadov\u0117<\/p>\n<p><em><strong>Nariai:<\/strong><\/em><\/p>\n<ul>\n<li>Artur Potkin, fizinio ugdymo vyresnysis mokytojas, IG klas\u0117s vadovas<\/li>\n<li>Kata\u017eyna Misevi\u010d, matematikos vyresnioji mokytoja, IIG klas\u0117s vadov\u0117<\/li>\n<li>Eduard \u0160pakov, fizinio ugdymo vyresnysis mokytojas, IIIG klas\u0117s vadovas<\/li>\n<li>Me\u010dislav Podleckij, informacini\u0173 technologij\u0173 vyresnysis mokytojas, IVG klas\u0117s vadovas<\/li>\n<\/ul>\n<div id=\"wp_fb_like_button\" style=\"margin:5px 0;float:none;height:100px;\"><script src=\"http:\/\/connect.facebook.net\/en_US\/all.js#xfbml=1\"><\/script><fb:like href=\"https:\/\/www.lavoriskes.vilniausr.lm.lt\/?page_id=1645\" send=\"true\" layout=\"standard\" width=\"450\" show_faces=\"true\" font=\"arial\" action=\"like\" colorscheme=\"light\"><\/fb:like><\/div>","protected":false},"excerpt":{"rendered":"<p>Pirminink\u0117 \u2013&nbsp;Ana Burbo, lenk\u0173 kalbos mokytoja metodinink\u0117, 7 klas\u0117s vadov\u0117 Pavaduotoja- Jolanta Maceikianec, biologijos vyresnioji mokytoja, 6 klas\u0117s vadov\u0117 Sekretor\u0117&nbsp;\u2013&nbsp;&nbsp;Eleonora Ma\u0161aro, angl\u0173 kalbos vyresnioji mokytoja, 8 klas\u0117s vadov\u0117 Nariai: Artur Potkin, fizinio ugdymo vyresnysis mokytojas, IG klas\u0117s vadovas Kata\u017eyna Misevi\u010d, &hellip; <a href=\"https:\/\/www.lavoriskes.vilniausr.lm.lt\/?page_id=1645\">Skaitykite toliau <span class=\"meta-nav\">&rarr;<\/span><\/a><\/p>\n","protected":false},"author":2,"featured_media":0,"parent":1643,"menu_order":0,"comment_status":"closed","ping_status":"closed","template":"","meta":{"ngg_post_thumbnail":0,"footnotes":""},"class_list":["post-1645","page","type-page","status-publish","hentry"],"_links":{"self":[{"href":"https:\/\/www.lavoriskes.vilniausr.lm.lt\/index.php?rest_route=\/wp\/v2\/pages\/1645","targetHints":{"allow":["GET"]}}],"collection":[{"href":"https:\/\/www.lavoriskes.vilniausr.lm.lt\/index.php?rest_route=\/wp\/v2\/pages"}],"about":[{"href":"https:\/\/www.lavoriskes.vilniausr.lm.lt\/index.php?rest_route=\/wp\/v2\/types\/page"}],"author":[{"embeddable":true,"href":"https:\/\/www.lavoriskes.vilniausr.lm.lt\/index.php?rest_route=\/wp\/v2\/users\/2"}],"replies":[{"embeddable":true,"href":"https:\/\/www.lavoriskes.vilniausr.lm.lt\/index.php?rest_route=%2Fwp%2Fv2%2Fcomments&post=1645"}],"version-history":[{"count":16,"href":"https:\/\/www.lavoriskes.vilniausr.lm.lt\/index.php?rest_route=\/wp\/v2\/pages\/1645\/revisions"}],"predecessor-version":[{"id":11722,"href":"https:\/\/www.lavoriskes.vilniausr.lm.lt\/index.php?rest_route=\/wp\/v2\/pages\/1645\/revisions\/11722"}],"up":[{"embeddable":true,"href":"https:\/\/www.lavoriskes.vilniausr.lm.lt\/index.php?rest_route=\/wp\/v2\/pages\/1643"}],"wp:attachment":[{"href":"https:\/\/www.lavoriskes.vilniausr.lm.lt\/index.php?rest_route=%2Fwp%2Fv2%2Fmedia&parent=1645"}],"curies":[{"name":"wp","href":"https:\/\/api.w.org\/{rel}","templated":true}]}}