{"id":1639,"date":"2014-03-05T09:59:19","date_gmt":"2014-03-05T07:59:19","guid":{"rendered":"http:\/\/www.lavoriskes.vilniausr.lm.lt\/?page_id=1639"},"modified":"2024-02-19T12:46:37","modified_gmt":"2024-02-19T10:46:37","slug":"metodine-taryba","status":"publish","type":"page","link":"https:\/\/www.lavoriskes.vilniausr.lm.lt\/?page_id=1639","title":{"rendered":"Metodin\u0117 taryba"},"content":{"rendered":"<p><em><strong>Pirminink\u0117 \u2013<\/strong><\/em>&nbsp;Kata\u017eyna Misevi\u010d, direktoriaus pavaduotoja ugdymui<\/p>\n<p><em><strong>Sekretor\u0117 \u2013&nbsp;<\/strong><\/em>Eleonora Ma\u0161aro, angl\u0173 kalbos vyresnioji mokytoja<\/p>\n<p><em><strong>Nariai:<\/strong><\/em><\/p>\n<ul>\n<li>Jolanta Maceikianiec, biologijos vyresnioji mokytoja<\/li>\n<li>Eleonora Ma\u0161aro, angl\u0173 kalbos vyresnioji mokytoja<\/li>\n<\/ul>\n<div id=\"wp_fb_like_button\" style=\"margin:5px 0;float:none;height:100px;\"><script src=\"http:\/\/connect.facebook.net\/en_US\/all.js#xfbml=1\"><\/script><fb:like href=\"https:\/\/www.lavoriskes.vilniausr.lm.lt\/?page_id=1639\" send=\"true\" layout=\"standard\" width=\"450\" show_faces=\"true\" font=\"arial\" action=\"like\" colorscheme=\"light\"><\/fb:like><\/div>","protected":false},"excerpt":{"rendered":"<p>Pirminink\u0117 \u2013&nbsp;Kata\u017eyna Misevi\u010d, direktoriaus pavaduotoja ugdymui Sekretor\u0117 \u2013&nbsp;Eleonora Ma\u0161aro, angl\u0173 kalbos vyresnioji mokytoja Nariai: Jolanta Maceikianiec, biologijos vyresnioji mokytoja Eleonora Ma\u0161aro, angl\u0173 kalbos vyresnioji mokytoja<\/p>\n","protected":false},"author":2,"featured_media":0,"parent":9224,"menu_order":2,"comment_status":"closed","ping_status":"closed","template":"","meta":{"ngg_post_thumbnail":0,"footnotes":""},"class_list":["post-1639","page","type-page","status-publish","hentry"],"_links":{"self":[{"href":"https:\/\/www.lavoriskes.vilniausr.lm.lt\/index.php?rest_route=\/wp\/v2\/pages\/1639","targetHints":{"allow":["GET"]}}],"collection":[{"href":"https:\/\/www.lavoriskes.vilniausr.lm.lt\/index.php?rest_route=\/wp\/v2\/pages"}],"about":[{"href":"https:\/\/www.lavoriskes.vilniausr.lm.lt\/index.php?rest_route=\/wp\/v2\/types\/page"}],"author":[{"embeddable":true,"href":"https:\/\/www.lavoriskes.vilniausr.lm.lt\/index.php?rest_route=\/wp\/v2\/users\/2"}],"replies":[{"embeddable":true,"href":"https:\/\/www.lavoriskes.vilniausr.lm.lt\/index.php?rest_route=%2Fwp%2Fv2%2Fcomments&post=1639"}],"version-history":[{"count":15,"href":"https:\/\/www.lavoriskes.vilniausr.lm.lt\/index.php?rest_route=\/wp\/v2\/pages\/1639\/revisions"}],"predecessor-version":[{"id":12025,"href":"https:\/\/www.lavoriskes.vilniausr.lm.lt\/index.php?rest_route=\/wp\/v2\/pages\/1639\/revisions\/12025"}],"up":[{"embeddable":true,"href":"https:\/\/www.lavoriskes.vilniausr.lm.lt\/index.php?rest_route=\/wp\/v2\/pages\/9224"}],"wp:attachment":[{"href":"https:\/\/www.lavoriskes.vilniausr.lm.lt\/index.php?rest_route=%2Fwp%2Fv2%2Fmedia&parent=1639"}],"curies":[{"name":"wp","href":"https:\/\/api.w.org\/{rel}","templated":true}]}}