{"id":1587,"date":"2014-02-13T10:51:48","date_gmt":"2014-02-13T08:51:48","guid":{"rendered":"http:\/\/www.lavoriskes.vilniausr.lm.lt\/?page_id=1587"},"modified":"2024-11-08T14:29:46","modified_gmt":"2024-11-08T12:29:46","slug":"vidurinis-ugdymas","status":"publish","type":"page","link":"https:\/\/www.lavoriskes.vilniausr.lm.lt\/?page_id=1587","title":{"rendered":"Vidurinis ugdymas"},"content":{"rendered":"<p align=\"center\"><strong>VIDURINIO UGDYMO PROGRAMOS VYKDYMAS<\/strong><\/p>\n<p style=\"text-align: justify;\">Vidurinio ugdymo paskirtis \u2013 pad\u0117ti asmeniui \u012fgyti bendr\u0105j\u012f dalykin\u012f, sociokult\u016brin\u012f, technologin\u012f ra\u0161tingum\u0105, dorin\u0119, tautin\u0119 ir pilietin\u0119 brand\u0105, profesin\u0117s kompetencijos pradmenis.<\/p>\n<p><a href=\"http:\/\/www.lavoriskes.vilniausr.lm.lt\/wp-content\/uploads\/2024\/11\/UGDYMO-PLANAS-2024-2025_2024-09-24_G-.pdf\">UGDYMO PLANAS 2024-2025<\/a><\/p>\n<p><a href=\"http:\/\/www.lavoriskes.vilniausr.lm.lt\/wp-content\/uploads\/2014\/02\/Vidurinio-ugdymo-apra\u0161as2.pdf\">VIDURINIO UGDYMO PROGRAMOS APRA\u0160O \u012eGYVENDINIMO MOKYKLOJE TVARKA<\/a><\/p>\n<p><a href=\"http:\/\/www.lavoriskes.vilniausr.lm.lt\/wp-content\/uploads\/2014\/02\/lavor.-kurso-keitimo-tvarka.pdf\">DALYKO, KURSO, DALYKO MODULIO, MOK\u0116JIMO LYGIO KEITIMO TVARKA<\/a><\/p>\n<p><a href=\"http:\/\/www.lavoriskes.vilniausr.lm.lt\/wp-content\/uploads\/2021\/10\/PAMOK\u0172-PASKIRSTYMAS-IIIG.pdf\">Pamok\u0173 paskirstymas IIIG-IVG klas\u0117se 2020-2021 ir 2021-2022 m. m.<\/a><\/p>\n<div id=\"wp_fb_like_button\" style=\"margin:5px 0;float:none;height:100px;\"><script src=\"http:\/\/connect.facebook.net\/en_US\/all.js#xfbml=1\"><\/script><fb:like href=\"https:\/\/www.lavoriskes.vilniausr.lm.lt\/?page_id=1587\" send=\"true\" layout=\"standard\" width=\"450\" show_faces=\"true\" font=\"arial\" action=\"like\" colorscheme=\"light\"><\/fb:like><\/div>","protected":false},"excerpt":{"rendered":"<p>VIDURINIO UGDYMO PROGRAMOS VYKDYMAS Vidurinio ugdymo paskirtis \u2013 pad\u0117ti asmeniui \u012fgyti bendr\u0105j\u012f dalykin\u012f, sociokult\u016brin\u012f, technologin\u012f ra\u0161tingum\u0105, dorin\u0119, tautin\u0119 ir pilietin\u0119 brand\u0105, profesin\u0117s kompetencijos pradmenis. UGDYMO PLANAS 2024-2025 VIDURINIO UGDYMO PROGRAMOS APRA\u0160O \u012eGYVENDINIMO MOKYKLOJE TVARKA DALYKO, KURSO, DALYKO MODULIO, MOK\u0116JIMO LYGIO &hellip; <a href=\"https:\/\/www.lavoriskes.vilniausr.lm.lt\/?page_id=1587\">Skaitykite toliau <span class=\"meta-nav\">&rarr;<\/span><\/a><\/p>\n","protected":false},"author":2,"featured_media":0,"parent":990,"menu_order":3,"comment_status":"closed","ping_status":"closed","template":"","meta":{"ngg_post_thumbnail":0,"footnotes":""},"class_list":["post-1587","page","type-page","status-publish","hentry"],"_links":{"self":[{"href":"https:\/\/www.lavoriskes.vilniausr.lm.lt\/index.php?rest_route=\/wp\/v2\/pages\/1587","targetHints":{"allow":["GET"]}}],"collection":[{"href":"https:\/\/www.lavoriskes.vilniausr.lm.lt\/index.php?rest_route=\/wp\/v2\/pages"}],"about":[{"href":"https:\/\/www.lavoriskes.vilniausr.lm.lt\/index.php?rest_route=\/wp\/v2\/types\/page"}],"author":[{"embeddable":true,"href":"https:\/\/www.lavoriskes.vilniausr.lm.lt\/index.php?rest_route=\/wp\/v2\/users\/2"}],"replies":[{"embeddable":true,"href":"https:\/\/www.lavoriskes.vilniausr.lm.lt\/index.php?rest_route=%2Fwp%2Fv2%2Fcomments&post=1587"}],"version-history":[{"count":24,"href":"https:\/\/www.lavoriskes.vilniausr.lm.lt\/index.php?rest_route=\/wp\/v2\/pages\/1587\/revisions"}],"predecessor-version":[{"id":12444,"href":"https:\/\/www.lavoriskes.vilniausr.lm.lt\/index.php?rest_route=\/wp\/v2\/pages\/1587\/revisions\/12444"}],"up":[{"embeddable":true,"href":"https:\/\/www.lavoriskes.vilniausr.lm.lt\/index.php?rest_route=\/wp\/v2\/pages\/990"}],"wp:attachment":[{"href":"https:\/\/www.lavoriskes.vilniausr.lm.lt\/index.php?rest_route=%2Fwp%2Fv2%2Fmedia&parent=1587"}],"curies":[{"name":"wp","href":"https:\/\/api.w.org\/{rel}","templated":true}]}}