{"id":1445,"date":"2013-09-17T11:28:23","date_gmt":"2013-09-17T08:28:23","guid":{"rendered":"http:\/\/www.lavoriskes.vilniausr.lm.lt\/?page_id=1445"},"modified":"2013-09-17T11:35:53","modified_gmt":"2013-09-17T08:35:53","slug":"12-priezasciu-kodel-skaitymas-pagerina-jusu-gyvenima","status":"publish","type":"page","link":"https:\/\/www.lavoriskes.vilniausr.lm.lt\/?page_id=1445","title":{"rendered":"12 prie\u017eas\u010di\u0173, kod\u0117l skaitymas pagerina j\u016bs\u0173 gyvenim\u0105"},"content":{"rendered":"<p style=\"text-align: justify;\">\n\t<strong>Skaitantiems knygas da\u017eniausiai nereikia papildomos motyvacijos tai daryti, ta\u010diau mokslinink\u0173 atlikti tyrimai rodo, kad tok\u012f laisvalaikio leidimo b\u016bd\u0105 besirenkantieji yra visi&scaron;kai teis\u016bs &ndash; skaitymas daro didel\u0119 teigiam\u0105 \u012ftak\u0105 j\u016bs\u0173 gyvenimui.<\/strong>\n<\/p>\n<p>\n\t<strong>1.Skaitymas ma\u017eina Alzheimerio rizik\u0105<\/strong>\n<\/p>\n<p>\n\tPagyven\u0119 \u017emon\u0117s, kurie skaito ar u\u017esiima kita protini\u0173 pastang\u0173 reikalaujan\u010dia veikla, 2,5 karto ma\u017eiau rizikuoja susirgti Alzheimerio liga. Tuo tarpu televizijos \u017ei\u016br\u0117jimas, prie&scaron;ingai, gali tapti vienu i&scaron; Alzheimerio ligos vystymuisi \u012ftakos turin\u010diu u\u017esi\u0117mimu.&nbsp;\n<\/p>\n<p>\n\t<strong>2.Skaitymas rei&scaron;kia, kad j\u016bs nuolatos su\u017einote ka\u017ek\u0105 naujo ir i&scaron;saugote \u017einias<\/strong>\n<\/p>\n<p>\n\t|Skaitymas paver\u010dia jus sumanesniu \u017emogumi. Skaitymas ne tik suteikia jums naujos informacijos, bet ir leid\u017eia i&scaron;laikyti \u017einias senyvame am\u017eiuje. Net jeigu to s\u0105moningai nepastebite, skaitymas suteikia jums informacijos, ir niekada ne\u017einote, kur jos gali prireikti. &nbsp;\n<\/p>\n<p>\n\t<strong>3.\u017dmon\u0117s, kurie skaito, aktyviau balsuoja, lavinasi, domisi kult\u016bra<\/strong>\n<\/p>\n<p>\n\tReguliariai skaitantys \u017emon\u0117s yra pilieti&scaron;kai ir kult\u016bri&scaron;kai aktyvesni. Taigi, skaitymas padeda jums i&scaron; gyvenimo pasiimti daugiau.&nbsp;\n<\/p>\n<p>\n\t<strong>4.Skaitymas ma\u017eina stres\u0105, pakelia nuotaik\u0105<\/strong>\n<\/p>\n<p>\n\tSkaitymas padeda u\u017emir&scaron;ti negandas, sukelia emocin\u012f pagyv\u0117jim\u0105. Vos 6 minu\u010di\u0173 skaitymas suma\u017eina streso lyg\u012f 68 proc.&nbsp;\n<\/p>\n<p>\n\t<strong>5.Skaitymas gali tapti terapijos priemone<\/strong>\n<\/p>\n<p>\n\tPana&scaron;iai kaip muzikos klausymas ar filmo \u017ei\u016br\u0117jimas &ndash; gali pad\u0117ti i&scaron; naujo i&scaron;gyventi praeities patyrimus ir pa\u017evelgti \u012f tai i&scaron; naujos perspektyvos. Taigi, jeigu i&scaron;gyvenate skyrybas ir skaitote knyg\u0105, kurios herojai patiria ka\u017ek\u0105 pana&scaron;aus, tai gali suteikti jums nauj\u0173 \u012f\u017evalg\u0173 ir b\u016bd\u0173, kaip \u012fveikti problemas. &nbsp;\n<\/p>\n<p>\n\t<strong>6.Skaitymas stiprina atmint\u012f<\/strong>\n<\/p>\n<p>\n\tSkaitymas yra vienas geriausi\u0173 <a href=\"http:\/\/www.oprah.com\/health\/How-Reading-Can-Improve-Your-Memory#ixzz2VYPyX3uU\" target=\"_blank\">atminties stiprinimo metod\u0173, rodo tyrimai.&nbsp;<\/a>\n<\/p>\n<p>\n\t<strong>7.Skaitymas suteikia jums seksualumo<\/strong>\n<\/p>\n<p>\n\t<a href=\"http:\/\/www.northbynorthwestern.com\/story\/news-flash-smart-people-are-sexy\/\" target=\"_blank\">Tyrimas parod\u0117, kad intelektas moterims<\/a> atrodo es\u0105s vienas i&scaron; patraukliausi\u0173 vyr\u0173 bruo\u017e\u0173. O b\u016btent skaitymas da\u017eniausiai ir kelia asociacijas su intelektu.&nbsp;\n<\/p>\n<p>\n\t<strong>8.Skaitymas padeda lavinti j\u016bs\u0173 analitin\u012f m\u0105stym\u0105<\/strong>\n<\/p>\n<p>\n\tTaip, b\u016bsimieji teisininkai ir moksl\u0173 daktarai! <a href=\"http:\/\/www.csun.edu\/%7Ekrowlands\/Content\/Academic_Resources\/Reading\/Useful%20Articles\/Cunningham-What%20Reading%20Does%20for%20the%20Mind.pdf\" target=\"_blank\">Skaitymas padeda lavinti analitin\u012f\/sistemin\u012f m\u0105stym\u0105.&nbsp;<\/a>\n<\/p>\n<p>\n\t<strong>9.Skaitymas praple\u010dia j\u016bs\u0173 \u017eodyn\u0105<\/strong>\n<\/p>\n<p>\n\tIki &scaron;iol dar n\u0117ra rastas kitas toks efektyvus b\u016bdas \u017eodyno pl\u0117timui kaip skaitymas. <a href=\"http:\/\/teacher.scholastic.com\/products\/readingline\/pdfs\/ProfessionalPaper.pdf\" target=\"_blank\">Mokslininkai teigia, kad t\u0117vai <\/a>tur\u0117t\u0173 skatinti savo vaikus skaityti kuo daugiau.&nbsp;\n<\/p>\n<p>\n\t<strong>10.Skaitymas paver\u010dia jus geresniu ra&scaron;ytoju<\/strong>\n<\/p>\n<p>\n\tSkaitymas gerina ir j\u016bs\u0173 ra&scaron;ymo \u012fg\u016bd\u017eius &ndash; skaitydami ger\u0105 knyg\u0105 j\u016bs perimate kai kurias autoriaus ra&scaron;ymo stiliaus ypatybes.\n<\/p>\n<p>\n\t<strong>11.Gro\u017ein\u0117s literat\u016bros skaitymas padeda geriau \u012fsijausti \u012f kit\u0173 \u017emoni\u0173 b\u016bsenas<\/strong>\n<\/p>\n<p>\n\tNors gro\u017ein\u0117je literat\u016broje ra&scaron;oma apie \u012fsivaizduojamus \u012fvykius, skaitydami j\u016bs galite suvokti kitas galimybes, kitokius gyvenimus nei j\u016bs\u0173 paties. Skaitydami j\u016bs galite geriau suvokti kitas kult\u016bras, kitok\u012f gyvenimo b\u016bd\u0105.&nbsp;\n<\/p>\n<p>\n\t<strong>12. Skaitymas daro j\u016bs\u0173 gyvenim\u0105 lengvesn\u012f&nbsp;<\/strong>\n<\/p>\n<p>\n\tSkaitymas atveria duris ir daro gyvenim\u0105 lengvesn\u012f, taigi, galiausiai net nesvarbu, k\u0105 j\u016bs skaitote. Dar daugiau, skaitymas jus ver\u010dia jaustis geriau!\n<\/p>\n<p>\n\t<a href=\"http:\/\/www.15min.lt\/naujiena\/kultura\/literatura\/12-priezasciu-kodel-skaitymas-pagerina-jusu-gyvenima-286-343710\">http:\/\/www.15min.lt\/naujiena\/kultura\/literatura\/12-priezasciu-kodel-skaitymas-pagerina-jusu-gyvenima-286-343710<\/a><br \/>\n\t&nbsp;<\/p>\n<div id=\"wp_fb_like_button\" style=\"margin:5px 0;float:none;height:100px;\"><script src=\"http:\/\/connect.facebook.net\/en_US\/all.js#xfbml=1\"><\/script><fb:like href=\"https:\/\/www.lavoriskes.vilniausr.lm.lt\/?page_id=1445\" send=\"true\" layout=\"standard\" width=\"450\" show_faces=\"true\" font=\"arial\" action=\"like\" colorscheme=\"light\"><\/fb:like><\/div>","protected":false},"excerpt":{"rendered":"<p>Skaitantiems knygas da\u017eniausiai nereikia papildomos motyvacijos tai daryti, ta\u010diau mokslinink\u0173 atlikti tyrimai rodo, kad tok\u012f laisvalaikio leidimo b\u016bd\u0105 besirenkantieji yra visi&scaron;kai teis\u016bs &ndash; skaitymas daro didel\u0119 teigiam\u0105 \u012ftak\u0105 j\u016bs\u0173 gyvenimui. 1.Skaitymas ma\u017eina Alzheimerio rizik\u0105 Pagyven\u0119 \u017emon\u0117s, kurie skaito ar u\u017esiima &hellip; <a href=\"https:\/\/www.lavoriskes.vilniausr.lm.lt\/?page_id=1445\">Skaitykite toliau <span class=\"meta-nav\">&rarr;<\/span><\/a><\/p>\n","protected":false},"author":2,"featured_media":0,"parent":801,"menu_order":7,"comment_status":"closed","ping_status":"closed","template":"","meta":{"ngg_post_thumbnail":0,"footnotes":""},"class_list":["post-1445","page","type-page","status-publish","hentry"],"_links":{"self":[{"href":"https:\/\/www.lavoriskes.vilniausr.lm.lt\/index.php?rest_route=\/wp\/v2\/pages\/1445","targetHints":{"allow":["GET"]}}],"collection":[{"href":"https:\/\/www.lavoriskes.vilniausr.lm.lt\/index.php?rest_route=\/wp\/v2\/pages"}],"about":[{"href":"https:\/\/www.lavoriskes.vilniausr.lm.lt\/index.php?rest_route=\/wp\/v2\/types\/page"}],"author":[{"embeddable":true,"href":"https:\/\/www.lavoriskes.vilniausr.lm.lt\/index.php?rest_route=\/wp\/v2\/users\/2"}],"replies":[{"embeddable":true,"href":"https:\/\/www.lavoriskes.vilniausr.lm.lt\/index.php?rest_route=%2Fwp%2Fv2%2Fcomments&post=1445"}],"version-history":[{"count":4,"href":"https:\/\/www.lavoriskes.vilniausr.lm.lt\/index.php?rest_route=\/wp\/v2\/pages\/1445\/revisions"}],"predecessor-version":[{"id":1448,"href":"https:\/\/www.lavoriskes.vilniausr.lm.lt\/index.php?rest_route=\/wp\/v2\/pages\/1445\/revisions\/1448"}],"up":[{"embeddable":true,"href":"https:\/\/www.lavoriskes.vilniausr.lm.lt\/index.php?rest_route=\/wp\/v2\/pages\/801"}],"wp:attachment":[{"href":"https:\/\/www.lavoriskes.vilniausr.lm.lt\/index.php?rest_route=%2Fwp%2Fv2%2Fmedia&parent=1445"}],"curies":[{"name":"wp","href":"https:\/\/api.w.org\/{rel}","templated":true}]}}