{"id":13,"date":"2010-05-19T09:50:02","date_gmt":"2010-05-19T06:50:02","guid":{"rendered":"http:\/\/www2004.vu.lt\/?page_id=13"},"modified":"2016-11-17T09:03:36","modified_gmt":"2016-11-17T07:03:36","slug":"mokyklos-istorija","status":"publish","type":"page","link":"https:\/\/www.lavoriskes.vilniausr.lm.lt\/?page_id=13","title":{"rendered":"Mokyklos istorija"},"content":{"rendered":"<div style=\"border: 1pt none white; padding: 0cm; background: none repeat scroll 0% 0% white;\">\n<p style=\"text-align: justify;\">Oficiali mokyklos Lavori\u0161k\u0117se veiklos prad\u017eia \u2014 1899 metai\u00a0(Istorinis \u0161altinis: 1904 m. \u201e\u041e\u0442\u0447\u0435\u0442\u043d\u044b\u0435 \u0432\u0435\u0434\u043e\u043c\u043e\u0441\u0442\u0438 \u043e \u043d\u0430\u0447\u0430\u043b\u044c\u043d\u044b\u0445 \u0443\u0447\u0438\u043b\u0438\u0449\u0430\u0445 \u0412\u0438\u043b\u0435\u043d\u0441\u043a\u043e\u0433\u043e \u0443\u0435\u0437\u0434\u0430 \u0437\u0430 1904 \u0433\u043e\u0434 \u201d, Lietuvos valstyb\u0117s istorijos archyvas (LVIA F.568 Ap.1 b. 1412, (61-63 a. pus.)). Nuo 1899 met\u0173 mokykla Lavori\u0161k\u0117se \u00a0\u012fgijo liaudies mokyklos status\u0105. Lavori\u0161ki\u0173\u00a0 liaudies mokyklos apylink\u0117se buvo 28 kaimai. \u0160i\u0173 kaim\u0173 gyventoj\u0173 vaikai ir lank\u0117 liaudies mokykl\u0105. I\u0161 prad\u017ei\u0173 mokykla buvo \u012fsik\u016brusi Mick\u016bn\u0173 seni\u016bnijos vald\u017eios i\u0161nuomotame pastate. Pirmasis\u00a0 mokytojas, pamin\u0117tas istoriniuose \u0161altiniuose-G\u017eego\u017eoJur\u010dik\u00a0 s\u016bnus Jan, dirb\u0119s mokykloje nuo 1899 met\u0173 rugs\u0117jo\u00a0 1 dienos.\u00a0 Kadangi dauguma mokini\u0173 i\u0161pa\u017eino Romos katalik\u0173 tik\u0117jim\u0105, tai tikyb\u0105 mokykloje d\u0117st\u0117 kunigai Josif Mironas ir Vladimie\u017e Markievi\u010d. Anuomet Lavori\u0161ki\u0173 liaudies mokykloje d\u0117styta rus\u0173 kalba.<\/p>\n<p style=\"text-align: justify;\">1901 metais mokyklai priklausan\u010diose \u017eem\u0117se (300 kvadratini\u0173 p\u0117d\u0173) i\u0161kilo naujas, valstyb\u0117s bei vietos gyventoj\u0173 l\u0117\u0161omis \u012fsteigtas pastatas. Pastat\u0105 sudar\u0117 penkios patalpos. Vienoje patalpoje \u012fsik\u016br\u0117 mokytoj\u0173 kambarys, antrojoje \u012frengtas miegamasis vaikams, d\u0117l nepalanki\u0173 s\u0105lyg\u0173 nakvojusiems mokykloje. Kitose patalpose vyko ugdymas bei buvo mokyklos inventoriaus sand\u0117lis. Mokslo metai mokykloje prasid\u0117davo lapkri\u010dio prad\u017eioje, baigdavosi baland\u017eio pabaigoje.<\/p>\n<p style=\"text-align: justify;\">1919 metais \u012fsteigta\u00a0 Vie\u0161oji visuotin\u0117 Lavori\u0161ki\u0173\u00a0 mokykla, kurioje ugdymas vyko lenk\u0173 kalba.\u00a0 I\u0161 prad\u017ei\u0173 mokykla buvo dvimet\u0117, v\u0117liau \u2014\u00a0keturmet\u0117. Nuo 1932 met\u0173 mokykloje veik\u0117 trys klas\u0117s. Tuo laikotarpiu\u00a0 3-4 klas\u0117se mok\u0117si 12 mokini\u0173, o 1-2 \u2013 23 mokiniai. 1927-1939 metais mokykla pl\u0117t\u0117si, joje buvo jau 5\u00a0 klas\u0117s. 1928 metais Lavori\u0161ki\u0173 mokykloje mok\u0117si 116 mokini\u0173.<\/p>\n<p style=\"text-align: justify;\">1937 metais i\u0161kilo naujas medinis mokyklos pastatas, kuriame iki \u0161iol tebevyksta ugdymas.<\/p>\n<p style=\"text-align: justify;\">1937 met\u0173 lapkri\u010dio 15 dien\u0105\u00a0 Vie\u0161oji visuomenin\u0117 keturi\u0173 klasi\u0173 Lavori\u0161ki\u0173\u00a0 mokykla reorganizuota \u012f vie\u0161\u0105j\u0105 II pakopos mokykl\u0105.\u00a0 Iki 1938 met\u0173 vaik\u0173, besimokan\u010di\u0173 Lavori\u0161k\u0117se, t\u0117vai ra\u0161\u0117 pra\u0161ymus reorganizuoti mokykl\u0105 \u012f septynmet\u0119 (III pakopos) mokykl\u0105. Nors \u0160vietimo ministerijos atstovai r\u0117m\u0117 \u0161i\u0105 id\u0117j\u0105, bet d\u0117l prasid\u0117jusio karo jos \u012fgyvendinti nepavyko.<\/p>\n<p style=\"text-align: justify;\">1944 metais mokykla buvo keturmet\u0117, bet t\u0117v\u0173\u00a0 komiteto pastang\u0173 d\u0117ka 1948 metais tapo septynmete.<\/p>\n<p style=\"text-align: justify;\">Vadovaujantis Naujosios Vilnios rajono darbinink\u0173 deputat\u0173 Tarybos Vykdomojo komiteto sprendimu Nr. 222 \u201eD\u0117l Rukaini\u0173 ir Lavori\u0161ki\u0173 septynme\u010di\u0173 mokykl\u0173 reorganizavimo \u012f vidurines mokyklas\u201c, 1955 m. baland\u017eio 28 d. buvo \u012fsteigta vidurin\u0117 mokykla.<\/p>\n<p style=\"text-align: justify;\">1958 metais pirmajai vienuoliktok\u0173 laidai, baigusiai Lavori\u0161ki\u0173\u00a0 vidurin\u0119 mokykl\u0105, \u012fteikti brandos atestatai.<\/p>\n<p style=\"text-align: justify;\">1962 metais \u0161alia senojo mokyklos pastato i\u0161kilo keturi\u0173\u00a0 klasi\u0173 priestatas ir koridorius. 1965-1967 metais pastatytas internatas, \u012frengti bufetas, virtuv\u0117, sporto sal\u0117.<\/p>\n<p style=\"text-align: justify;\">1999 metais Vilniaus rajono savivaldyb\u0117s pastang\u0173 d\u0117ka, greta senosios medin\u0117s mokyklos i\u0161kilo m\u016brinis\u00a0 priestatas (septynios klas\u0117s, biblioteka, valgykla, sporto sal\u0117).<\/p>\n<p style=\"text-align: justify;\">2014 metais mokykla i\u0161leido jubiliejin\u0119 50 abiturient\u0173 laid\u0105.<\/p>\n<p>2015 m. baland\u017eio 24 d. Vilniaus r.\u00a0Lavori\u0161ki\u0173 vidurin\u0117 mokykla gavo gimnazijos status\u0105.<\/p>\n<p>2016 m. baland\u017eio 27 d. vyko i\u0161kilminga Vilniaus r. Lavori\u0161ki\u0173 Stepono Batoro gimnazijos inauguracija.<\/p>\n<p><a href=\"http:\/\/www.lavoriskes.vilniausr.lm.lt\/wp-content\/uploads\/2010\/05\/hist.jpg\"><img loading=\"lazy\" decoding=\"async\" class=\"aligncenter size-full wp-image-2120\" title=\"hist\" src=\"http:\/\/www.lavoriskes.vilniausr.lm.lt\/wp-content\/uploads\/2010\/05\/hist.jpg\" alt=\"\" width=\"640\" height=\"846\" \/><\/a><\/p>\n<p class=\"MsoNormal\" style=\"padding: 0cm; text-indent: 27pt; text-align: center; background: none 0% 0% repeat scroll white;\"><em style=\"text-indent: 27pt; line-height: 1.6em;\">Nuotraukoje: Anna ir Konstacja Zacharzevska, dirbo Lavori\u0161k\u0117se nuo 1927 iki 1935m.<\/em><\/p>\n<p class=\"MsoNormal\" style=\"padding: 0cm; text-indent: 27pt; text-align: center; background: none 0% 0% repeat scroll white;\"><em style=\"text-indent: 27pt; line-height: 1.6em;\">Senasis mokyklos pastatas, v\u0117liau jame gyveno \u016bkininko Sinkevi\u010d \u0161eima.<\/em><\/p>\n<\/div>\n<div id=\"wp_fb_like_button\" style=\"margin:5px 0;float:none;height:100px;\"><script src=\"http:\/\/connect.facebook.net\/en_US\/all.js#xfbml=1\"><\/script><fb:like href=\"https:\/\/www.lavoriskes.vilniausr.lm.lt\/?page_id=13\" send=\"true\" layout=\"standard\" width=\"450\" show_faces=\"true\" font=\"arial\" action=\"like\" colorscheme=\"light\"><\/fb:like><\/div>","protected":false},"excerpt":{"rendered":"<p>Oficiali mokyklos Lavori\u0161k\u0117se veiklos prad\u017eia \u2014 1899 metai\u00a0(Istorinis \u0161altinis: 1904 m. \u201e\u041e\u0442\u0447\u0435\u0442\u043d\u044b\u0435 \u0432\u0435\u0434\u043e\u043c\u043e\u0441\u0442\u0438 \u043e \u043d\u0430\u0447\u0430\u043b\u044c\u043d\u044b\u0445 \u0443\u0447\u0438\u043b\u0438\u0449\u0430\u0445 \u0412\u0438\u043b\u0435\u043d\u0441\u043a\u043e\u0433\u043e \u0443\u0435\u0437\u0434\u0430 \u0437\u0430 1904 \u0433\u043e\u0434 \u201d, Lietuvos valstyb\u0117s istorijos archyvas (LVIA F.568 Ap.1 b. 1412, (61-63 a. pus.)). Nuo 1899 met\u0173 mokykla Lavori\u0161k\u0117se \u00a0\u012fgijo &hellip; <a href=\"https:\/\/www.lavoriskes.vilniausr.lm.lt\/?page_id=13\">Skaitykite toliau <span class=\"meta-nav\">&rarr;<\/span><\/a><\/p>\n","protected":false},"author":1,"featured_media":0,"parent":688,"menu_order":-1,"comment_status":"closed","ping_status":"closed","template":"","meta":{"ngg_post_thumbnail":0,"footnotes":""},"class_list":["post-13","page","type-page","status-publish","hentry"],"_links":{"self":[{"href":"https:\/\/www.lavoriskes.vilniausr.lm.lt\/index.php?rest_route=\/wp\/v2\/pages\/13","targetHints":{"allow":["GET"]}}],"collection":[{"href":"https:\/\/www.lavoriskes.vilniausr.lm.lt\/index.php?rest_route=\/wp\/v2\/pages"}],"about":[{"href":"https:\/\/www.lavoriskes.vilniausr.lm.lt\/index.php?rest_route=\/wp\/v2\/types\/page"}],"author":[{"embeddable":true,"href":"https:\/\/www.lavoriskes.vilniausr.lm.lt\/index.php?rest_route=\/wp\/v2\/users\/1"}],"replies":[{"embeddable":true,"href":"https:\/\/www.lavoriskes.vilniausr.lm.lt\/index.php?rest_route=%2Fwp%2Fv2%2Fcomments&post=13"}],"version-history":[{"count":20,"href":"https:\/\/www.lavoriskes.vilniausr.lm.lt\/index.php?rest_route=\/wp\/v2\/pages\/13\/revisions"}],"predecessor-version":[{"id":4304,"href":"https:\/\/www.lavoriskes.vilniausr.lm.lt\/index.php?rest_route=\/wp\/v2\/pages\/13\/revisions\/4304"}],"up":[{"embeddable":true,"href":"https:\/\/www.lavoriskes.vilniausr.lm.lt\/index.php?rest_route=\/wp\/v2\/pages\/688"}],"wp:attachment":[{"href":"https:\/\/www.lavoriskes.vilniausr.lm.lt\/index.php?rest_route=%2Fwp%2Fv2%2Fmedia&parent=13"}],"curies":[{"name":"wp","href":"https:\/\/api.w.org\/{rel}","templated":true}]}}