{"id":12597,"date":"2026-02-06T15:19:06","date_gmt":"2026-02-06T13:19:06","guid":{"rendered":"https:\/\/www.lavoriskes.vilniausr.lm.lt\/?page_id=12597"},"modified":"2026-02-06T15:19:06","modified_gmt":"2026-02-06T13:19:06","slug":"projektas-galimybiu-mokykla","status":"publish","type":"page","link":"https:\/\/www.lavoriskes.vilniausr.lm.lt\/?page_id=12597","title":{"rendered":"Projektas \u201eGalimybi\u0173 mokykla\u201c"},"content":{"rendered":"<p><img loading=\"lazy\" decoding=\"async\" class=\"alignleft  wp-image-12598\" src=\"http:\/\/www.lavoriskes.vilniausr.lm.lt\/wp-content\/uploads\/2026\/02\/prj.jpg\" alt=\"\" width=\"282\" height=\"103\"><\/p>\n<p style=\"text-align: justify;\">Vilniaus r. Lavori\u0161ki\u0173 Stepono Batoro gimnazija \/ mokykla partnerio teis\u0117mis dalyvauja projekte \u201eGalimybi\u0173 mokykla\u201c, kuris&nbsp;yra finansuojamas Europos socialinio fondo + bei bendrojo finansavimo l\u0117\u0161omis.<\/p>\n<p style=\"text-align: justify;\"><strong>Projekto tikslas \u2013 stiprinti ugdymo, atliepian\u010dio mokini\u0173 am\u017ei\u0173 ir poreikius, kokyb\u0119.<\/strong>&nbsp;<\/p>\n<p style=\"text-align: justify;\">Kartu su projekto vykdytoju \u2013 Nacionaline \u0161vietimo agent\u016bra ir dar dagiau kaip 800 partneri\u0173 prisidedame prie 2021\u20132030\u202f met\u0173 nacionalinio pa\u017eangos plano \u012fgyvendinimo gerinant ugdymosi rezultatus ir ma\u017einant j\u0173 atotr\u016bk\u012f, atliepiame \u0161vietimo sektoriaus paklausos ir pasi\u016blos tendencijas, didinant \u0161vietimo \u012ftraukt\u012f ir u\u017etikrinant visiems prieinam\u0105 \u0161iuolaikin\u012f ugdymo turin\u012f.&nbsp;<\/p>\n<p style=\"text-align: justify;\"><strong>Projekto metu:<\/strong>&nbsp;<\/p>\n<ul style=\"text-align: justify;\">\n<li>kuriamas inovatyvus, personalizuotas ugdymo turinys ir priemon\u0117s prie\u0161mokykliniame ir pradiniame ugdyme;&nbsp;<\/li>\n<li>turtinamas didel\u012f mokymosi potencial\u0105 turin\u010di\u0173 mokini\u0173 ugdymo turinys;&nbsp;<\/li>\n<li>rengiami tautini\u0173 ma\u017eum\u0173 gimtosios kalbos mokymuisi skirti vadov\u0117liai;<\/li>\n<li>\u012fsigyjami vadov\u0117liai bendrojo ugdymo programas vykdan\u010dioms valstyb\u0117s ir savivaldybi\u0173 mokykloms bei profesinio mokymo \u012fstaigoms;&nbsp;<\/li>\n<li>rengiami visuomeninio ugdymo ir gamtos moksl\u0173 nacionaliniai mokini\u0173 pasiekim\u0173 patikrinimai 4 ir 8 klas\u0117se.<\/li>\n<\/ul>\n<p style=\"text-align: justify;\">Projekt\u0105 \u012fgyvendiname nuo 2024 m. baland\u017eio, o suplanuotus rezultatus pasieksime iki 2027 m. liepos m\u0117nesio.<\/p>\n<p style=\"text-align: justify;\">M\u016bs\u0173 tikslin\u0117 grup\u0117: mokytojai, \u0161vietimo pagalbos specialistai, mokykl\u0173 vadovai, mokyklos bendruomen\u0117, mokiniai ir ugdytiniai, tyr\u0117jai, Nacionalin\u0117s \u0161vietimo agent\u016bros (N\u0160A) darbuotojai.<\/p>\n<p style=\"text-align: justify;\">Projektas \u201eGalimybi\u0173 mokykla\u201c<em>&nbsp;<\/em>(NR. 10-072-P-0001) \u012fgyvendinamas pagal 2021\u20132030 m. \u0161vietimo pl\u0117tros programos valdytojos Lietuvos Respublikos \u0161vietimo, mokslo ir sporto ministerijos \u0161vietimo pl\u0117tros programos pa\u017eangos priemon\u0119 Nr. 12-003-03-01-03&nbsp;<a href=\"https:\/\/esinvesticijos.lt\/priemones\/uztikrinti-visiems-prieinama-siuolaikini-ugdymo-turini\"><em>\u201e<\/em><\/a><a href=\"https:\/\/esinvesticijos.lt\/priemones\/uztikrinti-visiems-prieinama-siuolaikini-ugdymo-turini\"><em>U\u017etikrinti visiems prieinam\u0105 \u0161iuolaikin\u012f ugdymo turin\u012f\u201c<\/em><\/a><em>.<\/em>&nbsp;<\/p>\n<p style=\"text-align: justify;\">Daugiau informacijos apie projekt\u0105, jo eig\u0105 ir pasiektus rezultatus galima rasti N\u0160A svetain\u0117je \u2013 <a href=\"https:\/\/www.nsa.smsm.lt\/projektai\/vykdomi-projektai\/projektas-galimybiu-mokykla\/\">https:\/\/www.nsa.smsm.lt\/projektai\/vykdomi-projektai\/projektas-galimybiu-mokykla\/<\/a><\/p>\n<div id=\"wp_fb_like_button\" style=\"margin:5px 0;float:none;height:100px;\"><script src=\"http:\/\/connect.facebook.net\/en_US\/all.js#xfbml=1\"><\/script><fb:like href=\"https:\/\/www.lavoriskes.vilniausr.lm.lt\/?page_id=12597\" send=\"true\" layout=\"standard\" width=\"450\" show_faces=\"true\" font=\"arial\" action=\"like\" colorscheme=\"light\"><\/fb:like><\/div>","protected":false},"excerpt":{"rendered":"<p>Vilniaus r. Lavori\u0161ki\u0173 Stepono Batoro gimnazija \/ mokykla partnerio teis\u0117mis dalyvauja projekte \u201eGalimybi\u0173 mokykla\u201c, kuris&nbsp;yra finansuojamas Europos socialinio fondo + bei bendrojo finansavimo l\u0117\u0161omis. Projekto tikslas \u2013 stiprinti ugdymo, atliepian\u010dio mokini\u0173 am\u017ei\u0173 ir poreikius, kokyb\u0119.&nbsp; Kartu su projekto vykdytoju \u2013 &hellip; <a href=\"https:\/\/www.lavoriskes.vilniausr.lm.lt\/?page_id=12597\">Skaitykite toliau <span class=\"meta-nav\">&rarr;<\/span><\/a><\/p>\n","protected":false},"author":2,"featured_media":0,"parent":801,"menu_order":5,"comment_status":"closed","ping_status":"closed","template":"","meta":{"ngg_post_thumbnail":0,"footnotes":""},"class_list":["post-12597","page","type-page","status-publish","hentry"],"_links":{"self":[{"href":"https:\/\/www.lavoriskes.vilniausr.lm.lt\/index.php?rest_route=\/wp\/v2\/pages\/12597","targetHints":{"allow":["GET"]}}],"collection":[{"href":"https:\/\/www.lavoriskes.vilniausr.lm.lt\/index.php?rest_route=\/wp\/v2\/pages"}],"about":[{"href":"https:\/\/www.lavoriskes.vilniausr.lm.lt\/index.php?rest_route=\/wp\/v2\/types\/page"}],"author":[{"embeddable":true,"href":"https:\/\/www.lavoriskes.vilniausr.lm.lt\/index.php?rest_route=\/wp\/v2\/users\/2"}],"replies":[{"embeddable":true,"href":"https:\/\/www.lavoriskes.vilniausr.lm.lt\/index.php?rest_route=%2Fwp%2Fv2%2Fcomments&post=12597"}],"version-history":[{"count":1,"href":"https:\/\/www.lavoriskes.vilniausr.lm.lt\/index.php?rest_route=\/wp\/v2\/pages\/12597\/revisions"}],"predecessor-version":[{"id":12599,"href":"https:\/\/www.lavoriskes.vilniausr.lm.lt\/index.php?rest_route=\/wp\/v2\/pages\/12597\/revisions\/12599"}],"up":[{"embeddable":true,"href":"https:\/\/www.lavoriskes.vilniausr.lm.lt\/index.php?rest_route=\/wp\/v2\/pages\/801"}],"wp:attachment":[{"href":"https:\/\/www.lavoriskes.vilniausr.lm.lt\/index.php?rest_route=%2Fwp%2Fv2%2Fmedia&parent=12597"}],"curies":[{"name":"wp","href":"https:\/\/api.w.org\/{rel}","templated":true}]}}