{"id":1148,"date":"2013-02-07T13:20:33","date_gmt":"2013-02-07T11:20:33","guid":{"rendered":"http:\/\/www.lavoriskes.vilniausr.lm.lt\/?page_id=1148"},"modified":"2019-05-02T12:03:49","modified_gmt":"2019-05-02T09:03:49","slug":"rada-uczniowska","status":"publish","type":"page","link":"https:\/\/www.lavoriskes.vilniausr.lm.lt\/?page_id=1148&amp;lang=pl","title":{"rendered":"Rada uczniowska"},"content":{"rendered":"<p><strong>Przewodnicz\u0105ca <\/strong>\u2013 Karolina Dziengo, uczennica klasy IIIG<\/p>\n<p><strong>Zast\u0119pca<\/strong> \u2013 Ewelina Grablewska, uczennica klasy IIG<\/p>\n<p><strong>Sekretarz<\/strong> \u2013 Kamila Dziemeszko, uczennica klasy IG<\/p>\n<p><strong>Cz\u0142onkowie: <\/strong><\/p>\n<ul>\n<li>Dominika Tomaszewicz, uczennica klasy 5<\/li>\n<li>Emilia Suchodolska, uczennica klasy 5<\/li>\n<li>Ewa \u0141awrynowicz, uczennica klasy 6<\/li>\n<li>Monika Bu\u017cy\u0144ska, uczennica klasy 6<\/li>\n<li>Urszula Lewko, uczennica klasy 7<\/li>\n<li>Renata Wo\u0142ejko, uczennica klasy 7<\/li>\n<li>Karolina Kie\u017cun, uczennica klasy 8<\/li>\n<li>Katrina Smirnowajtie, uczennica klasy 8<\/li>\n<li>Kamila Dziemeszko, Margarita Tankilen&nbsp;, uczennice klasy IG<\/li>\n<li>Walentyna Kalendo, uczennica klasy IIG<\/li>\n<li>Deiwid Danilewicz, ucze\u0144 klasy IIIG<\/li>\n<li>Agnieszka Mi\u0142to, uczennica klasy IVG<\/li>\n<li>Ewelina Grochowska, uczennica klasy IVG<\/li>\n<\/ul>\n<div id=\"wp_fb_like_button\" style=\"margin:5px 0;float:none;height:100px;\"><script src=\"http:\/\/connect.facebook.net\/en_US\/all.js#xfbml=1\"><\/script><fb:like href=\"https:\/\/www.lavoriskes.vilniausr.lm.lt\/?page_id=1148&amp;lang=pl\" send=\"true\" layout=\"standard\" width=\"450\" show_faces=\"true\" font=\"arial\" action=\"like\" colorscheme=\"light\"><\/fb:like><\/div>","protected":false},"excerpt":{"rendered":"<p>Przewodnicz\u0105ca \u2013 Karolina Dziengo, uczennica klasy IIIG Zast\u0119pca \u2013 Ewelina Grablewska, uczennica klasy IIG Sekretarz \u2013 Kamila Dziemeszko, uczennica klasy IG Cz\u0142onkowie: Dominika Tomaszewicz, uczennica klasy 5 Emilia Suchodolska, uczennica klasy 5 Ewa \u0141awrynowicz, uczennica klasy 6 Monika Bu\u017cy\u0144ska, uczennica &hellip; <a href=\"https:\/\/www.lavoriskes.vilniausr.lm.lt\/?page_id=1148&amp;lang=pl\">Skaitykite toliau <span class=\"meta-nav\">&rarr;<\/span><\/a><\/p>\n","protected":false},"author":2,"featured_media":0,"parent":1144,"menu_order":1,"comment_status":"closed","ping_status":"open","template":"","meta":{"ngg_post_thumbnail":0,"footnotes":""},"class_list":["post-1148","page","type-page","status-publish","hentry"],"_links":{"self":[{"href":"https:\/\/www.lavoriskes.vilniausr.lm.lt\/index.php?rest_route=\/wp\/v2\/pages\/1148","targetHints":{"allow":["GET"]}}],"collection":[{"href":"https:\/\/www.lavoriskes.vilniausr.lm.lt\/index.php?rest_route=\/wp\/v2\/pages"}],"about":[{"href":"https:\/\/www.lavoriskes.vilniausr.lm.lt\/index.php?rest_route=\/wp\/v2\/types\/page"}],"author":[{"embeddable":true,"href":"https:\/\/www.lavoriskes.vilniausr.lm.lt\/index.php?rest_route=\/wp\/v2\/users\/2"}],"replies":[{"embeddable":true,"href":"https:\/\/www.lavoriskes.vilniausr.lm.lt\/index.php?rest_route=%2Fwp%2Fv2%2Fcomments&post=1148"}],"version-history":[{"count":15,"href":"https:\/\/www.lavoriskes.vilniausr.lm.lt\/index.php?rest_route=\/wp\/v2\/pages\/1148\/revisions"}],"predecessor-version":[{"id":8677,"href":"https:\/\/www.lavoriskes.vilniausr.lm.lt\/index.php?rest_route=\/wp\/v2\/pages\/1148\/revisions\/8677"}],"up":[{"embeddable":true,"href":"https:\/\/www.lavoriskes.vilniausr.lm.lt\/index.php?rest_route=\/wp\/v2\/pages\/1144"}],"wp:attachment":[{"href":"https:\/\/www.lavoriskes.vilniausr.lm.lt\/index.php?rest_route=%2Fwp%2Fv2%2Fmedia&parent=1148"}],"curies":[{"name":"wp","href":"https:\/\/api.w.org\/{rel}","templated":true}]}}