{"id":1142,"date":"2013-02-07T13:15:47","date_gmt":"2013-02-07T11:15:47","guid":{"rendered":"http:\/\/www.lavoriskes.vilniausr.lm.lt\/?page_id=1142"},"modified":"2018-12-03T10:22:02","modified_gmt":"2018-12-03T08:22:02","slug":"partnerzy","status":"publish","type":"page","link":"https:\/\/www.lavoriskes.vilniausr.lm.lt\/?page_id=1142&amp;lang=pl","title":{"rendered":"Partnerzy"},"content":{"rendered":"<p><strong>Gimnazjum im. Stefana Batorego w <\/strong><strong>\u0141awaryszkach wsp\u00f3\u0142pracuje z:<\/strong><\/p>\n<p>Plac\u00f3wkami o\u015bwiatowymi:<\/p>\n<ul>\n<li>gimnazjum im. Ignacego Jana Paderewskiego w Bydgoszczy<\/li>\n<li>\u017c\u0142obkiem-przedszkolem w \u0141awaryszkach<\/li>\n<\/ul>\n<p>Innymi plac\u00f3wkami:<\/p>\n<ul>\n<li>parafi\u0105 ko\u015bcio\u0142a \u015bw. Jana w \u0141awaryszkach<\/li>\n<li>starostwem \u0142awaryskim<\/li>\n<li>le\u015bnictwem \u0142awaryskim<\/li>\n<li>nieme\u0144czy\u0144skim posterunkiem policji<\/li>\n<li>wile\u0144sk\u0105 dru\u017cyn\u0105 VSAT<\/li>\n<li>\u0142awarysk\u0105 zapor\u0105 drogow\u0105<\/li>\n<li>oddzia\u0142em \u201eWsp\u00f3lnota Polska\u201d w \u0141odzi<\/li>\n<\/ul>\n<div id=\"wp_fb_like_button\" style=\"margin:5px 0;float:none;height:100px;\"><script src=\"http:\/\/connect.facebook.net\/en_US\/all.js#xfbml=1\"><\/script><fb:like href=\"https:\/\/www.lavoriskes.vilniausr.lm.lt\/?page_id=1142&amp;lang=pl\" send=\"true\" layout=\"standard\" width=\"450\" show_faces=\"true\" font=\"arial\" action=\"like\" colorscheme=\"light\"><\/fb:like><\/div>","protected":false},"excerpt":{"rendered":"<p>Gimnazjum im. Stefana Batorego w \u0141awaryszkach wsp\u00f3\u0142pracuje z: Plac\u00f3wkami o\u015bwiatowymi: gimnazjum im. Ignacego Jana Paderewskiego w Bydgoszczy \u017c\u0142obkiem-przedszkolem w \u0141awaryszkach Innymi plac\u00f3wkami: parafi\u0105 ko\u015bcio\u0142a \u015bw. Jana w \u0141awaryszkach starostwem \u0142awaryskim le\u015bnictwem \u0142awaryskim nieme\u0144czy\u0144skim posterunkiem policji wile\u0144sk\u0105 dru\u017cyn\u0105 VSAT \u0142awarysk\u0105 zapor\u0105 &hellip; <a href=\"https:\/\/www.lavoriskes.vilniausr.lm.lt\/?page_id=1142&amp;lang=pl\">Skaitykite toliau <span class=\"meta-nav\">&rarr;<\/span><\/a><\/p>\n","protected":false},"author":2,"featured_media":0,"parent":1111,"menu_order":5,"comment_status":"closed","ping_status":"closed","template":"","meta":{"ngg_post_thumbnail":0,"footnotes":""},"class_list":["post-1142","page","type-page","status-publish","hentry"],"_links":{"self":[{"href":"https:\/\/www.lavoriskes.vilniausr.lm.lt\/index.php?rest_route=\/wp\/v2\/pages\/1142","targetHints":{"allow":["GET"]}}],"collection":[{"href":"https:\/\/www.lavoriskes.vilniausr.lm.lt\/index.php?rest_route=\/wp\/v2\/pages"}],"about":[{"href":"https:\/\/www.lavoriskes.vilniausr.lm.lt\/index.php?rest_route=\/wp\/v2\/types\/page"}],"author":[{"embeddable":true,"href":"https:\/\/www.lavoriskes.vilniausr.lm.lt\/index.php?rest_route=\/wp\/v2\/users\/2"}],"replies":[{"embeddable":true,"href":"https:\/\/www.lavoriskes.vilniausr.lm.lt\/index.php?rest_route=%2Fwp%2Fv2%2Fcomments&post=1142"}],"version-history":[{"count":10,"href":"https:\/\/www.lavoriskes.vilniausr.lm.lt\/index.php?rest_route=\/wp\/v2\/pages\/1142\/revisions"}],"predecessor-version":[{"id":8157,"href":"https:\/\/www.lavoriskes.vilniausr.lm.lt\/index.php?rest_route=\/wp\/v2\/pages\/1142\/revisions\/8157"}],"up":[{"embeddable":true,"href":"https:\/\/www.lavoriskes.vilniausr.lm.lt\/index.php?rest_route=\/wp\/v2\/pages\/1111"}],"wp:attachment":[{"href":"https:\/\/www.lavoriskes.vilniausr.lm.lt\/index.php?rest_route=%2Fwp%2Fv2%2Fmedia&parent=1142"}],"curies":[{"name":"wp","href":"https:\/\/api.w.org\/{rel}","templated":true}]}}