{"id":1133,"date":"2013-02-07T13:10:09","date_gmt":"2013-02-07T11:10:09","guid":{"rendered":"http:\/\/www.lavoriskes.vilniausr.lm.lt\/?page_id=1133"},"modified":"2020-03-02T11:00:38","modified_gmt":"2020-03-02T09:00:38","slug":"specjalisci","status":"publish","type":"page","link":"https:\/\/www.lavoriskes.vilniausr.lm.lt\/?page_id=1133&amp;lang=pl","title":{"rendered":"Specjali\u015bci"},"content":{"rendered":"<p style=\"text-align: center;\">GIMNAZJUM IM. STEFANA BATOREGO W \u0141AWARYSZKACH<\/p>\n<p style=\"text-align: center;\">PSYCHOLOG BO\u017dENA RAGELIEN\u0116<\/p>\n<p style=\"font-size: 13px; line-height: 20.7999992370605px; text-align: center;\"><strong>GODZINY PRACY&nbsp;<\/strong><\/p>\n<p style=\"font-size: 13px; line-height: 20.7999992370605px; text-align: center;\"><strong>2019-2020 rok szkolny.<\/strong><\/p>\n<p style=\"font-size: 13px; line-height: 20.7999992370605px; text-align: center;\"><a href=\"http:\/\/www.lavoriskes.vilniausr.lm.lt\/wp-content\/uploads\/2013\/01\/psich.jpg\"><img loading=\"lazy\" decoding=\"async\" class=\"aligncenter size-full wp-image-2219\" title=\"psich\" src=\"http:\/\/www.lavoriskes.vilniausr.lm.lt\/wp-content\/uploads\/2013\/01\/psich.jpg\" alt=\"\" width=\"495\" height=\"122\"><\/a><\/p>\n<p style=\"font-size: 13px; line-height: 20.7999992370605px; text-align: center;\"><span style=\"font-size: 12pt;\">GIMNAZJUM IM. STEFANA BATOREGO W \u0141AWARYSZKACH&nbsp;<\/span><\/p>\n<p style=\"font-size: 13px; line-height: 20.7999992370605px; text-align: center;\"><span style=\"font-size: 12pt;\">LOGOPEDA&nbsp;ANA BURBO<\/span><\/p>\n<p style=\"text-align: center;\"><strong>GODZINY PRACY&nbsp;<\/strong><\/p>\n<p style=\"text-align: center;\"><strong>2019-2020 rok szkolny.<\/strong><\/p>\n<p style=\"font-size: 13px; line-height: 20.7999992370605px; text-align: center;\"><img loading=\"lazy\" decoding=\"async\" class=\"aligncenter size-large\" src=\"http:\/\/www.lavoriskes.vilniausr.lm.lt\/wp-content\/uploads\/2019\/10\/logopedo.jpg\" width=\"452\" height=\"519\"><\/p>\n<p style=\"font-size: 13px; line-height: 20.8px; text-align: center;\">&nbsp;<\/p>\n<p>&nbsp;<\/p>\n<p>&nbsp;<\/p>\n<div id=\"wp_fb_like_button\" style=\"margin:5px 0;float:none;height:100px;\"><script src=\"http:\/\/connect.facebook.net\/en_US\/all.js#xfbml=1\"><\/script><fb:like href=\"https:\/\/www.lavoriskes.vilniausr.lm.lt\/?page_id=1133&amp;lang=pl\" send=\"true\" layout=\"standard\" width=\"450\" show_faces=\"true\" font=\"arial\" action=\"like\" colorscheme=\"light\"><\/fb:like><\/div>","protected":false},"excerpt":{"rendered":"<p>GIMNAZJUM IM. STEFANA BATOREGO W \u0141AWARYSZKACH PSYCHOLOG BO\u017dENA RAGELIEN\u0116 GODZINY PRACY&nbsp; 2019-2020 rok szkolny. GIMNAZJUM IM. STEFANA BATOREGO W \u0141AWARYSZKACH&nbsp; LOGOPEDA&nbsp;ANA BURBO GODZINY PRACY&nbsp; 2019-2020 rok szkolny. &nbsp; &nbsp; &nbsp;<\/p>\n","protected":false},"author":2,"featured_media":0,"parent":1111,"menu_order":1,"comment_status":"closed","ping_status":"closed","template":"","meta":{"ngg_post_thumbnail":0,"footnotes":""},"class_list":["post-1133","page","type-page","status-publish","hentry"],"_links":{"self":[{"href":"https:\/\/www.lavoriskes.vilniausr.lm.lt\/index.php?rest_route=\/wp\/v2\/pages\/1133","targetHints":{"allow":["GET"]}}],"collection":[{"href":"https:\/\/www.lavoriskes.vilniausr.lm.lt\/index.php?rest_route=\/wp\/v2\/pages"}],"about":[{"href":"https:\/\/www.lavoriskes.vilniausr.lm.lt\/index.php?rest_route=\/wp\/v2\/types\/page"}],"author":[{"embeddable":true,"href":"https:\/\/www.lavoriskes.vilniausr.lm.lt\/index.php?rest_route=\/wp\/v2\/users\/2"}],"replies":[{"embeddable":true,"href":"https:\/\/www.lavoriskes.vilniausr.lm.lt\/index.php?rest_route=%2Fwp%2Fv2%2Fcomments&post=1133"}],"version-history":[{"count":12,"href":"https:\/\/www.lavoriskes.vilniausr.lm.lt\/index.php?rest_route=\/wp\/v2\/pages\/1133\/revisions"}],"predecessor-version":[{"id":9189,"href":"https:\/\/www.lavoriskes.vilniausr.lm.lt\/index.php?rest_route=\/wp\/v2\/pages\/1133\/revisions\/9189"}],"up":[{"embeddable":true,"href":"https:\/\/www.lavoriskes.vilniausr.lm.lt\/index.php?rest_route=\/wp\/v2\/pages\/1111"}],"wp:attachment":[{"href":"https:\/\/www.lavoriskes.vilniausr.lm.lt\/index.php?rest_route=%2Fwp%2Fv2%2Fmedia&parent=1133"}],"curies":[{"name":"wp","href":"https:\/\/api.w.org\/{rel}","templated":true}]}}