{"id":1125,"date":"2013-02-07T13:04:59","date_gmt":"2013-02-07T11:04:59","guid":{"rendered":"http:\/\/www.lavoriskes.vilniausr.lm.lt\/?page_id=1125"},"modified":"2018-12-03T09:39:20","modified_gmt":"2018-12-03T07:39:20","slug":"personel","status":"publish","type":"page","link":"https:\/\/www.lavoriskes.vilniausr.lm.lt\/?page_id=1125&amp;lang=pl","title":{"rendered":"Personel"},"content":{"rendered":"<p><strong>Sekretarz<\/strong><\/p>\n<p><a href=\"http:\/\/www.lavoriskes.vilniausr.lm.lt\/wp-content\/uploads\/2013\/01\/01.jpg\"><img loading=\"lazy\" decoding=\"async\" class=\"aligncenter size-full wp-image-2201\" title=\"01\" src=\"http:\/\/www.lavoriskes.vilniausr.lm.lt\/wp-content\/uploads\/2013\/01\/01.jpg\" alt=\"\" width=\"286\" height=\"229\"><\/a><\/p>\n<p style=\"line-height: 20.79px; font-size: 13px;\" align=\"center\"><strong>Irena Kairien\u0117<\/strong><\/p>\n<p style=\"line-height: 20.79px; font-size: 13px;\" align=\"center\">tel. (8 5) 249 48 23<\/p>\n<p style=\"line-height: 20.79px; font-size: 13px;\"><strong>Informatyk<\/strong><\/p>\n<p style=\"line-height: 20.79px; font-size: 13px;\" align=\"center\"><a href=\"http:\/\/www.lavoriskes.vilniausr.lm.lt\/wp-content\/uploads\/2013\/01\/DSC_025478.jpg\"><img loading=\"lazy\" decoding=\"async\" class=\"aligncenter size-medium wp-image-1604\" style=\"opacity: 0.9;\" title=\"DSC_025478\" src=\"http:\/\/www.lavoriskes.vilniausr.lm.lt\/wp-content\/uploads\/2013\/01\/DSC_025478-300x234.jpg\" alt=\"\" width=\"300\" height=\"234\" srcset=\"https:\/\/www.lavoriskes.vilniausr.lm.lt\/wp-content\/uploads\/2013\/01\/DSC_025478-300x234.jpg 300w, https:\/\/www.lavoriskes.vilniausr.lm.lt\/wp-content\/uploads\/2013\/01\/DSC_025478.jpg 800w\" sizes=\"auto, (max-width: 300px) 100vw, 300px\" \/><\/a><\/p>\n<p style=\"line-height: 20.79px; font-size: 13px;\" align=\"center\"><strong>Mieczys\u0142aw Podlecki<\/strong><\/p>\n<p style=\"line-height: 20.79px; font-size: 13px;\" align=\"center\">Nauczyciel informatyki<\/p>\n<p><strong>Personel techniczny<\/strong><\/p>\n<table width=\"639\">\n<tbody>\n<tr>\n<td width=\"78\"><strong>Eil. nr.<\/strong><\/td>\n<td width=\"263\"><strong>Imi\u0119, nazwisko<\/strong><\/td>\n<td width=\"299\"><strong>Sprawowane obowi\u0105zki<\/strong><\/td>\n<\/tr>\n<tr>\n<td width=\"78\">1<\/td>\n<td width=\"263\">Janina Rusakiewicz<\/td>\n<td width=\"299\">sprz\u0105taczka<\/td>\n<\/tr>\n<tr>\n<td width=\"78\">2<\/td>\n<td width=\"263\">Swiet\u0142ana Kalendo<\/td>\n<td width=\"299\">sprz\u0105taczka<\/td>\n<\/tr>\n<tr>\n<td width=\"78\">3<\/td>\n<td width=\"263\">Janina Juckiewicz<\/td>\n<td width=\"299\">sprz\u0105taczka<\/td>\n<\/tr>\n<tr>\n<td width=\"78\">4<\/td>\n<td width=\"263\">Aleszkiewicz Wanda<\/td>\n<td width=\"299\">sprz\u0105taczka<\/td>\n<\/tr>\n<tr>\n<td width=\"78\">5<\/td>\n<td width=\"263\">Anna Krewskaja<\/td>\n<td width=\"299\">kierownik sto\u0142\u00f3wki<\/td>\n<\/tr>\n<tr>\n<td width=\"78\">6<\/td>\n<td width=\"263\">Maria Symonowicz<\/td>\n<td width=\"299\">kucharka<\/td>\n<\/tr>\n<tr>\n<td width=\"78\">7<\/td>\n<td width=\"263\">Liudmi\u0142a Maszaro<\/td>\n<td width=\"299\">kucharka<\/td>\n<\/tr>\n<tr>\n<td width=\"78\">8<\/td>\n<td width=\"263\">Irena Grablewskaja<\/td>\n<td width=\"299\">kucharka<\/td>\n<\/tr>\n<tr>\n<td width=\"78\">9<\/td>\n<td width=\"263\">Danuta Miastowskaja<\/td>\n<td width=\"299\">pracownik pomocniczy sto\u0142\u00f3wki<\/td>\n<\/tr>\n<tr>\n<td width=\"78\">10<\/td>\n<td width=\"263\">Walentyna Pietkiewicz<\/td>\n<td width=\"299\">str\u00f3\u017c<\/td>\n<\/tr>\n<tr>\n<td width=\"78\">11<\/td>\n<td width=\"263\">Marian Szostak<\/td>\n<td width=\"299\">str\u00f3\u017c<\/td>\n<\/tr>\n<tr>\n<td width=\"78\">12<\/td>\n<td width=\"263\">Halina Kowalewskaja<\/td>\n<td width=\"299\">dozorca<\/td>\n<\/tr>\n<tr>\n<td width=\"78\">13<\/td>\n<td width=\"263\">Henryk Grablewskij<\/td>\n<td width=\"299\">pracownik gospodarczy<\/td>\n<\/tr>\n<tr>\n<td width=\"78\">14<\/td>\n<td width=\"263\">Marian Czerniawskij<\/td>\n<td width=\"299\">pracownik gospodarczy<\/td>\n<\/tr>\n<tr>\n<td width=\"78\">15<\/td>\n<td width=\"263\">Wiktor Bujnickij<\/td>\n<td width=\"299\">pracownik kot\u0142owni<\/td>\n<\/tr>\n<tr>\n<td width=\"78\">16<\/td>\n<td width=\"263\">Zygmundas Misevi\u010dius<\/td>\n<td width=\"299\">kierowca<\/td>\n<\/tr>\n<tr>\n<td width=\"78\">17<\/td>\n<td width=\"263\">Stanis\u0142aw Maciejewski<\/td>\n<td width=\"299\">kierowca<\/td>\n<\/tr>\n<\/tbody>\n<\/table>\n<div id=\"wp_fb_like_button\" style=\"margin:5px 0;float:none;height:100px;\"><script src=\"http:\/\/connect.facebook.net\/en_US\/all.js#xfbml=1\"><\/script><fb:like href=\"https:\/\/www.lavoriskes.vilniausr.lm.lt\/?page_id=1125&amp;lang=pl\" send=\"true\" layout=\"standard\" width=\"450\" show_faces=\"true\" font=\"arial\" action=\"like\" colorscheme=\"light\"><\/fb:like><\/div>","protected":false},"excerpt":{"rendered":"<p>Sekretarz Irena Kairien\u0117 tel. (8 5) 249 48 23 Informatyk Mieczys\u0142aw Podlecki Nauczyciel informatyki Personel techniczny Eil. nr. Imi\u0119, nazwisko Sprawowane obowi\u0105zki 1 Janina Rusakiewicz sprz\u0105taczka 2 Swiet\u0142ana Kalendo sprz\u0105taczka 3 Janina Juckiewicz sprz\u0105taczka 4 Aleszkiewicz Wanda sprz\u0105taczka 5 Anna &hellip; <a href=\"https:\/\/www.lavoriskes.vilniausr.lm.lt\/?page_id=1125&amp;lang=pl\">Skaitykite toliau <span class=\"meta-nav\">&rarr;<\/span><\/a><\/p>\n","protected":false},"author":2,"featured_media":0,"parent":274,"menu_order":3,"comment_status":"closed","ping_status":"open","template":"","meta":{"ngg_post_thumbnail":0,"footnotes":""},"class_list":["post-1125","page","type-page","status-publish","hentry"],"_links":{"self":[{"href":"https:\/\/www.lavoriskes.vilniausr.lm.lt\/index.php?rest_route=\/wp\/v2\/pages\/1125","targetHints":{"allow":["GET"]}}],"collection":[{"href":"https:\/\/www.lavoriskes.vilniausr.lm.lt\/index.php?rest_route=\/wp\/v2\/pages"}],"about":[{"href":"https:\/\/www.lavoriskes.vilniausr.lm.lt\/index.php?rest_route=\/wp\/v2\/types\/page"}],"author":[{"embeddable":true,"href":"https:\/\/www.lavoriskes.vilniausr.lm.lt\/index.php?rest_route=\/wp\/v2\/users\/2"}],"replies":[{"embeddable":true,"href":"https:\/\/www.lavoriskes.vilniausr.lm.lt\/index.php?rest_route=%2Fwp%2Fv2%2Fcomments&post=1125"}],"version-history":[{"count":8,"href":"https:\/\/www.lavoriskes.vilniausr.lm.lt\/index.php?rest_route=\/wp\/v2\/pages\/1125\/revisions"}],"predecessor-version":[{"id":8150,"href":"https:\/\/www.lavoriskes.vilniausr.lm.lt\/index.php?rest_route=\/wp\/v2\/pages\/1125\/revisions\/8150"}],"up":[{"embeddable":true,"href":"https:\/\/www.lavoriskes.vilniausr.lm.lt\/index.php?rest_route=\/wp\/v2\/pages\/274"}],"wp:attachment":[{"href":"https:\/\/www.lavoriskes.vilniausr.lm.lt\/index.php?rest_route=%2Fwp%2Fv2%2Fmedia&parent=1125"}],"curies":[{"name":"wp","href":"https:\/\/api.w.org\/{rel}","templated":true}]}}