{"id":10463,"date":"2022-01-11T14:35:42","date_gmt":"2022-01-11T12:35:42","guid":{"rendered":"http:\/\/www.lavoriskes.vilniausr.lm.lt\/?page_id=10463"},"modified":"2022-01-11T14:36:34","modified_gmt":"2022-01-11T12:36:34","slug":"naudinga-prevencine-informacija","status":"publish","type":"page","link":"https:\/\/www.lavoriskes.vilniausr.lm.lt\/?page_id=10463","title":{"rendered":"Naudinga prevencin\u0117 informacija"},"content":{"rendered":"<p><a href=\"https:\/\/www.youtube.com\/watch?v=cqrttU4O--Y\" target=\"_blank\" rel=\"noopener noreferrer\">Kaip elgtis \u012fl\u016b\u017eus \u012f ledin\u012f vanden\u012f<\/a><\/p>\n<p><a href=\"https:\/\/www.youtube.com\/watch?v=9_nBR6F1dHs\" target=\"_blank\" rel=\"noopener noreferrer\">Kaip elgtis \u012fl\u016b\u017eus ant ledo<\/a><\/p>\n<p><a href=\"https:\/\/www.youtube.com\/watch?v=BtKzZfSuj8E\" target=\"_blank\" rel=\"noopener noreferrer\">Laida \u201eUgnies tramdytojai\u201c pataria, kaip elgtis ant ledo&nbsp;(1)<\/a><\/p>\n<p><a href=\"https:\/\/www.youtube.com\/watch?v=V2N4INU_vuU\" target=\"_blank\" rel=\"noopener noreferrer\">Laida \u201eUgnies tramdytojai\u201c pataria, kaip elgtis ant ledo&nbsp;(2)<\/a><\/p>\n<div id=\"wp_fb_like_button\" style=\"margin:5px 0;float:none;height:100px;\"><script src=\"http:\/\/connect.facebook.net\/en_US\/all.js#xfbml=1\"><\/script><fb:like href=\"https:\/\/www.lavoriskes.vilniausr.lm.lt\/?page_id=10463\" send=\"true\" layout=\"standard\" width=\"450\" show_faces=\"true\" font=\"arial\" action=\"like\" colorscheme=\"light\"><\/fb:like><\/div>","protected":false},"excerpt":{"rendered":"<p>Kaip elgtis \u012fl\u016b\u017eus \u012f ledin\u012f vanden\u012f Kaip elgtis \u012fl\u016b\u017eus ant ledo Laida \u201eUgnies tramdytojai\u201c pataria, kaip elgtis ant ledo&nbsp;(1) Laida \u201eUgnies tramdytojai\u201c pataria, kaip elgtis ant ledo&nbsp;(2)<\/p>\n","protected":false},"author":2,"featured_media":0,"parent":9236,"menu_order":4,"comment_status":"closed","ping_status":"closed","template":"","meta":{"ngg_post_thumbnail":0,"footnotes":""},"class_list":["post-10463","page","type-page","status-publish","hentry"],"_links":{"self":[{"href":"https:\/\/www.lavoriskes.vilniausr.lm.lt\/index.php?rest_route=\/wp\/v2\/pages\/10463","targetHints":{"allow":["GET"]}}],"collection":[{"href":"https:\/\/www.lavoriskes.vilniausr.lm.lt\/index.php?rest_route=\/wp\/v2\/pages"}],"about":[{"href":"https:\/\/www.lavoriskes.vilniausr.lm.lt\/index.php?rest_route=\/wp\/v2\/types\/page"}],"author":[{"embeddable":true,"href":"https:\/\/www.lavoriskes.vilniausr.lm.lt\/index.php?rest_route=\/wp\/v2\/users\/2"}],"replies":[{"embeddable":true,"href":"https:\/\/www.lavoriskes.vilniausr.lm.lt\/index.php?rest_route=%2Fwp%2Fv2%2Fcomments&post=10463"}],"version-history":[{"count":2,"href":"https:\/\/www.lavoriskes.vilniausr.lm.lt\/index.php?rest_route=\/wp\/v2\/pages\/10463\/revisions"}],"predecessor-version":[{"id":10465,"href":"https:\/\/www.lavoriskes.vilniausr.lm.lt\/index.php?rest_route=\/wp\/v2\/pages\/10463\/revisions\/10465"}],"up":[{"embeddable":true,"href":"https:\/\/www.lavoriskes.vilniausr.lm.lt\/index.php?rest_route=\/wp\/v2\/pages\/9236"}],"wp:attachment":[{"href":"https:\/\/www.lavoriskes.vilniausr.lm.lt\/index.php?rest_route=%2Fwp%2Fv2%2Fmedia&parent=10463"}],"curies":[{"name":"wp","href":"https:\/\/api.w.org\/{rel}","templated":true}]}}