{"id":10459,"date":"2022-01-11T14:26:27","date_gmt":"2022-01-11T12:26:27","guid":{"rendered":"http:\/\/www.lavoriskes.vilniausr.lm.lt\/?page_id=10459"},"modified":"2022-03-09T13:18:38","modified_gmt":"2022-03-09T11:18:38","slug":"alkoholio-tabako-ir-kitu-psichika-veikianciu-medziagu-vartojimo-prevencijos-programa","status":"publish","type":"page","link":"https:\/\/www.lavoriskes.vilniausr.lm.lt\/?page_id=10459","title":{"rendered":"Alkoholio, tabako ir kit\u0173 psichik\u0105 veikian\u010di\u0173 med\u017eiag\u0173 vartojimo prevencijos programa"},"content":{"rendered":"<blockquote class=\"wp-embedded-content\" data-secret=\"iBC01gA0q4\"><p><a href=\"https:\/\/www.lavoriskes.vilniausr.lm.lt\/?p=10633\">Alkoholio, tabako ir kit\u0173 psichik\u0105 veikian\u010di\u0173 med\u017eiag\u0173 vartojimo prevencija<\/a><\/p><\/blockquote>\n<p><iframe loading=\"lazy\" class=\"wp-embedded-content\" sandbox=\"allow-scripts\" security=\"restricted\" style=\"position: absolute; visibility: hidden;\" title=\"&#8220;Alkoholio, tabako ir kit\u0173 psichik\u0105 veikian\u010di\u0173 med\u017eiag\u0173 vartojimo prevencija&#8221; &#8212; Vilniaus r. Lavori\u0161ki\u0173 Stepono Batoro gimnazija\" src=\"https:\/\/www.lavoriskes.vilniausr.lm.lt\/?p=10633&#038;embed=true#?secret=ooolRNxD9V#?secret=iBC01gA0q4\" data-secret=\"iBC01gA0q4\" width=\"600\" height=\"338\" frameborder=\"0\" marginwidth=\"0\" marginheight=\"0\" scrolling=\"no\"><\/iframe><\/p>\n<p><a href=\"http:\/\/ntakd.lrv.lt\/uploads\/ntakd\/documents\/files\/ecig.pdf\">Elektronin\u0117s cigaret\u0117s &#8211; nauja gr\u0117sm\u0117<\/a><\/p>\n<p><a href=\"http:\/\/ntakd.lrv.lt\/uploads\/ntakd\/documents\/files\/Vaikai%20seka%20t%C4%97v%C5%B3%20pavyzd%C5%BEiu.pdf\">Vaikai seka t\u0117v\u0173 pavyzd\u017eiu<\/a><\/p>\n<p><a href=\"http:\/\/ntakd.lrv.lt\/uploads\/ntakd\/documents\/files\/Vaikai%20seka%20t%C4%97v%C5%B3%20pavyzd%C5%BEiu.pdf\">T\u0117veliai, apsaugokite savo vaikus nuo r\u016bkymo!<\/a><\/p>\n<div id=\"wp_fb_like_button\" style=\"margin:5px 0;float:none;height:100px;\"><script src=\"http:\/\/connect.facebook.net\/en_US\/all.js#xfbml=1\"><\/script><fb:like href=\"https:\/\/www.lavoriskes.vilniausr.lm.lt\/?page_id=10459\" send=\"true\" layout=\"standard\" width=\"450\" show_faces=\"true\" font=\"arial\" action=\"like\" colorscheme=\"light\"><\/fb:like><\/div>","protected":false},"excerpt":{"rendered":"<p>Alkoholio, tabako ir kit\u0173 psichik\u0105 veikian\u010di\u0173 med\u017eiag\u0173 vartojimo prevencija Elektronin\u0117s cigaret\u0117s &#8211; nauja gr\u0117sm\u0117 Vaikai seka t\u0117v\u0173 pavyzd\u017eiu T\u0117veliai, apsaugokite savo vaikus nuo r\u016bkymo!<\/p>\n","protected":false},"author":2,"featured_media":0,"parent":9236,"menu_order":3,"comment_status":"closed","ping_status":"closed","template":"","meta":{"ngg_post_thumbnail":0,"footnotes":""},"class_list":["post-10459","page","type-page","status-publish","hentry"],"_links":{"self":[{"href":"https:\/\/www.lavoriskes.vilniausr.lm.lt\/index.php?rest_route=\/wp\/v2\/pages\/10459","targetHints":{"allow":["GET"]}}],"collection":[{"href":"https:\/\/www.lavoriskes.vilniausr.lm.lt\/index.php?rest_route=\/wp\/v2\/pages"}],"about":[{"href":"https:\/\/www.lavoriskes.vilniausr.lm.lt\/index.php?rest_route=\/wp\/v2\/types\/page"}],"author":[{"embeddable":true,"href":"https:\/\/www.lavoriskes.vilniausr.lm.lt\/index.php?rest_route=\/wp\/v2\/users\/2"}],"replies":[{"embeddable":true,"href":"https:\/\/www.lavoriskes.vilniausr.lm.lt\/index.php?rest_route=%2Fwp%2Fv2%2Fcomments&post=10459"}],"version-history":[{"count":2,"href":"https:\/\/www.lavoriskes.vilniausr.lm.lt\/index.php?rest_route=\/wp\/v2\/pages\/10459\/revisions"}],"predecessor-version":[{"id":10663,"href":"https:\/\/www.lavoriskes.vilniausr.lm.lt\/index.php?rest_route=\/wp\/v2\/pages\/10459\/revisions\/10663"}],"up":[{"embeddable":true,"href":"https:\/\/www.lavoriskes.vilniausr.lm.lt\/index.php?rest_route=\/wp\/v2\/pages\/9236"}],"wp:attachment":[{"href":"https:\/\/www.lavoriskes.vilniausr.lm.lt\/index.php?rest_route=%2Fwp%2Fv2%2Fmedia&parent=10459"}],"curies":[{"name":"wp","href":"https:\/\/api.w.org\/{rel}","templated":true}]}}